{"id":622,"date":"2020-03-16T13:07:57","date_gmt":"2020-03-16T13:07:57","guid":{"rendered":"https:\/\/www.accartbooks.com\/uk\/?post_type=product&#038;p=622"},"modified":"2026-04-01T00:11:50","modified_gmt":"2026-04-01T00:11:50","slug":"japanned-papier-mache-and-tinware-c-1740-1940","status":"publish","type":"product","link":"https:\/\/www.accartbooks.com\/uk\/book\/japanned-papier-mache-and-tinware-c-1740-1940\/","title":{"rendered":"Japanned Papier M\u00e2ch\u00e9 and Tinware c.1740-1940"},"content":{"rendered":"<p><i>&#8220;a well-written, well-referenced and well-illustrated book. It provides a valuable addition to the literature and our understanding of a previously little-researched facet of the industrial midlands&#8221;<\/i> <b><i>British Art Journal<\/i><\/b><br \/>\n <i>&#8220;Cataloguers now have an impressive volume of new information to draw on when describing anything from a simple tea tray to those suites of papier m&acirc;ch&eacute; furniture which remain as impressive today as when they dazzled visitors at the great international exhibitions of the 19th century&#8221;<\/i> <b><i><a href=\"http:\/\/www.antiquecollectorsclub.com\/uk\/content\/download\/6080\/1\/original.pdf\">Antiques Trade Gazette<\/a><\/i><\/b><br \/>\n As one of the few decorative arts about which little has been written, japanning is today fraught with misunderstandings. And yet, in its heyday, the japanning industry attracted important commissions from prestigious designers such as Robert Adam, and orders from fashionable society across Europe and beyond. This book is a long overdue history of the industry which centred on three towns in the English midlands: Birmingham, Wolverhampton and Bilston. It is as much about the workers, their skills, and the factories and workshops in which they laboured, as it is about the goods they made. It tells of matters of taste and criticism, and of how an industry which continued to rely so heavily upon hand labour in the machine age reached its natural end in the 1880s with a few factories lingering into the late 1930s. Richly illustrated, it includes photographs of mostly marked, or well-documented, examples of japanned tin and papier m&acirc;ch&eacute; against which readers may compare &#8211; and perhaps identify &#8211; unmarked specimens.   <i><b>Japanned Papier M&acirc;ch&eacute; and Tinware<\/b><\/i> draws predominantly upon contemporary sources: printed, manuscript and typescript documents, and, for the period leading up to the closure of the last factories in the 1930s, the author was able to draw on verbal accounts of eyewitnesses. With a chapter on japanners in London, other European centres, and in the United States, together with a directory of japan artists and decorators, this closely researched and comprehensive book is the reference work for collectors, dealers and enthusiasts alike.  Contents: From Imitation to Innovation; Enter the Dragon!; The Lion of the District; Japanning &amp; Decorating; Not a Bed of Roses!; Clever Accidents?; Decline of the Midlands Japanning Industry; The Birmingham Japanners; The Wolverhampton Japanners; The Bilston Japanners; Japanners in London and Oxford; Products; Other Western Japanning Centres; Appendices.<\/p>\n","protected":false},"excerpt":{"rendered":"<p>A long overdue history of this fascinating decorative art, illustrated with stunning colour throughout.<br \/>From Imitation to Innovation; Enter the Dragon!; The Lion of the District; Japanning &amp; Decorating; Not a Bed of Roses!; Clever Accidents?; Decline of the Midlands Japanning Industry; The Birmingham Japanners; The Wolverhampton Japanners; The Bilston Japanners; Japanners in London and Oxford; Products; Other Western Japanning Centres; Appendices.<\/p>\n","protected":false},"featured_media":623,"template":"","meta":{"_acf_changed":false,"_relevanssi_hide_post":"","_relevanssi_hide_content":"","_relevanssi_pin_for_all":"","_relevanssi_pin_keywords":"","_relevanssi_unpin_keywords":"","_relevanssi_related_keywords":"","_relevanssi_related_include_ids":"","_relevanssi_related_exclude_ids":"","_relevanssi_related_no_append":"","_relevanssi_related_not_related":"","_relevanssi_related_posts":"","_relevanssi_noindex_reason":""},"product_brand":[],"product_cat":[21060],"product_tag":[],"class_list":{"0":"post-622","1":"product","2":"type-product","3":"status-publish","4":"has-post-thumbnail","6":"product_cat-decorative-arts","7":"author-by-author-yvonne-m-jones","8":"publisher-acc-art-books","10":"first","11":"instock","12":"shipping-taxable","13":"purchasable","14":"product-type-simple"},"acf":[],"yoast_head":"<!-- This site is optimized with the Yoast SEO plugin v27.0 - https:\/\/yoast.com\/product\/yoast-seo-wordpress\/ -->\n<title>Japanned Papier M\u00e2ch\u00e9 and Tinware c.1740-1940 - ACC Art Books UK<\/title>\n<meta name=\"description\" content=\"Title: Japanned Papier M\u00e2ch\u00e9 and Tinware c.1740-1940, Pages: 336 Pages, Publish Date: 4th May 2012, Author: Yvonne M. Jones, ISBN: 9781851496860. A long overdue history of this fascinating decorative art, illustrated with stunning colour throughout.From Imitation to Innovation; Enter the Dragon!; The Lion of the District; Japanning &amp; Decorating; Not a Bed of Roses!; Clever Accidents?; Decline of the Midlands Japanning Industry; The Birmingham Japanners; The Wolverhampton Japanners; The Bilston Japanners; Japanners in London and Oxford; Products; Other Western Japanning Centres; Appendices.\" \/>\n<meta name=\"robots\" content=\"index, follow, max-snippet:-1, max-image-preview:large, max-video-preview:-1\" \/>\n<link rel=\"canonical\" href=\"https:\/\/www.accartbooks.com\/uk\/book\/japanned-papier-mache-and-tinware-c-1740-1940\/\" \/>\n<meta property=\"og:locale\" content=\"en_GB\" \/>\n<meta property=\"og:type\" content=\"article\" \/>\n<meta property=\"og:title\" content=\"Japanned Papier M\u00e2ch\u00e9 and Tinware c.1740-1940 - ACC Art Books UK\" \/>\n<meta property=\"og:description\" content=\"Title: Japanned Papier M\u00e2ch\u00e9 and Tinware c.1740-1940, Pages: 336 Pages, Publish Date: 4th May 2012, Author: Yvonne M. Jones, ISBN: 9781851496860. A long overdue history of this fascinating decorative art, illustrated with stunning colour throughout.From Imitation to Innovation; Enter the Dragon!; The Lion of the District; Japanning &amp; Decorating; Not a Bed of Roses!; Clever Accidents?; Decline of the Midlands Japanning Industry; The Birmingham Japanners; The Wolverhampton Japanners; The Bilston Japanners; Japanners in London and Oxford; Products; Other Western Japanning Centres; Appendices.\" \/>\n<meta property=\"og:url\" content=\"https:\/\/www.accartbooks.com\/uk\/book\/japanned-papier-mache-and-tinware-c-1740-1940\/\" \/>\n<meta property=\"og:site_name\" content=\"ACC Art Books UK\" \/>\n<meta property=\"article:publisher\" content=\"https:\/\/www.facebook.com\/ACCArtBooks\/\" \/>\n<meta property=\"article:modified_time\" content=\"2026-04-01T00:11:50+00:00\" \/>\n<meta property=\"og:image\" content=\"https:\/\/www.accartbooks.com\/app\/uploads\/books\/9781851496860-04-1.jpg\" \/>\n\t<meta property=\"og:image:width\" content=\"561\" \/>\n\t<meta property=\"og:image:height\" content=\"709\" \/>\n\t<meta property=\"og:image:type\" content=\"image\/jpeg\" \/>\n<meta name=\"twitter:card\" content=\"summary_large_image\" \/>\n<meta name=\"twitter:site\" content=\"@accartbooks\" \/>\n<meta name=\"twitter:label1\" content=\"Estimated reading time\" \/>\n\t<meta name=\"twitter:data1\" content=\"2 minutes\" \/>\n<script type=\"application\/ld+json\" class=\"yoast-schema-graph\">{\"@context\":\"https:\/\/schema.org\",\"@graph\":[{\"@type\":\"WebPage\",\"@id\":\"https:\/\/www.accartbooks.com\/uk\/book\/japanned-papier-mache-and-tinware-c-1740-1940\/\",\"url\":\"https:\/\/www.accartbooks.com\/uk\/book\/japanned-papier-mache-and-tinware-c-1740-1940\/\",\"name\":\"Japanned Papier M\u00e2ch\u00e9 and Tinware c.1740-1940 - ACC Art Books UK\",\"isPartOf\":{\"@id\":\"https:\/\/www.accartbooks.com\/uk\/#website\"},\"primaryImageOfPage\":{\"@id\":\"https:\/\/www.accartbooks.com\/uk\/book\/japanned-papier-mache-and-tinware-c-1740-1940\/#primaryimage\"},\"image\":{\"@id\":\"https:\/\/www.accartbooks.com\/uk\/book\/japanned-papier-mache-and-tinware-c-1740-1940\/#primaryimage\"},\"thumbnailUrl\":\"https:\/\/www.accartbooks.com\/app\/uploads\/books\/9781851496860-04-1.jpg\",\"datePublished\":\"2020-03-16T13:07:57+00:00\",\"dateModified\":\"2026-04-01T00:11:50+00:00\",\"description\":\"Title: Japanned Papier M\u00e2ch\u00e9 and Tinware c.1740-1940, Pages: 336 Pages, Publish Date: 4th May 2012, Author: Yvonne M. Jones, ISBN: 9781851496860. A long overdue history of this fascinating decorative art, illustrated with stunning colour throughout.From Imitation to Innovation; Enter the Dragon!; The Lion of the District; Japanning &amp; Decorating; Not a Bed of Roses!; Clever Accidents?; Decline of the Midlands Japanning Industry; The Birmingham Japanners; The Wolverhampton Japanners; The Bilston Japanners; Japanners in London and Oxford; Products; Other Western Japanning Centres; Appendices.\",\"breadcrumb\":{\"@id\":\"https:\/\/www.accartbooks.com\/uk\/book\/japanned-papier-mache-and-tinware-c-1740-1940\/#breadcrumb\"},\"inLanguage\":\"en-GB\",\"potentialAction\":[{\"@type\":\"ReadAction\",\"target\":[\"https:\/\/www.accartbooks.com\/uk\/book\/japanned-papier-mache-and-tinware-c-1740-1940\/\"]}]},{\"@type\":\"ImageObject\",\"inLanguage\":\"en-GB\",\"@id\":\"https:\/\/www.accartbooks.com\/uk\/book\/japanned-papier-mache-and-tinware-c-1740-1940\/#primaryimage\",\"url\":\"https:\/\/www.accartbooks.com\/app\/uploads\/books\/9781851496860-04-1.jpg\",\"contentUrl\":\"https:\/\/www.accartbooks.com\/app\/uploads\/books\/9781851496860-04-1.jpg\",\"width\":561,\"height\":709},{\"@type\":\"BreadcrumbList\",\"@id\":\"https:\/\/www.accartbooks.com\/uk\/book\/japanned-papier-mache-and-tinware-c-1740-1940\/#breadcrumb\",\"itemListElement\":[{\"@type\":\"ListItem\",\"position\":1,\"name\":\"Home\",\"item\":\"https:\/\/www.accartbooks.com\/uk\/\"},{\"@type\":\"ListItem\",\"position\":2,\"name\":\"Books\",\"item\":\"https:\/\/www.accartbooks.com\/uk\/books\/\"},{\"@type\":\"ListItem\",\"position\":3,\"name\":\"Japanned Papier M\u00e2ch\u00e9 and Tinware c.1740-1940\"}]},{\"@type\":\"WebSite\",\"@id\":\"https:\/\/www.accartbooks.com\/uk\/#website\",\"url\":\"https:\/\/www.accartbooks.com\/uk\/\",\"name\":\"ACC Art Books UK\",\"description\":\"One of the world\u2019s leading publishers and distributors of books on the arts and visual culture\",\"publisher\":{\"@id\":\"https:\/\/www.accartbooks.com\/uk\/#organization\"},\"potentialAction\":[{\"@type\":\"SearchAction\",\"target\":{\"@type\":\"EntryPoint\",\"urlTemplate\":\"https:\/\/www.accartbooks.com\/uk\/?s={search_term_string}\"},\"query-input\":{\"@type\":\"PropertyValueSpecification\",\"valueRequired\":true,\"valueName\":\"search_term_string\"}}],\"inLanguage\":\"en-GB\"},{\"@type\":\"Organization\",\"@id\":\"https:\/\/www.accartbooks.com\/uk\/#organization\",\"name\":\"ACC Art Books UK\",\"url\":\"https:\/\/www.accartbooks.com\/uk\/\",\"logo\":{\"@type\":\"ImageObject\",\"inLanguage\":\"en-GB\",\"@id\":\"https:\/\/www.accartbooks.com\/uk\/#\/schema\/logo\/image\/\",\"url\":\"https:\/\/www.accartbooks.com\/app\/uploads\/2020\/05\/Acc-Logo.png\",\"contentUrl\":\"https:\/\/www.accartbooks.com\/app\/uploads\/2020\/05\/Acc-Logo.png\",\"width\":64,\"height\":100,\"caption\":\"ACC Art Books UK\"},\"image\":{\"@id\":\"https:\/\/www.accartbooks.com\/uk\/#\/schema\/logo\/image\/\"},\"sameAs\":[\"https:\/\/www.facebook.com\/ACCArtBooks\/\",\"https:\/\/x.com\/accartbooks\"]}]}<\/script>\n<!-- \/ Yoast SEO plugin. -->","yoast_head_json":{"title":"Japanned Papier M\u00e2ch\u00e9 and Tinware c.1740-1940 - ACC Art Books UK","description":"Title: Japanned Papier M\u00e2ch\u00e9 and Tinware c.1740-1940, Pages: 336 Pages, Publish Date: 4th May 2012, Author: Yvonne M. Jones, ISBN: 9781851496860. A long overdue history of this fascinating decorative art, illustrated with stunning colour throughout.From Imitation to Innovation; Enter the Dragon!; The Lion of the District; Japanning &amp; Decorating; Not a Bed of Roses!; Clever Accidents?; Decline of the Midlands Japanning Industry; The Birmingham Japanners; The Wolverhampton Japanners; The Bilston Japanners; Japanners in London and Oxford; Products; Other Western Japanning Centres; Appendices.","robots":{"index":"index","follow":"follow","max-snippet":"max-snippet:-1","max-image-preview":"max-image-preview:large","max-video-preview":"max-video-preview:-1"},"canonical":"https:\/\/www.accartbooks.com\/uk\/book\/japanned-papier-mache-and-tinware-c-1740-1940\/","og_locale":"en_GB","og_type":"article","og_title":"Japanned Papier M\u00e2ch\u00e9 and Tinware c.1740-1940 - ACC Art Books UK","og_description":"Title: Japanned Papier M\u00e2ch\u00e9 and Tinware c.1740-1940, Pages: 336 Pages, Publish Date: 4th May 2012, Author: Yvonne M. Jones, ISBN: 9781851496860. A long overdue history of this fascinating decorative art, illustrated with stunning colour throughout.From Imitation to Innovation; Enter the Dragon!; The Lion of the District; Japanning &amp; Decorating; Not a Bed of Roses!; Clever Accidents?; Decline of the Midlands Japanning Industry; The Birmingham Japanners; The Wolverhampton Japanners; The Bilston Japanners; Japanners in London and Oxford; Products; Other Western Japanning Centres; Appendices.","og_url":"https:\/\/www.accartbooks.com\/uk\/book\/japanned-papier-mache-and-tinware-c-1740-1940\/","og_site_name":"ACC Art Books UK","article_publisher":"https:\/\/www.facebook.com\/ACCArtBooks\/","article_modified_time":"2026-04-01T00:11:50+00:00","og_image":[{"width":561,"height":709,"url":"https:\/\/www.accartbooks.com\/app\/uploads\/books\/9781851496860-04-1.jpg","type":"image\/jpeg"}],"twitter_card":"summary_large_image","twitter_site":"@accartbooks","twitter_misc":{"Estimated reading time":"2 minutes"},"schema":{"@context":"https:\/\/schema.org","@graph":[{"@type":"WebPage","@id":"https:\/\/www.accartbooks.com\/uk\/book\/japanned-papier-mache-and-tinware-c-1740-1940\/","url":"https:\/\/www.accartbooks.com\/uk\/book\/japanned-papier-mache-and-tinware-c-1740-1940\/","name":"Japanned Papier M\u00e2ch\u00e9 and Tinware c.1740-1940 - ACC Art Books UK","isPartOf":{"@id":"https:\/\/www.accartbooks.com\/uk\/#website"},"primaryImageOfPage":{"@id":"https:\/\/www.accartbooks.com\/uk\/book\/japanned-papier-mache-and-tinware-c-1740-1940\/#primaryimage"},"image":{"@id":"https:\/\/www.accartbooks.com\/uk\/book\/japanned-papier-mache-and-tinware-c-1740-1940\/#primaryimage"},"thumbnailUrl":"https:\/\/www.accartbooks.com\/app\/uploads\/books\/9781851496860-04-1.jpg","datePublished":"2020-03-16T13:07:57+00:00","dateModified":"2026-04-01T00:11:50+00:00","description":"Title: Japanned Papier M\u00e2ch\u00e9 and Tinware c.1740-1940, Pages: 336 Pages, Publish Date: 4th May 2012, Author: Yvonne M. Jones, ISBN: 9781851496860. A long overdue history of this fascinating decorative art, illustrated with stunning colour throughout.From Imitation to Innovation; Enter the Dragon!; The Lion of the District; Japanning &amp; Decorating; Not a Bed of Roses!; Clever Accidents?; Decline of the Midlands Japanning Industry; The Birmingham Japanners; The Wolverhampton Japanners; The Bilston Japanners; Japanners in London and Oxford; Products; Other Western Japanning Centres; Appendices.","breadcrumb":{"@id":"https:\/\/www.accartbooks.com\/uk\/book\/japanned-papier-mache-and-tinware-c-1740-1940\/#breadcrumb"},"inLanguage":"en-GB","potentialAction":[{"@type":"ReadAction","target":["https:\/\/www.accartbooks.com\/uk\/book\/japanned-papier-mache-and-tinware-c-1740-1940\/"]}]},{"@type":"ImageObject","inLanguage":"en-GB","@id":"https:\/\/www.accartbooks.com\/uk\/book\/japanned-papier-mache-and-tinware-c-1740-1940\/#primaryimage","url":"https:\/\/www.accartbooks.com\/app\/uploads\/books\/9781851496860-04-1.jpg","contentUrl":"https:\/\/www.accartbooks.com\/app\/uploads\/books\/9781851496860-04-1.jpg","width":561,"height":709},{"@type":"BreadcrumbList","@id":"https:\/\/www.accartbooks.com\/uk\/book\/japanned-papier-mache-and-tinware-c-1740-1940\/#breadcrumb","itemListElement":[{"@type":"ListItem","position":1,"name":"Home","item":"https:\/\/www.accartbooks.com\/uk\/"},{"@type":"ListItem","position":2,"name":"Books","item":"https:\/\/www.accartbooks.com\/uk\/books\/"},{"@type":"ListItem","position":3,"name":"Japanned Papier M\u00e2ch\u00e9 and Tinware c.1740-1940"}]},{"@type":"WebSite","@id":"https:\/\/www.accartbooks.com\/uk\/#website","url":"https:\/\/www.accartbooks.com\/uk\/","name":"ACC Art Books UK","description":"One of the world\u2019s leading publishers and distributors of books on the arts and visual culture","publisher":{"@id":"https:\/\/www.accartbooks.com\/uk\/#organization"},"potentialAction":[{"@type":"SearchAction","target":{"@type":"EntryPoint","urlTemplate":"https:\/\/www.accartbooks.com\/uk\/?s={search_term_string}"},"query-input":{"@type":"PropertyValueSpecification","valueRequired":true,"valueName":"search_term_string"}}],"inLanguage":"en-GB"},{"@type":"Organization","@id":"https:\/\/www.accartbooks.com\/uk\/#organization","name":"ACC Art Books UK","url":"https:\/\/www.accartbooks.com\/uk\/","logo":{"@type":"ImageObject","inLanguage":"en-GB","@id":"https:\/\/www.accartbooks.com\/uk\/#\/schema\/logo\/image\/","url":"https:\/\/www.accartbooks.com\/app\/uploads\/2020\/05\/Acc-Logo.png","contentUrl":"https:\/\/www.accartbooks.com\/app\/uploads\/2020\/05\/Acc-Logo.png","width":64,"height":100,"caption":"ACC Art Books UK"},"image":{"@id":"https:\/\/www.accartbooks.com\/uk\/#\/schema\/logo\/image\/"},"sameAs":["https:\/\/www.facebook.com\/ACCArtBooks\/","https:\/\/x.com\/accartbooks"]}]}},"_links":{"self":[{"href":"https:\/\/www.accartbooks.com\/uk\/wp-json\/wp\/v2\/product\/622","targetHints":{"allow":["GET"]}}],"collection":[{"href":"https:\/\/www.accartbooks.com\/uk\/wp-json\/wp\/v2\/product"}],"about":[{"href":"https:\/\/www.accartbooks.com\/uk\/wp-json\/wp\/v2\/types\/product"}],"wp:featuredmedia":[{"embeddable":true,"href":"https:\/\/www.accartbooks.com\/uk\/wp-json\/wp\/v2\/media\/623"}],"wp:attachment":[{"href":"https:\/\/www.accartbooks.com\/uk\/wp-json\/wp\/v2\/media?parent=622"}],"wp:term":[{"taxonomy":"product_brand","embeddable":true,"href":"https:\/\/www.accartbooks.com\/uk\/wp-json\/wp\/v2\/product_brand?post=622"},{"taxonomy":"product_cat","embeddable":true,"href":"https:\/\/www.accartbooks.com\/uk\/wp-json\/wp\/v2\/product_cat?post=622"},{"taxonomy":"product_tag","embeddable":true,"href":"https:\/\/www.accartbooks.com\/uk\/wp-json\/wp\/v2\/product_tag?post=622"}],"curies":[{"name":"wp","href":"https:\/\/api.w.org\/{rel}","templated":true}]}}