{"id":62626,"date":"2025-03-20T20:10:52","date_gmt":"2025-03-20T20:10:52","guid":{"rendered":"https:\/\/www.accartbooks.com\/uk\/book\/lurssen\/"},"modified":"2025-11-25T08:10:25","modified_gmt":"2025-11-25T08:10:25","slug":"lurssen","status":"publish","type":"product","link":"https:\/\/www.accartbooks.com\/uk\/book\/lurssen\/","title":{"rendered":"L\u00fcrssen"},"content":{"rendered":"<p>PRINT presents the first ever book by L&uuml;rssen Yachts, the builder of more of the world&#8217;s largest and iconic super yachts than any other yard. Featuring original photography by fine arts photographer Jarmo Pohjaniemi of some of its most iconic vessels including Kismet, Dragonfly, Be Mine, Ahpo, Pelorus,&nbsp;Luminance, and Rising Sun, this highly anticipated volume takes readers around the globe from Greenland to Monaco, Thailand and the Seychelles sharing 150 years of history of the family-owned brand that is the ne plus ultra of yachting.&nbsp;&nbsp;<\/p>\n<p>Complete with a silk slipcase and featuring 12 gatefolds, the spectacle of German engineering at the highest level, cutting-edge technology and pure grandeur radiates from each page of this limited edition release.<\/p>\n","protected":false},"excerpt":{"rendered":"<p>In celebration of 150 years of history, L&uuml;rssen presents a special edition with original photography of more than 35 of its most renowned and innovative yachts shot around the globe from the Caribbean to Greenland.<\/p>\n","protected":false},"featured_media":67230,"template":"","meta":{"_acf_changed":false,"_relevanssi_hide_post":"","_relevanssi_hide_content":"","_relevanssi_pin_for_all":"","_relevanssi_pin_keywords":"","_relevanssi_unpin_keywords":"","_relevanssi_related_keywords":"","_relevanssi_related_include_ids":"","_relevanssi_related_exclude_ids":"","_relevanssi_related_no_append":"","_relevanssi_related_not_related":"","_relevanssi_related_posts":"","_relevanssi_noindex_reason":""},"product_brand":[],"product_cat":[5597,5550],"product_tag":[],"class_list":{"0":"post-62626","1":"product","2":"type-product","3":"status-publish","4":"has-post-thumbnail","6":"product_cat-design","7":"product_cat-travel","8":"author-by-author-lurssen","9":"publisher-print-the-book-agency","11":"first","12":"instock","13":"shipping-taxable","14":"purchasable","15":"product-type-simple"},"acf":[],"yoast_head":"<!-- This site is optimized with the Yoast SEO plugin v27.0 - https:\/\/yoast.com\/product\/yoast-seo-wordpress\/ -->\n<title>L\u00fcrssen - ACC Art Books UK<\/title>\n<meta name=\"description\" content=\"Title: L\u00fcrssen, Pages: 304 Pages, Publish Date: 7th Oct 2025, Author: L\u00fcrssen, ISBN: 9798992563207. In celebration of 150 years of history, L&uuml;rssen presents a special edition with original photography of more than 35 of its most renowned and innovative yachts shot around the globe from the Caribbean to Greenland.\" \/>\n<meta name=\"robots\" content=\"index, follow, max-snippet:-1, max-image-preview:large, max-video-preview:-1\" \/>\n<link rel=\"canonical\" href=\"https:\/\/www.accartbooks.com\/uk\/book\/lurssen\/\" \/>\n<meta property=\"og:locale\" content=\"en_GB\" \/>\n<meta property=\"og:type\" content=\"article\" \/>\n<meta property=\"og:title\" content=\"L\u00fcrssen - ACC Art Books UK\" \/>\n<meta property=\"og:description\" content=\"Title: L\u00fcrssen, Pages: 304 Pages, Publish Date: 7th Oct 2025, Author: L\u00fcrssen, ISBN: 9798992563207. In celebration of 150 years of history, L&uuml;rssen presents a special edition with original photography of more than 35 of its most renowned and innovative yachts shot around the globe from the Caribbean to Greenland.\" \/>\n<meta property=\"og:url\" content=\"https:\/\/www.accartbooks.com\/uk\/book\/lurssen\/\" \/>\n<meta property=\"og:site_name\" content=\"ACC Art Books UK\" \/>\n<meta property=\"article:publisher\" content=\"https:\/\/www.facebook.com\/ACCArtBooks\/\" \/>\n<meta property=\"article:modified_time\" content=\"2025-11-25T08:10:25+00:00\" \/>\n<meta name=\"twitter:card\" content=\"summary_large_image\" \/>\n<meta name=\"twitter:site\" content=\"@accartbooks\" \/>\n<meta name=\"twitter:label1\" content=\"Estimated reading time\" \/>\n\t<meta name=\"twitter:data1\" content=\"1 minute\" \/>\n<script type=\"application\/ld+json\" class=\"yoast-schema-graph\">{\"@context\":\"https:\/\/schema.org\",\"@graph\":[{\"@type\":\"WebPage\",\"@id\":\"https:\/\/www.accartbooks.com\/uk\/book\/lurssen\/\",\"url\":\"https:\/\/www.accartbooks.com\/uk\/book\/lurssen\/\",\"name\":\"L\u00fcrssen - ACC Art Books UK\",\"isPartOf\":{\"@id\":\"https:\/\/www.accartbooks.com\/uk\/#website\"},\"primaryImageOfPage\":{\"@id\":\"https:\/\/www.accartbooks.com\/uk\/book\/lurssen\/#primaryimage\"},\"image\":{\"@id\":\"https:\/\/www.accartbooks.com\/uk\/book\/lurssen\/#primaryimage\"},\"thumbnailUrl\":\"https:\/\/www.accartbooks.com\/app\/uploads\/books\/9798992563207-04-6.jpg\",\"datePublished\":\"2025-03-20T20:10:52+00:00\",\"dateModified\":\"2025-11-25T08:10:25+00:00\",\"description\":\"Title: L\u00fcrssen, Pages: 304 Pages, Publish Date: 7th Oct 2025, Author: L\u00fcrssen, ISBN: 9798992563207. In celebration of 150 years of history, L&uuml;rssen presents a special edition with original photography of more than 35 of its most renowned and innovative yachts shot around the globe from the Caribbean to Greenland.\",\"breadcrumb\":{\"@id\":\"https:\/\/www.accartbooks.com\/uk\/book\/lurssen\/#breadcrumb\"},\"inLanguage\":\"en-GB\",\"potentialAction\":[{\"@type\":\"ReadAction\",\"target\":[\"https:\/\/www.accartbooks.com\/uk\/book\/lurssen\/\"]}]},{\"@type\":\"ImageObject\",\"inLanguage\":\"en-GB\",\"@id\":\"https:\/\/www.accartbooks.com\/uk\/book\/lurssen\/#primaryimage\",\"url\":\"https:\/\/www.accartbooks.com\/app\/uploads\/books\/9798992563207-04-6.jpg\",\"contentUrl\":\"https:\/\/www.accartbooks.com\/app\/uploads\/books\/9798992563207-04-6.jpg\",\"width\":1400,\"height\":1796},{\"@type\":\"BreadcrumbList\",\"@id\":\"https:\/\/www.accartbooks.com\/uk\/book\/lurssen\/#breadcrumb\",\"itemListElement\":[{\"@type\":\"ListItem\",\"position\":1,\"name\":\"Home\",\"item\":\"https:\/\/www.accartbooks.com\/uk\/\"},{\"@type\":\"ListItem\",\"position\":2,\"name\":\"Books\",\"item\":\"https:\/\/www.accartbooks.com\/uk\/books\/\"},{\"@type\":\"ListItem\",\"position\":3,\"name\":\"L\u00fcrssen\"}]},{\"@type\":\"WebSite\",\"@id\":\"https:\/\/www.accartbooks.com\/uk\/#website\",\"url\":\"https:\/\/www.accartbooks.com\/uk\/\",\"name\":\"ACC Art Books UK\",\"description\":\"One of the world\u2019s leading publishers and distributors of books on the arts and visual culture\",\"publisher\":{\"@id\":\"https:\/\/www.accartbooks.com\/uk\/#organization\"},\"potentialAction\":[{\"@type\":\"SearchAction\",\"target\":{\"@type\":\"EntryPoint\",\"urlTemplate\":\"https:\/\/www.accartbooks.com\/uk\/?s={search_term_string}\"},\"query-input\":{\"@type\":\"PropertyValueSpecification\",\"valueRequired\":true,\"valueName\":\"search_term_string\"}}],\"inLanguage\":\"en-GB\"},{\"@type\":\"Organization\",\"@id\":\"https:\/\/www.accartbooks.com\/uk\/#organization\",\"name\":\"ACC Art Books UK\",\"url\":\"https:\/\/www.accartbooks.com\/uk\/\",\"logo\":{\"@type\":\"ImageObject\",\"inLanguage\":\"en-GB\",\"@id\":\"https:\/\/www.accartbooks.com\/uk\/#\/schema\/logo\/image\/\",\"url\":\"https:\/\/www.accartbooks.com\/app\/uploads\/2020\/05\/Acc-Logo.png\",\"contentUrl\":\"https:\/\/www.accartbooks.com\/app\/uploads\/2020\/05\/Acc-Logo.png\",\"width\":64,\"height\":100,\"caption\":\"ACC Art Books UK\"},\"image\":{\"@id\":\"https:\/\/www.accartbooks.com\/uk\/#\/schema\/logo\/image\/\"},\"sameAs\":[\"https:\/\/www.facebook.com\/ACCArtBooks\/\",\"https:\/\/x.com\/accartbooks\"]}]}<\/script>\n<!-- \/ Yoast SEO plugin. -->","yoast_head_json":{"title":"L\u00fcrssen - ACC Art Books UK","description":"Title: L\u00fcrssen, Pages: 304 Pages, Publish Date: 7th Oct 2025, Author: L\u00fcrssen, ISBN: 9798992563207. In celebration of 150 years of history, L&uuml;rssen presents a special edition with original photography of more than 35 of its most renowned and innovative yachts shot around the globe from the Caribbean to Greenland.","robots":{"index":"index","follow":"follow","max-snippet":"max-snippet:-1","max-image-preview":"max-image-preview:large","max-video-preview":"max-video-preview:-1"},"canonical":"https:\/\/www.accartbooks.com\/uk\/book\/lurssen\/","og_locale":"en_GB","og_type":"article","og_title":"L\u00fcrssen - ACC Art Books UK","og_description":"Title: L\u00fcrssen, Pages: 304 Pages, Publish Date: 7th Oct 2025, Author: L\u00fcrssen, ISBN: 9798992563207. In celebration of 150 years of history, L&uuml;rssen presents a special edition with original photography of more than 35 of its most renowned and innovative yachts shot around the globe from the Caribbean to Greenland.","og_url":"https:\/\/www.accartbooks.com\/uk\/book\/lurssen\/","og_site_name":"ACC Art Books UK","article_publisher":"https:\/\/www.facebook.com\/ACCArtBooks\/","article_modified_time":"2025-11-25T08:10:25+00:00","twitter_card":"summary_large_image","twitter_site":"@accartbooks","twitter_misc":{"Estimated reading time":"1 minute"},"schema":{"@context":"https:\/\/schema.org","@graph":[{"@type":"WebPage","@id":"https:\/\/www.accartbooks.com\/uk\/book\/lurssen\/","url":"https:\/\/www.accartbooks.com\/uk\/book\/lurssen\/","name":"L\u00fcrssen - ACC Art Books UK","isPartOf":{"@id":"https:\/\/www.accartbooks.com\/uk\/#website"},"primaryImageOfPage":{"@id":"https:\/\/www.accartbooks.com\/uk\/book\/lurssen\/#primaryimage"},"image":{"@id":"https:\/\/www.accartbooks.com\/uk\/book\/lurssen\/#primaryimage"},"thumbnailUrl":"https:\/\/www.accartbooks.com\/app\/uploads\/books\/9798992563207-04-6.jpg","datePublished":"2025-03-20T20:10:52+00:00","dateModified":"2025-11-25T08:10:25+00:00","description":"Title: L\u00fcrssen, Pages: 304 Pages, Publish Date: 7th Oct 2025, Author: L\u00fcrssen, ISBN: 9798992563207. In celebration of 150 years of history, L&uuml;rssen presents a special edition with original photography of more than 35 of its most renowned and innovative yachts shot around the globe from the Caribbean to Greenland.","breadcrumb":{"@id":"https:\/\/www.accartbooks.com\/uk\/book\/lurssen\/#breadcrumb"},"inLanguage":"en-GB","potentialAction":[{"@type":"ReadAction","target":["https:\/\/www.accartbooks.com\/uk\/book\/lurssen\/"]}]},{"@type":"ImageObject","inLanguage":"en-GB","@id":"https:\/\/www.accartbooks.com\/uk\/book\/lurssen\/#primaryimage","url":"https:\/\/www.accartbooks.com\/app\/uploads\/books\/9798992563207-04-6.jpg","contentUrl":"https:\/\/www.accartbooks.com\/app\/uploads\/books\/9798992563207-04-6.jpg","width":1400,"height":1796},{"@type":"BreadcrumbList","@id":"https:\/\/www.accartbooks.com\/uk\/book\/lurssen\/#breadcrumb","itemListElement":[{"@type":"ListItem","position":1,"name":"Home","item":"https:\/\/www.accartbooks.com\/uk\/"},{"@type":"ListItem","position":2,"name":"Books","item":"https:\/\/www.accartbooks.com\/uk\/books\/"},{"@type":"ListItem","position":3,"name":"L\u00fcrssen"}]},{"@type":"WebSite","@id":"https:\/\/www.accartbooks.com\/uk\/#website","url":"https:\/\/www.accartbooks.com\/uk\/","name":"ACC Art Books UK","description":"One of the world\u2019s leading publishers and distributors of books on the arts and visual culture","publisher":{"@id":"https:\/\/www.accartbooks.com\/uk\/#organization"},"potentialAction":[{"@type":"SearchAction","target":{"@type":"EntryPoint","urlTemplate":"https:\/\/www.accartbooks.com\/uk\/?s={search_term_string}"},"query-input":{"@type":"PropertyValueSpecification","valueRequired":true,"valueName":"search_term_string"}}],"inLanguage":"en-GB"},{"@type":"Organization","@id":"https:\/\/www.accartbooks.com\/uk\/#organization","name":"ACC Art Books UK","url":"https:\/\/www.accartbooks.com\/uk\/","logo":{"@type":"ImageObject","inLanguage":"en-GB","@id":"https:\/\/www.accartbooks.com\/uk\/#\/schema\/logo\/image\/","url":"https:\/\/www.accartbooks.com\/app\/uploads\/2020\/05\/Acc-Logo.png","contentUrl":"https:\/\/www.accartbooks.com\/app\/uploads\/2020\/05\/Acc-Logo.png","width":64,"height":100,"caption":"ACC Art Books UK"},"image":{"@id":"https:\/\/www.accartbooks.com\/uk\/#\/schema\/logo\/image\/"},"sameAs":["https:\/\/www.facebook.com\/ACCArtBooks\/","https:\/\/x.com\/accartbooks"]}]}},"_links":{"self":[{"href":"https:\/\/www.accartbooks.com\/uk\/wp-json\/wp\/v2\/product\/62626","targetHints":{"allow":["GET"]}}],"collection":[{"href":"https:\/\/www.accartbooks.com\/uk\/wp-json\/wp\/v2\/product"}],"about":[{"href":"https:\/\/www.accartbooks.com\/uk\/wp-json\/wp\/v2\/types\/product"}],"wp:featuredmedia":[{"embeddable":true,"href":"https:\/\/www.accartbooks.com\/uk\/wp-json\/wp\/v2\/media\/67230"}],"wp:attachment":[{"href":"https:\/\/www.accartbooks.com\/uk\/wp-json\/wp\/v2\/media?parent=62626"}],"wp:term":[{"taxonomy":"product_brand","embeddable":true,"href":"https:\/\/www.accartbooks.com\/uk\/wp-json\/wp\/v2\/product_brand?post=62626"},{"taxonomy":"product_cat","embeddable":true,"href":"https:\/\/www.accartbooks.com\/uk\/wp-json\/wp\/v2\/product_cat?post=62626"},{"taxonomy":"product_tag","embeddable":true,"href":"https:\/\/www.accartbooks.com\/uk\/wp-json\/wp\/v2\/product_tag?post=62626"}],"curies":[{"name":"wp","href":"https:\/\/api.w.org\/{rel}","templated":true}]}}