{"id":64542,"date":"2025-05-06T19:00:19","date_gmt":"2025-05-06T19:00:19","guid":{"rendered":"https:\/\/www.accartbooks.com\/uk\/book\/a-tuscan-resume\/"},"modified":"2025-07-18T11:11:02","modified_gmt":"2025-07-18T11:11:02","slug":"a-tuscan-resume","status":"publish","type":"product","link":"https:\/\/www.accartbooks.com\/uk\/book\/a-tuscan-resume\/","title":{"rendered":"A Tuscan R\u00e9sum\u00e9"},"content":{"rendered":"<p>Father Andrew, an artist and priest of the Archdiocese of New York, recounts his impressions during a peripatetic retreat in Tuscany some years ago, under the guidance of Timothy Verdon an art historian and Catholic priest. Timothy Verdon&rsquo;s hope was to help the listeners open to the spiritual as well as aesthetic beauty of the buildings, sculptures and paintings seen and Father Andrew&rsquo;s book tells that something of this sort happened, at least in his case. <strong><em>A Tuscan R&eacute;sum&eacute;<\/em><\/strong> is an &lsquo;inspired&rsquo; work, in response to the same Spirit that touched the architects and artists whose masterpieces Father Andrew describes.<\/p>\n","protected":false},"excerpt":{"rendered":"<p>Father Andrew, an artist and priest of the Archdiocese of New York, recounts his impressions during a peripatetic retreat in Tuscany some years ago.<br \/>Introduction<br \/>\nJuly 2nd, Friday. Poppi<br \/>\nJuly 3rd, Saturday. La Verna<br \/>\nJuly 4th, Sunday. Siena<br \/>\nJuly 5th, Monday. Florence<br \/>\nJuly 6th, Tuesday. Sansepolcro<br \/>\nJuly 7th, Wednesday. Venice<br \/>\nJuly 8th, Thursday. Venice<br \/>\nJuly 9th, Friday. Venice<br \/>\nJuly 10th, Venice. Departure<br \/>\nEpilogue<br \/>\nA Modest List of Works Cited and of Works to Consider in Thinking about Art<br \/>\nSelected Papal Documents Reflecting on Art and Catholic Imagination<\/p>\n","protected":false},"featured_media":65322,"template":"","meta":{"_acf_changed":false,"_relevanssi_hide_post":"","_relevanssi_hide_content":"","_relevanssi_pin_for_all":"","_relevanssi_pin_keywords":"","_relevanssi_unpin_keywords":"","_relevanssi_related_keywords":"","_relevanssi_related_include_ids":"","_relevanssi_related_exclude_ids":"","_relevanssi_related_no_append":"","_relevanssi_related_not_related":"","_relevanssi_related_posts":"","_relevanssi_noindex_reason":""},"product_brand":[],"product_cat":[5550],"product_tag":[],"class_list":{"0":"post-64542","1":"product","2":"type-product","3":"status-publish","4":"has-post-thumbnail","6":"product_cat-travel","7":"author-by-author-andrew-more-oconnor","8":"publisher-mandragora","10":"first","11":"instock","12":"shipping-taxable","13":"purchasable","14":"product-type-simple"},"acf":[],"yoast_head":"<!-- This site is optimized with the Yoast SEO plugin v27.0 - https:\/\/yoast.com\/product\/yoast-seo-wordpress\/ -->\n<title>A Tuscan R\u00e9sum\u00e9 - ACC Art Books UK<\/title>\n<meta name=\"description\" content=\"Title: A Tuscan R\u00e9sum\u00e9, Pages: 136 Pages, Publish Date: 16th Jul 2025, Author: Andrew More O&#039;Connor, ISBN: 9788874616824. Father Andrew, an artist and priest of the Archdiocese of New York, recounts his impressions during a peripatetic retreat in Tuscany some years ago.Introduction July 2nd, Friday. Poppi July 3rd, Saturday. La Verna July 4th, Sunday. Siena July 5th, Monday. Florence July 6th, Tuesday. Sansepolcro July 7th, Wednesday. Venice July 8th, Thursday. Venice July 9th, Friday. Venice July 10th, Venice. Departure Epilogue A Modest List of Works Cited and of Works to Consider in Thinking about Art Selected Papal Documents Reflecting on Art and Catholic Imagination\" \/>\n<meta name=\"robots\" content=\"index, follow, max-snippet:-1, max-image-preview:large, max-video-preview:-1\" \/>\n<link rel=\"canonical\" href=\"https:\/\/www.accartbooks.com\/uk\/book\/a-tuscan-resume\/\" \/>\n<meta property=\"og:locale\" content=\"en_GB\" \/>\n<meta property=\"og:type\" content=\"article\" \/>\n<meta property=\"og:title\" content=\"A Tuscan R\u00e9sum\u00e9 - ACC Art Books UK\" \/>\n<meta property=\"og:description\" content=\"Title: A Tuscan R\u00e9sum\u00e9, Pages: 136 Pages, Publish Date: 16th Jul 2025, Author: Andrew More O&#039;Connor, ISBN: 9788874616824. Father Andrew, an artist and priest of the Archdiocese of New York, recounts his impressions during a peripatetic retreat in Tuscany some years ago.Introduction July 2nd, Friday. Poppi July 3rd, Saturday. La Verna July 4th, Sunday. Siena July 5th, Monday. Florence July 6th, Tuesday. Sansepolcro July 7th, Wednesday. Venice July 8th, Thursday. Venice July 9th, Friday. Venice July 10th, Venice. Departure Epilogue A Modest List of Works Cited and of Works to Consider in Thinking about Art Selected Papal Documents Reflecting on Art and Catholic Imagination\" \/>\n<meta property=\"og:url\" content=\"https:\/\/www.accartbooks.com\/uk\/book\/a-tuscan-resume\/\" \/>\n<meta property=\"og:site_name\" content=\"ACC Art Books UK\" \/>\n<meta property=\"article:publisher\" content=\"https:\/\/www.facebook.com\/ACCArtBooks\/\" \/>\n<meta property=\"article:modified_time\" content=\"2025-07-18T11:11:02+00:00\" \/>\n<meta name=\"twitter:card\" content=\"summary_large_image\" \/>\n<meta name=\"twitter:site\" content=\"@accartbooks\" \/>\n<meta name=\"twitter:label1\" content=\"Estimated reading time\" \/>\n\t<meta name=\"twitter:data1\" content=\"1 minute\" \/>\n<script type=\"application\/ld+json\" class=\"yoast-schema-graph\">{\"@context\":\"https:\/\/schema.org\",\"@graph\":[{\"@type\":\"WebPage\",\"@id\":\"https:\/\/www.accartbooks.com\/uk\/book\/a-tuscan-resume\/\",\"url\":\"https:\/\/www.accartbooks.com\/uk\/book\/a-tuscan-resume\/\",\"name\":\"A Tuscan R\u00e9sum\u00e9 - ACC Art Books UK\",\"isPartOf\":{\"@id\":\"https:\/\/www.accartbooks.com\/uk\/#website\"},\"primaryImageOfPage\":{\"@id\":\"https:\/\/www.accartbooks.com\/uk\/book\/a-tuscan-resume\/#primaryimage\"},\"image\":{\"@id\":\"https:\/\/www.accartbooks.com\/uk\/book\/a-tuscan-resume\/#primaryimage\"},\"thumbnailUrl\":\"https:\/\/www.accartbooks.com\/app\/uploads\/books\/9788874616824-04-1.jpg\",\"datePublished\":\"2025-05-06T19:00:19+00:00\",\"dateModified\":\"2025-07-18T11:11:02+00:00\",\"description\":\"Title: A Tuscan R\u00e9sum\u00e9, Pages: 136 Pages, Publish Date: 16th Jul 2025, Author: Andrew More O'Connor, ISBN: 9788874616824. Father Andrew, an artist and priest of the Archdiocese of New York, recounts his impressions during a peripatetic retreat in Tuscany some years ago.Introduction July 2nd, Friday. Poppi July 3rd, Saturday. La Verna July 4th, Sunday. Siena July 5th, Monday. Florence July 6th, Tuesday. Sansepolcro July 7th, Wednesday. Venice July 8th, Thursday. Venice July 9th, Friday. Venice July 10th, Venice. Departure Epilogue A Modest List of Works Cited and of Works to Consider in Thinking about Art Selected Papal Documents Reflecting on Art and Catholic Imagination\",\"breadcrumb\":{\"@id\":\"https:\/\/www.accartbooks.com\/uk\/book\/a-tuscan-resume\/#breadcrumb\"},\"inLanguage\":\"en-GB\",\"potentialAction\":[{\"@type\":\"ReadAction\",\"target\":[\"https:\/\/www.accartbooks.com\/uk\/book\/a-tuscan-resume\/\"]}]},{\"@type\":\"ImageObject\",\"inLanguage\":\"en-GB\",\"@id\":\"https:\/\/www.accartbooks.com\/uk\/book\/a-tuscan-resume\/#primaryimage\",\"url\":\"https:\/\/www.accartbooks.com\/app\/uploads\/books\/9788874616824-04-1.jpg\",\"contentUrl\":\"https:\/\/www.accartbooks.com\/app\/uploads\/books\/9788874616824-04-1.jpg\",\"width\":1400,\"height\":1961},{\"@type\":\"BreadcrumbList\",\"@id\":\"https:\/\/www.accartbooks.com\/uk\/book\/a-tuscan-resume\/#breadcrumb\",\"itemListElement\":[{\"@type\":\"ListItem\",\"position\":1,\"name\":\"Home\",\"item\":\"https:\/\/www.accartbooks.com\/uk\/\"},{\"@type\":\"ListItem\",\"position\":2,\"name\":\"Books\",\"item\":\"https:\/\/www.accartbooks.com\/uk\/books\/\"},{\"@type\":\"ListItem\",\"position\":3,\"name\":\"A Tuscan R\u00e9sum\u00e9\"}]},{\"@type\":\"WebSite\",\"@id\":\"https:\/\/www.accartbooks.com\/uk\/#website\",\"url\":\"https:\/\/www.accartbooks.com\/uk\/\",\"name\":\"ACC Art Books UK\",\"description\":\"One of the world\u2019s leading publishers and distributors of books on the arts and visual culture\",\"publisher\":{\"@id\":\"https:\/\/www.accartbooks.com\/uk\/#organization\"},\"potentialAction\":[{\"@type\":\"SearchAction\",\"target\":{\"@type\":\"EntryPoint\",\"urlTemplate\":\"https:\/\/www.accartbooks.com\/uk\/?s={search_term_string}\"},\"query-input\":{\"@type\":\"PropertyValueSpecification\",\"valueRequired\":true,\"valueName\":\"search_term_string\"}}],\"inLanguage\":\"en-GB\"},{\"@type\":\"Organization\",\"@id\":\"https:\/\/www.accartbooks.com\/uk\/#organization\",\"name\":\"ACC Art Books UK\",\"url\":\"https:\/\/www.accartbooks.com\/uk\/\",\"logo\":{\"@type\":\"ImageObject\",\"inLanguage\":\"en-GB\",\"@id\":\"https:\/\/www.accartbooks.com\/uk\/#\/schema\/logo\/image\/\",\"url\":\"https:\/\/www.accartbooks.com\/app\/uploads\/2020\/05\/Acc-Logo.png\",\"contentUrl\":\"https:\/\/www.accartbooks.com\/app\/uploads\/2020\/05\/Acc-Logo.png\",\"width\":64,\"height\":100,\"caption\":\"ACC Art Books UK\"},\"image\":{\"@id\":\"https:\/\/www.accartbooks.com\/uk\/#\/schema\/logo\/image\/\"},\"sameAs\":[\"https:\/\/www.facebook.com\/ACCArtBooks\/\",\"https:\/\/x.com\/accartbooks\"]}]}<\/script>\n<!-- \/ Yoast SEO plugin. -->","yoast_head_json":{"title":"A Tuscan R\u00e9sum\u00e9 - ACC Art Books UK","description":"Title: A Tuscan R\u00e9sum\u00e9, Pages: 136 Pages, Publish Date: 16th Jul 2025, Author: Andrew More O'Connor, ISBN: 9788874616824. Father Andrew, an artist and priest of the Archdiocese of New York, recounts his impressions during a peripatetic retreat in Tuscany some years ago.Introduction July 2nd, Friday. Poppi July 3rd, Saturday. La Verna July 4th, Sunday. Siena July 5th, Monday. Florence July 6th, Tuesday. Sansepolcro July 7th, Wednesday. Venice July 8th, Thursday. Venice July 9th, Friday. Venice July 10th, Venice. Departure Epilogue A Modest List of Works Cited and of Works to Consider in Thinking about Art Selected Papal Documents Reflecting on Art and Catholic Imagination","robots":{"index":"index","follow":"follow","max-snippet":"max-snippet:-1","max-image-preview":"max-image-preview:large","max-video-preview":"max-video-preview:-1"},"canonical":"https:\/\/www.accartbooks.com\/uk\/book\/a-tuscan-resume\/","og_locale":"en_GB","og_type":"article","og_title":"A Tuscan R\u00e9sum\u00e9 - ACC Art Books UK","og_description":"Title: A Tuscan R\u00e9sum\u00e9, Pages: 136 Pages, Publish Date: 16th Jul 2025, Author: Andrew More O'Connor, ISBN: 9788874616824. Father Andrew, an artist and priest of the Archdiocese of New York, recounts his impressions during a peripatetic retreat in Tuscany some years ago.Introduction July 2nd, Friday. Poppi July 3rd, Saturday. La Verna July 4th, Sunday. Siena July 5th, Monday. Florence July 6th, Tuesday. Sansepolcro July 7th, Wednesday. Venice July 8th, Thursday. Venice July 9th, Friday. Venice July 10th, Venice. Departure Epilogue A Modest List of Works Cited and of Works to Consider in Thinking about Art Selected Papal Documents Reflecting on Art and Catholic Imagination","og_url":"https:\/\/www.accartbooks.com\/uk\/book\/a-tuscan-resume\/","og_site_name":"ACC Art Books UK","article_publisher":"https:\/\/www.facebook.com\/ACCArtBooks\/","article_modified_time":"2025-07-18T11:11:02+00:00","twitter_card":"summary_large_image","twitter_site":"@accartbooks","twitter_misc":{"Estimated reading time":"1 minute"},"schema":{"@context":"https:\/\/schema.org","@graph":[{"@type":"WebPage","@id":"https:\/\/www.accartbooks.com\/uk\/book\/a-tuscan-resume\/","url":"https:\/\/www.accartbooks.com\/uk\/book\/a-tuscan-resume\/","name":"A Tuscan R\u00e9sum\u00e9 - ACC Art Books UK","isPartOf":{"@id":"https:\/\/www.accartbooks.com\/uk\/#website"},"primaryImageOfPage":{"@id":"https:\/\/www.accartbooks.com\/uk\/book\/a-tuscan-resume\/#primaryimage"},"image":{"@id":"https:\/\/www.accartbooks.com\/uk\/book\/a-tuscan-resume\/#primaryimage"},"thumbnailUrl":"https:\/\/www.accartbooks.com\/app\/uploads\/books\/9788874616824-04-1.jpg","datePublished":"2025-05-06T19:00:19+00:00","dateModified":"2025-07-18T11:11:02+00:00","description":"Title: A Tuscan R\u00e9sum\u00e9, Pages: 136 Pages, Publish Date: 16th Jul 2025, Author: Andrew More O'Connor, ISBN: 9788874616824. Father Andrew, an artist and priest of the Archdiocese of New York, recounts his impressions during a peripatetic retreat in Tuscany some years ago.Introduction July 2nd, Friday. Poppi July 3rd, Saturday. La Verna July 4th, Sunday. Siena July 5th, Monday. Florence July 6th, Tuesday. Sansepolcro July 7th, Wednesday. Venice July 8th, Thursday. Venice July 9th, Friday. Venice July 10th, Venice. Departure Epilogue A Modest List of Works Cited and of Works to Consider in Thinking about Art Selected Papal Documents Reflecting on Art and Catholic Imagination","breadcrumb":{"@id":"https:\/\/www.accartbooks.com\/uk\/book\/a-tuscan-resume\/#breadcrumb"},"inLanguage":"en-GB","potentialAction":[{"@type":"ReadAction","target":["https:\/\/www.accartbooks.com\/uk\/book\/a-tuscan-resume\/"]}]},{"@type":"ImageObject","inLanguage":"en-GB","@id":"https:\/\/www.accartbooks.com\/uk\/book\/a-tuscan-resume\/#primaryimage","url":"https:\/\/www.accartbooks.com\/app\/uploads\/books\/9788874616824-04-1.jpg","contentUrl":"https:\/\/www.accartbooks.com\/app\/uploads\/books\/9788874616824-04-1.jpg","width":1400,"height":1961},{"@type":"BreadcrumbList","@id":"https:\/\/www.accartbooks.com\/uk\/book\/a-tuscan-resume\/#breadcrumb","itemListElement":[{"@type":"ListItem","position":1,"name":"Home","item":"https:\/\/www.accartbooks.com\/uk\/"},{"@type":"ListItem","position":2,"name":"Books","item":"https:\/\/www.accartbooks.com\/uk\/books\/"},{"@type":"ListItem","position":3,"name":"A Tuscan R\u00e9sum\u00e9"}]},{"@type":"WebSite","@id":"https:\/\/www.accartbooks.com\/uk\/#website","url":"https:\/\/www.accartbooks.com\/uk\/","name":"ACC Art Books UK","description":"One of the world\u2019s leading publishers and distributors of books on the arts and visual culture","publisher":{"@id":"https:\/\/www.accartbooks.com\/uk\/#organization"},"potentialAction":[{"@type":"SearchAction","target":{"@type":"EntryPoint","urlTemplate":"https:\/\/www.accartbooks.com\/uk\/?s={search_term_string}"},"query-input":{"@type":"PropertyValueSpecification","valueRequired":true,"valueName":"search_term_string"}}],"inLanguage":"en-GB"},{"@type":"Organization","@id":"https:\/\/www.accartbooks.com\/uk\/#organization","name":"ACC Art Books UK","url":"https:\/\/www.accartbooks.com\/uk\/","logo":{"@type":"ImageObject","inLanguage":"en-GB","@id":"https:\/\/www.accartbooks.com\/uk\/#\/schema\/logo\/image\/","url":"https:\/\/www.accartbooks.com\/app\/uploads\/2020\/05\/Acc-Logo.png","contentUrl":"https:\/\/www.accartbooks.com\/app\/uploads\/2020\/05\/Acc-Logo.png","width":64,"height":100,"caption":"ACC Art Books UK"},"image":{"@id":"https:\/\/www.accartbooks.com\/uk\/#\/schema\/logo\/image\/"},"sameAs":["https:\/\/www.facebook.com\/ACCArtBooks\/","https:\/\/x.com\/accartbooks"]}]}},"_links":{"self":[{"href":"https:\/\/www.accartbooks.com\/uk\/wp-json\/wp\/v2\/product\/64542","targetHints":{"allow":["GET"]}}],"collection":[{"href":"https:\/\/www.accartbooks.com\/uk\/wp-json\/wp\/v2\/product"}],"about":[{"href":"https:\/\/www.accartbooks.com\/uk\/wp-json\/wp\/v2\/types\/product"}],"wp:featuredmedia":[{"embeddable":true,"href":"https:\/\/www.accartbooks.com\/uk\/wp-json\/wp\/v2\/media\/65322"}],"wp:attachment":[{"href":"https:\/\/www.accartbooks.com\/uk\/wp-json\/wp\/v2\/media?parent=64542"}],"wp:term":[{"taxonomy":"product_brand","embeddable":true,"href":"https:\/\/www.accartbooks.com\/uk\/wp-json\/wp\/v2\/product_brand?post=64542"},{"taxonomy":"product_cat","embeddable":true,"href":"https:\/\/www.accartbooks.com\/uk\/wp-json\/wp\/v2\/product_cat?post=64542"},{"taxonomy":"product_tag","embeddable":true,"href":"https:\/\/www.accartbooks.com\/uk\/wp-json\/wp\/v2\/product_tag?post=64542"}],"curies":[{"name":"wp","href":"https:\/\/api.w.org\/{rel}","templated":true}]}}