{"id":65077,"date":"2025-05-23T11:10:33","date_gmt":"2025-05-23T11:10:33","guid":{"rendered":"https:\/\/www.accartbooks.com\/uk\/book\/portuguese-houses-with-history\/"},"modified":"2026-03-20T15:12:10","modified_gmt":"2026-03-20T15:12:10","slug":"portuguese-houses-with-history","status":"publish","type":"product","link":"https:\/\/www.accartbooks.com\/uk\/book\/portuguese-houses-with-history\/","title":{"rendered":"Portuguese Houses with History"},"content":{"rendered":"<p>For almost a decade we had an interior design studio which gave us a unique opportunity to discover and visit Portuguese family houses, with stories and beauty that deserved to be portrayed.\u00a0Since then, time has passed and with the growth of tourism in our country, many of these houses ended up being transformed into hotels, vacation rentals, airbnb&#8217;s and rural hotels, as it was too expensive to keep them just as family homes. Watching this made us feel the need to make a book about the ones that still resist. Our shared passion for these houses and their unrepeatable identity convinced us that this could be a project where we could work together again, photographing the properties that we still managed to find so that at least their visual memory didn&#8217;t get lost. We want this book to pay homage to a memory, a Portuguese savoir-faire and taste that is disappearing with the massification of design, objects and furniture. We hope that this book will help raise awareness to what we feel is most valuable about these homes: the notion that this heritage is precious, that it is part of our history and must be preserved.<\/p>\n","protected":false},"excerpt":{"rendered":"<p>This book is a homage to Portuguese family houses, with stories and beauty that deserved to be portrayed. This book brings to the fore what is most important about these homes: the notion that this heritage is precious, that it is part of our history and must be preserved.<br \/>\nIntroduction<br \/>\nCasa do Cipreste<br \/>\nCasa Leal<br \/>\nQuinta de Boamense<br \/>\nQuinta das Gaeiras<br \/>\nCasa S\u00e3o Sebasti\u00e3o<br \/>\nQuinta da Aveleda<br \/>\nCasa em Caxias<br \/>\nQuinta do Ves\u00favio<br \/>\nCasa Branca<br \/>\nPal\u00e1cio Sousa da C\u00e2mara<br \/>\nQuinta das Areias<br \/>\nQuinta da Fonte do Anjo<br \/>\nCasa e Quinta dos Condes de<br \/>\nCarnide<br \/>\nCasa de Santiago<br \/>\nVilla Roma<br \/>\nBiographies<br \/>\nAcknowledgments<\/p>\n","protected":false},"featured_media":66792,"template":"","meta":{"_acf_changed":false,"_relevanssi_hide_post":"","_relevanssi_hide_content":"","_relevanssi_pin_for_all":"","_relevanssi_pin_keywords":"","_relevanssi_unpin_keywords":"","_relevanssi_related_keywords":"","_relevanssi_related_include_ids":"","_relevanssi_related_exclude_ids":"","_relevanssi_related_no_append":"","_relevanssi_related_not_related":"","_relevanssi_related_posts":"","_relevanssi_noindex_reason":""},"product_brand":[],"product_cat":[5559,5726],"product_tag":[],"class_list":{"0":"post-65077","1":"product","2":"type-product","3":"status-publish","4":"has-post-thumbnail","6":"product_cat-architecture-landscape-design","7":"product_cat-interiors","8":"author-by-author-ana-anahory","9":"author-by-author-felipa-almeida","10":"publisher-oro-editions","12":"first","13":"instock","14":"shipping-taxable","15":"purchasable","16":"product-type-simple"},"acf":[],"yoast_head":"<!-- This site is optimized with the Yoast SEO plugin v27.0 - https:\/\/yoast.com\/product\/yoast-seo-wordpress\/ -->\n<title>Portuguese Houses with History - ACC Art Books UK<\/title>\n<meta name=\"description\" content=\"Title: Portuguese Houses with History, Pages: 200 Pages, Publish Date: 16th Feb 2026, Author: Ana Anahory, Felipa Almeida, ISBN: 9781961856660. This book is a homage to Portuguese family houses, with stories and beauty that deserved to be portrayed. This book brings to the fore what is most important about these homes: the notion that this heritage is precious, that it is part of our history and must be preserved. Introduction Casa do Cipreste Casa Leal Quinta de Boamense Quinta das Gaeiras Casa S\u00e3o Sebasti\u00e3o Quinta da Aveleda Casa em Caxias Quinta do Ves\u00favio Casa Branca Pal\u00e1cio Sousa da C\u00e2mara Quinta das Areias Quinta da Fonte do Anjo Casa e Quinta dos Condes de Carnide Casa de Santiago Villa Roma Biographies Acknowledgments\" \/>\n<meta name=\"robots\" content=\"index, follow, max-snippet:-1, max-image-preview:large, max-video-preview:-1\" \/>\n<link rel=\"canonical\" href=\"https:\/\/www.accartbooks.com\/uk\/book\/portuguese-houses-with-history\/\" \/>\n<meta property=\"og:locale\" content=\"en_GB\" \/>\n<meta property=\"og:type\" content=\"article\" \/>\n<meta property=\"og:title\" content=\"Portuguese Houses with History - ACC Art Books UK\" \/>\n<meta property=\"og:description\" content=\"Title: Portuguese Houses with History, Pages: 200 Pages, Publish Date: 16th Feb 2026, Author: Ana Anahory, Felipa Almeida, ISBN: 9781961856660. This book is a homage to Portuguese family houses, with stories and beauty that deserved to be portrayed. This book brings to the fore what is most important about these homes: the notion that this heritage is precious, that it is part of our history and must be preserved. Introduction Casa do Cipreste Casa Leal Quinta de Boamense Quinta das Gaeiras Casa S\u00e3o Sebasti\u00e3o Quinta da Aveleda Casa em Caxias Quinta do Ves\u00favio Casa Branca Pal\u00e1cio Sousa da C\u00e2mara Quinta das Areias Quinta da Fonte do Anjo Casa e Quinta dos Condes de Carnide Casa de Santiago Villa Roma Biographies Acknowledgments\" \/>\n<meta property=\"og:url\" content=\"https:\/\/www.accartbooks.com\/uk\/book\/portuguese-houses-with-history\/\" \/>\n<meta property=\"og:site_name\" content=\"ACC Art Books UK\" \/>\n<meta property=\"article:publisher\" content=\"https:\/\/www.facebook.com\/ACCArtBooks\/\" \/>\n<meta property=\"article:modified_time\" content=\"2026-03-20T15:12:10+00:00\" \/>\n<meta property=\"og:image\" content=\"https:\/\/www.accartbooks.com\/app\/uploads\/books\/9781961856660-04-2.jpg\" \/>\n\t<meta property=\"og:image:width\" content=\"1400\" \/>\n\t<meta property=\"og:image:height\" content=\"2080\" \/>\n\t<meta property=\"og:image:type\" content=\"image\/jpeg\" \/>\n<meta name=\"twitter:card\" content=\"summary_large_image\" \/>\n<meta name=\"twitter:site\" content=\"@accartbooks\" \/>\n<meta name=\"twitter:label1\" content=\"Estimated reading time\" \/>\n\t<meta name=\"twitter:data1\" content=\"2 minutes\" \/>\n<script type=\"application\/ld+json\" class=\"yoast-schema-graph\">{\"@context\":\"https:\/\/schema.org\",\"@graph\":[{\"@type\":\"WebPage\",\"@id\":\"https:\/\/www.accartbooks.com\/uk\/book\/portuguese-houses-with-history\/\",\"url\":\"https:\/\/www.accartbooks.com\/uk\/book\/portuguese-houses-with-history\/\",\"name\":\"Portuguese Houses with History - ACC Art Books UK\",\"isPartOf\":{\"@id\":\"https:\/\/www.accartbooks.com\/uk\/#website\"},\"primaryImageOfPage\":{\"@id\":\"https:\/\/www.accartbooks.com\/uk\/book\/portuguese-houses-with-history\/#primaryimage\"},\"image\":{\"@id\":\"https:\/\/www.accartbooks.com\/uk\/book\/portuguese-houses-with-history\/#primaryimage\"},\"thumbnailUrl\":\"https:\/\/www.accartbooks.com\/app\/uploads\/books\/9781961856660-04-2.jpg\",\"datePublished\":\"2025-05-23T11:10:33+00:00\",\"dateModified\":\"2026-03-20T15:12:10+00:00\",\"description\":\"Title: Portuguese Houses with History, Pages: 200 Pages, Publish Date: 16th Feb 2026, Author: Ana Anahory, Felipa Almeida, ISBN: 9781961856660. This book is a homage to Portuguese family houses, with stories and beauty that deserved to be portrayed. This book brings to the fore what is most important about these homes: the notion that this heritage is precious, that it is part of our history and must be preserved. Introduction Casa do Cipreste Casa Leal Quinta de Boamense Quinta das Gaeiras Casa S\u00e3o Sebasti\u00e3o Quinta da Aveleda Casa em Caxias Quinta do Ves\u00favio Casa Branca Pal\u00e1cio Sousa da C\u00e2mara Quinta das Areias Quinta da Fonte do Anjo Casa e Quinta dos Condes de Carnide Casa de Santiago Villa Roma Biographies Acknowledgments\",\"breadcrumb\":{\"@id\":\"https:\/\/www.accartbooks.com\/uk\/book\/portuguese-houses-with-history\/#breadcrumb\"},\"inLanguage\":\"en-GB\",\"potentialAction\":[{\"@type\":\"ReadAction\",\"target\":[\"https:\/\/www.accartbooks.com\/uk\/book\/portuguese-houses-with-history\/\"]}]},{\"@type\":\"ImageObject\",\"inLanguage\":\"en-GB\",\"@id\":\"https:\/\/www.accartbooks.com\/uk\/book\/portuguese-houses-with-history\/#primaryimage\",\"url\":\"https:\/\/www.accartbooks.com\/app\/uploads\/books\/9781961856660-04-2.jpg\",\"contentUrl\":\"https:\/\/www.accartbooks.com\/app\/uploads\/books\/9781961856660-04-2.jpg\",\"width\":1400,\"height\":2080},{\"@type\":\"BreadcrumbList\",\"@id\":\"https:\/\/www.accartbooks.com\/uk\/book\/portuguese-houses-with-history\/#breadcrumb\",\"itemListElement\":[{\"@type\":\"ListItem\",\"position\":1,\"name\":\"Home\",\"item\":\"https:\/\/www.accartbooks.com\/uk\/\"},{\"@type\":\"ListItem\",\"position\":2,\"name\":\"Books\",\"item\":\"https:\/\/www.accartbooks.com\/uk\/books\/\"},{\"@type\":\"ListItem\",\"position\":3,\"name\":\"Portuguese Houses with History\"}]},{\"@type\":\"WebSite\",\"@id\":\"https:\/\/www.accartbooks.com\/uk\/#website\",\"url\":\"https:\/\/www.accartbooks.com\/uk\/\",\"name\":\"ACC Art Books UK\",\"description\":\"One of the world\u2019s leading publishers and distributors of books on the arts and visual culture\",\"publisher\":{\"@id\":\"https:\/\/www.accartbooks.com\/uk\/#organization\"},\"potentialAction\":[{\"@type\":\"SearchAction\",\"target\":{\"@type\":\"EntryPoint\",\"urlTemplate\":\"https:\/\/www.accartbooks.com\/uk\/?s={search_term_string}\"},\"query-input\":{\"@type\":\"PropertyValueSpecification\",\"valueRequired\":true,\"valueName\":\"search_term_string\"}}],\"inLanguage\":\"en-GB\"},{\"@type\":\"Organization\",\"@id\":\"https:\/\/www.accartbooks.com\/uk\/#organization\",\"name\":\"ACC Art Books UK\",\"url\":\"https:\/\/www.accartbooks.com\/uk\/\",\"logo\":{\"@type\":\"ImageObject\",\"inLanguage\":\"en-GB\",\"@id\":\"https:\/\/www.accartbooks.com\/uk\/#\/schema\/logo\/image\/\",\"url\":\"https:\/\/www.accartbooks.com\/app\/uploads\/2020\/05\/Acc-Logo.png\",\"contentUrl\":\"https:\/\/www.accartbooks.com\/app\/uploads\/2020\/05\/Acc-Logo.png\",\"width\":64,\"height\":100,\"caption\":\"ACC Art Books UK\"},\"image\":{\"@id\":\"https:\/\/www.accartbooks.com\/uk\/#\/schema\/logo\/image\/\"},\"sameAs\":[\"https:\/\/www.facebook.com\/ACCArtBooks\/\",\"https:\/\/x.com\/accartbooks\"]}]}<\/script>\n<!-- \/ Yoast SEO plugin. -->","yoast_head_json":{"title":"Portuguese Houses with History - ACC Art Books UK","description":"Title: Portuguese Houses with History, Pages: 200 Pages, Publish Date: 16th Feb 2026, Author: Ana Anahory, Felipa Almeida, ISBN: 9781961856660. This book is a homage to Portuguese family houses, with stories and beauty that deserved to be portrayed. This book brings to the fore what is most important about these homes: the notion that this heritage is precious, that it is part of our history and must be preserved. Introduction Casa do Cipreste Casa Leal Quinta de Boamense Quinta das Gaeiras Casa S\u00e3o Sebasti\u00e3o Quinta da Aveleda Casa em Caxias Quinta do Ves\u00favio Casa Branca Pal\u00e1cio Sousa da C\u00e2mara Quinta das Areias Quinta da Fonte do Anjo Casa e Quinta dos Condes de Carnide Casa de Santiago Villa Roma Biographies Acknowledgments","robots":{"index":"index","follow":"follow","max-snippet":"max-snippet:-1","max-image-preview":"max-image-preview:large","max-video-preview":"max-video-preview:-1"},"canonical":"https:\/\/www.accartbooks.com\/uk\/book\/portuguese-houses-with-history\/","og_locale":"en_GB","og_type":"article","og_title":"Portuguese Houses with History - ACC Art Books UK","og_description":"Title: Portuguese Houses with History, Pages: 200 Pages, Publish Date: 16th Feb 2026, Author: Ana Anahory, Felipa Almeida, ISBN: 9781961856660. This book is a homage to Portuguese family houses, with stories and beauty that deserved to be portrayed. This book brings to the fore what is most important about these homes: the notion that this heritage is precious, that it is part of our history and must be preserved. Introduction Casa do Cipreste Casa Leal Quinta de Boamense Quinta das Gaeiras Casa S\u00e3o Sebasti\u00e3o Quinta da Aveleda Casa em Caxias Quinta do Ves\u00favio Casa Branca Pal\u00e1cio Sousa da C\u00e2mara Quinta das Areias Quinta da Fonte do Anjo Casa e Quinta dos Condes de Carnide Casa de Santiago Villa Roma Biographies Acknowledgments","og_url":"https:\/\/www.accartbooks.com\/uk\/book\/portuguese-houses-with-history\/","og_site_name":"ACC Art Books UK","article_publisher":"https:\/\/www.facebook.com\/ACCArtBooks\/","article_modified_time":"2026-03-20T15:12:10+00:00","og_image":[{"width":1400,"height":2080,"url":"https:\/\/www.accartbooks.com\/app\/uploads\/books\/9781961856660-04-2.jpg","type":"image\/jpeg"}],"twitter_card":"summary_large_image","twitter_site":"@accartbooks","twitter_misc":{"Estimated reading time":"2 minutes"},"schema":{"@context":"https:\/\/schema.org","@graph":[{"@type":"WebPage","@id":"https:\/\/www.accartbooks.com\/uk\/book\/portuguese-houses-with-history\/","url":"https:\/\/www.accartbooks.com\/uk\/book\/portuguese-houses-with-history\/","name":"Portuguese Houses with History - ACC Art Books UK","isPartOf":{"@id":"https:\/\/www.accartbooks.com\/uk\/#website"},"primaryImageOfPage":{"@id":"https:\/\/www.accartbooks.com\/uk\/book\/portuguese-houses-with-history\/#primaryimage"},"image":{"@id":"https:\/\/www.accartbooks.com\/uk\/book\/portuguese-houses-with-history\/#primaryimage"},"thumbnailUrl":"https:\/\/www.accartbooks.com\/app\/uploads\/books\/9781961856660-04-2.jpg","datePublished":"2025-05-23T11:10:33+00:00","dateModified":"2026-03-20T15:12:10+00:00","description":"Title: Portuguese Houses with History, Pages: 200 Pages, Publish Date: 16th Feb 2026, Author: Ana Anahory, Felipa Almeida, ISBN: 9781961856660. This book is a homage to Portuguese family houses, with stories and beauty that deserved to be portrayed. This book brings to the fore what is most important about these homes: the notion that this heritage is precious, that it is part of our history and must be preserved. Introduction Casa do Cipreste Casa Leal Quinta de Boamense Quinta das Gaeiras Casa S\u00e3o Sebasti\u00e3o Quinta da Aveleda Casa em Caxias Quinta do Ves\u00favio Casa Branca Pal\u00e1cio Sousa da C\u00e2mara Quinta das Areias Quinta da Fonte do Anjo Casa e Quinta dos Condes de Carnide Casa de Santiago Villa Roma Biographies Acknowledgments","breadcrumb":{"@id":"https:\/\/www.accartbooks.com\/uk\/book\/portuguese-houses-with-history\/#breadcrumb"},"inLanguage":"en-GB","potentialAction":[{"@type":"ReadAction","target":["https:\/\/www.accartbooks.com\/uk\/book\/portuguese-houses-with-history\/"]}]},{"@type":"ImageObject","inLanguage":"en-GB","@id":"https:\/\/www.accartbooks.com\/uk\/book\/portuguese-houses-with-history\/#primaryimage","url":"https:\/\/www.accartbooks.com\/app\/uploads\/books\/9781961856660-04-2.jpg","contentUrl":"https:\/\/www.accartbooks.com\/app\/uploads\/books\/9781961856660-04-2.jpg","width":1400,"height":2080},{"@type":"BreadcrumbList","@id":"https:\/\/www.accartbooks.com\/uk\/book\/portuguese-houses-with-history\/#breadcrumb","itemListElement":[{"@type":"ListItem","position":1,"name":"Home","item":"https:\/\/www.accartbooks.com\/uk\/"},{"@type":"ListItem","position":2,"name":"Books","item":"https:\/\/www.accartbooks.com\/uk\/books\/"},{"@type":"ListItem","position":3,"name":"Portuguese Houses with History"}]},{"@type":"WebSite","@id":"https:\/\/www.accartbooks.com\/uk\/#website","url":"https:\/\/www.accartbooks.com\/uk\/","name":"ACC Art Books UK","description":"One of the world\u2019s leading publishers and distributors of books on the arts and visual culture","publisher":{"@id":"https:\/\/www.accartbooks.com\/uk\/#organization"},"potentialAction":[{"@type":"SearchAction","target":{"@type":"EntryPoint","urlTemplate":"https:\/\/www.accartbooks.com\/uk\/?s={search_term_string}"},"query-input":{"@type":"PropertyValueSpecification","valueRequired":true,"valueName":"search_term_string"}}],"inLanguage":"en-GB"},{"@type":"Organization","@id":"https:\/\/www.accartbooks.com\/uk\/#organization","name":"ACC Art Books UK","url":"https:\/\/www.accartbooks.com\/uk\/","logo":{"@type":"ImageObject","inLanguage":"en-GB","@id":"https:\/\/www.accartbooks.com\/uk\/#\/schema\/logo\/image\/","url":"https:\/\/www.accartbooks.com\/app\/uploads\/2020\/05\/Acc-Logo.png","contentUrl":"https:\/\/www.accartbooks.com\/app\/uploads\/2020\/05\/Acc-Logo.png","width":64,"height":100,"caption":"ACC Art Books UK"},"image":{"@id":"https:\/\/www.accartbooks.com\/uk\/#\/schema\/logo\/image\/"},"sameAs":["https:\/\/www.facebook.com\/ACCArtBooks\/","https:\/\/x.com\/accartbooks"]}]}},"_links":{"self":[{"href":"https:\/\/www.accartbooks.com\/uk\/wp-json\/wp\/v2\/product\/65077","targetHints":{"allow":["GET"]}}],"collection":[{"href":"https:\/\/www.accartbooks.com\/uk\/wp-json\/wp\/v2\/product"}],"about":[{"href":"https:\/\/www.accartbooks.com\/uk\/wp-json\/wp\/v2\/types\/product"}],"wp:featuredmedia":[{"embeddable":true,"href":"https:\/\/www.accartbooks.com\/uk\/wp-json\/wp\/v2\/media\/66792"}],"wp:attachment":[{"href":"https:\/\/www.accartbooks.com\/uk\/wp-json\/wp\/v2\/media?parent=65077"}],"wp:term":[{"taxonomy":"product_brand","embeddable":true,"href":"https:\/\/www.accartbooks.com\/uk\/wp-json\/wp\/v2\/product_brand?post=65077"},{"taxonomy":"product_cat","embeddable":true,"href":"https:\/\/www.accartbooks.com\/uk\/wp-json\/wp\/v2\/product_cat?post=65077"},{"taxonomy":"product_tag","embeddable":true,"href":"https:\/\/www.accartbooks.com\/uk\/wp-json\/wp\/v2\/product_tag?post=65077"}],"curies":[{"name":"wp","href":"https:\/\/api.w.org\/{rel}","templated":true}]}}