{"id":66135,"date":"2025-06-26T17:11:05","date_gmt":"2025-06-26T17:11:05","guid":{"rendered":"https:\/\/www.accartbooks.com\/uk\/book\/klara-hosnedlova\/"},"modified":"2026-03-17T12:12:39","modified_gmt":"2026-03-17T12:12:39","slug":"klara-hosnedlova","status":"publish","type":"product","link":"https:\/\/www.accartbooks.com\/uk\/book\/klara-hosnedlova\/","title":{"rendered":"Kl\u00e1ra Hosnedlov\u00e1"},"content":{"rendered":"<p>Kl&aacute;ra Hosnedlov&aacute;&rsquo;s monumental installation for Hamburger Bahnhof&rsquo;s historic hall explores themes of home, utopia and everyday life within different political systems. This is Hosnedlov&aacute;&rsquo;s most ambitious and expansive sculptural work to date, featuring tapestries up to nine meters high, site-specific objects, organic reliefs and large-scale embroideries. Most of the embroidery motifs are drawn from film and video recordings of performative interventions staged by the artist in Berlin. The content reflects architecture, films and novels that define the cultural memory of the border regions of what is now the Czech Republic over the past centuries. <em>embrace<\/em> marks the beginning of the CHANEL Commission, which enables artists to realise large-scale projects in the main hall of Hamburger Bahnhof.<\/p>\n<p>This is the eleventh in a series of publications accompanying solo exhibitions of contemporary artists at Hamburger Bahnhof &ndash; Nationalgalerie der Gegenwart. It comprises a curatorial introduction by Anna-Catharina Gebbers, an exten&shy;sive interview with Kl&aacute;ra Hosnedlov&aacute; as well as an essay by Ursula Str&ouml;bele.<\/p>\n<p>Text in English and German.<\/p>\n","protected":false},"excerpt":{"rendered":"<p>This is the eleventh in a series of publications accompanying solo exhibitions of contemporary artists at Hamburger Bahnhof &ndash; Nationalgalerie der Gegenwart. It comprises a curatorial introduction by Anna-Catharina Gebbers, an extensive interview with Kl&aacute;ra Hosnedlov&aacute; as well as an essay by Ursula Str&ouml;bele. Text in English and German.<br \/>8 Vorwort \/<br \/>\nForeword<br \/>\n10 Zwischen bohyn&#283; und Brutalismus \/<br \/>\nBetween bohyn&#283; and Brutalism<br \/>\nAnna-Catharina Gebbers<br \/>\n24 Storied Matter in der Skulptur \/<br \/>\nStoried Matter in Sculpture<br \/>\nUrsula Str&ouml;bele<br \/>\n46 Unvollendete Geschichte(n) \/<br \/>\nUnfinished Histories<br \/>\nAnna-Catharina Gebbers<br \/>\nim Gespr&auml;ch mit \/<br \/>\nin Conversation with Kl&aacute;ra Hosnedlov&aacute;<br \/>\n98 Kl&aacute;ra Hosnedlov&aacute;:<br \/>\nBiografie \/ Biography<br \/>\n102 Impressum \/ Imprint<br \/>\n104 Abbildungsverzeichnis \/<br \/>\nPhoto Credits<br \/>\n105 Dank \/ Acknowledgements<\/p>\n","protected":false},"featured_media":66136,"template":"","meta":{"_acf_changed":false,"_relevanssi_hide_post":"","_relevanssi_hide_content":"","_relevanssi_pin_for_all":"","_relevanssi_pin_keywords":"","_relevanssi_unpin_keywords":"","_relevanssi_related_keywords":"","_relevanssi_related_include_ids":"","_relevanssi_related_exclude_ids":"","_relevanssi_related_no_append":"","_relevanssi_related_not_related":"","_relevanssi_related_posts":"","_relevanssi_noindex_reason":""},"product_brand":[],"product_cat":[5568],"product_tag":[],"class_list":{"0":"post-66135","1":"product","2":"type-product","3":"status-publish","4":"has-post-thumbnail","6":"product_cat-art","7":"author-edited-by-sam-bardaouil","8":"author-edited-by-till-fellrath","9":"publisher-silvana","10":"series-hamburger-bahnhof-nationalgalerie-der-gegenwart","12":"first","13":"instock","14":"shipping-taxable","15":"purchasable","16":"product-type-simple"},"acf":[],"yoast_head":"<!-- This site is optimized with the Yoast SEO plugin v27.0 - https:\/\/yoast.com\/product\/yoast-seo-wordpress\/ -->\n<title>Kl\u00e1ra Hosnedlov\u00e1 - ACC Art Books UK<\/title>\n<meta name=\"description\" content=\"Title: Kl\u00e1ra Hosnedlov\u00e1, Pages: 108 Pages, Publish Date: 7th Aug 2025, Author: Edited by Sam Bardaouil, Edited by Till Fellrath, ISBN: 9788836660797. This is the eleventh in a series of publications accompanying solo exhibitions of contemporary artists at Hamburger Bahnhof &ndash; Nationalgalerie der Gegenwart. It comprises a curatorial introduction by Anna-Catharina Gebbers, an extensive interview with Kl&aacute;ra Hosnedlov&aacute; as well as an essay by Ursula Str&ouml;bele. Text in English and German.8 Vorwort \/ Foreword 10 Zwischen bohyn&#283; und Brutalismus \/ Between bohyn&#283; and Brutalism Anna-Catharina Gebbers 24 Storied Matter in der Skulptur \/ Storied Matter in Sculpture Ursula Str&ouml;bele 46 Unvollendete Geschichte(n) \/ Unfinished Histories Anna-Catharina Gebbers im Gespr&auml;ch mit \/ in Conversation with Kl&aacute;ra Hosnedlov&aacute; 98 Kl&aacute;ra Hosnedlov&aacute;: Biografie \/ Biography 102 Impressum \/ Imprint 104 Abbildungsverzeichnis \/ Photo Credits 105 Dank \/ Acknowledgements\" \/>\n<meta name=\"robots\" content=\"index, follow, max-snippet:-1, max-image-preview:large, max-video-preview:-1\" \/>\n<link rel=\"canonical\" href=\"https:\/\/www.accartbooks.com\/uk\/book\/klara-hosnedlova\/\" \/>\n<meta property=\"og:locale\" content=\"en_GB\" \/>\n<meta property=\"og:type\" content=\"article\" \/>\n<meta property=\"og:title\" content=\"Kl\u00e1ra Hosnedlov\u00e1 - ACC Art Books UK\" \/>\n<meta property=\"og:description\" content=\"Title: Kl\u00e1ra Hosnedlov\u00e1, Pages: 108 Pages, Publish Date: 7th Aug 2025, Author: Edited by Sam Bardaouil, Edited by Till Fellrath, ISBN: 9788836660797. This is the eleventh in a series of publications accompanying solo exhibitions of contemporary artists at Hamburger Bahnhof &ndash; Nationalgalerie der Gegenwart. It comprises a curatorial introduction by Anna-Catharina Gebbers, an extensive interview with Kl&aacute;ra Hosnedlov&aacute; as well as an essay by Ursula Str&ouml;bele. Text in English and German.8 Vorwort \/ Foreword 10 Zwischen bohyn&#283; und Brutalismus \/ Between bohyn&#283; and Brutalism Anna-Catharina Gebbers 24 Storied Matter in der Skulptur \/ Storied Matter in Sculpture Ursula Str&ouml;bele 46 Unvollendete Geschichte(n) \/ Unfinished Histories Anna-Catharina Gebbers im Gespr&auml;ch mit \/ in Conversation with Kl&aacute;ra Hosnedlov&aacute; 98 Kl&aacute;ra Hosnedlov&aacute;: Biografie \/ Biography 102 Impressum \/ Imprint 104 Abbildungsverzeichnis \/ Photo Credits 105 Dank \/ Acknowledgements\" \/>\n<meta property=\"og:url\" content=\"https:\/\/www.accartbooks.com\/uk\/book\/klara-hosnedlova\/\" \/>\n<meta property=\"og:site_name\" content=\"ACC Art Books UK\" \/>\n<meta property=\"article:publisher\" content=\"https:\/\/www.facebook.com\/ACCArtBooks\/\" \/>\n<meta property=\"article:modified_time\" content=\"2026-03-17T12:12:39+00:00\" \/>\n<meta property=\"og:image\" content=\"https:\/\/www.accartbooks.com\/app\/uploads\/books\/9788836660797-04-1.jpg\" \/>\n\t<meta property=\"og:image:width\" content=\"1024\" \/>\n\t<meta property=\"og:image:height\" content=\"1445\" \/>\n\t<meta property=\"og:image:type\" content=\"image\/jpeg\" \/>\n<meta name=\"twitter:card\" content=\"summary_large_image\" \/>\n<meta name=\"twitter:site\" content=\"@accartbooks\" \/>\n<meta name=\"twitter:label1\" content=\"Estimated reading time\" \/>\n\t<meta name=\"twitter:data1\" content=\"1 minute\" \/>\n<script type=\"application\/ld+json\" class=\"yoast-schema-graph\">{\"@context\":\"https:\/\/schema.org\",\"@graph\":[{\"@type\":\"WebPage\",\"@id\":\"https:\/\/www.accartbooks.com\/uk\/book\/klara-hosnedlova\/\",\"url\":\"https:\/\/www.accartbooks.com\/uk\/book\/klara-hosnedlova\/\",\"name\":\"Kl\u00e1ra Hosnedlov\u00e1 - ACC Art Books UK\",\"isPartOf\":{\"@id\":\"https:\/\/www.accartbooks.com\/uk\/#website\"},\"primaryImageOfPage\":{\"@id\":\"https:\/\/www.accartbooks.com\/uk\/book\/klara-hosnedlova\/#primaryimage\"},\"image\":{\"@id\":\"https:\/\/www.accartbooks.com\/uk\/book\/klara-hosnedlova\/#primaryimage\"},\"thumbnailUrl\":\"https:\/\/www.accartbooks.com\/app\/uploads\/books\/9788836660797-04-1.jpg\",\"datePublished\":\"2025-06-26T17:11:05+00:00\",\"dateModified\":\"2026-03-17T12:12:39+00:00\",\"description\":\"Title: Kl\u00e1ra Hosnedlov\u00e1, Pages: 108 Pages, Publish Date: 7th Aug 2025, Author: Edited by Sam Bardaouil, Edited by Till Fellrath, ISBN: 9788836660797. This is the eleventh in a series of publications accompanying solo exhibitions of contemporary artists at Hamburger Bahnhof &ndash; Nationalgalerie der Gegenwart. It comprises a curatorial introduction by Anna-Catharina Gebbers, an extensive interview with Kl&aacute;ra Hosnedlov&aacute; as well as an essay by Ursula Str&ouml;bele. Text in English and German.8 Vorwort \/ Foreword 10 Zwischen bohyn&#283; und Brutalismus \/ Between bohyn&#283; and Brutalism Anna-Catharina Gebbers 24 Storied Matter in der Skulptur \/ Storied Matter in Sculpture Ursula Str&ouml;bele 46 Unvollendete Geschichte(n) \/ Unfinished Histories Anna-Catharina Gebbers im Gespr&auml;ch mit \/ in Conversation with Kl&aacute;ra Hosnedlov&aacute; 98 Kl&aacute;ra Hosnedlov&aacute;: Biografie \/ Biography 102 Impressum \/ Imprint 104 Abbildungsverzeichnis \/ Photo Credits 105 Dank \/ Acknowledgements\",\"breadcrumb\":{\"@id\":\"https:\/\/www.accartbooks.com\/uk\/book\/klara-hosnedlova\/#breadcrumb\"},\"inLanguage\":\"en-GB\",\"potentialAction\":[{\"@type\":\"ReadAction\",\"target\":[\"https:\/\/www.accartbooks.com\/uk\/book\/klara-hosnedlova\/\"]}]},{\"@type\":\"ImageObject\",\"inLanguage\":\"en-GB\",\"@id\":\"https:\/\/www.accartbooks.com\/uk\/book\/klara-hosnedlova\/#primaryimage\",\"url\":\"https:\/\/www.accartbooks.com\/app\/uploads\/books\/9788836660797-04-1.jpg\",\"contentUrl\":\"https:\/\/www.accartbooks.com\/app\/uploads\/books\/9788836660797-04-1.jpg\",\"width\":1024,\"height\":1445},{\"@type\":\"BreadcrumbList\",\"@id\":\"https:\/\/www.accartbooks.com\/uk\/book\/klara-hosnedlova\/#breadcrumb\",\"itemListElement\":[{\"@type\":\"ListItem\",\"position\":1,\"name\":\"Home\",\"item\":\"https:\/\/www.accartbooks.com\/uk\/\"},{\"@type\":\"ListItem\",\"position\":2,\"name\":\"Books\",\"item\":\"https:\/\/www.accartbooks.com\/uk\/books\/\"},{\"@type\":\"ListItem\",\"position\":3,\"name\":\"Kl\u00e1ra Hosnedlov\u00e1\"}]},{\"@type\":\"WebSite\",\"@id\":\"https:\/\/www.accartbooks.com\/uk\/#website\",\"url\":\"https:\/\/www.accartbooks.com\/uk\/\",\"name\":\"ACC Art Books UK\",\"description\":\"One of the world\u2019s leading publishers and distributors of books on the arts and visual culture\",\"publisher\":{\"@id\":\"https:\/\/www.accartbooks.com\/uk\/#organization\"},\"potentialAction\":[{\"@type\":\"SearchAction\",\"target\":{\"@type\":\"EntryPoint\",\"urlTemplate\":\"https:\/\/www.accartbooks.com\/uk\/?s={search_term_string}\"},\"query-input\":{\"@type\":\"PropertyValueSpecification\",\"valueRequired\":true,\"valueName\":\"search_term_string\"}}],\"inLanguage\":\"en-GB\"},{\"@type\":\"Organization\",\"@id\":\"https:\/\/www.accartbooks.com\/uk\/#organization\",\"name\":\"ACC Art Books UK\",\"url\":\"https:\/\/www.accartbooks.com\/uk\/\",\"logo\":{\"@type\":\"ImageObject\",\"inLanguage\":\"en-GB\",\"@id\":\"https:\/\/www.accartbooks.com\/uk\/#\/schema\/logo\/image\/\",\"url\":\"https:\/\/www.accartbooks.com\/app\/uploads\/2020\/05\/Acc-Logo.png\",\"contentUrl\":\"https:\/\/www.accartbooks.com\/app\/uploads\/2020\/05\/Acc-Logo.png\",\"width\":64,\"height\":100,\"caption\":\"ACC Art Books UK\"},\"image\":{\"@id\":\"https:\/\/www.accartbooks.com\/uk\/#\/schema\/logo\/image\/\"},\"sameAs\":[\"https:\/\/www.facebook.com\/ACCArtBooks\/\",\"https:\/\/x.com\/accartbooks\"]}]}<\/script>\n<!-- \/ Yoast SEO plugin. -->","yoast_head_json":{"title":"Kl\u00e1ra Hosnedlov\u00e1 - ACC Art Books UK","description":"Title: Kl\u00e1ra Hosnedlov\u00e1, Pages: 108 Pages, Publish Date: 7th Aug 2025, Author: Edited by Sam Bardaouil, Edited by Till Fellrath, ISBN: 9788836660797. This is the eleventh in a series of publications accompanying solo exhibitions of contemporary artists at Hamburger Bahnhof &ndash; Nationalgalerie der Gegenwart. It comprises a curatorial introduction by Anna-Catharina Gebbers, an extensive interview with Kl&aacute;ra Hosnedlov&aacute; as well as an essay by Ursula Str&ouml;bele. Text in English and German.8 Vorwort \/ Foreword 10 Zwischen bohyn&#283; und Brutalismus \/ Between bohyn&#283; and Brutalism Anna-Catharina Gebbers 24 Storied Matter in der Skulptur \/ Storied Matter in Sculpture Ursula Str&ouml;bele 46 Unvollendete Geschichte(n) \/ Unfinished Histories Anna-Catharina Gebbers im Gespr&auml;ch mit \/ in Conversation with Kl&aacute;ra Hosnedlov&aacute; 98 Kl&aacute;ra Hosnedlov&aacute;: Biografie \/ Biography 102 Impressum \/ Imprint 104 Abbildungsverzeichnis \/ Photo Credits 105 Dank \/ Acknowledgements","robots":{"index":"index","follow":"follow","max-snippet":"max-snippet:-1","max-image-preview":"max-image-preview:large","max-video-preview":"max-video-preview:-1"},"canonical":"https:\/\/www.accartbooks.com\/uk\/book\/klara-hosnedlova\/","og_locale":"en_GB","og_type":"article","og_title":"Kl\u00e1ra Hosnedlov\u00e1 - ACC Art Books UK","og_description":"Title: Kl\u00e1ra Hosnedlov\u00e1, Pages: 108 Pages, Publish Date: 7th Aug 2025, Author: Edited by Sam Bardaouil, Edited by Till Fellrath, ISBN: 9788836660797. This is the eleventh in a series of publications accompanying solo exhibitions of contemporary artists at Hamburger Bahnhof &ndash; Nationalgalerie der Gegenwart. It comprises a curatorial introduction by Anna-Catharina Gebbers, an extensive interview with Kl&aacute;ra Hosnedlov&aacute; as well as an essay by Ursula Str&ouml;bele. Text in English and German.8 Vorwort \/ Foreword 10 Zwischen bohyn&#283; und Brutalismus \/ Between bohyn&#283; and Brutalism Anna-Catharina Gebbers 24 Storied Matter in der Skulptur \/ Storied Matter in Sculpture Ursula Str&ouml;bele 46 Unvollendete Geschichte(n) \/ Unfinished Histories Anna-Catharina Gebbers im Gespr&auml;ch mit \/ in Conversation with Kl&aacute;ra Hosnedlov&aacute; 98 Kl&aacute;ra Hosnedlov&aacute;: Biografie \/ Biography 102 Impressum \/ Imprint 104 Abbildungsverzeichnis \/ Photo Credits 105 Dank \/ Acknowledgements","og_url":"https:\/\/www.accartbooks.com\/uk\/book\/klara-hosnedlova\/","og_site_name":"ACC Art Books UK","article_publisher":"https:\/\/www.facebook.com\/ACCArtBooks\/","article_modified_time":"2026-03-17T12:12:39+00:00","og_image":[{"width":1024,"height":1445,"url":"https:\/\/www.accartbooks.com\/app\/uploads\/books\/9788836660797-04-1.jpg","type":"image\/jpeg"}],"twitter_card":"summary_large_image","twitter_site":"@accartbooks","twitter_misc":{"Estimated reading time":"1 minute"},"schema":{"@context":"https:\/\/schema.org","@graph":[{"@type":"WebPage","@id":"https:\/\/www.accartbooks.com\/uk\/book\/klara-hosnedlova\/","url":"https:\/\/www.accartbooks.com\/uk\/book\/klara-hosnedlova\/","name":"Kl\u00e1ra Hosnedlov\u00e1 - ACC Art Books UK","isPartOf":{"@id":"https:\/\/www.accartbooks.com\/uk\/#website"},"primaryImageOfPage":{"@id":"https:\/\/www.accartbooks.com\/uk\/book\/klara-hosnedlova\/#primaryimage"},"image":{"@id":"https:\/\/www.accartbooks.com\/uk\/book\/klara-hosnedlova\/#primaryimage"},"thumbnailUrl":"https:\/\/www.accartbooks.com\/app\/uploads\/books\/9788836660797-04-1.jpg","datePublished":"2025-06-26T17:11:05+00:00","dateModified":"2026-03-17T12:12:39+00:00","description":"Title: Kl\u00e1ra Hosnedlov\u00e1, Pages: 108 Pages, Publish Date: 7th Aug 2025, Author: Edited by Sam Bardaouil, Edited by Till Fellrath, ISBN: 9788836660797. This is the eleventh in a series of publications accompanying solo exhibitions of contemporary artists at Hamburger Bahnhof &ndash; Nationalgalerie der Gegenwart. It comprises a curatorial introduction by Anna-Catharina Gebbers, an extensive interview with Kl&aacute;ra Hosnedlov&aacute; as well as an essay by Ursula Str&ouml;bele. Text in English and German.8 Vorwort \/ Foreword 10 Zwischen bohyn&#283; und Brutalismus \/ Between bohyn&#283; and Brutalism Anna-Catharina Gebbers 24 Storied Matter in der Skulptur \/ Storied Matter in Sculpture Ursula Str&ouml;bele 46 Unvollendete Geschichte(n) \/ Unfinished Histories Anna-Catharina Gebbers im Gespr&auml;ch mit \/ in Conversation with Kl&aacute;ra Hosnedlov&aacute; 98 Kl&aacute;ra Hosnedlov&aacute;: Biografie \/ Biography 102 Impressum \/ Imprint 104 Abbildungsverzeichnis \/ Photo Credits 105 Dank \/ Acknowledgements","breadcrumb":{"@id":"https:\/\/www.accartbooks.com\/uk\/book\/klara-hosnedlova\/#breadcrumb"},"inLanguage":"en-GB","potentialAction":[{"@type":"ReadAction","target":["https:\/\/www.accartbooks.com\/uk\/book\/klara-hosnedlova\/"]}]},{"@type":"ImageObject","inLanguage":"en-GB","@id":"https:\/\/www.accartbooks.com\/uk\/book\/klara-hosnedlova\/#primaryimage","url":"https:\/\/www.accartbooks.com\/app\/uploads\/books\/9788836660797-04-1.jpg","contentUrl":"https:\/\/www.accartbooks.com\/app\/uploads\/books\/9788836660797-04-1.jpg","width":1024,"height":1445},{"@type":"BreadcrumbList","@id":"https:\/\/www.accartbooks.com\/uk\/book\/klara-hosnedlova\/#breadcrumb","itemListElement":[{"@type":"ListItem","position":1,"name":"Home","item":"https:\/\/www.accartbooks.com\/uk\/"},{"@type":"ListItem","position":2,"name":"Books","item":"https:\/\/www.accartbooks.com\/uk\/books\/"},{"@type":"ListItem","position":3,"name":"Kl\u00e1ra Hosnedlov\u00e1"}]},{"@type":"WebSite","@id":"https:\/\/www.accartbooks.com\/uk\/#website","url":"https:\/\/www.accartbooks.com\/uk\/","name":"ACC Art Books UK","description":"One of the world\u2019s leading publishers and distributors of books on the arts and visual culture","publisher":{"@id":"https:\/\/www.accartbooks.com\/uk\/#organization"},"potentialAction":[{"@type":"SearchAction","target":{"@type":"EntryPoint","urlTemplate":"https:\/\/www.accartbooks.com\/uk\/?s={search_term_string}"},"query-input":{"@type":"PropertyValueSpecification","valueRequired":true,"valueName":"search_term_string"}}],"inLanguage":"en-GB"},{"@type":"Organization","@id":"https:\/\/www.accartbooks.com\/uk\/#organization","name":"ACC Art Books UK","url":"https:\/\/www.accartbooks.com\/uk\/","logo":{"@type":"ImageObject","inLanguage":"en-GB","@id":"https:\/\/www.accartbooks.com\/uk\/#\/schema\/logo\/image\/","url":"https:\/\/www.accartbooks.com\/app\/uploads\/2020\/05\/Acc-Logo.png","contentUrl":"https:\/\/www.accartbooks.com\/app\/uploads\/2020\/05\/Acc-Logo.png","width":64,"height":100,"caption":"ACC Art Books UK"},"image":{"@id":"https:\/\/www.accartbooks.com\/uk\/#\/schema\/logo\/image\/"},"sameAs":["https:\/\/www.facebook.com\/ACCArtBooks\/","https:\/\/x.com\/accartbooks"]}]}},"_links":{"self":[{"href":"https:\/\/www.accartbooks.com\/uk\/wp-json\/wp\/v2\/product\/66135","targetHints":{"allow":["GET"]}}],"collection":[{"href":"https:\/\/www.accartbooks.com\/uk\/wp-json\/wp\/v2\/product"}],"about":[{"href":"https:\/\/www.accartbooks.com\/uk\/wp-json\/wp\/v2\/types\/product"}],"wp:featuredmedia":[{"embeddable":true,"href":"https:\/\/www.accartbooks.com\/uk\/wp-json\/wp\/v2\/media\/66136"}],"wp:attachment":[{"href":"https:\/\/www.accartbooks.com\/uk\/wp-json\/wp\/v2\/media?parent=66135"}],"wp:term":[{"taxonomy":"product_brand","embeddable":true,"href":"https:\/\/www.accartbooks.com\/uk\/wp-json\/wp\/v2\/product_brand?post=66135"},{"taxonomy":"product_cat","embeddable":true,"href":"https:\/\/www.accartbooks.com\/uk\/wp-json\/wp\/v2\/product_cat?post=66135"},{"taxonomy":"product_tag","embeddable":true,"href":"https:\/\/www.accartbooks.com\/uk\/wp-json\/wp\/v2\/product_tag?post=66135"}],"curies":[{"name":"wp","href":"https:\/\/api.w.org\/{rel}","templated":true}]}}