{"id":69200,"date":"2025-09-13T17:12:22","date_gmt":"2025-09-13T17:12:22","guid":{"rendered":"https:\/\/www.accartbooks.com\/uk\/book\/the-earth-crunches-beneath-my-feet-lisa-roing-baer\/"},"modified":"2026-03-19T12:10:46","modified_gmt":"2026-03-19T12:10:46","slug":"the-earth-crunches-beneath-my-feet-lisa-roing-baer","status":"publish","type":"product","link":"https:\/\/www.accartbooks.com\/uk\/book\/the-earth-crunches-beneath-my-feet-lisa-roing-baer\/","title":{"rendered":"The Earth Crunches Beneath My Feet: Lisa R\u00f6ing Baer"},"content":{"rendered":"<p>While the promise of the future of petromodernity disappears into thin air, our everyday life remains seemingly unchanged&mdash;and yet it bears the traces of profound change. This book captures that: a world that continues to exist in familiar images but has begun to unravel.<\/p>\n<p>With her first monograph <strong><em>Der Boden knirscht unter meinen F&uuml;&szlig;en (The earth crunches beneath my feet)<\/em><\/strong>, Lisa R&ouml;ing Baer (b. 1994) presents a selection spanning 15 years of analogue photography and depicts an era that is drawing to a close. The everyday and the political often intertwine here, as hopes and disappointments stand side by side in images in which the past is inscribed as nothing more than a fading memory and the future appears uncertain. Light-flooded streetscapes, temples to consumption, landscapes&mdash;it is only when they are brought together that it becomes clear that Baer&#8217;s images do not provide a coherent narrative, but are interwoven as a visual matrix of tense associations that question any form of linear belief in progress.<\/p>\n","protected":false},"excerpt":{"rendered":"<p>With her first monograph &#8220;Der Boden knirscht unter meinen F&uuml;&szlig;en&#8221; (The earth crunches beneath my feet), Lisa R&ouml;ing Baer (b. 1994) presents a selection spanning 15 years of analogue photography and depicts an era that is drawing to a close.<\/p>\n","protected":false},"featured_media":69201,"template":"","meta":{"_acf_changed":false,"_relevanssi_hide_post":"","_relevanssi_hide_content":"","_relevanssi_pin_for_all":"","_relevanssi_pin_keywords":"","_relevanssi_unpin_keywords":"","_relevanssi_related_keywords":"","_relevanssi_related_include_ids":"","_relevanssi_related_exclude_ids":"","_relevanssi_related_no_append":"","_relevanssi_related_not_related":"","_relevanssi_related_posts":"","_relevanssi_noindex_reason":""},"product_brand":[],"product_cat":[5485],"product_tag":[],"class_list":{"0":"post-69200","1":"product","2":"type-product","3":"status-publish","4":"has-post-thumbnail","6":"product_cat-photography","7":"author-by-author-matthias-grundig","8":"author-by-author-mounira-zennia","9":"author-by-photographer-lisa-roing-baer","10":"publisher-kerber-verlag","12":"first","13":"instock","14":"shipping-taxable","15":"purchasable","16":"product-type-simple"},"acf":[],"yoast_head":"<!-- This site is optimized with the Yoast SEO plugin v27.0 - https:\/\/yoast.com\/product\/yoast-seo-wordpress\/ -->\n<title>The Earth Crunches Beneath My Feet: Lisa R\u00f6ing Baer - ACC Art Books UK<\/title>\n<meta name=\"description\" content=\"Title: The Earth Crunches Beneath My Feet: Lisa R\u00f6ing Baer, Pages: 128 Pages, Publish Date: 10th Feb 2026, Author: Matthias Gr\u00fcndig, Mounira Zennia, By (photographer) Lisa R\u00f6ing Baer, ISBN: 9783735610430. With her first monograph &quot;Der Boden knirscht unter meinen F&uuml;&szlig;en&quot; (The earth crunches beneath my feet), Lisa R&ouml;ing Baer (b. 1994) presents a selection spanning 15 years of analogue photography and depicts an era that is drawing to a close.\" \/>\n<meta name=\"robots\" content=\"index, follow, max-snippet:-1, max-image-preview:large, max-video-preview:-1\" \/>\n<link rel=\"canonical\" href=\"https:\/\/www.accartbooks.com\/uk\/book\/the-earth-crunches-beneath-my-feet-lisa-roing-baer\/\" \/>\n<meta property=\"og:locale\" content=\"en_GB\" \/>\n<meta property=\"og:type\" content=\"article\" \/>\n<meta property=\"og:title\" content=\"The Earth Crunches Beneath My Feet: Lisa R\u00f6ing Baer - ACC Art Books UK\" \/>\n<meta property=\"og:description\" content=\"Title: The Earth Crunches Beneath My Feet: Lisa R\u00f6ing Baer, Pages: 128 Pages, Publish Date: 10th Feb 2026, Author: Matthias Gr\u00fcndig, Mounira Zennia, By (photographer) Lisa R\u00f6ing Baer, ISBN: 9783735610430. With her first monograph &quot;Der Boden knirscht unter meinen F&uuml;&szlig;en&quot; (The earth crunches beneath my feet), Lisa R&ouml;ing Baer (b. 1994) presents a selection spanning 15 years of analogue photography and depicts an era that is drawing to a close.\" \/>\n<meta property=\"og:url\" content=\"https:\/\/www.accartbooks.com\/uk\/book\/the-earth-crunches-beneath-my-feet-lisa-roing-baer\/\" \/>\n<meta property=\"og:site_name\" content=\"ACC Art Books UK\" \/>\n<meta property=\"article:publisher\" content=\"https:\/\/www.facebook.com\/ACCArtBooks\/\" \/>\n<meta property=\"article:modified_time\" content=\"2026-03-19T12:10:46+00:00\" \/>\n<meta property=\"og:image\" content=\"https:\/\/www.accartbooks.com\/app\/uploads\/books\/9783735610430-04-2.jpg\" \/>\n\t<meta property=\"og:image:width\" content=\"1400\" \/>\n\t<meta property=\"og:image:height\" content=\"1782\" \/>\n\t<meta property=\"og:image:type\" content=\"image\/jpeg\" \/>\n<meta name=\"twitter:card\" content=\"summary_large_image\" \/>\n<meta name=\"twitter:site\" content=\"@accartbooks\" \/>\n<meta name=\"twitter:label1\" content=\"Estimated reading time\" \/>\n\t<meta name=\"twitter:data1\" content=\"1 minute\" \/>\n<script type=\"application\/ld+json\" class=\"yoast-schema-graph\">{\"@context\":\"https:\/\/schema.org\",\"@graph\":[{\"@type\":\"WebPage\",\"@id\":\"https:\/\/www.accartbooks.com\/uk\/book\/the-earth-crunches-beneath-my-feet-lisa-roing-baer\/\",\"url\":\"https:\/\/www.accartbooks.com\/uk\/book\/the-earth-crunches-beneath-my-feet-lisa-roing-baer\/\",\"name\":\"The Earth Crunches Beneath My Feet: Lisa R\u00f6ing Baer - ACC Art Books UK\",\"isPartOf\":{\"@id\":\"https:\/\/www.accartbooks.com\/uk\/#website\"},\"primaryImageOfPage\":{\"@id\":\"https:\/\/www.accartbooks.com\/uk\/book\/the-earth-crunches-beneath-my-feet-lisa-roing-baer\/#primaryimage\"},\"image\":{\"@id\":\"https:\/\/www.accartbooks.com\/uk\/book\/the-earth-crunches-beneath-my-feet-lisa-roing-baer\/#primaryimage\"},\"thumbnailUrl\":\"https:\/\/www.accartbooks.com\/app\/uploads\/books\/9783735610430-04-2.jpg\",\"datePublished\":\"2025-09-13T17:12:22+00:00\",\"dateModified\":\"2026-03-19T12:10:46+00:00\",\"description\":\"Title: The Earth Crunches Beneath My Feet: Lisa R\u00f6ing Baer, Pages: 128 Pages, Publish Date: 10th Feb 2026, Author: Matthias Gr\u00fcndig, Mounira Zennia, By (photographer) Lisa R\u00f6ing Baer, ISBN: 9783735610430. With her first monograph \\\"Der Boden knirscht unter meinen F&uuml;&szlig;en\\\" (The earth crunches beneath my feet), Lisa R&ouml;ing Baer (b. 1994) presents a selection spanning 15 years of analogue photography and depicts an era that is drawing to a close.\",\"breadcrumb\":{\"@id\":\"https:\/\/www.accartbooks.com\/uk\/book\/the-earth-crunches-beneath-my-feet-lisa-roing-baer\/#breadcrumb\"},\"inLanguage\":\"en-GB\",\"potentialAction\":[{\"@type\":\"ReadAction\",\"target\":[\"https:\/\/www.accartbooks.com\/uk\/book\/the-earth-crunches-beneath-my-feet-lisa-roing-baer\/\"]}]},{\"@type\":\"ImageObject\",\"inLanguage\":\"en-GB\",\"@id\":\"https:\/\/www.accartbooks.com\/uk\/book\/the-earth-crunches-beneath-my-feet-lisa-roing-baer\/#primaryimage\",\"url\":\"https:\/\/www.accartbooks.com\/app\/uploads\/books\/9783735610430-04-2.jpg\",\"contentUrl\":\"https:\/\/www.accartbooks.com\/app\/uploads\/books\/9783735610430-04-2.jpg\",\"width\":1400,\"height\":1782},{\"@type\":\"BreadcrumbList\",\"@id\":\"https:\/\/www.accartbooks.com\/uk\/book\/the-earth-crunches-beneath-my-feet-lisa-roing-baer\/#breadcrumb\",\"itemListElement\":[{\"@type\":\"ListItem\",\"position\":1,\"name\":\"Home\",\"item\":\"https:\/\/www.accartbooks.com\/uk\/\"},{\"@type\":\"ListItem\",\"position\":2,\"name\":\"Books\",\"item\":\"https:\/\/www.accartbooks.com\/uk\/books\/\"},{\"@type\":\"ListItem\",\"position\":3,\"name\":\"The Earth Crunches Beneath My Feet: Lisa R\u00f6ing Baer\"}]},{\"@type\":\"WebSite\",\"@id\":\"https:\/\/www.accartbooks.com\/uk\/#website\",\"url\":\"https:\/\/www.accartbooks.com\/uk\/\",\"name\":\"ACC Art Books UK\",\"description\":\"One of the world\u2019s leading publishers and distributors of books on the arts and visual culture\",\"publisher\":{\"@id\":\"https:\/\/www.accartbooks.com\/uk\/#organization\"},\"potentialAction\":[{\"@type\":\"SearchAction\",\"target\":{\"@type\":\"EntryPoint\",\"urlTemplate\":\"https:\/\/www.accartbooks.com\/uk\/?s={search_term_string}\"},\"query-input\":{\"@type\":\"PropertyValueSpecification\",\"valueRequired\":true,\"valueName\":\"search_term_string\"}}],\"inLanguage\":\"en-GB\"},{\"@type\":\"Organization\",\"@id\":\"https:\/\/www.accartbooks.com\/uk\/#organization\",\"name\":\"ACC Art Books UK\",\"url\":\"https:\/\/www.accartbooks.com\/uk\/\",\"logo\":{\"@type\":\"ImageObject\",\"inLanguage\":\"en-GB\",\"@id\":\"https:\/\/www.accartbooks.com\/uk\/#\/schema\/logo\/image\/\",\"url\":\"https:\/\/www.accartbooks.com\/app\/uploads\/2020\/05\/Acc-Logo.png\",\"contentUrl\":\"https:\/\/www.accartbooks.com\/app\/uploads\/2020\/05\/Acc-Logo.png\",\"width\":64,\"height\":100,\"caption\":\"ACC Art Books UK\"},\"image\":{\"@id\":\"https:\/\/www.accartbooks.com\/uk\/#\/schema\/logo\/image\/\"},\"sameAs\":[\"https:\/\/www.facebook.com\/ACCArtBooks\/\",\"https:\/\/x.com\/accartbooks\"]}]}<\/script>\n<!-- \/ Yoast SEO plugin. -->","yoast_head_json":{"title":"The Earth Crunches Beneath My Feet: Lisa R\u00f6ing Baer - ACC Art Books UK","description":"Title: The Earth Crunches Beneath My Feet: Lisa R\u00f6ing Baer, Pages: 128 Pages, Publish Date: 10th Feb 2026, Author: Matthias Gr\u00fcndig, Mounira Zennia, By (photographer) Lisa R\u00f6ing Baer, ISBN: 9783735610430. With her first monograph \"Der Boden knirscht unter meinen F&uuml;&szlig;en\" (The earth crunches beneath my feet), Lisa R&ouml;ing Baer (b. 1994) presents a selection spanning 15 years of analogue photography and depicts an era that is drawing to a close.","robots":{"index":"index","follow":"follow","max-snippet":"max-snippet:-1","max-image-preview":"max-image-preview:large","max-video-preview":"max-video-preview:-1"},"canonical":"https:\/\/www.accartbooks.com\/uk\/book\/the-earth-crunches-beneath-my-feet-lisa-roing-baer\/","og_locale":"en_GB","og_type":"article","og_title":"The Earth Crunches Beneath My Feet: Lisa R\u00f6ing Baer - ACC Art Books UK","og_description":"Title: The Earth Crunches Beneath My Feet: Lisa R\u00f6ing Baer, Pages: 128 Pages, Publish Date: 10th Feb 2026, Author: Matthias Gr\u00fcndig, Mounira Zennia, By (photographer) Lisa R\u00f6ing Baer, ISBN: 9783735610430. With her first monograph \"Der Boden knirscht unter meinen F&uuml;&szlig;en\" (The earth crunches beneath my feet), Lisa R&ouml;ing Baer (b. 1994) presents a selection spanning 15 years of analogue photography and depicts an era that is drawing to a close.","og_url":"https:\/\/www.accartbooks.com\/uk\/book\/the-earth-crunches-beneath-my-feet-lisa-roing-baer\/","og_site_name":"ACC Art Books UK","article_publisher":"https:\/\/www.facebook.com\/ACCArtBooks\/","article_modified_time":"2026-03-19T12:10:46+00:00","og_image":[{"width":1400,"height":1782,"url":"https:\/\/www.accartbooks.com\/app\/uploads\/books\/9783735610430-04-2.jpg","type":"image\/jpeg"}],"twitter_card":"summary_large_image","twitter_site":"@accartbooks","twitter_misc":{"Estimated reading time":"1 minute"},"schema":{"@context":"https:\/\/schema.org","@graph":[{"@type":"WebPage","@id":"https:\/\/www.accartbooks.com\/uk\/book\/the-earth-crunches-beneath-my-feet-lisa-roing-baer\/","url":"https:\/\/www.accartbooks.com\/uk\/book\/the-earth-crunches-beneath-my-feet-lisa-roing-baer\/","name":"The Earth Crunches Beneath My Feet: Lisa R\u00f6ing Baer - ACC Art Books UK","isPartOf":{"@id":"https:\/\/www.accartbooks.com\/uk\/#website"},"primaryImageOfPage":{"@id":"https:\/\/www.accartbooks.com\/uk\/book\/the-earth-crunches-beneath-my-feet-lisa-roing-baer\/#primaryimage"},"image":{"@id":"https:\/\/www.accartbooks.com\/uk\/book\/the-earth-crunches-beneath-my-feet-lisa-roing-baer\/#primaryimage"},"thumbnailUrl":"https:\/\/www.accartbooks.com\/app\/uploads\/books\/9783735610430-04-2.jpg","datePublished":"2025-09-13T17:12:22+00:00","dateModified":"2026-03-19T12:10:46+00:00","description":"Title: The Earth Crunches Beneath My Feet: Lisa R\u00f6ing Baer, Pages: 128 Pages, Publish Date: 10th Feb 2026, Author: Matthias Gr\u00fcndig, Mounira Zennia, By (photographer) Lisa R\u00f6ing Baer, ISBN: 9783735610430. With her first monograph \"Der Boden knirscht unter meinen F&uuml;&szlig;en\" (The earth crunches beneath my feet), Lisa R&ouml;ing Baer (b. 1994) presents a selection spanning 15 years of analogue photography and depicts an era that is drawing to a close.","breadcrumb":{"@id":"https:\/\/www.accartbooks.com\/uk\/book\/the-earth-crunches-beneath-my-feet-lisa-roing-baer\/#breadcrumb"},"inLanguage":"en-GB","potentialAction":[{"@type":"ReadAction","target":["https:\/\/www.accartbooks.com\/uk\/book\/the-earth-crunches-beneath-my-feet-lisa-roing-baer\/"]}]},{"@type":"ImageObject","inLanguage":"en-GB","@id":"https:\/\/www.accartbooks.com\/uk\/book\/the-earth-crunches-beneath-my-feet-lisa-roing-baer\/#primaryimage","url":"https:\/\/www.accartbooks.com\/app\/uploads\/books\/9783735610430-04-2.jpg","contentUrl":"https:\/\/www.accartbooks.com\/app\/uploads\/books\/9783735610430-04-2.jpg","width":1400,"height":1782},{"@type":"BreadcrumbList","@id":"https:\/\/www.accartbooks.com\/uk\/book\/the-earth-crunches-beneath-my-feet-lisa-roing-baer\/#breadcrumb","itemListElement":[{"@type":"ListItem","position":1,"name":"Home","item":"https:\/\/www.accartbooks.com\/uk\/"},{"@type":"ListItem","position":2,"name":"Books","item":"https:\/\/www.accartbooks.com\/uk\/books\/"},{"@type":"ListItem","position":3,"name":"The Earth Crunches Beneath My Feet: Lisa R\u00f6ing Baer"}]},{"@type":"WebSite","@id":"https:\/\/www.accartbooks.com\/uk\/#website","url":"https:\/\/www.accartbooks.com\/uk\/","name":"ACC Art Books UK","description":"One of the world\u2019s leading publishers and distributors of books on the arts and visual culture","publisher":{"@id":"https:\/\/www.accartbooks.com\/uk\/#organization"},"potentialAction":[{"@type":"SearchAction","target":{"@type":"EntryPoint","urlTemplate":"https:\/\/www.accartbooks.com\/uk\/?s={search_term_string}"},"query-input":{"@type":"PropertyValueSpecification","valueRequired":true,"valueName":"search_term_string"}}],"inLanguage":"en-GB"},{"@type":"Organization","@id":"https:\/\/www.accartbooks.com\/uk\/#organization","name":"ACC Art Books UK","url":"https:\/\/www.accartbooks.com\/uk\/","logo":{"@type":"ImageObject","inLanguage":"en-GB","@id":"https:\/\/www.accartbooks.com\/uk\/#\/schema\/logo\/image\/","url":"https:\/\/www.accartbooks.com\/app\/uploads\/2020\/05\/Acc-Logo.png","contentUrl":"https:\/\/www.accartbooks.com\/app\/uploads\/2020\/05\/Acc-Logo.png","width":64,"height":100,"caption":"ACC Art Books UK"},"image":{"@id":"https:\/\/www.accartbooks.com\/uk\/#\/schema\/logo\/image\/"},"sameAs":["https:\/\/www.facebook.com\/ACCArtBooks\/","https:\/\/x.com\/accartbooks"]}]}},"_links":{"self":[{"href":"https:\/\/www.accartbooks.com\/uk\/wp-json\/wp\/v2\/product\/69200","targetHints":{"allow":["GET"]}}],"collection":[{"href":"https:\/\/www.accartbooks.com\/uk\/wp-json\/wp\/v2\/product"}],"about":[{"href":"https:\/\/www.accartbooks.com\/uk\/wp-json\/wp\/v2\/types\/product"}],"wp:featuredmedia":[{"embeddable":true,"href":"https:\/\/www.accartbooks.com\/uk\/wp-json\/wp\/v2\/media\/69201"}],"wp:attachment":[{"href":"https:\/\/www.accartbooks.com\/uk\/wp-json\/wp\/v2\/media?parent=69200"}],"wp:term":[{"taxonomy":"product_brand","embeddable":true,"href":"https:\/\/www.accartbooks.com\/uk\/wp-json\/wp\/v2\/product_brand?post=69200"},{"taxonomy":"product_cat","embeddable":true,"href":"https:\/\/www.accartbooks.com\/uk\/wp-json\/wp\/v2\/product_cat?post=69200"},{"taxonomy":"product_tag","embeddable":true,"href":"https:\/\/www.accartbooks.com\/uk\/wp-json\/wp\/v2\/product_tag?post=69200"}],"curies":[{"name":"wp","href":"https:\/\/api.w.org\/{rel}","templated":true}]}}