{"id":69415,"date":"2025-09-16T12:50:12","date_gmt":"2025-09-16T12:50:12","guid":{"rendered":"https:\/\/www.accartbooks.com\/uk\/book\/le-sel-noir\/"},"modified":"2026-02-18T14:10:38","modified_gmt":"2026-02-18T14:10:38","slug":"le-sel-noir","status":"publish","type":"product","link":"https:\/\/www.accartbooks.com\/uk\/book\/le-sel-noir\/","title":{"rendered":"Le Sel Noir"},"content":{"rendered":"<p><strong><em>Le Sel Noir &ndash; Perspectives of Black Contemporary Art<\/em><\/strong> presents artworks that explore Black subjectivity, self-empowerment, and the complexities of identity in the field of tension between self-perception and external perception. Inspired by the thinking of &Eacute;douard Glissant, the exhibition reflects on mechanisms of power and representation as well as the legacy of colonialism and habitualised paternalism. The focus is not on skin colour, but on the struggle for recognition, representation, and equality against the backdrop of ethnicised global relations. This catalogue brings together the works featured in the exhibition with accompanying texts that provide contextual insight into the central theoretical perspectives and artistic strategies.<\/p>\n<p>Artists: Valerie Asiimwe Amani, Lisa Marie Asubonteng, Sonia E. Barrett, Syowia Kyambi, M&oacute;nica de Miranda, N&aacute;stio Mosquito, Harold Offeh, Ngozi Ajah Schommers, Usha Seejarim, Lerato Shadi.<\/p>\n<p>Text in English and German.<\/p>\n","protected":false},"excerpt":{"rendered":"<p>Le Sel Noir &ndash; Perspectives of Black Contemporary Art presents artworks that explore Black subjectivity, self-empowerment, and the complexities of identity in the field of tension between self-perception and external perception. Text in English and German.<br \/>Foreword<br \/>\nLe Sel Noir and Black Contemporary Art in Bremen<br \/>\nBlack Salt. Perspectives in Black Contemporary Art<br \/>\nValerie Asiimwe Amani<br \/>\nLisa Marie Asubonteng<br \/>\nSonia E. Barrett<br \/>\nM&oacute;nica de Miranda<br \/>\nSyowia Kyambi<br \/>\nN&aacute;stio Mosquito<br \/>\nHarold Offeh<br \/>\nNgozi Ajah Schommers<br \/>\nUsha Seejarim<br \/>\nLerato Shadi<\/p>\n","protected":false},"featured_media":71040,"template":"","meta":{"_acf_changed":false,"_relevanssi_hide_post":"","_relevanssi_hide_content":"","_relevanssi_pin_for_all":"","_relevanssi_pin_keywords":"","_relevanssi_unpin_keywords":"","_relevanssi_related_keywords":"","_relevanssi_related_include_ids":"","_relevanssi_related_exclude_ids":"","_relevanssi_related_no_append":"","_relevanssi_related_not_related":"","_relevanssi_related_posts":"","_relevanssi_noindex_reason":""},"product_brand":[],"product_cat":[5568],"product_tag":[],"class_list":{"0":"post-69415","1":"product","2":"type-product","3":"status-publish","4":"has-post-thumbnail","6":"product_cat-art","7":"author-edited-by-stadtische-galerie-bremen","8":"author-edited-by-stadtische-galerie-villingen-schwenningen","9":"author-text-by-alejandro-perdomo-daniels","10":"author-text-by-ingmar-lahnemann","11":"author-text-by-maria-rudy","12":"author-text-by-rebekka-kornig","13":"publisher-kerber-verlag","15":"first","16":"instock","17":"shipping-taxable","18":"purchasable","19":"product-type-simple"},"acf":[],"yoast_head":"<!-- This site is optimized with the Yoast SEO plugin v27.0 - https:\/\/yoast.com\/product\/yoast-seo-wordpress\/ -->\n<title>Le Sel Noir - ACC Art Books UK<\/title>\n<meta name=\"description\" content=\"Title: Le Sel Noir, Pages: 128 Pages, Publish Date: 10th Feb 2026, Author: Edited by St\u00e4dtische Galerie Bremen, Edited by St\u00e4dtische Galerie Villingen-Schwenningen, Text by Alejandro Perdomo Daniels, Text by Ingmar L\u00e4hnemann, Text by Maria Rudy, Text by Rebekka K\u00f6rnig, ISBN: 9783735610676. Le Sel Noir &ndash; Perspectives of Black Contemporary Art presents artworks that explore Black subjectivity, self-empowerment, and the complexities of identity in the field of tension between self-perception and external perception. Text in English and German.Foreword Le Sel Noir and Black Contemporary Art in Bremen Black Salt. Perspectives in Black Contemporary Art Valerie Asiimwe Amani Lisa Marie Asubonteng Sonia E. Barrett M&oacute;nica de Miranda Syowia Kyambi N&aacute;stio Mosquito Harold Offeh Ngozi Ajah Schommers Usha Seejarim Lerato Shadi\" \/>\n<meta name=\"robots\" content=\"index, follow, max-snippet:-1, max-image-preview:large, max-video-preview:-1\" \/>\n<link rel=\"canonical\" href=\"https:\/\/www.accartbooks.com\/uk\/book\/le-sel-noir\/\" \/>\n<meta property=\"og:locale\" content=\"en_GB\" \/>\n<meta property=\"og:type\" content=\"article\" \/>\n<meta property=\"og:title\" content=\"Le Sel Noir - ACC Art Books UK\" \/>\n<meta property=\"og:description\" content=\"Title: Le Sel Noir, Pages: 128 Pages, Publish Date: 10th Feb 2026, Author: Edited by St\u00e4dtische Galerie Bremen, Edited by St\u00e4dtische Galerie Villingen-Schwenningen, Text by Alejandro Perdomo Daniels, Text by Ingmar L\u00e4hnemann, Text by Maria Rudy, Text by Rebekka K\u00f6rnig, ISBN: 9783735610676. Le Sel Noir &ndash; Perspectives of Black Contemporary Art presents artworks that explore Black subjectivity, self-empowerment, and the complexities of identity in the field of tension between self-perception and external perception. Text in English and German.Foreword Le Sel Noir and Black Contemporary Art in Bremen Black Salt. Perspectives in Black Contemporary Art Valerie Asiimwe Amani Lisa Marie Asubonteng Sonia E. Barrett M&oacute;nica de Miranda Syowia Kyambi N&aacute;stio Mosquito Harold Offeh Ngozi Ajah Schommers Usha Seejarim Lerato Shadi\" \/>\n<meta property=\"og:url\" content=\"https:\/\/www.accartbooks.com\/uk\/book\/le-sel-noir\/\" \/>\n<meta property=\"og:site_name\" content=\"ACC Art Books UK\" \/>\n<meta property=\"article:publisher\" content=\"https:\/\/www.facebook.com\/ACCArtBooks\/\" \/>\n<meta property=\"article:modified_time\" content=\"2026-02-18T14:10:38+00:00\" \/>\n<meta property=\"og:image\" content=\"https:\/\/www.accartbooks.com\/app\/uploads\/books\/9783735610676-04-2.jpg\" \/>\n\t<meta property=\"og:image:width\" content=\"777\" \/>\n\t<meta property=\"og:image:height\" content=\"1024\" \/>\n\t<meta property=\"og:image:type\" content=\"image\/jpeg\" \/>\n<meta name=\"twitter:card\" content=\"summary_large_image\" \/>\n<meta name=\"twitter:site\" content=\"@accartbooks\" \/>\n<meta name=\"twitter:label1\" content=\"Estimated reading time\" \/>\n\t<meta name=\"twitter:data1\" content=\"1 minute\" \/>\n<script type=\"application\/ld+json\" class=\"yoast-schema-graph\">{\"@context\":\"https:\/\/schema.org\",\"@graph\":[{\"@type\":\"WebPage\",\"@id\":\"https:\/\/www.accartbooks.com\/uk\/book\/le-sel-noir\/\",\"url\":\"https:\/\/www.accartbooks.com\/uk\/book\/le-sel-noir\/\",\"name\":\"Le Sel Noir - ACC Art Books UK\",\"isPartOf\":{\"@id\":\"https:\/\/www.accartbooks.com\/uk\/#website\"},\"primaryImageOfPage\":{\"@id\":\"https:\/\/www.accartbooks.com\/uk\/book\/le-sel-noir\/#primaryimage\"},\"image\":{\"@id\":\"https:\/\/www.accartbooks.com\/uk\/book\/le-sel-noir\/#primaryimage\"},\"thumbnailUrl\":\"https:\/\/www.accartbooks.com\/app\/uploads\/books\/9783735610676-04-1.jpg\",\"datePublished\":\"2025-09-16T12:50:12+00:00\",\"dateModified\":\"2026-02-18T14:10:38+00:00\",\"description\":\"Title: Le Sel Noir, Pages: 128 Pages, Publish Date: 10th Feb 2026, Author: Edited by St\u00e4dtische Galerie Bremen, Edited by St\u00e4dtische Galerie Villingen-Schwenningen, Text by Alejandro Perdomo Daniels, Text by Ingmar L\u00e4hnemann, Text by Maria Rudy, Text by Rebekka K\u00f6rnig, ISBN: 9783735610676. Le Sel Noir &ndash; Perspectives of Black Contemporary Art presents artworks that explore Black subjectivity, self-empowerment, and the complexities of identity in the field of tension between self-perception and external perception. Text in English and German.Foreword Le Sel Noir and Black Contemporary Art in Bremen Black Salt. Perspectives in Black Contemporary Art Valerie Asiimwe Amani Lisa Marie Asubonteng Sonia E. Barrett M&oacute;nica de Miranda Syowia Kyambi N&aacute;stio Mosquito Harold Offeh Ngozi Ajah Schommers Usha Seejarim Lerato Shadi\",\"breadcrumb\":{\"@id\":\"https:\/\/www.accartbooks.com\/uk\/book\/le-sel-noir\/#breadcrumb\"},\"inLanguage\":\"en-GB\",\"potentialAction\":[{\"@type\":\"ReadAction\",\"target\":[\"https:\/\/www.accartbooks.com\/uk\/book\/le-sel-noir\/\"]}]},{\"@type\":\"ImageObject\",\"inLanguage\":\"en-GB\",\"@id\":\"https:\/\/www.accartbooks.com\/uk\/book\/le-sel-noir\/#primaryimage\",\"url\":\"https:\/\/www.accartbooks.com\/app\/uploads\/books\/9783735610676-04-1.jpg\",\"contentUrl\":\"https:\/\/www.accartbooks.com\/app\/uploads\/books\/9783735610676-04-1.jpg\",\"width\":1400,\"height\":1844},{\"@type\":\"BreadcrumbList\",\"@id\":\"https:\/\/www.accartbooks.com\/uk\/book\/le-sel-noir\/#breadcrumb\",\"itemListElement\":[{\"@type\":\"ListItem\",\"position\":1,\"name\":\"Home\",\"item\":\"https:\/\/www.accartbooks.com\/uk\/\"},{\"@type\":\"ListItem\",\"position\":2,\"name\":\"Books\",\"item\":\"https:\/\/www.accartbooks.com\/uk\/books\/\"},{\"@type\":\"ListItem\",\"position\":3,\"name\":\"Le Sel Noir\"}]},{\"@type\":\"WebSite\",\"@id\":\"https:\/\/www.accartbooks.com\/uk\/#website\",\"url\":\"https:\/\/www.accartbooks.com\/uk\/\",\"name\":\"ACC Art Books UK\",\"description\":\"One of the world\u2019s leading publishers and distributors of books on the arts and visual culture\",\"publisher\":{\"@id\":\"https:\/\/www.accartbooks.com\/uk\/#organization\"},\"potentialAction\":[{\"@type\":\"SearchAction\",\"target\":{\"@type\":\"EntryPoint\",\"urlTemplate\":\"https:\/\/www.accartbooks.com\/uk\/?s={search_term_string}\"},\"query-input\":{\"@type\":\"PropertyValueSpecification\",\"valueRequired\":true,\"valueName\":\"search_term_string\"}}],\"inLanguage\":\"en-GB\"},{\"@type\":\"Organization\",\"@id\":\"https:\/\/www.accartbooks.com\/uk\/#organization\",\"name\":\"ACC Art Books UK\",\"url\":\"https:\/\/www.accartbooks.com\/uk\/\",\"logo\":{\"@type\":\"ImageObject\",\"inLanguage\":\"en-GB\",\"@id\":\"https:\/\/www.accartbooks.com\/uk\/#\/schema\/logo\/image\/\",\"url\":\"https:\/\/www.accartbooks.com\/app\/uploads\/2020\/05\/Acc-Logo.png\",\"contentUrl\":\"https:\/\/www.accartbooks.com\/app\/uploads\/2020\/05\/Acc-Logo.png\",\"width\":64,\"height\":100,\"caption\":\"ACC Art Books UK\"},\"image\":{\"@id\":\"https:\/\/www.accartbooks.com\/uk\/#\/schema\/logo\/image\/\"},\"sameAs\":[\"https:\/\/www.facebook.com\/ACCArtBooks\/\",\"https:\/\/x.com\/accartbooks\"]}]}<\/script>\n<!-- \/ Yoast SEO plugin. -->","yoast_head_json":{"title":"Le Sel Noir - ACC Art Books UK","description":"Title: Le Sel Noir, Pages: 128 Pages, Publish Date: 10th Feb 2026, Author: Edited by St\u00e4dtische Galerie Bremen, Edited by St\u00e4dtische Galerie Villingen-Schwenningen, Text by Alejandro Perdomo Daniels, Text by Ingmar L\u00e4hnemann, Text by Maria Rudy, Text by Rebekka K\u00f6rnig, ISBN: 9783735610676. Le Sel Noir &ndash; Perspectives of Black Contemporary Art presents artworks that explore Black subjectivity, self-empowerment, and the complexities of identity in the field of tension between self-perception and external perception. Text in English and German.Foreword Le Sel Noir and Black Contemporary Art in Bremen Black Salt. Perspectives in Black Contemporary Art Valerie Asiimwe Amani Lisa Marie Asubonteng Sonia E. Barrett M&oacute;nica de Miranda Syowia Kyambi N&aacute;stio Mosquito Harold Offeh Ngozi Ajah Schommers Usha Seejarim Lerato Shadi","robots":{"index":"index","follow":"follow","max-snippet":"max-snippet:-1","max-image-preview":"max-image-preview:large","max-video-preview":"max-video-preview:-1"},"canonical":"https:\/\/www.accartbooks.com\/uk\/book\/le-sel-noir\/","og_locale":"en_GB","og_type":"article","og_title":"Le Sel Noir - ACC Art Books UK","og_description":"Title: Le Sel Noir, Pages: 128 Pages, Publish Date: 10th Feb 2026, Author: Edited by St\u00e4dtische Galerie Bremen, Edited by St\u00e4dtische Galerie Villingen-Schwenningen, Text by Alejandro Perdomo Daniels, Text by Ingmar L\u00e4hnemann, Text by Maria Rudy, Text by Rebekka K\u00f6rnig, ISBN: 9783735610676. Le Sel Noir &ndash; Perspectives of Black Contemporary Art presents artworks that explore Black subjectivity, self-empowerment, and the complexities of identity in the field of tension between self-perception and external perception. Text in English and German.Foreword Le Sel Noir and Black Contemporary Art in Bremen Black Salt. Perspectives in Black Contemporary Art Valerie Asiimwe Amani Lisa Marie Asubonteng Sonia E. Barrett M&oacute;nica de Miranda Syowia Kyambi N&aacute;stio Mosquito Harold Offeh Ngozi Ajah Schommers Usha Seejarim Lerato Shadi","og_url":"https:\/\/www.accartbooks.com\/uk\/book\/le-sel-noir\/","og_site_name":"ACC Art Books UK","article_publisher":"https:\/\/www.facebook.com\/ACCArtBooks\/","article_modified_time":"2026-02-18T14:10:38+00:00","og_image":[{"url":"https:\/\/www.accartbooks.com\/app\/uploads\/books\/9783735610676-04-2.jpg","width":777,"height":1024,"type":"image\/jpeg"}],"twitter_card":"summary_large_image","twitter_site":"@accartbooks","twitter_misc":{"Estimated reading time":"1 minute"},"schema":{"@context":"https:\/\/schema.org","@graph":[{"@type":"WebPage","@id":"https:\/\/www.accartbooks.com\/uk\/book\/le-sel-noir\/","url":"https:\/\/www.accartbooks.com\/uk\/book\/le-sel-noir\/","name":"Le Sel Noir - ACC Art Books UK","isPartOf":{"@id":"https:\/\/www.accartbooks.com\/uk\/#website"},"primaryImageOfPage":{"@id":"https:\/\/www.accartbooks.com\/uk\/book\/le-sel-noir\/#primaryimage"},"image":{"@id":"https:\/\/www.accartbooks.com\/uk\/book\/le-sel-noir\/#primaryimage"},"thumbnailUrl":"https:\/\/www.accartbooks.com\/app\/uploads\/books\/9783735610676-04-1.jpg","datePublished":"2025-09-16T12:50:12+00:00","dateModified":"2026-02-18T14:10:38+00:00","description":"Title: Le Sel Noir, Pages: 128 Pages, Publish Date: 10th Feb 2026, Author: Edited by St\u00e4dtische Galerie Bremen, Edited by St\u00e4dtische Galerie Villingen-Schwenningen, Text by Alejandro Perdomo Daniels, Text by Ingmar L\u00e4hnemann, Text by Maria Rudy, Text by Rebekka K\u00f6rnig, ISBN: 9783735610676. Le Sel Noir &ndash; Perspectives of Black Contemporary Art presents artworks that explore Black subjectivity, self-empowerment, and the complexities of identity in the field of tension between self-perception and external perception. Text in English and German.Foreword Le Sel Noir and Black Contemporary Art in Bremen Black Salt. Perspectives in Black Contemporary Art Valerie Asiimwe Amani Lisa Marie Asubonteng Sonia E. Barrett M&oacute;nica de Miranda Syowia Kyambi N&aacute;stio Mosquito Harold Offeh Ngozi Ajah Schommers Usha Seejarim Lerato Shadi","breadcrumb":{"@id":"https:\/\/www.accartbooks.com\/uk\/book\/le-sel-noir\/#breadcrumb"},"inLanguage":"en-GB","potentialAction":[{"@type":"ReadAction","target":["https:\/\/www.accartbooks.com\/uk\/book\/le-sel-noir\/"]}]},{"@type":"ImageObject","inLanguage":"en-GB","@id":"https:\/\/www.accartbooks.com\/uk\/book\/le-sel-noir\/#primaryimage","url":"https:\/\/www.accartbooks.com\/app\/uploads\/books\/9783735610676-04-1.jpg","contentUrl":"https:\/\/www.accartbooks.com\/app\/uploads\/books\/9783735610676-04-1.jpg","width":1400,"height":1844},{"@type":"BreadcrumbList","@id":"https:\/\/www.accartbooks.com\/uk\/book\/le-sel-noir\/#breadcrumb","itemListElement":[{"@type":"ListItem","position":1,"name":"Home","item":"https:\/\/www.accartbooks.com\/uk\/"},{"@type":"ListItem","position":2,"name":"Books","item":"https:\/\/www.accartbooks.com\/uk\/books\/"},{"@type":"ListItem","position":3,"name":"Le Sel Noir"}]},{"@type":"WebSite","@id":"https:\/\/www.accartbooks.com\/uk\/#website","url":"https:\/\/www.accartbooks.com\/uk\/","name":"ACC Art Books UK","description":"One of the world\u2019s leading publishers and distributors of books on the arts and visual culture","publisher":{"@id":"https:\/\/www.accartbooks.com\/uk\/#organization"},"potentialAction":[{"@type":"SearchAction","target":{"@type":"EntryPoint","urlTemplate":"https:\/\/www.accartbooks.com\/uk\/?s={search_term_string}"},"query-input":{"@type":"PropertyValueSpecification","valueRequired":true,"valueName":"search_term_string"}}],"inLanguage":"en-GB"},{"@type":"Organization","@id":"https:\/\/www.accartbooks.com\/uk\/#organization","name":"ACC Art Books UK","url":"https:\/\/www.accartbooks.com\/uk\/","logo":{"@type":"ImageObject","inLanguage":"en-GB","@id":"https:\/\/www.accartbooks.com\/uk\/#\/schema\/logo\/image\/","url":"https:\/\/www.accartbooks.com\/app\/uploads\/2020\/05\/Acc-Logo.png","contentUrl":"https:\/\/www.accartbooks.com\/app\/uploads\/2020\/05\/Acc-Logo.png","width":64,"height":100,"caption":"ACC Art Books UK"},"image":{"@id":"https:\/\/www.accartbooks.com\/uk\/#\/schema\/logo\/image\/"},"sameAs":["https:\/\/www.facebook.com\/ACCArtBooks\/","https:\/\/x.com\/accartbooks"]}]}},"_links":{"self":[{"href":"https:\/\/www.accartbooks.com\/uk\/wp-json\/wp\/v2\/product\/69415","targetHints":{"allow":["GET"]}}],"collection":[{"href":"https:\/\/www.accartbooks.com\/uk\/wp-json\/wp\/v2\/product"}],"about":[{"href":"https:\/\/www.accartbooks.com\/uk\/wp-json\/wp\/v2\/types\/product"}],"wp:featuredmedia":[{"embeddable":true,"href":"https:\/\/www.accartbooks.com\/uk\/wp-json\/wp\/v2\/media\/71040"}],"wp:attachment":[{"href":"https:\/\/www.accartbooks.com\/uk\/wp-json\/wp\/v2\/media?parent=69415"}],"wp:term":[{"taxonomy":"product_brand","embeddable":true,"href":"https:\/\/www.accartbooks.com\/uk\/wp-json\/wp\/v2\/product_brand?post=69415"},{"taxonomy":"product_cat","embeddable":true,"href":"https:\/\/www.accartbooks.com\/uk\/wp-json\/wp\/v2\/product_cat?post=69415"},{"taxonomy":"product_tag","embeddable":true,"href":"https:\/\/www.accartbooks.com\/uk\/wp-json\/wp\/v2\/product_tag?post=69415"}],"curies":[{"name":"wp","href":"https:\/\/api.w.org\/{rel}","templated":true}]}}