{"id":69422,"date":"2025-09-16T13:00:11","date_gmt":"2025-09-16T13:00:11","guid":{"rendered":"https:\/\/www.accartbooks.com\/uk\/book\/greensburg-susanne-walstrom\/"},"modified":"2026-03-05T16:10:38","modified_gmt":"2026-03-05T16:10:38","slug":"greensburg-susanne-walstrom","status":"publish","type":"product","link":"https:\/\/www.accartbooks.com\/uk\/book\/greensburg-susanne-walstrom\/","title":{"rendered":"Greensburg: Susanne Walstr\u00f6m"},"content":{"rendered":"<p>On the evening of May 4, 2007, a catastrophic tornado tore through the small town of Greensburg, Kansas, USA, destroying 95 percent of everything in its path and reducing the community to rubble. Photographer Susanne Walstr&ouml;m had first visited Greensburg in 1993, documenting a sleepy Midwestern town where life moved at a slower pace. Now&mdash;more than three decades later, and 18 years after the tornado&mdash;she has returned to document its transformation. How did a town, almost entirely wiped off the map, choose not only to rebuild, but to do it differently&mdash;with sustainability as a central focus? What became of the people she once photographed? And what is it like to live in &#8216;Tornado Alley,&#8217; a place repeatedly battered by violent storms?<\/p>\n<p>At a time when the world is being rocked by one crisis after the next, the question of resilience and endurance is more significant than ever. With the book <strong><em>Greensburg<\/em><\/strong>, Susanne Walstr&ouml;m has initiated a dialogue about the fragility of human existence that extends far beyond the borders of this small American town.<\/p>\n","protected":false},"excerpt":{"rendered":"<p>In Greensburg, Susanne Walstr&ouml;m returns to a Kansas town nearly destroyed by a 2007 tornado. Decades after first photographing it, she captures its rebirth through sustainability and resilience, offering a powerful reflection on survival, memory, and the human will to rebuild.<\/p>\n","protected":false},"featured_media":69731,"template":"","meta":{"_acf_changed":false,"_relevanssi_hide_post":"","_relevanssi_hide_content":"","_relevanssi_pin_for_all":"","_relevanssi_pin_keywords":"","_relevanssi_unpin_keywords":"","_relevanssi_related_keywords":"","_relevanssi_related_include_ids":"","_relevanssi_related_exclude_ids":"","_relevanssi_related_no_append":"","_relevanssi_related_not_related":"","_relevanssi_related_posts":"","_relevanssi_noindex_reason":""},"product_brand":[],"product_cat":[5485],"product_tag":[],"class_list":{"0":"post-69422","1":"product","2":"type-product","3":"status-publish","4":"has-post-thumbnail","6":"product_cat-photography","7":"author-by-photographer-susanne-walstrom","8":"publisher-kerber-verlag","10":"first","11":"instock","12":"shipping-taxable","13":"purchasable","14":"product-type-simple"},"acf":[],"yoast_head":"<!-- This site is optimized with the Yoast SEO plugin v27.0 - https:\/\/yoast.com\/product\/yoast-seo-wordpress\/ -->\n<title>Greensburg: Susanne Walstr\u00f6m - ACC Art Books UK<\/title>\n<meta name=\"description\" content=\"Title: Greensburg: Susanne Walstr\u00f6m, Pages: 168 Pages, Publish Date: 12th Feb 2026, Author: By (photographer) Susanne Walstr\u00f6m, ISBN: 9783735610508. In Greensburg, Susanne Walstr&ouml;m returns to a Kansas town nearly destroyed by a 2007 tornado. Decades after first photographing it, she captures its rebirth through sustainability and resilience, offering a powerful reflection on survival, memory, and the human will to rebuild.\" \/>\n<meta name=\"robots\" content=\"index, follow, max-snippet:-1, max-image-preview:large, max-video-preview:-1\" \/>\n<link rel=\"canonical\" href=\"https:\/\/www.accartbooks.com\/uk\/book\/greensburg-susanne-walstrom\/\" \/>\n<meta property=\"og:locale\" content=\"en_GB\" \/>\n<meta property=\"og:type\" content=\"article\" \/>\n<meta property=\"og:title\" content=\"Greensburg: Susanne Walstr\u00f6m - ACC Art Books UK\" \/>\n<meta property=\"og:description\" content=\"Title: Greensburg: Susanne Walstr\u00f6m, Pages: 168 Pages, Publish Date: 12th Feb 2026, Author: By (photographer) Susanne Walstr\u00f6m, ISBN: 9783735610508. In Greensburg, Susanne Walstr&ouml;m returns to a Kansas town nearly destroyed by a 2007 tornado. Decades after first photographing it, she captures its rebirth through sustainability and resilience, offering a powerful reflection on survival, memory, and the human will to rebuild.\" \/>\n<meta property=\"og:url\" content=\"https:\/\/www.accartbooks.com\/uk\/book\/greensburg-susanne-walstrom\/\" \/>\n<meta property=\"og:site_name\" content=\"ACC Art Books UK\" \/>\n<meta property=\"article:publisher\" content=\"https:\/\/www.facebook.com\/ACCArtBooks\/\" \/>\n<meta property=\"article:modified_time\" content=\"2026-03-05T16:10:38+00:00\" \/>\n<meta name=\"twitter:card\" content=\"summary_large_image\" \/>\n<meta name=\"twitter:site\" content=\"@accartbooks\" \/>\n<meta name=\"twitter:label1\" content=\"Estimated reading time\" \/>\n\t<meta name=\"twitter:data1\" content=\"1 minute\" \/>\n<script type=\"application\/ld+json\" class=\"yoast-schema-graph\">{\"@context\":\"https:\/\/schema.org\",\"@graph\":[{\"@type\":\"WebPage\",\"@id\":\"https:\/\/www.accartbooks.com\/uk\/book\/greensburg-susanne-walstrom\/\",\"url\":\"https:\/\/www.accartbooks.com\/uk\/book\/greensburg-susanne-walstrom\/\",\"name\":\"Greensburg: Susanne Walstr\u00f6m - ACC Art Books UK\",\"isPartOf\":{\"@id\":\"https:\/\/www.accartbooks.com\/uk\/#website\"},\"primaryImageOfPage\":{\"@id\":\"https:\/\/www.accartbooks.com\/uk\/book\/greensburg-susanne-walstrom\/#primaryimage\"},\"image\":{\"@id\":\"https:\/\/www.accartbooks.com\/uk\/book\/greensburg-susanne-walstrom\/#primaryimage\"},\"thumbnailUrl\":\"https:\/\/www.accartbooks.com\/app\/uploads\/books\/9783735610508-04-1.jpg\",\"datePublished\":\"2025-09-16T13:00:11+00:00\",\"dateModified\":\"2026-03-05T16:10:38+00:00\",\"description\":\"Title: Greensburg: Susanne Walstr\u00f6m, Pages: 168 Pages, Publish Date: 12th Feb 2026, Author: By (photographer) Susanne Walstr\u00f6m, ISBN: 9783735610508. In Greensburg, Susanne Walstr&ouml;m returns to a Kansas town nearly destroyed by a 2007 tornado. Decades after first photographing it, she captures its rebirth through sustainability and resilience, offering a powerful reflection on survival, memory, and the human will to rebuild.\",\"breadcrumb\":{\"@id\":\"https:\/\/www.accartbooks.com\/uk\/book\/greensburg-susanne-walstrom\/#breadcrumb\"},\"inLanguage\":\"en-GB\",\"potentialAction\":[{\"@type\":\"ReadAction\",\"target\":[\"https:\/\/www.accartbooks.com\/uk\/book\/greensburg-susanne-walstrom\/\"]}]},{\"@type\":\"ImageObject\",\"inLanguage\":\"en-GB\",\"@id\":\"https:\/\/www.accartbooks.com\/uk\/book\/greensburg-susanne-walstrom\/#primaryimage\",\"url\":\"https:\/\/www.accartbooks.com\/app\/uploads\/books\/9783735610508-04-1.jpg\",\"contentUrl\":\"https:\/\/www.accartbooks.com\/app\/uploads\/books\/9783735610508-04-1.jpg\",\"width\":1400,\"height\":1742},{\"@type\":\"BreadcrumbList\",\"@id\":\"https:\/\/www.accartbooks.com\/uk\/book\/greensburg-susanne-walstrom\/#breadcrumb\",\"itemListElement\":[{\"@type\":\"ListItem\",\"position\":1,\"name\":\"Home\",\"item\":\"https:\/\/www.accartbooks.com\/uk\/\"},{\"@type\":\"ListItem\",\"position\":2,\"name\":\"Books\",\"item\":\"https:\/\/www.accartbooks.com\/uk\/books\/\"},{\"@type\":\"ListItem\",\"position\":3,\"name\":\"Greensburg: Susanne Walstr\u00f6m\"}]},{\"@type\":\"WebSite\",\"@id\":\"https:\/\/www.accartbooks.com\/uk\/#website\",\"url\":\"https:\/\/www.accartbooks.com\/uk\/\",\"name\":\"ACC Art Books UK\",\"description\":\"One of the world\u2019s leading publishers and distributors of books on the arts and visual culture\",\"publisher\":{\"@id\":\"https:\/\/www.accartbooks.com\/uk\/#organization\"},\"potentialAction\":[{\"@type\":\"SearchAction\",\"target\":{\"@type\":\"EntryPoint\",\"urlTemplate\":\"https:\/\/www.accartbooks.com\/uk\/?s={search_term_string}\"},\"query-input\":{\"@type\":\"PropertyValueSpecification\",\"valueRequired\":true,\"valueName\":\"search_term_string\"}}],\"inLanguage\":\"en-GB\"},{\"@type\":\"Organization\",\"@id\":\"https:\/\/www.accartbooks.com\/uk\/#organization\",\"name\":\"ACC Art Books UK\",\"url\":\"https:\/\/www.accartbooks.com\/uk\/\",\"logo\":{\"@type\":\"ImageObject\",\"inLanguage\":\"en-GB\",\"@id\":\"https:\/\/www.accartbooks.com\/uk\/#\/schema\/logo\/image\/\",\"url\":\"https:\/\/www.accartbooks.com\/app\/uploads\/2020\/05\/Acc-Logo.png\",\"contentUrl\":\"https:\/\/www.accartbooks.com\/app\/uploads\/2020\/05\/Acc-Logo.png\",\"width\":64,\"height\":100,\"caption\":\"ACC Art Books UK\"},\"image\":{\"@id\":\"https:\/\/www.accartbooks.com\/uk\/#\/schema\/logo\/image\/\"},\"sameAs\":[\"https:\/\/www.facebook.com\/ACCArtBooks\/\",\"https:\/\/x.com\/accartbooks\"]}]}<\/script>\n<!-- \/ Yoast SEO plugin. -->","yoast_head_json":{"title":"Greensburg: Susanne Walstr\u00f6m - ACC Art Books UK","description":"Title: Greensburg: Susanne Walstr\u00f6m, Pages: 168 Pages, Publish Date: 12th Feb 2026, Author: By (photographer) Susanne Walstr\u00f6m, ISBN: 9783735610508. In Greensburg, Susanne Walstr&ouml;m returns to a Kansas town nearly destroyed by a 2007 tornado. Decades after first photographing it, she captures its rebirth through sustainability and resilience, offering a powerful reflection on survival, memory, and the human will to rebuild.","robots":{"index":"index","follow":"follow","max-snippet":"max-snippet:-1","max-image-preview":"max-image-preview:large","max-video-preview":"max-video-preview:-1"},"canonical":"https:\/\/www.accartbooks.com\/uk\/book\/greensburg-susanne-walstrom\/","og_locale":"en_GB","og_type":"article","og_title":"Greensburg: Susanne Walstr\u00f6m - ACC Art Books UK","og_description":"Title: Greensburg: Susanne Walstr\u00f6m, Pages: 168 Pages, Publish Date: 12th Feb 2026, Author: By (photographer) Susanne Walstr\u00f6m, ISBN: 9783735610508. In Greensburg, Susanne Walstr&ouml;m returns to a Kansas town nearly destroyed by a 2007 tornado. Decades after first photographing it, she captures its rebirth through sustainability and resilience, offering a powerful reflection on survival, memory, and the human will to rebuild.","og_url":"https:\/\/www.accartbooks.com\/uk\/book\/greensburg-susanne-walstrom\/","og_site_name":"ACC Art Books UK","article_publisher":"https:\/\/www.facebook.com\/ACCArtBooks\/","article_modified_time":"2026-03-05T16:10:38+00:00","twitter_card":"summary_large_image","twitter_site":"@accartbooks","twitter_misc":{"Estimated reading time":"1 minute"},"schema":{"@context":"https:\/\/schema.org","@graph":[{"@type":"WebPage","@id":"https:\/\/www.accartbooks.com\/uk\/book\/greensburg-susanne-walstrom\/","url":"https:\/\/www.accartbooks.com\/uk\/book\/greensburg-susanne-walstrom\/","name":"Greensburg: Susanne Walstr\u00f6m - ACC Art Books UK","isPartOf":{"@id":"https:\/\/www.accartbooks.com\/uk\/#website"},"primaryImageOfPage":{"@id":"https:\/\/www.accartbooks.com\/uk\/book\/greensburg-susanne-walstrom\/#primaryimage"},"image":{"@id":"https:\/\/www.accartbooks.com\/uk\/book\/greensburg-susanne-walstrom\/#primaryimage"},"thumbnailUrl":"https:\/\/www.accartbooks.com\/app\/uploads\/books\/9783735610508-04-1.jpg","datePublished":"2025-09-16T13:00:11+00:00","dateModified":"2026-03-05T16:10:38+00:00","description":"Title: Greensburg: Susanne Walstr\u00f6m, Pages: 168 Pages, Publish Date: 12th Feb 2026, Author: By (photographer) Susanne Walstr\u00f6m, ISBN: 9783735610508. In Greensburg, Susanne Walstr&ouml;m returns to a Kansas town nearly destroyed by a 2007 tornado. Decades after first photographing it, she captures its rebirth through sustainability and resilience, offering a powerful reflection on survival, memory, and the human will to rebuild.","breadcrumb":{"@id":"https:\/\/www.accartbooks.com\/uk\/book\/greensburg-susanne-walstrom\/#breadcrumb"},"inLanguage":"en-GB","potentialAction":[{"@type":"ReadAction","target":["https:\/\/www.accartbooks.com\/uk\/book\/greensburg-susanne-walstrom\/"]}]},{"@type":"ImageObject","inLanguage":"en-GB","@id":"https:\/\/www.accartbooks.com\/uk\/book\/greensburg-susanne-walstrom\/#primaryimage","url":"https:\/\/www.accartbooks.com\/app\/uploads\/books\/9783735610508-04-1.jpg","contentUrl":"https:\/\/www.accartbooks.com\/app\/uploads\/books\/9783735610508-04-1.jpg","width":1400,"height":1742},{"@type":"BreadcrumbList","@id":"https:\/\/www.accartbooks.com\/uk\/book\/greensburg-susanne-walstrom\/#breadcrumb","itemListElement":[{"@type":"ListItem","position":1,"name":"Home","item":"https:\/\/www.accartbooks.com\/uk\/"},{"@type":"ListItem","position":2,"name":"Books","item":"https:\/\/www.accartbooks.com\/uk\/books\/"},{"@type":"ListItem","position":3,"name":"Greensburg: Susanne Walstr\u00f6m"}]},{"@type":"WebSite","@id":"https:\/\/www.accartbooks.com\/uk\/#website","url":"https:\/\/www.accartbooks.com\/uk\/","name":"ACC Art Books UK","description":"One of the world\u2019s leading publishers and distributors of books on the arts and visual culture","publisher":{"@id":"https:\/\/www.accartbooks.com\/uk\/#organization"},"potentialAction":[{"@type":"SearchAction","target":{"@type":"EntryPoint","urlTemplate":"https:\/\/www.accartbooks.com\/uk\/?s={search_term_string}"},"query-input":{"@type":"PropertyValueSpecification","valueRequired":true,"valueName":"search_term_string"}}],"inLanguage":"en-GB"},{"@type":"Organization","@id":"https:\/\/www.accartbooks.com\/uk\/#organization","name":"ACC Art Books UK","url":"https:\/\/www.accartbooks.com\/uk\/","logo":{"@type":"ImageObject","inLanguage":"en-GB","@id":"https:\/\/www.accartbooks.com\/uk\/#\/schema\/logo\/image\/","url":"https:\/\/www.accartbooks.com\/app\/uploads\/2020\/05\/Acc-Logo.png","contentUrl":"https:\/\/www.accartbooks.com\/app\/uploads\/2020\/05\/Acc-Logo.png","width":64,"height":100,"caption":"ACC Art Books UK"},"image":{"@id":"https:\/\/www.accartbooks.com\/uk\/#\/schema\/logo\/image\/"},"sameAs":["https:\/\/www.facebook.com\/ACCArtBooks\/","https:\/\/x.com\/accartbooks"]}]}},"_links":{"self":[{"href":"https:\/\/www.accartbooks.com\/uk\/wp-json\/wp\/v2\/product\/69422","targetHints":{"allow":["GET"]}}],"collection":[{"href":"https:\/\/www.accartbooks.com\/uk\/wp-json\/wp\/v2\/product"}],"about":[{"href":"https:\/\/www.accartbooks.com\/uk\/wp-json\/wp\/v2\/types\/product"}],"wp:featuredmedia":[{"embeddable":true,"href":"https:\/\/www.accartbooks.com\/uk\/wp-json\/wp\/v2\/media\/69731"}],"wp:attachment":[{"href":"https:\/\/www.accartbooks.com\/uk\/wp-json\/wp\/v2\/media?parent=69422"}],"wp:term":[{"taxonomy":"product_brand","embeddable":true,"href":"https:\/\/www.accartbooks.com\/uk\/wp-json\/wp\/v2\/product_brand?post=69422"},{"taxonomy":"product_cat","embeddable":true,"href":"https:\/\/www.accartbooks.com\/uk\/wp-json\/wp\/v2\/product_cat?post=69422"},{"taxonomy":"product_tag","embeddable":true,"href":"https:\/\/www.accartbooks.com\/uk\/wp-json\/wp\/v2\/product_tag?post=69422"}],"curies":[{"name":"wp","href":"https:\/\/api.w.org\/{rel}","templated":true}]}}