{"id":71306,"date":"2025-10-29T18:11:14","date_gmt":"2025-10-29T18:11:14","guid":{"rendered":"https:\/\/www.accartbooks.com\/uk\/book\/carolin-schuten\/"},"modified":"2025-11-27T12:48:23","modified_gmt":"2025-11-27T12:48:23","slug":"carolin-schuten","status":"publish","type":"product","link":"https:\/\/www.accartbooks.com\/uk\/book\/carolin-schuten\/","title":{"rendered":"Carolin Sch\u00fcten"},"content":{"rendered":"<p>What are you passionate about? What is it that sets you apart? What has captured your imagination since you were a child? These were the questions Carolin Sch&uuml;ten asked her subjects. In 35 portrait sessions, they worked together to create images focused on these themes. The result is a series of powerful, poetic photographs that reveal the rich inner worlds of these women. <\/p>\n<p>Following her photographic work on adolescence, Carolin Sch&uuml;ten became interested in how an individual&rsquo;s life develops. How does someone become happy? How can they realise their potential? How do they become the person they are meant to be? Sch&uuml;ten is always driven by her interest in learning more about people&rsquo;s emotional state in various phases of life and exploring these through her images; it is based on the belief that you can see something on the outside that speaks to what lies inside. The photographs are juxtaposed with personal statements by the subjects. Meanwhile, a text on the subject of happiness research by biographical researcher Anne Schl&uuml;ter provides a deeper insight into this topic.<\/p>\n<p>Text in English and German.<\/p>\n","protected":false},"excerpt":{"rendered":"<p>In 35 portrait sessions, photographer Carolin Sch&uuml;ten explores how women became who they are, what inspires them, drives them, and makes them happy. The photos are accompanied by personal statements and a text by biographer Anne Schl&uuml;ter on the subject of happiness research. Text in English and German.<\/p>\n","protected":false},"featured_media":71307,"template":"","meta":{"_acf_changed":false,"_relevanssi_hide_post":"","_relevanssi_hide_content":"","_relevanssi_pin_for_all":"","_relevanssi_pin_keywords":"","_relevanssi_unpin_keywords":"","_relevanssi_related_keywords":"","_relevanssi_related_include_ids":"","_relevanssi_related_exclude_ids":"","_relevanssi_related_no_append":"","_relevanssi_related_not_related":"","_relevanssi_related_posts":"","_relevanssi_noindex_reason":""},"product_brand":[],"product_cat":[5485],"product_tag":[],"class_list":{"0":"post-71306","1":"product","2":"type-product","3":"status-publish","4":"has-post-thumbnail","6":"product_cat-photography","7":"author-by-photographer-carolin-schuten","8":"author-text-by-anne-schluter","9":"publisher-kerber-verlag","11":"first","12":"instock","13":"shipping-taxable","14":"purchasable","15":"product-type-simple"},"acf":[],"yoast_head":"<!-- This site is optimized with the Yoast SEO plugin v27.0 - https:\/\/yoast.com\/product\/yoast-seo-wordpress\/ -->\n<title>Carolin Sch\u00fcten - ACC Art Books UK<\/title>\n<meta name=\"description\" content=\"Title: Carolin Sch\u00fcten, Pages: 192 Pages, Publish Date: 8th Jun 2026, Author: By (photographer) Carolin Sch\u00fcten, Text by Anne Schl\u00fcter, ISBN: 9783735610713. In 35 portrait sessions, photographer Carolin Sch&uuml;ten explores how women became who they are, what inspires them, drives them, and makes them happy. The photos are accompanied by personal statements and a text by biographer Anne Schl&uuml;ter on the subject of happiness research. Text in English and German.\" \/>\n<meta name=\"robots\" content=\"index, follow, max-snippet:-1, max-image-preview:large, max-video-preview:-1\" \/>\n<link rel=\"canonical\" href=\"https:\/\/www.accartbooks.com\/uk\/book\/carolin-schuten\/\" \/>\n<meta property=\"og:locale\" content=\"en_GB\" \/>\n<meta property=\"og:type\" content=\"article\" \/>\n<meta property=\"og:title\" content=\"Carolin Sch\u00fcten - ACC Art Books UK\" \/>\n<meta property=\"og:description\" content=\"Title: Carolin Sch\u00fcten, Pages: 192 Pages, Publish Date: 8th Jun 2026, Author: By (photographer) Carolin Sch\u00fcten, Text by Anne Schl\u00fcter, ISBN: 9783735610713. In 35 portrait sessions, photographer Carolin Sch&uuml;ten explores how women became who they are, what inspires them, drives them, and makes them happy. The photos are accompanied by personal statements and a text by biographer Anne Schl&uuml;ter on the subject of happiness research. Text in English and German.\" \/>\n<meta property=\"og:url\" content=\"https:\/\/www.accartbooks.com\/uk\/book\/carolin-schuten\/\" \/>\n<meta property=\"og:site_name\" content=\"ACC Art Books UK\" \/>\n<meta property=\"article:publisher\" content=\"https:\/\/www.facebook.com\/ACCArtBooks\/\" \/>\n<meta property=\"article:modified_time\" content=\"2025-11-27T12:48:23+00:00\" \/>\n<meta property=\"og:image\" content=\"https:\/\/www.accartbooks.com\/app\/uploads\/books\/9783735610713-04-2.jpg\" \/>\n\t<meta property=\"og:image:width\" content=\"1400\" \/>\n\t<meta property=\"og:image:height\" content=\"1888\" \/>\n\t<meta property=\"og:image:type\" content=\"image\/jpeg\" \/>\n<meta name=\"twitter:card\" content=\"summary_large_image\" \/>\n<meta name=\"twitter:site\" content=\"@accartbooks\" \/>\n<meta name=\"twitter:label1\" content=\"Estimated reading time\" \/>\n\t<meta name=\"twitter:data1\" content=\"1 minute\" \/>\n<script type=\"application\/ld+json\" class=\"yoast-schema-graph\">{\"@context\":\"https:\/\/schema.org\",\"@graph\":[{\"@type\":\"WebPage\",\"@id\":\"https:\/\/www.accartbooks.com\/uk\/book\/carolin-schuten\/\",\"url\":\"https:\/\/www.accartbooks.com\/uk\/book\/carolin-schuten\/\",\"name\":\"Carolin Sch\u00fcten - ACC Art Books UK\",\"isPartOf\":{\"@id\":\"https:\/\/www.accartbooks.com\/uk\/#website\"},\"primaryImageOfPage\":{\"@id\":\"https:\/\/www.accartbooks.com\/uk\/book\/carolin-schuten\/#primaryimage\"},\"image\":{\"@id\":\"https:\/\/www.accartbooks.com\/uk\/book\/carolin-schuten\/#primaryimage\"},\"thumbnailUrl\":\"https:\/\/www.accartbooks.com\/app\/uploads\/books\/9783735610713-04-2.jpg\",\"datePublished\":\"2025-10-29T18:11:14+00:00\",\"dateModified\":\"2025-11-27T12:48:23+00:00\",\"description\":\"Title: Carolin Sch\u00fcten, Pages: 192 Pages, Publish Date: 8th Jun 2026, Author: By (photographer) Carolin Sch\u00fcten, Text by Anne Schl\u00fcter, ISBN: 9783735610713. In 35 portrait sessions, photographer Carolin Sch&uuml;ten explores how women became who they are, what inspires them, drives them, and makes them happy. The photos are accompanied by personal statements and a text by biographer Anne Schl&uuml;ter on the subject of happiness research. Text in English and German.\",\"breadcrumb\":{\"@id\":\"https:\/\/www.accartbooks.com\/uk\/book\/carolin-schuten\/#breadcrumb\"},\"inLanguage\":\"en-GB\",\"potentialAction\":[{\"@type\":\"ReadAction\",\"target\":[\"https:\/\/www.accartbooks.com\/uk\/book\/carolin-schuten\/\"]}]},{\"@type\":\"ImageObject\",\"inLanguage\":\"en-GB\",\"@id\":\"https:\/\/www.accartbooks.com\/uk\/book\/carolin-schuten\/#primaryimage\",\"url\":\"https:\/\/www.accartbooks.com\/app\/uploads\/books\/9783735610713-04-2.jpg\",\"contentUrl\":\"https:\/\/www.accartbooks.com\/app\/uploads\/books\/9783735610713-04-2.jpg\",\"width\":1400,\"height\":1888},{\"@type\":\"BreadcrumbList\",\"@id\":\"https:\/\/www.accartbooks.com\/uk\/book\/carolin-schuten\/#breadcrumb\",\"itemListElement\":[{\"@type\":\"ListItem\",\"position\":1,\"name\":\"Home\",\"item\":\"https:\/\/www.accartbooks.com\/uk\/\"},{\"@type\":\"ListItem\",\"position\":2,\"name\":\"Books\",\"item\":\"https:\/\/www.accartbooks.com\/uk\/books\/\"},{\"@type\":\"ListItem\",\"position\":3,\"name\":\"Carolin Sch\u00fcten\"}]},{\"@type\":\"WebSite\",\"@id\":\"https:\/\/www.accartbooks.com\/uk\/#website\",\"url\":\"https:\/\/www.accartbooks.com\/uk\/\",\"name\":\"ACC Art Books UK\",\"description\":\"One of the world\u2019s leading publishers and distributors of books on the arts and visual culture\",\"publisher\":{\"@id\":\"https:\/\/www.accartbooks.com\/uk\/#organization\"},\"potentialAction\":[{\"@type\":\"SearchAction\",\"target\":{\"@type\":\"EntryPoint\",\"urlTemplate\":\"https:\/\/www.accartbooks.com\/uk\/?s={search_term_string}\"},\"query-input\":{\"@type\":\"PropertyValueSpecification\",\"valueRequired\":true,\"valueName\":\"search_term_string\"}}],\"inLanguage\":\"en-GB\"},{\"@type\":\"Organization\",\"@id\":\"https:\/\/www.accartbooks.com\/uk\/#organization\",\"name\":\"ACC Art Books UK\",\"url\":\"https:\/\/www.accartbooks.com\/uk\/\",\"logo\":{\"@type\":\"ImageObject\",\"inLanguage\":\"en-GB\",\"@id\":\"https:\/\/www.accartbooks.com\/uk\/#\/schema\/logo\/image\/\",\"url\":\"https:\/\/www.accartbooks.com\/app\/uploads\/2020\/05\/Acc-Logo.png\",\"contentUrl\":\"https:\/\/www.accartbooks.com\/app\/uploads\/2020\/05\/Acc-Logo.png\",\"width\":64,\"height\":100,\"caption\":\"ACC Art Books UK\"},\"image\":{\"@id\":\"https:\/\/www.accartbooks.com\/uk\/#\/schema\/logo\/image\/\"},\"sameAs\":[\"https:\/\/www.facebook.com\/ACCArtBooks\/\",\"https:\/\/x.com\/accartbooks\"]}]}<\/script>\n<!-- \/ Yoast SEO plugin. -->","yoast_head_json":{"title":"Carolin Sch\u00fcten - ACC Art Books UK","description":"Title: Carolin Sch\u00fcten, Pages: 192 Pages, Publish Date: 8th Jun 2026, Author: By (photographer) Carolin Sch\u00fcten, Text by Anne Schl\u00fcter, ISBN: 9783735610713. In 35 portrait sessions, photographer Carolin Sch&uuml;ten explores how women became who they are, what inspires them, drives them, and makes them happy. The photos are accompanied by personal statements and a text by biographer Anne Schl&uuml;ter on the subject of happiness research. Text in English and German.","robots":{"index":"index","follow":"follow","max-snippet":"max-snippet:-1","max-image-preview":"max-image-preview:large","max-video-preview":"max-video-preview:-1"},"canonical":"https:\/\/www.accartbooks.com\/uk\/book\/carolin-schuten\/","og_locale":"en_GB","og_type":"article","og_title":"Carolin Sch\u00fcten - ACC Art Books UK","og_description":"Title: Carolin Sch\u00fcten, Pages: 192 Pages, Publish Date: 8th Jun 2026, Author: By (photographer) Carolin Sch\u00fcten, Text by Anne Schl\u00fcter, ISBN: 9783735610713. In 35 portrait sessions, photographer Carolin Sch&uuml;ten explores how women became who they are, what inspires them, drives them, and makes them happy. The photos are accompanied by personal statements and a text by biographer Anne Schl&uuml;ter on the subject of happiness research. Text in English and German.","og_url":"https:\/\/www.accartbooks.com\/uk\/book\/carolin-schuten\/","og_site_name":"ACC Art Books UK","article_publisher":"https:\/\/www.facebook.com\/ACCArtBooks\/","article_modified_time":"2025-11-27T12:48:23+00:00","og_image":[{"width":1400,"height":1888,"url":"https:\/\/www.accartbooks.com\/app\/uploads\/books\/9783735610713-04-2.jpg","type":"image\/jpeg"}],"twitter_card":"summary_large_image","twitter_site":"@accartbooks","twitter_misc":{"Estimated reading time":"1 minute"},"schema":{"@context":"https:\/\/schema.org","@graph":[{"@type":"WebPage","@id":"https:\/\/www.accartbooks.com\/uk\/book\/carolin-schuten\/","url":"https:\/\/www.accartbooks.com\/uk\/book\/carolin-schuten\/","name":"Carolin Sch\u00fcten - ACC Art Books UK","isPartOf":{"@id":"https:\/\/www.accartbooks.com\/uk\/#website"},"primaryImageOfPage":{"@id":"https:\/\/www.accartbooks.com\/uk\/book\/carolin-schuten\/#primaryimage"},"image":{"@id":"https:\/\/www.accartbooks.com\/uk\/book\/carolin-schuten\/#primaryimage"},"thumbnailUrl":"https:\/\/www.accartbooks.com\/app\/uploads\/books\/9783735610713-04-2.jpg","datePublished":"2025-10-29T18:11:14+00:00","dateModified":"2025-11-27T12:48:23+00:00","description":"Title: Carolin Sch\u00fcten, Pages: 192 Pages, Publish Date: 8th Jun 2026, Author: By (photographer) Carolin Sch\u00fcten, Text by Anne Schl\u00fcter, ISBN: 9783735610713. In 35 portrait sessions, photographer Carolin Sch&uuml;ten explores how women became who they are, what inspires them, drives them, and makes them happy. The photos are accompanied by personal statements and a text by biographer Anne Schl&uuml;ter on the subject of happiness research. Text in English and German.","breadcrumb":{"@id":"https:\/\/www.accartbooks.com\/uk\/book\/carolin-schuten\/#breadcrumb"},"inLanguage":"en-GB","potentialAction":[{"@type":"ReadAction","target":["https:\/\/www.accartbooks.com\/uk\/book\/carolin-schuten\/"]}]},{"@type":"ImageObject","inLanguage":"en-GB","@id":"https:\/\/www.accartbooks.com\/uk\/book\/carolin-schuten\/#primaryimage","url":"https:\/\/www.accartbooks.com\/app\/uploads\/books\/9783735610713-04-2.jpg","contentUrl":"https:\/\/www.accartbooks.com\/app\/uploads\/books\/9783735610713-04-2.jpg","width":1400,"height":1888},{"@type":"BreadcrumbList","@id":"https:\/\/www.accartbooks.com\/uk\/book\/carolin-schuten\/#breadcrumb","itemListElement":[{"@type":"ListItem","position":1,"name":"Home","item":"https:\/\/www.accartbooks.com\/uk\/"},{"@type":"ListItem","position":2,"name":"Books","item":"https:\/\/www.accartbooks.com\/uk\/books\/"},{"@type":"ListItem","position":3,"name":"Carolin Sch\u00fcten"}]},{"@type":"WebSite","@id":"https:\/\/www.accartbooks.com\/uk\/#website","url":"https:\/\/www.accartbooks.com\/uk\/","name":"ACC Art Books UK","description":"One of the world\u2019s leading publishers and distributors of books on the arts and visual culture","publisher":{"@id":"https:\/\/www.accartbooks.com\/uk\/#organization"},"potentialAction":[{"@type":"SearchAction","target":{"@type":"EntryPoint","urlTemplate":"https:\/\/www.accartbooks.com\/uk\/?s={search_term_string}"},"query-input":{"@type":"PropertyValueSpecification","valueRequired":true,"valueName":"search_term_string"}}],"inLanguage":"en-GB"},{"@type":"Organization","@id":"https:\/\/www.accartbooks.com\/uk\/#organization","name":"ACC Art Books UK","url":"https:\/\/www.accartbooks.com\/uk\/","logo":{"@type":"ImageObject","inLanguage":"en-GB","@id":"https:\/\/www.accartbooks.com\/uk\/#\/schema\/logo\/image\/","url":"https:\/\/www.accartbooks.com\/app\/uploads\/2020\/05\/Acc-Logo.png","contentUrl":"https:\/\/www.accartbooks.com\/app\/uploads\/2020\/05\/Acc-Logo.png","width":64,"height":100,"caption":"ACC Art Books UK"},"image":{"@id":"https:\/\/www.accartbooks.com\/uk\/#\/schema\/logo\/image\/"},"sameAs":["https:\/\/www.facebook.com\/ACCArtBooks\/","https:\/\/x.com\/accartbooks"]}]}},"_links":{"self":[{"href":"https:\/\/www.accartbooks.com\/uk\/wp-json\/wp\/v2\/product\/71306","targetHints":{"allow":["GET"]}}],"collection":[{"href":"https:\/\/www.accartbooks.com\/uk\/wp-json\/wp\/v2\/product"}],"about":[{"href":"https:\/\/www.accartbooks.com\/uk\/wp-json\/wp\/v2\/types\/product"}],"wp:featuredmedia":[{"embeddable":true,"href":"https:\/\/www.accartbooks.com\/uk\/wp-json\/wp\/v2\/media\/71307"}],"wp:attachment":[{"href":"https:\/\/www.accartbooks.com\/uk\/wp-json\/wp\/v2\/media?parent=71306"}],"wp:term":[{"taxonomy":"product_brand","embeddable":true,"href":"https:\/\/www.accartbooks.com\/uk\/wp-json\/wp\/v2\/product_brand?post=71306"},{"taxonomy":"product_cat","embeddable":true,"href":"https:\/\/www.accartbooks.com\/uk\/wp-json\/wp\/v2\/product_cat?post=71306"},{"taxonomy":"product_tag","embeddable":true,"href":"https:\/\/www.accartbooks.com\/uk\/wp-json\/wp\/v2\/product_tag?post=71306"}],"curies":[{"name":"wp","href":"https:\/\/api.w.org\/{rel}","templated":true}]}}