{"id":71950,"date":"2025-11-18T20:00:17","date_gmt":"2025-11-18T20:00:17","guid":{"rendered":"https:\/\/www.accartbooks.com\/uk\/book\/albert-bitran-golge-topraklar-gok-topraklar\/"},"modified":"2026-02-24T17:33:20","modified_gmt":"2026-02-24T17:33:20","slug":"albert-bitran-golge-topraklar-gok-topraklar","status":"publish","type":"product","link":"https:\/\/www.accartbooks.com\/uk\/book\/albert-bitran-golge-topraklar-gok-topraklar\/","title":{"rendered":"Albert Bitran G\u00f6lge Topraklar G\u00f6k Topraklar"},"content":{"rendered":"<p>Published on the occasion of Albert Bitran&rsquo;s first solo exhibition at Dirimart, Land of Shadows Land of Sky (3 May&ndash;2 June 2024), this trilingual catalogue presents a comprehensive selection of works created between 1956 and 2013 by one of the pioneering figures of post-war abstract expressionism in Paris. The book highlights Bitran&rsquo;s enduring spatial sensibility and the fluid transitions between his different series, offering readers a deeper understanding of his unique visual language. Essays by art historian and critic Clotilde Scordia and poet, writer, and pianist Laure Cambau provide critical insights into Bitran&rsquo;s practice and its evolution across decades.&nbsp;The publication also includes inventory numbers from the artist&rsquo;s catalogue raisonn&eacute;, to be released in 2026. Beyond mere chronology, it invites readers to engage with Bitran&rsquo;s abstractions as dynamic reflections of light, space, and perception.<\/p>\n<p>Text in English, French and Turkish.<\/p>\n","protected":false},"excerpt":{"rendered":"<p>Tracing decades of Albert Bitran&rsquo;s art, this trilingual volume reveals shifting spaces and fluid horizons, echoing the light and sensitivity of his abstractions.<br \/>\nText in English, French and Turkish.<br \/>Albert Bitran, in overture (Laure Cambau)<br \/>\n&#8216;Poetry is absolute reality&#8217; (Clotilde Scordia)<br \/>\nCatalogue<br \/>\nCurriculum Vitae<\/p>\n","protected":false},"featured_media":71951,"template":"","meta":{"_acf_changed":false,"_relevanssi_hide_post":"","_relevanssi_hide_content":"","_relevanssi_pin_for_all":"","_relevanssi_pin_keywords":"","_relevanssi_unpin_keywords":"","_relevanssi_related_keywords":"","_relevanssi_related_include_ids":"","_relevanssi_related_exclude_ids":"","_relevanssi_related_no_append":"","_relevanssi_related_not_related":"","_relevanssi_related_posts":"","_relevanssi_noindex_reason":""},"product_brand":[],"product_cat":[5568],"product_tag":[],"class_list":{"0":"post-71950","1":"product","2":"type-product","3":"status-publish","4":"has-post-thumbnail","6":"product_cat-art","7":"author-by-author-clotilde-scordia","8":"author-by-author-laure-cambau","9":"publisher-dirimart","11":"first","12":"instock","13":"shipping-taxable","14":"purchasable","15":"product-type-simple"},"acf":[],"yoast_head":"<!-- This site is optimized with the Yoast SEO plugin v27.0 - https:\/\/yoast.com\/product\/yoast-seo-wordpress\/ -->\n<title>Albert Bitran G\u00f6lge Topraklar G\u00f6k Topraklar - ACC Art Books UK<\/title>\n<meta name=\"description\" content=\"Title: Albert Bitran G\u00f6lge Topraklar G\u00f6k Topraklar, Pages: 148 Pages, Publish Date: 23rd Feb 2026, Author: Clotilde Scordia, Laure Cambau, ISBN: 9786055815677. Tracing decades of Albert Bitran&rsquo;s art, this trilingual volume reveals shifting spaces and fluid horizons, echoing the light and sensitivity of his abstractions. Text in English, French and Turkish.Albert Bitran, in overture (Laure Cambau) &#039;Poetry is absolute reality&#039; (Clotilde Scordia) Catalogue Curriculum Vitae\" \/>\n<meta name=\"robots\" content=\"index, follow, max-snippet:-1, max-image-preview:large, max-video-preview:-1\" \/>\n<link rel=\"canonical\" href=\"https:\/\/www.accartbooks.com\/uk\/book\/albert-bitran-golge-topraklar-gok-topraklar\/\" \/>\n<meta property=\"og:locale\" content=\"en_GB\" \/>\n<meta property=\"og:type\" content=\"article\" \/>\n<meta property=\"og:title\" content=\"Albert Bitran G\u00f6lge Topraklar G\u00f6k Topraklar - ACC Art Books UK\" \/>\n<meta property=\"og:description\" content=\"Title: Albert Bitran G\u00f6lge Topraklar G\u00f6k Topraklar, Pages: 148 Pages, Publish Date: 23rd Feb 2026, Author: Clotilde Scordia, Laure Cambau, ISBN: 9786055815677. Tracing decades of Albert Bitran&rsquo;s art, this trilingual volume reveals shifting spaces and fluid horizons, echoing the light and sensitivity of his abstractions. Text in English, French and Turkish.Albert Bitran, in overture (Laure Cambau) &#039;Poetry is absolute reality&#039; (Clotilde Scordia) Catalogue Curriculum Vitae\" \/>\n<meta property=\"og:url\" content=\"https:\/\/www.accartbooks.com\/uk\/book\/albert-bitran-golge-topraklar-gok-topraklar\/\" \/>\n<meta property=\"og:site_name\" content=\"ACC Art Books UK\" \/>\n<meta property=\"article:publisher\" content=\"https:\/\/www.facebook.com\/ACCArtBooks\/\" \/>\n<meta property=\"article:modified_time\" content=\"2026-02-24T17:33:20+00:00\" \/>\n<meta property=\"og:image\" content=\"https:\/\/www.accartbooks.com\/app\/uploads\/books\/9786055815677-04-2.jpg\" \/>\n\t<meta property=\"og:image:width\" content=\"1400\" \/>\n\t<meta property=\"og:image:height\" content=\"2017\" \/>\n\t<meta property=\"og:image:type\" content=\"image\/jpeg\" \/>\n<meta name=\"twitter:card\" content=\"summary_large_image\" \/>\n<meta name=\"twitter:site\" content=\"@accartbooks\" \/>\n<meta name=\"twitter:label1\" content=\"Estimated reading time\" \/>\n\t<meta name=\"twitter:data1\" content=\"1 minute\" \/>\n<script type=\"application\/ld+json\" class=\"yoast-schema-graph\">{\"@context\":\"https:\/\/schema.org\",\"@graph\":[{\"@type\":\"WebPage\",\"@id\":\"https:\/\/www.accartbooks.com\/uk\/book\/albert-bitran-golge-topraklar-gok-topraklar\/\",\"url\":\"https:\/\/www.accartbooks.com\/uk\/book\/albert-bitran-golge-topraklar-gok-topraklar\/\",\"name\":\"Albert Bitran G\u00f6lge Topraklar G\u00f6k Topraklar - ACC Art Books UK\",\"isPartOf\":{\"@id\":\"https:\/\/www.accartbooks.com\/uk\/#website\"},\"primaryImageOfPage\":{\"@id\":\"https:\/\/www.accartbooks.com\/uk\/book\/albert-bitran-golge-topraklar-gok-topraklar\/#primaryimage\"},\"image\":{\"@id\":\"https:\/\/www.accartbooks.com\/uk\/book\/albert-bitran-golge-topraklar-gok-topraklar\/#primaryimage\"},\"thumbnailUrl\":\"https:\/\/www.accartbooks.com\/app\/uploads\/books\/9786055815677-04-2.jpg\",\"datePublished\":\"2025-11-18T20:00:17+00:00\",\"dateModified\":\"2026-02-24T17:33:20+00:00\",\"description\":\"Title: Albert Bitran G\u00f6lge Topraklar G\u00f6k Topraklar, Pages: 148 Pages, Publish Date: 23rd Feb 2026, Author: Clotilde Scordia, Laure Cambau, ISBN: 9786055815677. Tracing decades of Albert Bitran&rsquo;s art, this trilingual volume reveals shifting spaces and fluid horizons, echoing the light and sensitivity of his abstractions. Text in English, French and Turkish.Albert Bitran, in overture (Laure Cambau) 'Poetry is absolute reality' (Clotilde Scordia) Catalogue Curriculum Vitae\",\"breadcrumb\":{\"@id\":\"https:\/\/www.accartbooks.com\/uk\/book\/albert-bitran-golge-topraklar-gok-topraklar\/#breadcrumb\"},\"inLanguage\":\"en-GB\",\"potentialAction\":[{\"@type\":\"ReadAction\",\"target\":[\"https:\/\/www.accartbooks.com\/uk\/book\/albert-bitran-golge-topraklar-gok-topraklar\/\"]}]},{\"@type\":\"ImageObject\",\"inLanguage\":\"en-GB\",\"@id\":\"https:\/\/www.accartbooks.com\/uk\/book\/albert-bitran-golge-topraklar-gok-topraklar\/#primaryimage\",\"url\":\"https:\/\/www.accartbooks.com\/app\/uploads\/books\/9786055815677-04-2.jpg\",\"contentUrl\":\"https:\/\/www.accartbooks.com\/app\/uploads\/books\/9786055815677-04-2.jpg\",\"width\":1400,\"height\":2017},{\"@type\":\"BreadcrumbList\",\"@id\":\"https:\/\/www.accartbooks.com\/uk\/book\/albert-bitran-golge-topraklar-gok-topraklar\/#breadcrumb\",\"itemListElement\":[{\"@type\":\"ListItem\",\"position\":1,\"name\":\"Home\",\"item\":\"https:\/\/www.accartbooks.com\/uk\/\"},{\"@type\":\"ListItem\",\"position\":2,\"name\":\"Books\",\"item\":\"https:\/\/www.accartbooks.com\/uk\/books\/\"},{\"@type\":\"ListItem\",\"position\":3,\"name\":\"Albert Bitran G\u00f6lge Topraklar G\u00f6k Topraklar\"}]},{\"@type\":\"WebSite\",\"@id\":\"https:\/\/www.accartbooks.com\/uk\/#website\",\"url\":\"https:\/\/www.accartbooks.com\/uk\/\",\"name\":\"ACC Art Books UK\",\"description\":\"One of the world\u2019s leading publishers and distributors of books on the arts and visual culture\",\"publisher\":{\"@id\":\"https:\/\/www.accartbooks.com\/uk\/#organization\"},\"potentialAction\":[{\"@type\":\"SearchAction\",\"target\":{\"@type\":\"EntryPoint\",\"urlTemplate\":\"https:\/\/www.accartbooks.com\/uk\/?s={search_term_string}\"},\"query-input\":{\"@type\":\"PropertyValueSpecification\",\"valueRequired\":true,\"valueName\":\"search_term_string\"}}],\"inLanguage\":\"en-GB\"},{\"@type\":\"Organization\",\"@id\":\"https:\/\/www.accartbooks.com\/uk\/#organization\",\"name\":\"ACC Art Books UK\",\"url\":\"https:\/\/www.accartbooks.com\/uk\/\",\"logo\":{\"@type\":\"ImageObject\",\"inLanguage\":\"en-GB\",\"@id\":\"https:\/\/www.accartbooks.com\/uk\/#\/schema\/logo\/image\/\",\"url\":\"https:\/\/www.accartbooks.com\/app\/uploads\/2020\/05\/Acc-Logo.png\",\"contentUrl\":\"https:\/\/www.accartbooks.com\/app\/uploads\/2020\/05\/Acc-Logo.png\",\"width\":64,\"height\":100,\"caption\":\"ACC Art Books UK\"},\"image\":{\"@id\":\"https:\/\/www.accartbooks.com\/uk\/#\/schema\/logo\/image\/\"},\"sameAs\":[\"https:\/\/www.facebook.com\/ACCArtBooks\/\",\"https:\/\/x.com\/accartbooks\"]}]}<\/script>\n<!-- \/ Yoast SEO plugin. -->","yoast_head_json":{"title":"Albert Bitran G\u00f6lge Topraklar G\u00f6k Topraklar - ACC Art Books UK","description":"Title: Albert Bitran G\u00f6lge Topraklar G\u00f6k Topraklar, Pages: 148 Pages, Publish Date: 23rd Feb 2026, Author: Clotilde Scordia, Laure Cambau, ISBN: 9786055815677. Tracing decades of Albert Bitran&rsquo;s art, this trilingual volume reveals shifting spaces and fluid horizons, echoing the light and sensitivity of his abstractions. Text in English, French and Turkish.Albert Bitran, in overture (Laure Cambau) 'Poetry is absolute reality' (Clotilde Scordia) Catalogue Curriculum Vitae","robots":{"index":"index","follow":"follow","max-snippet":"max-snippet:-1","max-image-preview":"max-image-preview:large","max-video-preview":"max-video-preview:-1"},"canonical":"https:\/\/www.accartbooks.com\/uk\/book\/albert-bitran-golge-topraklar-gok-topraklar\/","og_locale":"en_GB","og_type":"article","og_title":"Albert Bitran G\u00f6lge Topraklar G\u00f6k Topraklar - ACC Art Books UK","og_description":"Title: Albert Bitran G\u00f6lge Topraklar G\u00f6k Topraklar, Pages: 148 Pages, Publish Date: 23rd Feb 2026, Author: Clotilde Scordia, Laure Cambau, ISBN: 9786055815677. Tracing decades of Albert Bitran&rsquo;s art, this trilingual volume reveals shifting spaces and fluid horizons, echoing the light and sensitivity of his abstractions. Text in English, French and Turkish.Albert Bitran, in overture (Laure Cambau) 'Poetry is absolute reality' (Clotilde Scordia) Catalogue Curriculum Vitae","og_url":"https:\/\/www.accartbooks.com\/uk\/book\/albert-bitran-golge-topraklar-gok-topraklar\/","og_site_name":"ACC Art Books UK","article_publisher":"https:\/\/www.facebook.com\/ACCArtBooks\/","article_modified_time":"2026-02-24T17:33:20+00:00","og_image":[{"width":1400,"height":2017,"url":"https:\/\/www.accartbooks.com\/app\/uploads\/books\/9786055815677-04-2.jpg","type":"image\/jpeg"}],"twitter_card":"summary_large_image","twitter_site":"@accartbooks","twitter_misc":{"Estimated reading time":"1 minute"},"schema":{"@context":"https:\/\/schema.org","@graph":[{"@type":"WebPage","@id":"https:\/\/www.accartbooks.com\/uk\/book\/albert-bitran-golge-topraklar-gok-topraklar\/","url":"https:\/\/www.accartbooks.com\/uk\/book\/albert-bitran-golge-topraklar-gok-topraklar\/","name":"Albert Bitran G\u00f6lge Topraklar G\u00f6k Topraklar - ACC Art Books UK","isPartOf":{"@id":"https:\/\/www.accartbooks.com\/uk\/#website"},"primaryImageOfPage":{"@id":"https:\/\/www.accartbooks.com\/uk\/book\/albert-bitran-golge-topraklar-gok-topraklar\/#primaryimage"},"image":{"@id":"https:\/\/www.accartbooks.com\/uk\/book\/albert-bitran-golge-topraklar-gok-topraklar\/#primaryimage"},"thumbnailUrl":"https:\/\/www.accartbooks.com\/app\/uploads\/books\/9786055815677-04-2.jpg","datePublished":"2025-11-18T20:00:17+00:00","dateModified":"2026-02-24T17:33:20+00:00","description":"Title: Albert Bitran G\u00f6lge Topraklar G\u00f6k Topraklar, Pages: 148 Pages, Publish Date: 23rd Feb 2026, Author: Clotilde Scordia, Laure Cambau, ISBN: 9786055815677. Tracing decades of Albert Bitran&rsquo;s art, this trilingual volume reveals shifting spaces and fluid horizons, echoing the light and sensitivity of his abstractions. Text in English, French and Turkish.Albert Bitran, in overture (Laure Cambau) 'Poetry is absolute reality' (Clotilde Scordia) Catalogue Curriculum Vitae","breadcrumb":{"@id":"https:\/\/www.accartbooks.com\/uk\/book\/albert-bitran-golge-topraklar-gok-topraklar\/#breadcrumb"},"inLanguage":"en-GB","potentialAction":[{"@type":"ReadAction","target":["https:\/\/www.accartbooks.com\/uk\/book\/albert-bitran-golge-topraklar-gok-topraklar\/"]}]},{"@type":"ImageObject","inLanguage":"en-GB","@id":"https:\/\/www.accartbooks.com\/uk\/book\/albert-bitran-golge-topraklar-gok-topraklar\/#primaryimage","url":"https:\/\/www.accartbooks.com\/app\/uploads\/books\/9786055815677-04-2.jpg","contentUrl":"https:\/\/www.accartbooks.com\/app\/uploads\/books\/9786055815677-04-2.jpg","width":1400,"height":2017},{"@type":"BreadcrumbList","@id":"https:\/\/www.accartbooks.com\/uk\/book\/albert-bitran-golge-topraklar-gok-topraklar\/#breadcrumb","itemListElement":[{"@type":"ListItem","position":1,"name":"Home","item":"https:\/\/www.accartbooks.com\/uk\/"},{"@type":"ListItem","position":2,"name":"Books","item":"https:\/\/www.accartbooks.com\/uk\/books\/"},{"@type":"ListItem","position":3,"name":"Albert Bitran G\u00f6lge Topraklar G\u00f6k Topraklar"}]},{"@type":"WebSite","@id":"https:\/\/www.accartbooks.com\/uk\/#website","url":"https:\/\/www.accartbooks.com\/uk\/","name":"ACC Art Books UK","description":"One of the world\u2019s leading publishers and distributors of books on the arts and visual culture","publisher":{"@id":"https:\/\/www.accartbooks.com\/uk\/#organization"},"potentialAction":[{"@type":"SearchAction","target":{"@type":"EntryPoint","urlTemplate":"https:\/\/www.accartbooks.com\/uk\/?s={search_term_string}"},"query-input":{"@type":"PropertyValueSpecification","valueRequired":true,"valueName":"search_term_string"}}],"inLanguage":"en-GB"},{"@type":"Organization","@id":"https:\/\/www.accartbooks.com\/uk\/#organization","name":"ACC Art Books UK","url":"https:\/\/www.accartbooks.com\/uk\/","logo":{"@type":"ImageObject","inLanguage":"en-GB","@id":"https:\/\/www.accartbooks.com\/uk\/#\/schema\/logo\/image\/","url":"https:\/\/www.accartbooks.com\/app\/uploads\/2020\/05\/Acc-Logo.png","contentUrl":"https:\/\/www.accartbooks.com\/app\/uploads\/2020\/05\/Acc-Logo.png","width":64,"height":100,"caption":"ACC Art Books UK"},"image":{"@id":"https:\/\/www.accartbooks.com\/uk\/#\/schema\/logo\/image\/"},"sameAs":["https:\/\/www.facebook.com\/ACCArtBooks\/","https:\/\/x.com\/accartbooks"]}]}},"_links":{"self":[{"href":"https:\/\/www.accartbooks.com\/uk\/wp-json\/wp\/v2\/product\/71950","targetHints":{"allow":["GET"]}}],"collection":[{"href":"https:\/\/www.accartbooks.com\/uk\/wp-json\/wp\/v2\/product"}],"about":[{"href":"https:\/\/www.accartbooks.com\/uk\/wp-json\/wp\/v2\/types\/product"}],"wp:featuredmedia":[{"embeddable":true,"href":"https:\/\/www.accartbooks.com\/uk\/wp-json\/wp\/v2\/media\/71951"}],"wp:attachment":[{"href":"https:\/\/www.accartbooks.com\/uk\/wp-json\/wp\/v2\/media?parent=71950"}],"wp:term":[{"taxonomy":"product_brand","embeddable":true,"href":"https:\/\/www.accartbooks.com\/uk\/wp-json\/wp\/v2\/product_brand?post=71950"},{"taxonomy":"product_cat","embeddable":true,"href":"https:\/\/www.accartbooks.com\/uk\/wp-json\/wp\/v2\/product_cat?post=71950"},{"taxonomy":"product_tag","embeddable":true,"href":"https:\/\/www.accartbooks.com\/uk\/wp-json\/wp\/v2\/product_tag?post=71950"}],"curies":[{"name":"wp","href":"https:\/\/api.w.org\/{rel}","templated":true}]}}