{"id":71954,"date":"2025-11-19T08:20:17","date_gmt":"2025-11-19T08:20:17","guid":{"rendered":"https:\/\/www.accartbooks.com\/uk\/book\/canan-tolon-havadan-sudan-about-the-weather\/"},"modified":"2026-02-25T09:26:24","modified_gmt":"2026-02-25T09:26:24","slug":"canan-tolon-havadan-sudan-about-the-weather","status":"publish","type":"product","link":"https:\/\/www.accartbooks.com\/uk\/book\/canan-tolon-havadan-sudan-about-the-weather\/","title":{"rendered":"Canan Tolon: Havadan Sudan | About the Weather"},"content":{"rendered":"<p><strong><em>About the Weather<\/em><\/strong> accompanied Canan Tolon&rsquo;s second solo exhibition at Dirimart (23 November&ndash;24 December 2023) with the same title. The bilingual publication gathers Tolon&rsquo;s large-scale works in rust and acrylic on canvas, created in 2023, alongside earlier pieces in the same technique. Her abstract compositions emerge through a process that embraces chance: metal fragments placed on canvas interact with water, air, and weather, generating unpredictable rust forms shaped by conditions beyond the artist&rsquo;s control&mdash;humidity, pollution, temperature shifts, or wind. These works register environmental processes, functioning as both material traces and invitations to free association, constantly renewed in dialogue with the viewer. The volume also includes essays by art historian Berin G&ouml;l&ouml;n&uuml; and curator Kevser G&uuml;ler, who reflect on Tolon&rsquo;s practice and the exhibition&rsquo;s ironic title, which alludes to our tendency to avoid urgent concerns&mdash;such as the climate crisis&mdash;by resorting to &ldquo;small talk&rdquo; about the weather.<\/p>\n<p>Text in English and Turkish.<\/p>\n","protected":false},"excerpt":{"rendered":"<p>Rust marks, shifting climates, and chance encounters on canvas: Canan Tolon turns the small talk of weather into urgent questions of our time. Text in English and Turkish.<br \/>Foreword (Canan Tolon)<br \/>\nAbout the Weather: Hospitable cultures, heterogenous assemblies, and the banal banter of daily life (Berin Golonu)<br \/>\n&#8216;The world is in turmoil. We need to chat about the weather&#8217; (Kevser G&uuml;ler)<br \/>\nCatalogue<br \/>\nCurriculum Vitae<\/p>\n","protected":false},"featured_media":71955,"template":"","meta":{"_acf_changed":false,"_relevanssi_hide_post":"","_relevanssi_hide_content":"","_relevanssi_pin_for_all":"","_relevanssi_pin_keywords":"","_relevanssi_unpin_keywords":"","_relevanssi_related_keywords":"","_relevanssi_related_include_ids":"","_relevanssi_related_exclude_ids":"","_relevanssi_related_no_append":"","_relevanssi_related_not_related":"","_relevanssi_related_posts":"","_relevanssi_noindex_reason":""},"product_brand":[],"product_cat":[5568],"product_tag":[],"class_list":{"0":"post-71954","1":"product","2":"type-product","3":"status-publish","4":"has-post-thumbnail","6":"product_cat-art","7":"author-by-author-berin-golunu","8":"author-by-author-kevser-guler","9":"publisher-dirimart","11":"first","12":"instock","13":"shipping-taxable","14":"purchasable","15":"product-type-simple"},"acf":[],"yoast_head":"<!-- This site is optimized with the Yoast SEO plugin v27.0 - https:\/\/yoast.com\/product\/yoast-seo-wordpress\/ -->\n<title>Canan Tolon: Havadan Sudan | About the Weather - ACC Art Books UK<\/title>\n<meta name=\"description\" content=\"Title: Canan Tolon: Havadan Sudan | About the Weather, Pages: 138 Pages, Publish Date: 23rd Feb 2026, Author: Berin G\u00f6l\u00fcn\u00fc, Kevser G\u00fcler, ISBN: 9786055815646. Rust marks, shifting climates, and chance encounters on canvas: Canan Tolon turns the small talk of weather into urgent questions of our time. Text in English and Turkish.Foreword (Canan Tolon) About the Weather: Hospitable cultures, heterogenous assemblies, and the banal banter of daily life (Berin Golonu) &#039;The world is in turmoil. We need to chat about the weather&#039; (Kevser G&uuml;ler) Catalogue Curriculum Vitae\" \/>\n<meta name=\"robots\" content=\"index, follow, max-snippet:-1, max-image-preview:large, max-video-preview:-1\" \/>\n<link rel=\"canonical\" href=\"https:\/\/www.accartbooks.com\/uk\/book\/canan-tolon-havadan-sudan-about-the-weather\/\" \/>\n<meta property=\"og:locale\" content=\"en_GB\" \/>\n<meta property=\"og:type\" content=\"article\" \/>\n<meta property=\"og:title\" content=\"Canan Tolon: Havadan Sudan | About the Weather - ACC Art Books UK\" \/>\n<meta property=\"og:description\" content=\"Title: Canan Tolon: Havadan Sudan | About the Weather, Pages: 138 Pages, Publish Date: 23rd Feb 2026, Author: Berin G\u00f6l\u00fcn\u00fc, Kevser G\u00fcler, ISBN: 9786055815646. Rust marks, shifting climates, and chance encounters on canvas: Canan Tolon turns the small talk of weather into urgent questions of our time. Text in English and Turkish.Foreword (Canan Tolon) About the Weather: Hospitable cultures, heterogenous assemblies, and the banal banter of daily life (Berin Golonu) &#039;The world is in turmoil. We need to chat about the weather&#039; (Kevser G&uuml;ler) Catalogue Curriculum Vitae\" \/>\n<meta property=\"og:url\" content=\"https:\/\/www.accartbooks.com\/uk\/book\/canan-tolon-havadan-sudan-about-the-weather\/\" \/>\n<meta property=\"og:site_name\" content=\"ACC Art Books UK\" \/>\n<meta property=\"article:publisher\" content=\"https:\/\/www.facebook.com\/ACCArtBooks\/\" \/>\n<meta property=\"article:modified_time\" content=\"2026-02-25T09:26:24+00:00\" \/>\n<meta property=\"og:image\" content=\"https:\/\/www.accartbooks.com\/app\/uploads\/books\/9786055815646-04-2.jpg\" \/>\n\t<meta property=\"og:image:width\" content=\"704\" \/>\n\t<meta property=\"og:image:height\" content=\"1024\" \/>\n\t<meta property=\"og:image:type\" content=\"image\/jpeg\" \/>\n<meta name=\"twitter:card\" content=\"summary_large_image\" \/>\n<meta name=\"twitter:site\" content=\"@accartbooks\" \/>\n<meta name=\"twitter:label1\" content=\"Estimated reading time\" \/>\n\t<meta name=\"twitter:data1\" content=\"1 minute\" \/>\n<script type=\"application\/ld+json\" class=\"yoast-schema-graph\">{\"@context\":\"https:\/\/schema.org\",\"@graph\":[{\"@type\":\"WebPage\",\"@id\":\"https:\/\/www.accartbooks.com\/uk\/book\/canan-tolon-havadan-sudan-about-the-weather\/\",\"url\":\"https:\/\/www.accartbooks.com\/uk\/book\/canan-tolon-havadan-sudan-about-the-weather\/\",\"name\":\"Canan Tolon: Havadan Sudan | About the Weather - ACC Art Books UK\",\"isPartOf\":{\"@id\":\"https:\/\/www.accartbooks.com\/uk\/#website\"},\"primaryImageOfPage\":{\"@id\":\"https:\/\/www.accartbooks.com\/uk\/book\/canan-tolon-havadan-sudan-about-the-weather\/#primaryimage\"},\"image\":{\"@id\":\"https:\/\/www.accartbooks.com\/uk\/book\/canan-tolon-havadan-sudan-about-the-weather\/#primaryimage\"},\"thumbnailUrl\":\"https:\/\/www.accartbooks.com\/app\/uploads\/books\/9786055815646-04-2.jpg\",\"datePublished\":\"2025-11-19T08:20:17+00:00\",\"dateModified\":\"2026-02-25T09:26:24+00:00\",\"description\":\"Title: Canan Tolon: Havadan Sudan | About the Weather, Pages: 138 Pages, Publish Date: 23rd Feb 2026, Author: Berin G\u00f6l\u00fcn\u00fc, Kevser G\u00fcler, ISBN: 9786055815646. Rust marks, shifting climates, and chance encounters on canvas: Canan Tolon turns the small talk of weather into urgent questions of our time. Text in English and Turkish.Foreword (Canan Tolon) About the Weather: Hospitable cultures, heterogenous assemblies, and the banal banter of daily life (Berin Golonu) 'The world is in turmoil. We need to chat about the weather' (Kevser G&uuml;ler) Catalogue Curriculum Vitae\",\"breadcrumb\":{\"@id\":\"https:\/\/www.accartbooks.com\/uk\/book\/canan-tolon-havadan-sudan-about-the-weather\/#breadcrumb\"},\"inLanguage\":\"en-GB\",\"potentialAction\":[{\"@type\":\"ReadAction\",\"target\":[\"https:\/\/www.accartbooks.com\/uk\/book\/canan-tolon-havadan-sudan-about-the-weather\/\"]}]},{\"@type\":\"ImageObject\",\"inLanguage\":\"en-GB\",\"@id\":\"https:\/\/www.accartbooks.com\/uk\/book\/canan-tolon-havadan-sudan-about-the-weather\/#primaryimage\",\"url\":\"https:\/\/www.accartbooks.com\/app\/uploads\/books\/9786055815646-04-2.jpg\",\"contentUrl\":\"https:\/\/www.accartbooks.com\/app\/uploads\/books\/9786055815646-04-2.jpg\",\"width\":1400,\"height\":2035},{\"@type\":\"BreadcrumbList\",\"@id\":\"https:\/\/www.accartbooks.com\/uk\/book\/canan-tolon-havadan-sudan-about-the-weather\/#breadcrumb\",\"itemListElement\":[{\"@type\":\"ListItem\",\"position\":1,\"name\":\"Home\",\"item\":\"https:\/\/www.accartbooks.com\/uk\/\"},{\"@type\":\"ListItem\",\"position\":2,\"name\":\"Books\",\"item\":\"https:\/\/www.accartbooks.com\/uk\/books\/\"},{\"@type\":\"ListItem\",\"position\":3,\"name\":\"Canan Tolon: Havadan Sudan | About the Weather\"}]},{\"@type\":\"WebSite\",\"@id\":\"https:\/\/www.accartbooks.com\/uk\/#website\",\"url\":\"https:\/\/www.accartbooks.com\/uk\/\",\"name\":\"ACC Art Books UK\",\"description\":\"One of the world\u2019s leading publishers and distributors of books on the arts and visual culture\",\"publisher\":{\"@id\":\"https:\/\/www.accartbooks.com\/uk\/#organization\"},\"potentialAction\":[{\"@type\":\"SearchAction\",\"target\":{\"@type\":\"EntryPoint\",\"urlTemplate\":\"https:\/\/www.accartbooks.com\/uk\/?s={search_term_string}\"},\"query-input\":{\"@type\":\"PropertyValueSpecification\",\"valueRequired\":true,\"valueName\":\"search_term_string\"}}],\"inLanguage\":\"en-GB\"},{\"@type\":\"Organization\",\"@id\":\"https:\/\/www.accartbooks.com\/uk\/#organization\",\"name\":\"ACC Art Books UK\",\"url\":\"https:\/\/www.accartbooks.com\/uk\/\",\"logo\":{\"@type\":\"ImageObject\",\"inLanguage\":\"en-GB\",\"@id\":\"https:\/\/www.accartbooks.com\/uk\/#\/schema\/logo\/image\/\",\"url\":\"https:\/\/www.accartbooks.com\/app\/uploads\/2020\/05\/Acc-Logo.png\",\"contentUrl\":\"https:\/\/www.accartbooks.com\/app\/uploads\/2020\/05\/Acc-Logo.png\",\"width\":64,\"height\":100,\"caption\":\"ACC Art Books UK\"},\"image\":{\"@id\":\"https:\/\/www.accartbooks.com\/uk\/#\/schema\/logo\/image\/\"},\"sameAs\":[\"https:\/\/www.facebook.com\/ACCArtBooks\/\",\"https:\/\/x.com\/accartbooks\"]}]}<\/script>\n<!-- \/ Yoast SEO plugin. -->","yoast_head_json":{"title":"Canan Tolon: Havadan Sudan | About the Weather - ACC Art Books UK","description":"Title: Canan Tolon: Havadan Sudan | About the Weather, Pages: 138 Pages, Publish Date: 23rd Feb 2026, Author: Berin G\u00f6l\u00fcn\u00fc, Kevser G\u00fcler, ISBN: 9786055815646. Rust marks, shifting climates, and chance encounters on canvas: Canan Tolon turns the small talk of weather into urgent questions of our time. Text in English and Turkish.Foreword (Canan Tolon) About the Weather: Hospitable cultures, heterogenous assemblies, and the banal banter of daily life (Berin Golonu) 'The world is in turmoil. We need to chat about the weather' (Kevser G&uuml;ler) Catalogue Curriculum Vitae","robots":{"index":"index","follow":"follow","max-snippet":"max-snippet:-1","max-image-preview":"max-image-preview:large","max-video-preview":"max-video-preview:-1"},"canonical":"https:\/\/www.accartbooks.com\/uk\/book\/canan-tolon-havadan-sudan-about-the-weather\/","og_locale":"en_GB","og_type":"article","og_title":"Canan Tolon: Havadan Sudan | About the Weather - ACC Art Books UK","og_description":"Title: Canan Tolon: Havadan Sudan | About the Weather, Pages: 138 Pages, Publish Date: 23rd Feb 2026, Author: Berin G\u00f6l\u00fcn\u00fc, Kevser G\u00fcler, ISBN: 9786055815646. Rust marks, shifting climates, and chance encounters on canvas: Canan Tolon turns the small talk of weather into urgent questions of our time. Text in English and Turkish.Foreword (Canan Tolon) About the Weather: Hospitable cultures, heterogenous assemblies, and the banal banter of daily life (Berin Golonu) 'The world is in turmoil. We need to chat about the weather' (Kevser G&uuml;ler) Catalogue Curriculum Vitae","og_url":"https:\/\/www.accartbooks.com\/uk\/book\/canan-tolon-havadan-sudan-about-the-weather\/","og_site_name":"ACC Art Books UK","article_publisher":"https:\/\/www.facebook.com\/ACCArtBooks\/","article_modified_time":"2026-02-25T09:26:24+00:00","og_image":[{"url":"https:\/\/www.accartbooks.com\/app\/uploads\/books\/9786055815646-04-2.jpg","width":704,"height":1024,"type":"image\/jpeg"}],"twitter_card":"summary_large_image","twitter_site":"@accartbooks","twitter_misc":{"Estimated reading time":"1 minute"},"schema":{"@context":"https:\/\/schema.org","@graph":[{"@type":"WebPage","@id":"https:\/\/www.accartbooks.com\/uk\/book\/canan-tolon-havadan-sudan-about-the-weather\/","url":"https:\/\/www.accartbooks.com\/uk\/book\/canan-tolon-havadan-sudan-about-the-weather\/","name":"Canan Tolon: Havadan Sudan | About the Weather - ACC Art Books UK","isPartOf":{"@id":"https:\/\/www.accartbooks.com\/uk\/#website"},"primaryImageOfPage":{"@id":"https:\/\/www.accartbooks.com\/uk\/book\/canan-tolon-havadan-sudan-about-the-weather\/#primaryimage"},"image":{"@id":"https:\/\/www.accartbooks.com\/uk\/book\/canan-tolon-havadan-sudan-about-the-weather\/#primaryimage"},"thumbnailUrl":"https:\/\/www.accartbooks.com\/app\/uploads\/books\/9786055815646-04-2.jpg","datePublished":"2025-11-19T08:20:17+00:00","dateModified":"2026-02-25T09:26:24+00:00","description":"Title: Canan Tolon: Havadan Sudan | About the Weather, Pages: 138 Pages, Publish Date: 23rd Feb 2026, Author: Berin G\u00f6l\u00fcn\u00fc, Kevser G\u00fcler, ISBN: 9786055815646. Rust marks, shifting climates, and chance encounters on canvas: Canan Tolon turns the small talk of weather into urgent questions of our time. Text in English and Turkish.Foreword (Canan Tolon) About the Weather: Hospitable cultures, heterogenous assemblies, and the banal banter of daily life (Berin Golonu) 'The world is in turmoil. We need to chat about the weather' (Kevser G&uuml;ler) Catalogue Curriculum Vitae","breadcrumb":{"@id":"https:\/\/www.accartbooks.com\/uk\/book\/canan-tolon-havadan-sudan-about-the-weather\/#breadcrumb"},"inLanguage":"en-GB","potentialAction":[{"@type":"ReadAction","target":["https:\/\/www.accartbooks.com\/uk\/book\/canan-tolon-havadan-sudan-about-the-weather\/"]}]},{"@type":"ImageObject","inLanguage":"en-GB","@id":"https:\/\/www.accartbooks.com\/uk\/book\/canan-tolon-havadan-sudan-about-the-weather\/#primaryimage","url":"https:\/\/www.accartbooks.com\/app\/uploads\/books\/9786055815646-04-2.jpg","contentUrl":"https:\/\/www.accartbooks.com\/app\/uploads\/books\/9786055815646-04-2.jpg","width":1400,"height":2035},{"@type":"BreadcrumbList","@id":"https:\/\/www.accartbooks.com\/uk\/book\/canan-tolon-havadan-sudan-about-the-weather\/#breadcrumb","itemListElement":[{"@type":"ListItem","position":1,"name":"Home","item":"https:\/\/www.accartbooks.com\/uk\/"},{"@type":"ListItem","position":2,"name":"Books","item":"https:\/\/www.accartbooks.com\/uk\/books\/"},{"@type":"ListItem","position":3,"name":"Canan Tolon: Havadan Sudan | About the Weather"}]},{"@type":"WebSite","@id":"https:\/\/www.accartbooks.com\/uk\/#website","url":"https:\/\/www.accartbooks.com\/uk\/","name":"ACC Art Books UK","description":"One of the world\u2019s leading publishers and distributors of books on the arts and visual culture","publisher":{"@id":"https:\/\/www.accartbooks.com\/uk\/#organization"},"potentialAction":[{"@type":"SearchAction","target":{"@type":"EntryPoint","urlTemplate":"https:\/\/www.accartbooks.com\/uk\/?s={search_term_string}"},"query-input":{"@type":"PropertyValueSpecification","valueRequired":true,"valueName":"search_term_string"}}],"inLanguage":"en-GB"},{"@type":"Organization","@id":"https:\/\/www.accartbooks.com\/uk\/#organization","name":"ACC Art Books UK","url":"https:\/\/www.accartbooks.com\/uk\/","logo":{"@type":"ImageObject","inLanguage":"en-GB","@id":"https:\/\/www.accartbooks.com\/uk\/#\/schema\/logo\/image\/","url":"https:\/\/www.accartbooks.com\/app\/uploads\/2020\/05\/Acc-Logo.png","contentUrl":"https:\/\/www.accartbooks.com\/app\/uploads\/2020\/05\/Acc-Logo.png","width":64,"height":100,"caption":"ACC Art Books UK"},"image":{"@id":"https:\/\/www.accartbooks.com\/uk\/#\/schema\/logo\/image\/"},"sameAs":["https:\/\/www.facebook.com\/ACCArtBooks\/","https:\/\/x.com\/accartbooks"]}]}},"_links":{"self":[{"href":"https:\/\/www.accartbooks.com\/uk\/wp-json\/wp\/v2\/product\/71954","targetHints":{"allow":["GET"]}}],"collection":[{"href":"https:\/\/www.accartbooks.com\/uk\/wp-json\/wp\/v2\/product"}],"about":[{"href":"https:\/\/www.accartbooks.com\/uk\/wp-json\/wp\/v2\/types\/product"}],"wp:featuredmedia":[{"embeddable":true,"href":"https:\/\/www.accartbooks.com\/uk\/wp-json\/wp\/v2\/media\/71955"}],"wp:attachment":[{"href":"https:\/\/www.accartbooks.com\/uk\/wp-json\/wp\/v2\/media?parent=71954"}],"wp:term":[{"taxonomy":"product_brand","embeddable":true,"href":"https:\/\/www.accartbooks.com\/uk\/wp-json\/wp\/v2\/product_brand?post=71954"},{"taxonomy":"product_cat","embeddable":true,"href":"https:\/\/www.accartbooks.com\/uk\/wp-json\/wp\/v2\/product_cat?post=71954"},{"taxonomy":"product_tag","embeddable":true,"href":"https:\/\/www.accartbooks.com\/uk\/wp-json\/wp\/v2\/product_tag?post=71954"}],"curies":[{"name":"wp","href":"https:\/\/api.w.org\/{rel}","templated":true}]}}