{"id":71957,"date":"2025-11-19T08:20:35","date_gmt":"2025-11-19T08:20:35","guid":{"rendered":"https:\/\/www.accartbooks.com\/uk\/book\/inci-eviner-behind-it-something-intimate\/"},"modified":"2026-02-24T14:18:40","modified_gmt":"2026-02-24T14:18:40","slug":"inci-eviner-behind-it-something-intimate","status":"publish","type":"product","link":"https:\/\/www.accartbooks.com\/uk\/book\/inci-eviner-behind-it-something-intimate\/","title":{"rendered":"\u0130nci Eviner: Behind It Something Intimate"},"content":{"rendered":"<p><strong><em>Behind It Something Intimate<\/em><\/strong> brings together a selection of &#304;nci Eviner&rsquo;s drawings and the poetic texts she wrote between 2023 and 2024. Known for her multidisciplinary practice&mdash;including drawing, video, performance, sculpture, and installation&mdash;Eviner invites readers into an intimate dialogue between image and word. Each text responds to a drawing, revealing the inner landscapes that inform her evolving visual language. Drawing lies at the core of Eviner&rsquo;s artistic process, serving both as a means of unconscious expression and a space for conceptual inquiry. Her lines trace the tensions between the personal and the collective, the psychic and the political. Through this artist&rsquo;s book, she extends her creative process into a shared textual space, inviting readers to engage with her world. Enriched by the artist&rsquo;s own design concept, the book explores how drawing can challenge dominant forms of social, historical, and discursive representation.<\/p>\n","protected":false},"excerpt":{"rendered":"<p>Behind It Something Intimate showcases &#304;nci Eviner&rsquo;s drawings alongside her poetic texts, revealing the inner landscapes where personal, political, and unconscious realms intersect through image and word.<\/p>\n","protected":false},"featured_media":72045,"template":"","meta":{"_acf_changed":false,"_relevanssi_hide_post":"","_relevanssi_hide_content":"","_relevanssi_pin_for_all":"","_relevanssi_pin_keywords":"","_relevanssi_unpin_keywords":"","_relevanssi_related_keywords":"","_relevanssi_related_include_ids":"","_relevanssi_related_exclude_ids":"","_relevanssi_related_no_append":"","_relevanssi_related_not_related":"","_relevanssi_related_posts":"","_relevanssi_noindex_reason":""},"product_brand":[],"product_cat":[5568],"product_tag":[],"class_list":{"0":"post-71957","1":"product","2":"type-product","3":"status-publish","4":"has-post-thumbnail","6":"product_cat-art","7":"author-by-artist-inci-eviner","8":"publisher-dirimart","10":"first","11":"instock","12":"shipping-taxable","13":"purchasable","14":"product-type-simple"},"acf":[],"yoast_head":"<!-- This site is optimized with the Yoast SEO plugin v27.0 - https:\/\/yoast.com\/product\/yoast-seo-wordpress\/ -->\n<title>\u0130nci Eviner: Behind It Something Intimate - ACC Art Books UK<\/title>\n<meta name=\"description\" content=\"Title: \u0130nci Eviner: Behind It Something Intimate, Pages: 112 Pages, Publish Date: 23rd Feb 2026, Author: By (artist) \u0130nci Eviner, ISBN: 9786055815691. Behind It Something Intimate showcases &#304;nci Eviner&rsquo;s drawings alongside her poetic texts, revealing the inner landscapes where personal, political, and unconscious realms intersect through image and word.\" \/>\n<meta name=\"robots\" content=\"index, follow, max-snippet:-1, max-image-preview:large, max-video-preview:-1\" \/>\n<link rel=\"canonical\" href=\"https:\/\/www.accartbooks.com\/uk\/book\/inci-eviner-behind-it-something-intimate\/\" \/>\n<meta property=\"og:locale\" content=\"en_GB\" \/>\n<meta property=\"og:type\" content=\"article\" \/>\n<meta property=\"og:title\" content=\"\u0130nci Eviner: Behind It Something Intimate - ACC Art Books UK\" \/>\n<meta property=\"og:description\" content=\"Title: \u0130nci Eviner: Behind It Something Intimate, Pages: 112 Pages, Publish Date: 23rd Feb 2026, Author: By (artist) \u0130nci Eviner, ISBN: 9786055815691. Behind It Something Intimate showcases &#304;nci Eviner&rsquo;s drawings alongside her poetic texts, revealing the inner landscapes where personal, political, and unconscious realms intersect through image and word.\" \/>\n<meta property=\"og:url\" content=\"https:\/\/www.accartbooks.com\/uk\/book\/inci-eviner-behind-it-something-intimate\/\" \/>\n<meta property=\"og:site_name\" content=\"ACC Art Books UK\" \/>\n<meta property=\"article:publisher\" content=\"https:\/\/www.facebook.com\/ACCArtBooks\/\" \/>\n<meta property=\"article:modified_time\" content=\"2026-02-24T14:18:40+00:00\" \/>\n<meta name=\"twitter:card\" content=\"summary_large_image\" \/>\n<meta name=\"twitter:site\" content=\"@accartbooks\" \/>\n<meta name=\"twitter:label1\" content=\"Estimated reading time\" \/>\n\t<meta name=\"twitter:data1\" content=\"1 minute\" \/>\n<script type=\"application\/ld+json\" class=\"yoast-schema-graph\">{\"@context\":\"https:\/\/schema.org\",\"@graph\":[{\"@type\":\"WebPage\",\"@id\":\"https:\/\/www.accartbooks.com\/uk\/book\/inci-eviner-behind-it-something-intimate\/\",\"url\":\"https:\/\/www.accartbooks.com\/uk\/book\/inci-eviner-behind-it-something-intimate\/\",\"name\":\"\u0130nci Eviner: Behind It Something Intimate - ACC Art Books UK\",\"isPartOf\":{\"@id\":\"https:\/\/www.accartbooks.com\/uk\/#website\"},\"primaryImageOfPage\":{\"@id\":\"https:\/\/www.accartbooks.com\/uk\/book\/inci-eviner-behind-it-something-intimate\/#primaryimage\"},\"image\":{\"@id\":\"https:\/\/www.accartbooks.com\/uk\/book\/inci-eviner-behind-it-something-intimate\/#primaryimage\"},\"thumbnailUrl\":\"https:\/\/www.accartbooks.com\/app\/uploads\/books\/9786055815691-04-2.jpg\",\"datePublished\":\"2025-11-19T08:20:35+00:00\",\"dateModified\":\"2026-02-24T14:18:40+00:00\",\"description\":\"Title: \u0130nci Eviner: Behind It Something Intimate, Pages: 112 Pages, Publish Date: 23rd Feb 2026, Author: By (artist) \u0130nci Eviner, ISBN: 9786055815691. Behind It Something Intimate showcases &#304;nci Eviner&rsquo;s drawings alongside her poetic texts, revealing the inner landscapes where personal, political, and unconscious realms intersect through image and word.\",\"breadcrumb\":{\"@id\":\"https:\/\/www.accartbooks.com\/uk\/book\/inci-eviner-behind-it-something-intimate\/#breadcrumb\"},\"inLanguage\":\"en-GB\",\"potentialAction\":[{\"@type\":\"ReadAction\",\"target\":[\"https:\/\/www.accartbooks.com\/uk\/book\/inci-eviner-behind-it-something-intimate\/\"]}]},{\"@type\":\"ImageObject\",\"inLanguage\":\"en-GB\",\"@id\":\"https:\/\/www.accartbooks.com\/uk\/book\/inci-eviner-behind-it-something-intimate\/#primaryimage\",\"url\":\"https:\/\/www.accartbooks.com\/app\/uploads\/books\/9786055815691-04-2.jpg\",\"contentUrl\":\"https:\/\/www.accartbooks.com\/app\/uploads\/books\/9786055815691-04-2.jpg\",\"width\":1400,\"height\":1379},{\"@type\":\"BreadcrumbList\",\"@id\":\"https:\/\/www.accartbooks.com\/uk\/book\/inci-eviner-behind-it-something-intimate\/#breadcrumb\",\"itemListElement\":[{\"@type\":\"ListItem\",\"position\":1,\"name\":\"Home\",\"item\":\"https:\/\/www.accartbooks.com\/uk\/\"},{\"@type\":\"ListItem\",\"position\":2,\"name\":\"Books\",\"item\":\"https:\/\/www.accartbooks.com\/uk\/books\/\"},{\"@type\":\"ListItem\",\"position\":3,\"name\":\"\u0130nci Eviner: Behind It Something Intimate\"}]},{\"@type\":\"WebSite\",\"@id\":\"https:\/\/www.accartbooks.com\/uk\/#website\",\"url\":\"https:\/\/www.accartbooks.com\/uk\/\",\"name\":\"ACC Art Books UK\",\"description\":\"One of the world\u2019s leading publishers and distributors of books on the arts and visual culture\",\"publisher\":{\"@id\":\"https:\/\/www.accartbooks.com\/uk\/#organization\"},\"potentialAction\":[{\"@type\":\"SearchAction\",\"target\":{\"@type\":\"EntryPoint\",\"urlTemplate\":\"https:\/\/www.accartbooks.com\/uk\/?s={search_term_string}\"},\"query-input\":{\"@type\":\"PropertyValueSpecification\",\"valueRequired\":true,\"valueName\":\"search_term_string\"}}],\"inLanguage\":\"en-GB\"},{\"@type\":\"Organization\",\"@id\":\"https:\/\/www.accartbooks.com\/uk\/#organization\",\"name\":\"ACC Art Books UK\",\"url\":\"https:\/\/www.accartbooks.com\/uk\/\",\"logo\":{\"@type\":\"ImageObject\",\"inLanguage\":\"en-GB\",\"@id\":\"https:\/\/www.accartbooks.com\/uk\/#\/schema\/logo\/image\/\",\"url\":\"https:\/\/www.accartbooks.com\/app\/uploads\/2020\/05\/Acc-Logo.png\",\"contentUrl\":\"https:\/\/www.accartbooks.com\/app\/uploads\/2020\/05\/Acc-Logo.png\",\"width\":64,\"height\":100,\"caption\":\"ACC Art Books UK\"},\"image\":{\"@id\":\"https:\/\/www.accartbooks.com\/uk\/#\/schema\/logo\/image\/\"},\"sameAs\":[\"https:\/\/www.facebook.com\/ACCArtBooks\/\",\"https:\/\/x.com\/accartbooks\"]}]}<\/script>\n<!-- \/ Yoast SEO plugin. -->","yoast_head_json":{"title":"\u0130nci Eviner: Behind It Something Intimate - ACC Art Books UK","description":"Title: \u0130nci Eviner: Behind It Something Intimate, Pages: 112 Pages, Publish Date: 23rd Feb 2026, Author: By (artist) \u0130nci Eviner, ISBN: 9786055815691. Behind It Something Intimate showcases &#304;nci Eviner&rsquo;s drawings alongside her poetic texts, revealing the inner landscapes where personal, political, and unconscious realms intersect through image and word.","robots":{"index":"index","follow":"follow","max-snippet":"max-snippet:-1","max-image-preview":"max-image-preview:large","max-video-preview":"max-video-preview:-1"},"canonical":"https:\/\/www.accartbooks.com\/uk\/book\/inci-eviner-behind-it-something-intimate\/","og_locale":"en_GB","og_type":"article","og_title":"\u0130nci Eviner: Behind It Something Intimate - ACC Art Books UK","og_description":"Title: \u0130nci Eviner: Behind It Something Intimate, Pages: 112 Pages, Publish Date: 23rd Feb 2026, Author: By (artist) \u0130nci Eviner, ISBN: 9786055815691. Behind It Something Intimate showcases &#304;nci Eviner&rsquo;s drawings alongside her poetic texts, revealing the inner landscapes where personal, political, and unconscious realms intersect through image and word.","og_url":"https:\/\/www.accartbooks.com\/uk\/book\/inci-eviner-behind-it-something-intimate\/","og_site_name":"ACC Art Books UK","article_publisher":"https:\/\/www.facebook.com\/ACCArtBooks\/","article_modified_time":"2026-02-24T14:18:40+00:00","twitter_card":"summary_large_image","twitter_site":"@accartbooks","twitter_misc":{"Estimated reading time":"1 minute"},"schema":{"@context":"https:\/\/schema.org","@graph":[{"@type":"WebPage","@id":"https:\/\/www.accartbooks.com\/uk\/book\/inci-eviner-behind-it-something-intimate\/","url":"https:\/\/www.accartbooks.com\/uk\/book\/inci-eviner-behind-it-something-intimate\/","name":"\u0130nci Eviner: Behind It Something Intimate - ACC Art Books UK","isPartOf":{"@id":"https:\/\/www.accartbooks.com\/uk\/#website"},"primaryImageOfPage":{"@id":"https:\/\/www.accartbooks.com\/uk\/book\/inci-eviner-behind-it-something-intimate\/#primaryimage"},"image":{"@id":"https:\/\/www.accartbooks.com\/uk\/book\/inci-eviner-behind-it-something-intimate\/#primaryimage"},"thumbnailUrl":"https:\/\/www.accartbooks.com\/app\/uploads\/books\/9786055815691-04-2.jpg","datePublished":"2025-11-19T08:20:35+00:00","dateModified":"2026-02-24T14:18:40+00:00","description":"Title: \u0130nci Eviner: Behind It Something Intimate, Pages: 112 Pages, Publish Date: 23rd Feb 2026, Author: By (artist) \u0130nci Eviner, ISBN: 9786055815691. Behind It Something Intimate showcases &#304;nci Eviner&rsquo;s drawings alongside her poetic texts, revealing the inner landscapes where personal, political, and unconscious realms intersect through image and word.","breadcrumb":{"@id":"https:\/\/www.accartbooks.com\/uk\/book\/inci-eviner-behind-it-something-intimate\/#breadcrumb"},"inLanguage":"en-GB","potentialAction":[{"@type":"ReadAction","target":["https:\/\/www.accartbooks.com\/uk\/book\/inci-eviner-behind-it-something-intimate\/"]}]},{"@type":"ImageObject","inLanguage":"en-GB","@id":"https:\/\/www.accartbooks.com\/uk\/book\/inci-eviner-behind-it-something-intimate\/#primaryimage","url":"https:\/\/www.accartbooks.com\/app\/uploads\/books\/9786055815691-04-2.jpg","contentUrl":"https:\/\/www.accartbooks.com\/app\/uploads\/books\/9786055815691-04-2.jpg","width":1400,"height":1379},{"@type":"BreadcrumbList","@id":"https:\/\/www.accartbooks.com\/uk\/book\/inci-eviner-behind-it-something-intimate\/#breadcrumb","itemListElement":[{"@type":"ListItem","position":1,"name":"Home","item":"https:\/\/www.accartbooks.com\/uk\/"},{"@type":"ListItem","position":2,"name":"Books","item":"https:\/\/www.accartbooks.com\/uk\/books\/"},{"@type":"ListItem","position":3,"name":"\u0130nci Eviner: Behind It Something Intimate"}]},{"@type":"WebSite","@id":"https:\/\/www.accartbooks.com\/uk\/#website","url":"https:\/\/www.accartbooks.com\/uk\/","name":"ACC Art Books UK","description":"One of the world\u2019s leading publishers and distributors of books on the arts and visual culture","publisher":{"@id":"https:\/\/www.accartbooks.com\/uk\/#organization"},"potentialAction":[{"@type":"SearchAction","target":{"@type":"EntryPoint","urlTemplate":"https:\/\/www.accartbooks.com\/uk\/?s={search_term_string}"},"query-input":{"@type":"PropertyValueSpecification","valueRequired":true,"valueName":"search_term_string"}}],"inLanguage":"en-GB"},{"@type":"Organization","@id":"https:\/\/www.accartbooks.com\/uk\/#organization","name":"ACC Art Books UK","url":"https:\/\/www.accartbooks.com\/uk\/","logo":{"@type":"ImageObject","inLanguage":"en-GB","@id":"https:\/\/www.accartbooks.com\/uk\/#\/schema\/logo\/image\/","url":"https:\/\/www.accartbooks.com\/app\/uploads\/2020\/05\/Acc-Logo.png","contentUrl":"https:\/\/www.accartbooks.com\/app\/uploads\/2020\/05\/Acc-Logo.png","width":64,"height":100,"caption":"ACC Art Books UK"},"image":{"@id":"https:\/\/www.accartbooks.com\/uk\/#\/schema\/logo\/image\/"},"sameAs":["https:\/\/www.facebook.com\/ACCArtBooks\/","https:\/\/x.com\/accartbooks"]}]}},"_links":{"self":[{"href":"https:\/\/www.accartbooks.com\/uk\/wp-json\/wp\/v2\/product\/71957","targetHints":{"allow":["GET"]}}],"collection":[{"href":"https:\/\/www.accartbooks.com\/uk\/wp-json\/wp\/v2\/product"}],"about":[{"href":"https:\/\/www.accartbooks.com\/uk\/wp-json\/wp\/v2\/types\/product"}],"wp:featuredmedia":[{"embeddable":true,"href":"https:\/\/www.accartbooks.com\/uk\/wp-json\/wp\/v2\/media\/72045"}],"wp:attachment":[{"href":"https:\/\/www.accartbooks.com\/uk\/wp-json\/wp\/v2\/media?parent=71957"}],"wp:term":[{"taxonomy":"product_brand","embeddable":true,"href":"https:\/\/www.accartbooks.com\/uk\/wp-json\/wp\/v2\/product_brand?post=71957"},{"taxonomy":"product_cat","embeddable":true,"href":"https:\/\/www.accartbooks.com\/uk\/wp-json\/wp\/v2\/product_cat?post=71957"},{"taxonomy":"product_tag","embeddable":true,"href":"https:\/\/www.accartbooks.com\/uk\/wp-json\/wp\/v2\/product_tag?post=71957"}],"curies":[{"name":"wp","href":"https:\/\/api.w.org\/{rel}","templated":true}]}}