{"id":71959,"date":"2025-11-19T08:20:48","date_gmt":"2025-11-19T08:20:48","guid":{"rendered":"https:\/\/www.accartbooks.com\/uk\/book\/kaplankadilak-kipat\/"},"modified":"2026-02-28T06:22:42","modified_gmt":"2026-02-28T06:22:42","slug":"kaplankadilak-kipat","status":"publish","type":"product","link":"https:\/\/www.accartbooks.com\/uk\/book\/kaplankadilak-kipat\/","title":{"rendered":"Kaplankadilak Kipat"},"content":{"rendered":"<p>Kipat&mdash;an anagram of the Turkish word &#8216;kitap&#8217; (book)&mdash;was published on the occasion of G&uuml;&ccedil;l&uuml; &Ouml;ztekin&rsquo;s exhibition <em>Topsy-Turvy! Selpakla Gorili Bitirdim!<\/em> at Dirimart Dolapdere (18 December 2017&ndash;21 January 2018). Gathering nearly all works produced between 2009 and 2017, the book offers the most extensive insight into the artist&rsquo;s prolific practice. Much like &Ouml;ztekin&rsquo;s exhibitions and sketchbooks, Kipat resists explanation, placing the viewer in direct encounter with his fantastical imagery. Everyday objects and fleeting moments&mdash;a roll of toilet paper, a face, a glimmer of light&mdash;are transformed into scenes that recall cartoons, cinema, and dreamlike narratives.<\/p>\n<p>Designed without hierarchy or fixed sequence, the book embodies &Ouml;ztekin&rsquo;s emphasis on simplicity, disorder, and openness. Each copy is uniquely ordered and numbered by the artist, inviting readers into a world where daily life and the imagination of his alter ego, kaplankadilak, collide. A dialogue on painting, process, and the ordinary accompanies this journey.<\/p>\n<p>Text in English and Turkish.<\/p>\n","protected":false},"excerpt":{"rendered":"<p>Kipat brings together G&uuml;&ccedil;l&uuml; &Ouml;ztekin&rsquo;s works from 2009&ndash;2017, offering a non-linear, wordless journey into his fantastic and ordinary worlds, reflecting both chaos and simplicity. Text in English and Turkish.<br \/>Introduction &#8211; Ceren Erdem<br \/>\nKaplankadilak versus G&uuml;&ccedil;l&uuml; &Ouml;ztekin<br \/>\nList of Works<br \/>\nWorks<\/p>\n","protected":false},"featured_media":72117,"template":"","meta":{"_acf_changed":false,"_relevanssi_hide_post":"","_relevanssi_hide_content":"","_relevanssi_pin_for_all":"","_relevanssi_pin_keywords":"","_relevanssi_unpin_keywords":"","_relevanssi_related_keywords":"","_relevanssi_related_include_ids":"","_relevanssi_related_exclude_ids":"","_relevanssi_related_no_append":"","_relevanssi_related_not_related":"","_relevanssi_related_posts":"","_relevanssi_noindex_reason":""},"product_brand":[],"product_cat":[5568],"product_tag":[],"class_list":{"0":"post-71959","1":"product","2":"type-product","3":"status-publish","4":"has-post-thumbnail","6":"product_cat-art","7":"author-by-author-guclu-oztekin","8":"publisher-dirimart","10":"first","11":"instock","12":"shipping-taxable","13":"purchasable","14":"product-type-simple"},"acf":[],"yoast_head":"<!-- This site is optimized with the Yoast SEO plugin v27.0 - https:\/\/yoast.com\/product\/yoast-seo-wordpress\/ -->\n<title>Kaplankadilak Kipat - ACC Art Books UK<\/title>\n<meta name=\"description\" content=\"Title: Kaplankadilak Kipat, Pages: 224 Pages, Publish Date: 23rd Feb 2026, Author: G\u00fc\u00e7l\u00fc \u00d6ztekin, ISBN: 9786055815462. Kipat brings together G&uuml;&ccedil;l&uuml; &Ouml;ztekin&rsquo;s works from 2009&ndash;2017, offering a non-linear, wordless journey into his fantastic and ordinary worlds, reflecting both chaos and simplicity. Text in English and Turkish.Introduction - Ceren Erdem Kaplankadilak versus G&uuml;&ccedil;l&uuml; &Ouml;ztekin List of Works Works\" \/>\n<meta name=\"robots\" content=\"index, follow, max-snippet:-1, max-image-preview:large, max-video-preview:-1\" \/>\n<link rel=\"canonical\" href=\"https:\/\/www.accartbooks.com\/uk\/book\/kaplankadilak-kipat\/\" \/>\n<meta property=\"og:locale\" content=\"en_GB\" \/>\n<meta property=\"og:type\" content=\"article\" \/>\n<meta property=\"og:title\" content=\"Kaplankadilak Kipat - ACC Art Books UK\" \/>\n<meta property=\"og:description\" content=\"Title: Kaplankadilak Kipat, Pages: 224 Pages, Publish Date: 23rd Feb 2026, Author: G\u00fc\u00e7l\u00fc \u00d6ztekin, ISBN: 9786055815462. Kipat brings together G&uuml;&ccedil;l&uuml; &Ouml;ztekin&rsquo;s works from 2009&ndash;2017, offering a non-linear, wordless journey into his fantastic and ordinary worlds, reflecting both chaos and simplicity. Text in English and Turkish.Introduction - Ceren Erdem Kaplankadilak versus G&uuml;&ccedil;l&uuml; &Ouml;ztekin List of Works Works\" \/>\n<meta property=\"og:url\" content=\"https:\/\/www.accartbooks.com\/uk\/book\/kaplankadilak-kipat\/\" \/>\n<meta property=\"og:site_name\" content=\"ACC Art Books UK\" \/>\n<meta property=\"article:publisher\" content=\"https:\/\/www.facebook.com\/ACCArtBooks\/\" \/>\n<meta property=\"article:modified_time\" content=\"2026-02-28T06:22:42+00:00\" \/>\n<meta name=\"twitter:card\" content=\"summary_large_image\" \/>\n<meta name=\"twitter:site\" content=\"@accartbooks\" \/>\n<meta name=\"twitter:label1\" content=\"Estimated reading time\" \/>\n\t<meta name=\"twitter:data1\" content=\"1 minute\" \/>\n<script type=\"application\/ld+json\" class=\"yoast-schema-graph\">{\"@context\":\"https:\/\/schema.org\",\"@graph\":[{\"@type\":\"WebPage\",\"@id\":\"https:\/\/www.accartbooks.com\/uk\/book\/kaplankadilak-kipat\/\",\"url\":\"https:\/\/www.accartbooks.com\/uk\/book\/kaplankadilak-kipat\/\",\"name\":\"Kaplankadilak Kipat - ACC Art Books UK\",\"isPartOf\":{\"@id\":\"https:\/\/www.accartbooks.com\/uk\/#website\"},\"primaryImageOfPage\":{\"@id\":\"https:\/\/www.accartbooks.com\/uk\/book\/kaplankadilak-kipat\/#primaryimage\"},\"image\":{\"@id\":\"https:\/\/www.accartbooks.com\/uk\/book\/kaplankadilak-kipat\/#primaryimage\"},\"thumbnailUrl\":\"https:\/\/www.accartbooks.com\/app\/uploads\/books\/9786055815462-04-2.jpg\",\"datePublished\":\"2025-11-19T08:20:48+00:00\",\"dateModified\":\"2026-02-28T06:22:42+00:00\",\"description\":\"Title: Kaplankadilak Kipat, Pages: 224 Pages, Publish Date: 23rd Feb 2026, Author: G\u00fc\u00e7l\u00fc \u00d6ztekin, ISBN: 9786055815462. Kipat brings together G&uuml;&ccedil;l&uuml; &Ouml;ztekin&rsquo;s works from 2009&ndash;2017, offering a non-linear, wordless journey into his fantastic and ordinary worlds, reflecting both chaos and simplicity. Text in English and Turkish.Introduction - Ceren Erdem Kaplankadilak versus G&uuml;&ccedil;l&uuml; &Ouml;ztekin List of Works Works\",\"breadcrumb\":{\"@id\":\"https:\/\/www.accartbooks.com\/uk\/book\/kaplankadilak-kipat\/#breadcrumb\"},\"inLanguage\":\"en-GB\",\"potentialAction\":[{\"@type\":\"ReadAction\",\"target\":[\"https:\/\/www.accartbooks.com\/uk\/book\/kaplankadilak-kipat\/\"]}]},{\"@type\":\"ImageObject\",\"inLanguage\":\"en-GB\",\"@id\":\"https:\/\/www.accartbooks.com\/uk\/book\/kaplankadilak-kipat\/#primaryimage\",\"url\":\"https:\/\/www.accartbooks.com\/app\/uploads\/books\/9786055815462-04-2.jpg\",\"contentUrl\":\"https:\/\/www.accartbooks.com\/app\/uploads\/books\/9786055815462-04-2.jpg\",\"width\":1400,\"height\":1974},{\"@type\":\"BreadcrumbList\",\"@id\":\"https:\/\/www.accartbooks.com\/uk\/book\/kaplankadilak-kipat\/#breadcrumb\",\"itemListElement\":[{\"@type\":\"ListItem\",\"position\":1,\"name\":\"Home\",\"item\":\"https:\/\/www.accartbooks.com\/uk\/\"},{\"@type\":\"ListItem\",\"position\":2,\"name\":\"Books\",\"item\":\"https:\/\/www.accartbooks.com\/uk\/books\/\"},{\"@type\":\"ListItem\",\"position\":3,\"name\":\"Kaplankadilak Kipat\"}]},{\"@type\":\"WebSite\",\"@id\":\"https:\/\/www.accartbooks.com\/uk\/#website\",\"url\":\"https:\/\/www.accartbooks.com\/uk\/\",\"name\":\"ACC Art Books UK\",\"description\":\"One of the world\u2019s leading publishers and distributors of books on the arts and visual culture\",\"publisher\":{\"@id\":\"https:\/\/www.accartbooks.com\/uk\/#organization\"},\"potentialAction\":[{\"@type\":\"SearchAction\",\"target\":{\"@type\":\"EntryPoint\",\"urlTemplate\":\"https:\/\/www.accartbooks.com\/uk\/?s={search_term_string}\"},\"query-input\":{\"@type\":\"PropertyValueSpecification\",\"valueRequired\":true,\"valueName\":\"search_term_string\"}}],\"inLanguage\":\"en-GB\"},{\"@type\":\"Organization\",\"@id\":\"https:\/\/www.accartbooks.com\/uk\/#organization\",\"name\":\"ACC Art Books UK\",\"url\":\"https:\/\/www.accartbooks.com\/uk\/\",\"logo\":{\"@type\":\"ImageObject\",\"inLanguage\":\"en-GB\",\"@id\":\"https:\/\/www.accartbooks.com\/uk\/#\/schema\/logo\/image\/\",\"url\":\"https:\/\/www.accartbooks.com\/app\/uploads\/2020\/05\/Acc-Logo.png\",\"contentUrl\":\"https:\/\/www.accartbooks.com\/app\/uploads\/2020\/05\/Acc-Logo.png\",\"width\":64,\"height\":100,\"caption\":\"ACC Art Books UK\"},\"image\":{\"@id\":\"https:\/\/www.accartbooks.com\/uk\/#\/schema\/logo\/image\/\"},\"sameAs\":[\"https:\/\/www.facebook.com\/ACCArtBooks\/\",\"https:\/\/x.com\/accartbooks\"]}]}<\/script>\n<!-- \/ Yoast SEO plugin. -->","yoast_head_json":{"title":"Kaplankadilak Kipat - ACC Art Books UK","description":"Title: Kaplankadilak Kipat, Pages: 224 Pages, Publish Date: 23rd Feb 2026, Author: G\u00fc\u00e7l\u00fc \u00d6ztekin, ISBN: 9786055815462. Kipat brings together G&uuml;&ccedil;l&uuml; &Ouml;ztekin&rsquo;s works from 2009&ndash;2017, offering a non-linear, wordless journey into his fantastic and ordinary worlds, reflecting both chaos and simplicity. Text in English and Turkish.Introduction - Ceren Erdem Kaplankadilak versus G&uuml;&ccedil;l&uuml; &Ouml;ztekin List of Works Works","robots":{"index":"index","follow":"follow","max-snippet":"max-snippet:-1","max-image-preview":"max-image-preview:large","max-video-preview":"max-video-preview:-1"},"canonical":"https:\/\/www.accartbooks.com\/uk\/book\/kaplankadilak-kipat\/","og_locale":"en_GB","og_type":"article","og_title":"Kaplankadilak Kipat - ACC Art Books UK","og_description":"Title: Kaplankadilak Kipat, Pages: 224 Pages, Publish Date: 23rd Feb 2026, Author: G\u00fc\u00e7l\u00fc \u00d6ztekin, ISBN: 9786055815462. Kipat brings together G&uuml;&ccedil;l&uuml; &Ouml;ztekin&rsquo;s works from 2009&ndash;2017, offering a non-linear, wordless journey into his fantastic and ordinary worlds, reflecting both chaos and simplicity. Text in English and Turkish.Introduction - Ceren Erdem Kaplankadilak versus G&uuml;&ccedil;l&uuml; &Ouml;ztekin List of Works Works","og_url":"https:\/\/www.accartbooks.com\/uk\/book\/kaplankadilak-kipat\/","og_site_name":"ACC Art Books UK","article_publisher":"https:\/\/www.facebook.com\/ACCArtBooks\/","article_modified_time":"2026-02-28T06:22:42+00:00","twitter_card":"summary_large_image","twitter_site":"@accartbooks","twitter_misc":{"Estimated reading time":"1 minute"},"schema":{"@context":"https:\/\/schema.org","@graph":[{"@type":"WebPage","@id":"https:\/\/www.accartbooks.com\/uk\/book\/kaplankadilak-kipat\/","url":"https:\/\/www.accartbooks.com\/uk\/book\/kaplankadilak-kipat\/","name":"Kaplankadilak Kipat - ACC Art Books UK","isPartOf":{"@id":"https:\/\/www.accartbooks.com\/uk\/#website"},"primaryImageOfPage":{"@id":"https:\/\/www.accartbooks.com\/uk\/book\/kaplankadilak-kipat\/#primaryimage"},"image":{"@id":"https:\/\/www.accartbooks.com\/uk\/book\/kaplankadilak-kipat\/#primaryimage"},"thumbnailUrl":"https:\/\/www.accartbooks.com\/app\/uploads\/books\/9786055815462-04-2.jpg","datePublished":"2025-11-19T08:20:48+00:00","dateModified":"2026-02-28T06:22:42+00:00","description":"Title: Kaplankadilak Kipat, Pages: 224 Pages, Publish Date: 23rd Feb 2026, Author: G\u00fc\u00e7l\u00fc \u00d6ztekin, ISBN: 9786055815462. Kipat brings together G&uuml;&ccedil;l&uuml; &Ouml;ztekin&rsquo;s works from 2009&ndash;2017, offering a non-linear, wordless journey into his fantastic and ordinary worlds, reflecting both chaos and simplicity. Text in English and Turkish.Introduction - Ceren Erdem Kaplankadilak versus G&uuml;&ccedil;l&uuml; &Ouml;ztekin List of Works Works","breadcrumb":{"@id":"https:\/\/www.accartbooks.com\/uk\/book\/kaplankadilak-kipat\/#breadcrumb"},"inLanguage":"en-GB","potentialAction":[{"@type":"ReadAction","target":["https:\/\/www.accartbooks.com\/uk\/book\/kaplankadilak-kipat\/"]}]},{"@type":"ImageObject","inLanguage":"en-GB","@id":"https:\/\/www.accartbooks.com\/uk\/book\/kaplankadilak-kipat\/#primaryimage","url":"https:\/\/www.accartbooks.com\/app\/uploads\/books\/9786055815462-04-2.jpg","contentUrl":"https:\/\/www.accartbooks.com\/app\/uploads\/books\/9786055815462-04-2.jpg","width":1400,"height":1974},{"@type":"BreadcrumbList","@id":"https:\/\/www.accartbooks.com\/uk\/book\/kaplankadilak-kipat\/#breadcrumb","itemListElement":[{"@type":"ListItem","position":1,"name":"Home","item":"https:\/\/www.accartbooks.com\/uk\/"},{"@type":"ListItem","position":2,"name":"Books","item":"https:\/\/www.accartbooks.com\/uk\/books\/"},{"@type":"ListItem","position":3,"name":"Kaplankadilak Kipat"}]},{"@type":"WebSite","@id":"https:\/\/www.accartbooks.com\/uk\/#website","url":"https:\/\/www.accartbooks.com\/uk\/","name":"ACC Art Books UK","description":"One of the world\u2019s leading publishers and distributors of books on the arts and visual culture","publisher":{"@id":"https:\/\/www.accartbooks.com\/uk\/#organization"},"potentialAction":[{"@type":"SearchAction","target":{"@type":"EntryPoint","urlTemplate":"https:\/\/www.accartbooks.com\/uk\/?s={search_term_string}"},"query-input":{"@type":"PropertyValueSpecification","valueRequired":true,"valueName":"search_term_string"}}],"inLanguage":"en-GB"},{"@type":"Organization","@id":"https:\/\/www.accartbooks.com\/uk\/#organization","name":"ACC Art Books UK","url":"https:\/\/www.accartbooks.com\/uk\/","logo":{"@type":"ImageObject","inLanguage":"en-GB","@id":"https:\/\/www.accartbooks.com\/uk\/#\/schema\/logo\/image\/","url":"https:\/\/www.accartbooks.com\/app\/uploads\/2020\/05\/Acc-Logo.png","contentUrl":"https:\/\/www.accartbooks.com\/app\/uploads\/2020\/05\/Acc-Logo.png","width":64,"height":100,"caption":"ACC Art Books UK"},"image":{"@id":"https:\/\/www.accartbooks.com\/uk\/#\/schema\/logo\/image\/"},"sameAs":["https:\/\/www.facebook.com\/ACCArtBooks\/","https:\/\/x.com\/accartbooks"]}]}},"_links":{"self":[{"href":"https:\/\/www.accartbooks.com\/uk\/wp-json\/wp\/v2\/product\/71959","targetHints":{"allow":["GET"]}}],"collection":[{"href":"https:\/\/www.accartbooks.com\/uk\/wp-json\/wp\/v2\/product"}],"about":[{"href":"https:\/\/www.accartbooks.com\/uk\/wp-json\/wp\/v2\/types\/product"}],"wp:featuredmedia":[{"embeddable":true,"href":"https:\/\/www.accartbooks.com\/uk\/wp-json\/wp\/v2\/media\/72117"}],"wp:attachment":[{"href":"https:\/\/www.accartbooks.com\/uk\/wp-json\/wp\/v2\/media?parent=71959"}],"wp:term":[{"taxonomy":"product_brand","embeddable":true,"href":"https:\/\/www.accartbooks.com\/uk\/wp-json\/wp\/v2\/product_brand?post=71959"},{"taxonomy":"product_cat","embeddable":true,"href":"https:\/\/www.accartbooks.com\/uk\/wp-json\/wp\/v2\/product_cat?post=71959"},{"taxonomy":"product_tag","embeddable":true,"href":"https:\/\/www.accartbooks.com\/uk\/wp-json\/wp\/v2\/product_tag?post=71959"}],"curies":[{"name":"wp","href":"https:\/\/api.w.org\/{rel}","templated":true}]}}