{"id":71961,"date":"2025-11-19T08:21:03","date_gmt":"2025-11-19T08:21:03","guid":{"rendered":"https:\/\/www.accartbooks.com\/uk\/book\/overworked-cagla-ulusoy\/"},"modified":"2026-02-24T16:10:34","modified_gmt":"2026-02-24T16:10:34","slug":"overworked-cagla-ulusoy","status":"publish","type":"product","link":"https:\/\/www.accartbooks.com\/uk\/book\/overworked-cagla-ulusoy\/","title":{"rendered":"OVERWORKED: \u00c7a\u011fla Ulusoy"},"content":{"rendered":"<p>This artist&rsquo;s book features a selection of &Ccedil;a&#287;la Ulusoy&rsquo;s abstract paintings distinguished by her unique visual language and colour palette, accompanied by collages that reflect the processes behind her practice. In her paintings, Ulusoy reshapes lived experiences from various cultures and traditions through an abstract visual language, infusing them with subconscious memories and imagery. Her collages, on the other hand, re-imagine her works within a hybrid narrative and fantastical universe, incorporating adorned figures and scenes. Comprising 83 selected paintings &mdash; which Ulusoy creates with materials such as acrylic, oil paint, sand, and wax and in which harmony and friction coexist on the same surface and the balance between colour and form is constantly challenged &mdash; and the collages accompanying them, the book deciphers the artist&rsquo;s multilayered and uncanny visual language.<\/p>\n","protected":false},"excerpt":{"rendered":"<p>A journey through &Ccedil;a&#287;la Ulusoy&rsquo;s vivid abstractions and collages, blending memory, hybrid narratives, and materials in a vibrant, uncanny visual language.<br \/>Paintings &amp; Collages,<br \/>\nList of Works,<br \/>\nColophon,<br \/>\nStickers<\/p>\n","protected":false},"featured_media":72127,"template":"","meta":{"_acf_changed":false,"_relevanssi_hide_post":"","_relevanssi_hide_content":"","_relevanssi_pin_for_all":"","_relevanssi_pin_keywords":"","_relevanssi_unpin_keywords":"","_relevanssi_related_keywords":"","_relevanssi_related_include_ids":"","_relevanssi_related_exclude_ids":"","_relevanssi_related_no_append":"","_relevanssi_related_not_related":"","_relevanssi_related_posts":"","_relevanssi_noindex_reason":""},"product_brand":[],"product_cat":[5568],"product_tag":[],"class_list":{"0":"post-71961","1":"product","2":"type-product","3":"status-publish","4":"has-post-thumbnail","6":"product_cat-art","7":"author-by-artist-cagla-ulusoy","8":"publisher-dirimart","10":"first","11":"instock","12":"shipping-taxable","13":"purchasable","14":"product-type-simple"},"acf":[],"yoast_head":"<!-- This site is optimized with the Yoast SEO plugin v27.0 - https:\/\/yoast.com\/product\/yoast-seo-wordpress\/ -->\n<title>OVERWORKED: \u00c7a\u011fla Ulusoy - ACC Art Books UK<\/title>\n<meta name=\"description\" content=\"Title: OVERWORKED: \u00c7a\u011fla Ulusoy, Pages: 272 Pages, Publish Date: 23rd Feb 2026, Author: By (artist) \u00c7a\u011fla Ulusoy, ISBN: 9786055815707. A journey through &Ccedil;a&#287;la Ulusoy&rsquo;s vivid abstractions and collages, blending memory, hybrid narratives, and materials in a vibrant, uncanny visual language.Paintings &amp; Collages, List of Works, Colophon, Stickers\" \/>\n<meta name=\"robots\" content=\"index, follow, max-snippet:-1, max-image-preview:large, max-video-preview:-1\" \/>\n<link rel=\"canonical\" href=\"https:\/\/www.accartbooks.com\/uk\/book\/overworked-cagla-ulusoy\/\" \/>\n<meta property=\"og:locale\" content=\"en_GB\" \/>\n<meta property=\"og:type\" content=\"article\" \/>\n<meta property=\"og:title\" content=\"OVERWORKED: \u00c7a\u011fla Ulusoy - ACC Art Books UK\" \/>\n<meta property=\"og:description\" content=\"Title: OVERWORKED: \u00c7a\u011fla Ulusoy, Pages: 272 Pages, Publish Date: 23rd Feb 2026, Author: By (artist) \u00c7a\u011fla Ulusoy, ISBN: 9786055815707. A journey through &Ccedil;a&#287;la Ulusoy&rsquo;s vivid abstractions and collages, blending memory, hybrid narratives, and materials in a vibrant, uncanny visual language.Paintings &amp; Collages, List of Works, Colophon, Stickers\" \/>\n<meta property=\"og:url\" content=\"https:\/\/www.accartbooks.com\/uk\/book\/overworked-cagla-ulusoy\/\" \/>\n<meta property=\"og:site_name\" content=\"ACC Art Books UK\" \/>\n<meta property=\"article:publisher\" content=\"https:\/\/www.facebook.com\/ACCArtBooks\/\" \/>\n<meta property=\"article:modified_time\" content=\"2026-02-24T16:10:34+00:00\" \/>\n<meta name=\"twitter:card\" content=\"summary_large_image\" \/>\n<meta name=\"twitter:site\" content=\"@accartbooks\" \/>\n<meta name=\"twitter:label1\" content=\"Estimated reading time\" \/>\n\t<meta name=\"twitter:data1\" content=\"1 minute\" \/>\n<script type=\"application\/ld+json\" class=\"yoast-schema-graph\">{\"@context\":\"https:\/\/schema.org\",\"@graph\":[{\"@type\":\"WebPage\",\"@id\":\"https:\/\/www.accartbooks.com\/uk\/book\/overworked-cagla-ulusoy\/\",\"url\":\"https:\/\/www.accartbooks.com\/uk\/book\/overworked-cagla-ulusoy\/\",\"name\":\"OVERWORKED: \u00c7a\u011fla Ulusoy - ACC Art Books UK\",\"isPartOf\":{\"@id\":\"https:\/\/www.accartbooks.com\/uk\/#website\"},\"primaryImageOfPage\":{\"@id\":\"https:\/\/www.accartbooks.com\/uk\/book\/overworked-cagla-ulusoy\/#primaryimage\"},\"image\":{\"@id\":\"https:\/\/www.accartbooks.com\/uk\/book\/overworked-cagla-ulusoy\/#primaryimage\"},\"thumbnailUrl\":\"https:\/\/www.accartbooks.com\/app\/uploads\/books\/9786055815707-04-2.jpg\",\"datePublished\":\"2025-11-19T08:21:03+00:00\",\"dateModified\":\"2026-02-24T16:10:34+00:00\",\"description\":\"Title: OVERWORKED: \u00c7a\u011fla Ulusoy, Pages: 272 Pages, Publish Date: 23rd Feb 2026, Author: By (artist) \u00c7a\u011fla Ulusoy, ISBN: 9786055815707. A journey through &Ccedil;a&#287;la Ulusoy&rsquo;s vivid abstractions and collages, blending memory, hybrid narratives, and materials in a vibrant, uncanny visual language.Paintings &amp; Collages, List of Works, Colophon, Stickers\",\"breadcrumb\":{\"@id\":\"https:\/\/www.accartbooks.com\/uk\/book\/overworked-cagla-ulusoy\/#breadcrumb\"},\"inLanguage\":\"en-GB\",\"potentialAction\":[{\"@type\":\"ReadAction\",\"target\":[\"https:\/\/www.accartbooks.com\/uk\/book\/overworked-cagla-ulusoy\/\"]}]},{\"@type\":\"ImageObject\",\"inLanguage\":\"en-GB\",\"@id\":\"https:\/\/www.accartbooks.com\/uk\/book\/overworked-cagla-ulusoy\/#primaryimage\",\"url\":\"https:\/\/www.accartbooks.com\/app\/uploads\/books\/9786055815707-04-2.jpg\",\"contentUrl\":\"https:\/\/www.accartbooks.com\/app\/uploads\/books\/9786055815707-04-2.jpg\",\"width\":1385,\"height\":1200},{\"@type\":\"BreadcrumbList\",\"@id\":\"https:\/\/www.accartbooks.com\/uk\/book\/overworked-cagla-ulusoy\/#breadcrumb\",\"itemListElement\":[{\"@type\":\"ListItem\",\"position\":1,\"name\":\"Home\",\"item\":\"https:\/\/www.accartbooks.com\/uk\/\"},{\"@type\":\"ListItem\",\"position\":2,\"name\":\"Books\",\"item\":\"https:\/\/www.accartbooks.com\/uk\/books\/\"},{\"@type\":\"ListItem\",\"position\":3,\"name\":\"OVERWORKED: \u00c7a\u011fla Ulusoy\"}]},{\"@type\":\"WebSite\",\"@id\":\"https:\/\/www.accartbooks.com\/uk\/#website\",\"url\":\"https:\/\/www.accartbooks.com\/uk\/\",\"name\":\"ACC Art Books UK\",\"description\":\"One of the world\u2019s leading publishers and distributors of books on the arts and visual culture\",\"publisher\":{\"@id\":\"https:\/\/www.accartbooks.com\/uk\/#organization\"},\"potentialAction\":[{\"@type\":\"SearchAction\",\"target\":{\"@type\":\"EntryPoint\",\"urlTemplate\":\"https:\/\/www.accartbooks.com\/uk\/?s={search_term_string}\"},\"query-input\":{\"@type\":\"PropertyValueSpecification\",\"valueRequired\":true,\"valueName\":\"search_term_string\"}}],\"inLanguage\":\"en-GB\"},{\"@type\":\"Organization\",\"@id\":\"https:\/\/www.accartbooks.com\/uk\/#organization\",\"name\":\"ACC Art Books UK\",\"url\":\"https:\/\/www.accartbooks.com\/uk\/\",\"logo\":{\"@type\":\"ImageObject\",\"inLanguage\":\"en-GB\",\"@id\":\"https:\/\/www.accartbooks.com\/uk\/#\/schema\/logo\/image\/\",\"url\":\"https:\/\/www.accartbooks.com\/app\/uploads\/2020\/05\/Acc-Logo.png\",\"contentUrl\":\"https:\/\/www.accartbooks.com\/app\/uploads\/2020\/05\/Acc-Logo.png\",\"width\":64,\"height\":100,\"caption\":\"ACC Art Books UK\"},\"image\":{\"@id\":\"https:\/\/www.accartbooks.com\/uk\/#\/schema\/logo\/image\/\"},\"sameAs\":[\"https:\/\/www.facebook.com\/ACCArtBooks\/\",\"https:\/\/x.com\/accartbooks\"]}]}<\/script>\n<!-- \/ Yoast SEO plugin. -->","yoast_head_json":{"title":"OVERWORKED: \u00c7a\u011fla Ulusoy - ACC Art Books UK","description":"Title: OVERWORKED: \u00c7a\u011fla Ulusoy, Pages: 272 Pages, Publish Date: 23rd Feb 2026, Author: By (artist) \u00c7a\u011fla Ulusoy, ISBN: 9786055815707. A journey through &Ccedil;a&#287;la Ulusoy&rsquo;s vivid abstractions and collages, blending memory, hybrid narratives, and materials in a vibrant, uncanny visual language.Paintings &amp; Collages, List of Works, Colophon, Stickers","robots":{"index":"index","follow":"follow","max-snippet":"max-snippet:-1","max-image-preview":"max-image-preview:large","max-video-preview":"max-video-preview:-1"},"canonical":"https:\/\/www.accartbooks.com\/uk\/book\/overworked-cagla-ulusoy\/","og_locale":"en_GB","og_type":"article","og_title":"OVERWORKED: \u00c7a\u011fla Ulusoy - ACC Art Books UK","og_description":"Title: OVERWORKED: \u00c7a\u011fla Ulusoy, Pages: 272 Pages, Publish Date: 23rd Feb 2026, Author: By (artist) \u00c7a\u011fla Ulusoy, ISBN: 9786055815707. A journey through &Ccedil;a&#287;la Ulusoy&rsquo;s vivid abstractions and collages, blending memory, hybrid narratives, and materials in a vibrant, uncanny visual language.Paintings &amp; Collages, List of Works, Colophon, Stickers","og_url":"https:\/\/www.accartbooks.com\/uk\/book\/overworked-cagla-ulusoy\/","og_site_name":"ACC Art Books UK","article_publisher":"https:\/\/www.facebook.com\/ACCArtBooks\/","article_modified_time":"2026-02-24T16:10:34+00:00","twitter_card":"summary_large_image","twitter_site":"@accartbooks","twitter_misc":{"Estimated reading time":"1 minute"},"schema":{"@context":"https:\/\/schema.org","@graph":[{"@type":"WebPage","@id":"https:\/\/www.accartbooks.com\/uk\/book\/overworked-cagla-ulusoy\/","url":"https:\/\/www.accartbooks.com\/uk\/book\/overworked-cagla-ulusoy\/","name":"OVERWORKED: \u00c7a\u011fla Ulusoy - ACC Art Books UK","isPartOf":{"@id":"https:\/\/www.accartbooks.com\/uk\/#website"},"primaryImageOfPage":{"@id":"https:\/\/www.accartbooks.com\/uk\/book\/overworked-cagla-ulusoy\/#primaryimage"},"image":{"@id":"https:\/\/www.accartbooks.com\/uk\/book\/overworked-cagla-ulusoy\/#primaryimage"},"thumbnailUrl":"https:\/\/www.accartbooks.com\/app\/uploads\/books\/9786055815707-04-2.jpg","datePublished":"2025-11-19T08:21:03+00:00","dateModified":"2026-02-24T16:10:34+00:00","description":"Title: OVERWORKED: \u00c7a\u011fla Ulusoy, Pages: 272 Pages, Publish Date: 23rd Feb 2026, Author: By (artist) \u00c7a\u011fla Ulusoy, ISBN: 9786055815707. A journey through &Ccedil;a&#287;la Ulusoy&rsquo;s vivid abstractions and collages, blending memory, hybrid narratives, and materials in a vibrant, uncanny visual language.Paintings &amp; Collages, List of Works, Colophon, Stickers","breadcrumb":{"@id":"https:\/\/www.accartbooks.com\/uk\/book\/overworked-cagla-ulusoy\/#breadcrumb"},"inLanguage":"en-GB","potentialAction":[{"@type":"ReadAction","target":["https:\/\/www.accartbooks.com\/uk\/book\/overworked-cagla-ulusoy\/"]}]},{"@type":"ImageObject","inLanguage":"en-GB","@id":"https:\/\/www.accartbooks.com\/uk\/book\/overworked-cagla-ulusoy\/#primaryimage","url":"https:\/\/www.accartbooks.com\/app\/uploads\/books\/9786055815707-04-2.jpg","contentUrl":"https:\/\/www.accartbooks.com\/app\/uploads\/books\/9786055815707-04-2.jpg","width":1385,"height":1200},{"@type":"BreadcrumbList","@id":"https:\/\/www.accartbooks.com\/uk\/book\/overworked-cagla-ulusoy\/#breadcrumb","itemListElement":[{"@type":"ListItem","position":1,"name":"Home","item":"https:\/\/www.accartbooks.com\/uk\/"},{"@type":"ListItem","position":2,"name":"Books","item":"https:\/\/www.accartbooks.com\/uk\/books\/"},{"@type":"ListItem","position":3,"name":"OVERWORKED: \u00c7a\u011fla Ulusoy"}]},{"@type":"WebSite","@id":"https:\/\/www.accartbooks.com\/uk\/#website","url":"https:\/\/www.accartbooks.com\/uk\/","name":"ACC Art Books UK","description":"One of the world\u2019s leading publishers and distributors of books on the arts and visual culture","publisher":{"@id":"https:\/\/www.accartbooks.com\/uk\/#organization"},"potentialAction":[{"@type":"SearchAction","target":{"@type":"EntryPoint","urlTemplate":"https:\/\/www.accartbooks.com\/uk\/?s={search_term_string}"},"query-input":{"@type":"PropertyValueSpecification","valueRequired":true,"valueName":"search_term_string"}}],"inLanguage":"en-GB"},{"@type":"Organization","@id":"https:\/\/www.accartbooks.com\/uk\/#organization","name":"ACC Art Books UK","url":"https:\/\/www.accartbooks.com\/uk\/","logo":{"@type":"ImageObject","inLanguage":"en-GB","@id":"https:\/\/www.accartbooks.com\/uk\/#\/schema\/logo\/image\/","url":"https:\/\/www.accartbooks.com\/app\/uploads\/2020\/05\/Acc-Logo.png","contentUrl":"https:\/\/www.accartbooks.com\/app\/uploads\/2020\/05\/Acc-Logo.png","width":64,"height":100,"caption":"ACC Art Books UK"},"image":{"@id":"https:\/\/www.accartbooks.com\/uk\/#\/schema\/logo\/image\/"},"sameAs":["https:\/\/www.facebook.com\/ACCArtBooks\/","https:\/\/x.com\/accartbooks"]}]}},"_links":{"self":[{"href":"https:\/\/www.accartbooks.com\/uk\/wp-json\/wp\/v2\/product\/71961","targetHints":{"allow":["GET"]}}],"collection":[{"href":"https:\/\/www.accartbooks.com\/uk\/wp-json\/wp\/v2\/product"}],"about":[{"href":"https:\/\/www.accartbooks.com\/uk\/wp-json\/wp\/v2\/types\/product"}],"wp:featuredmedia":[{"embeddable":true,"href":"https:\/\/www.accartbooks.com\/uk\/wp-json\/wp\/v2\/media\/72127"}],"wp:attachment":[{"href":"https:\/\/www.accartbooks.com\/uk\/wp-json\/wp\/v2\/media?parent=71961"}],"wp:term":[{"taxonomy":"product_brand","embeddable":true,"href":"https:\/\/www.accartbooks.com\/uk\/wp-json\/wp\/v2\/product_brand?post=71961"},{"taxonomy":"product_cat","embeddable":true,"href":"https:\/\/www.accartbooks.com\/uk\/wp-json\/wp\/v2\/product_cat?post=71961"},{"taxonomy":"product_tag","embeddable":true,"href":"https:\/\/www.accartbooks.com\/uk\/wp-json\/wp\/v2\/product_tag?post=71961"}],"curies":[{"name":"wp","href":"https:\/\/api.w.org\/{rel}","templated":true}]}}