{"id":71962,"date":"2025-11-19T08:21:09","date_gmt":"2025-11-19T08:21:09","guid":{"rendered":"https:\/\/www.accartbooks.com\/uk\/book\/ozlem-gunyol-mustafa-kunt\/"},"modified":"2026-02-27T17:33:59","modified_gmt":"2026-02-27T17:33:59","slug":"ozlem-gunyol-mustafa-kunt","status":"publish","type":"product","link":"https:\/\/www.accartbooks.com\/uk\/book\/ozlem-gunyol-mustafa-kunt\/","title":{"rendered":"\u00d6zlem G\u00fcnyol &#038; Mustafa Kunt"},"content":{"rendered":"<p>Published on the occasion of <em>Ses-li Harfler | Ses-siz Harfler<\/em> at Dirimart (20 February&ndash;24 March 2019), this monograph presents the most comprehensive overview of &Ouml;zlem G&uuml;nyol and Mustafa Kunt&rsquo;s collaborative practice to date, spanning 15 years of production. Living and working in Frankfurt since 2001, the artist duo has developed a body of work that explores geography, politics, language, and systems of measurement through meticulous processes of deconstruction and reconfiguration. The book brings together critical essays by J&ouml;rg Heiser, Banu Karaca, and Erden Kosova, as well as a conversation with Jakob Sturm and Felix Ruh&ouml;fer, offering multiple perspectives on the artists&rsquo; practice. An extensive &ldquo;Works&rdquo; section compiles their output from 2003 onward, tracing their investigations into political symbols, migration, belonging, and collective memory. With rigor and precision, G&uuml;nyol and Kunt transform familiar objects and concepts, opening new possibilities for meaning, and offering courage and hope in re-imagining shared realities.<\/p>\n<p>Text in English and Turkish.<\/p>\n","protected":false},"excerpt":{"rendered":"<p>This monograph spans 15 years of &Ouml;zlem G&uuml;nyol and Mustafa Kunt&rsquo;s collaborative practice, where politics, language, and belonging are deconstructed and transformed into new possibilities of meaning. Text in English and Turkish.<br \/>Introduction (Ceren Erdem)<br \/>\nConstant Transformations (J&ouml;rg Heiser)<br \/>\nReordering the World (Banu Karaca)<br \/>\nBurning Icicles (Erden Kosova)<br \/>\nWorks<br \/>\nAn anecdotal conversation between Jakob Sturm and Felix Ruh&ouml;fer about &Ouml;zlem G&uuml;nyol and Mustafa Kunt<br \/>\nBiographies<br \/>\nIndex of Works<br \/>\nAbout authors<\/p>\n","protected":false},"featured_media":72133,"template":"","meta":{"_acf_changed":false,"_relevanssi_hide_post":"","_relevanssi_hide_content":"","_relevanssi_pin_for_all":"","_relevanssi_pin_keywords":"","_relevanssi_unpin_keywords":"","_relevanssi_related_keywords":"","_relevanssi_related_include_ids":"","_relevanssi_related_exclude_ids":"","_relevanssi_related_no_append":"","_relevanssi_related_not_related":"","_relevanssi_related_posts":"","_relevanssi_noindex_reason":""},"product_brand":[],"product_cat":[5568],"product_tag":[],"class_list":{"0":"post-71962","1":"product","2":"type-product","3":"status-publish","4":"has-post-thumbnail","6":"product_cat-art","7":"author-by-artist-mustafa-kunt","8":"author-by-artist-ozlem-gunyol","9":"author-text-by-banu-karaca","10":"author-text-by-ceren-erdem","11":"author-text-by-erden-kosova","12":"author-text-by-jorg-heiser","13":"publisher-dirimart","15":"first","16":"instock","17":"shipping-taxable","18":"purchasable","19":"product-type-simple"},"acf":[],"yoast_head":"<!-- This site is optimized with the Yoast SEO plugin v27.0 - https:\/\/yoast.com\/product\/yoast-seo-wordpress\/ -->\n<title>\u00d6zlem G\u00fcnyol &amp; Mustafa Kunt - ACC Art Books UK<\/title>\n<meta name=\"description\" content=\"Title: \u00d6zlem G\u00fcnyol &amp; Mustafa Kunt, Pages: 298 Pages, Publish Date: 23rd Feb 2026, Author: By (artist) Mustafa Kunt, By (artist) \u00d6zlem G\u00fcnyol, Text by Banu Karaca, Text by Ceren Erdem, Text by Erden Kosova, Text by Jorg Heiser, ISBN: 9786055815509. This monograph spans 15 years of &Ouml;zlem G&uuml;nyol and Mustafa Kunt&rsquo;s collaborative practice, where politics, language, and belonging are deconstructed and transformed into new possibilities of meaning. Text in English and Turkish.Introduction (Ceren Erdem) Constant Transformations (J&ouml;rg Heiser) Reordering the World (Banu Karaca) Burning Icicles (Erden Kosova) Works An anecdotal conversation between Jakob Sturm and Felix Ruh&ouml;fer about &Ouml;zlem G&uuml;nyol and Mustafa Kunt Biographies Index of Works About authors\" \/>\n<meta name=\"robots\" content=\"index, follow, max-snippet:-1, max-image-preview:large, max-video-preview:-1\" \/>\n<link rel=\"canonical\" href=\"https:\/\/www.accartbooks.com\/uk\/book\/ozlem-gunyol-mustafa-kunt\/\" \/>\n<meta property=\"og:locale\" content=\"en_GB\" \/>\n<meta property=\"og:type\" content=\"article\" \/>\n<meta property=\"og:title\" content=\"\u00d6zlem G\u00fcnyol &amp; Mustafa Kunt - ACC Art Books UK\" \/>\n<meta property=\"og:description\" content=\"Title: \u00d6zlem G\u00fcnyol &amp; Mustafa Kunt, Pages: 298 Pages, Publish Date: 23rd Feb 2026, Author: By (artist) Mustafa Kunt, By (artist) \u00d6zlem G\u00fcnyol, Text by Banu Karaca, Text by Ceren Erdem, Text by Erden Kosova, Text by Jorg Heiser, ISBN: 9786055815509. This monograph spans 15 years of &Ouml;zlem G&uuml;nyol and Mustafa Kunt&rsquo;s collaborative practice, where politics, language, and belonging are deconstructed and transformed into new possibilities of meaning. Text in English and Turkish.Introduction (Ceren Erdem) Constant Transformations (J&ouml;rg Heiser) Reordering the World (Banu Karaca) Burning Icicles (Erden Kosova) Works An anecdotal conversation between Jakob Sturm and Felix Ruh&ouml;fer about &Ouml;zlem G&uuml;nyol and Mustafa Kunt Biographies Index of Works About authors\" \/>\n<meta property=\"og:url\" content=\"https:\/\/www.accartbooks.com\/uk\/book\/ozlem-gunyol-mustafa-kunt\/\" \/>\n<meta property=\"og:site_name\" content=\"ACC Art Books UK\" \/>\n<meta property=\"article:publisher\" content=\"https:\/\/www.facebook.com\/ACCArtBooks\/\" \/>\n<meta property=\"article:modified_time\" content=\"2026-02-27T17:33:59+00:00\" \/>\n<meta name=\"twitter:card\" content=\"summary_large_image\" \/>\n<meta name=\"twitter:site\" content=\"@accartbooks\" \/>\n<meta name=\"twitter:label1\" content=\"Estimated reading time\" \/>\n\t<meta name=\"twitter:data1\" content=\"1 minute\" \/>\n<script type=\"application\/ld+json\" class=\"yoast-schema-graph\">{\"@context\":\"https:\/\/schema.org\",\"@graph\":[{\"@type\":\"WebPage\",\"@id\":\"https:\/\/www.accartbooks.com\/uk\/book\/ozlem-gunyol-mustafa-kunt\/\",\"url\":\"https:\/\/www.accartbooks.com\/uk\/book\/ozlem-gunyol-mustafa-kunt\/\",\"name\":\"\u00d6zlem G\u00fcnyol & Mustafa Kunt - ACC Art Books UK\",\"isPartOf\":{\"@id\":\"https:\/\/www.accartbooks.com\/uk\/#website\"},\"primaryImageOfPage\":{\"@id\":\"https:\/\/www.accartbooks.com\/uk\/book\/ozlem-gunyol-mustafa-kunt\/#primaryimage\"},\"image\":{\"@id\":\"https:\/\/www.accartbooks.com\/uk\/book\/ozlem-gunyol-mustafa-kunt\/#primaryimage\"},\"thumbnailUrl\":\"https:\/\/www.accartbooks.com\/app\/uploads\/books\/9786055815509-04-2.jpg\",\"datePublished\":\"2025-11-19T08:21:09+00:00\",\"dateModified\":\"2026-02-27T17:33:59+00:00\",\"description\":\"Title: \u00d6zlem G\u00fcnyol & Mustafa Kunt, Pages: 298 Pages, Publish Date: 23rd Feb 2026, Author: By (artist) Mustafa Kunt, By (artist) \u00d6zlem G\u00fcnyol, Text by Banu Karaca, Text by Ceren Erdem, Text by Erden Kosova, Text by Jorg Heiser, ISBN: 9786055815509. This monograph spans 15 years of &Ouml;zlem G&uuml;nyol and Mustafa Kunt&rsquo;s collaborative practice, where politics, language, and belonging are deconstructed and transformed into new possibilities of meaning. Text in English and Turkish.Introduction (Ceren Erdem) Constant Transformations (J&ouml;rg Heiser) Reordering the World (Banu Karaca) Burning Icicles (Erden Kosova) Works An anecdotal conversation between Jakob Sturm and Felix Ruh&ouml;fer about &Ouml;zlem G&uuml;nyol and Mustafa Kunt Biographies Index of Works About authors\",\"breadcrumb\":{\"@id\":\"https:\/\/www.accartbooks.com\/uk\/book\/ozlem-gunyol-mustafa-kunt\/#breadcrumb\"},\"inLanguage\":\"en-GB\",\"potentialAction\":[{\"@type\":\"ReadAction\",\"target\":[\"https:\/\/www.accartbooks.com\/uk\/book\/ozlem-gunyol-mustafa-kunt\/\"]}]},{\"@type\":\"ImageObject\",\"inLanguage\":\"en-GB\",\"@id\":\"https:\/\/www.accartbooks.com\/uk\/book\/ozlem-gunyol-mustafa-kunt\/#primaryimage\",\"url\":\"https:\/\/www.accartbooks.com\/app\/uploads\/books\/9786055815509-04-2.jpg\",\"contentUrl\":\"https:\/\/www.accartbooks.com\/app\/uploads\/books\/9786055815509-04-2.jpg\",\"width\":1400,\"height\":1806},{\"@type\":\"BreadcrumbList\",\"@id\":\"https:\/\/www.accartbooks.com\/uk\/book\/ozlem-gunyol-mustafa-kunt\/#breadcrumb\",\"itemListElement\":[{\"@type\":\"ListItem\",\"position\":1,\"name\":\"Home\",\"item\":\"https:\/\/www.accartbooks.com\/uk\/\"},{\"@type\":\"ListItem\",\"position\":2,\"name\":\"Books\",\"item\":\"https:\/\/www.accartbooks.com\/uk\/books\/\"},{\"@type\":\"ListItem\",\"position\":3,\"name\":\"\u00d6zlem G\u00fcnyol &#038; Mustafa Kunt\"}]},{\"@type\":\"WebSite\",\"@id\":\"https:\/\/www.accartbooks.com\/uk\/#website\",\"url\":\"https:\/\/www.accartbooks.com\/uk\/\",\"name\":\"ACC Art Books UK\",\"description\":\"One of the world\u2019s leading publishers and distributors of books on the arts and visual culture\",\"publisher\":{\"@id\":\"https:\/\/www.accartbooks.com\/uk\/#organization\"},\"potentialAction\":[{\"@type\":\"SearchAction\",\"target\":{\"@type\":\"EntryPoint\",\"urlTemplate\":\"https:\/\/www.accartbooks.com\/uk\/?s={search_term_string}\"},\"query-input\":{\"@type\":\"PropertyValueSpecification\",\"valueRequired\":true,\"valueName\":\"search_term_string\"}}],\"inLanguage\":\"en-GB\"},{\"@type\":\"Organization\",\"@id\":\"https:\/\/www.accartbooks.com\/uk\/#organization\",\"name\":\"ACC Art Books UK\",\"url\":\"https:\/\/www.accartbooks.com\/uk\/\",\"logo\":{\"@type\":\"ImageObject\",\"inLanguage\":\"en-GB\",\"@id\":\"https:\/\/www.accartbooks.com\/uk\/#\/schema\/logo\/image\/\",\"url\":\"https:\/\/www.accartbooks.com\/app\/uploads\/2020\/05\/Acc-Logo.png\",\"contentUrl\":\"https:\/\/www.accartbooks.com\/app\/uploads\/2020\/05\/Acc-Logo.png\",\"width\":64,\"height\":100,\"caption\":\"ACC Art Books UK\"},\"image\":{\"@id\":\"https:\/\/www.accartbooks.com\/uk\/#\/schema\/logo\/image\/\"},\"sameAs\":[\"https:\/\/www.facebook.com\/ACCArtBooks\/\",\"https:\/\/x.com\/accartbooks\"]}]}<\/script>\n<!-- \/ Yoast SEO plugin. -->","yoast_head_json":{"title":"\u00d6zlem G\u00fcnyol & Mustafa Kunt - ACC Art Books UK","description":"Title: \u00d6zlem G\u00fcnyol & Mustafa Kunt, Pages: 298 Pages, Publish Date: 23rd Feb 2026, Author: By (artist) Mustafa Kunt, By (artist) \u00d6zlem G\u00fcnyol, Text by Banu Karaca, Text by Ceren Erdem, Text by Erden Kosova, Text by Jorg Heiser, ISBN: 9786055815509. This monograph spans 15 years of &Ouml;zlem G&uuml;nyol and Mustafa Kunt&rsquo;s collaborative practice, where politics, language, and belonging are deconstructed and transformed into new possibilities of meaning. Text in English and Turkish.Introduction (Ceren Erdem) Constant Transformations (J&ouml;rg Heiser) Reordering the World (Banu Karaca) Burning Icicles (Erden Kosova) Works An anecdotal conversation between Jakob Sturm and Felix Ruh&ouml;fer about &Ouml;zlem G&uuml;nyol and Mustafa Kunt Biographies Index of Works About authors","robots":{"index":"index","follow":"follow","max-snippet":"max-snippet:-1","max-image-preview":"max-image-preview:large","max-video-preview":"max-video-preview:-1"},"canonical":"https:\/\/www.accartbooks.com\/uk\/book\/ozlem-gunyol-mustafa-kunt\/","og_locale":"en_GB","og_type":"article","og_title":"\u00d6zlem G\u00fcnyol & Mustafa Kunt - ACC Art Books UK","og_description":"Title: \u00d6zlem G\u00fcnyol & Mustafa Kunt, Pages: 298 Pages, Publish Date: 23rd Feb 2026, Author: By (artist) Mustafa Kunt, By (artist) \u00d6zlem G\u00fcnyol, Text by Banu Karaca, Text by Ceren Erdem, Text by Erden Kosova, Text by Jorg Heiser, ISBN: 9786055815509. This monograph spans 15 years of &Ouml;zlem G&uuml;nyol and Mustafa Kunt&rsquo;s collaborative practice, where politics, language, and belonging are deconstructed and transformed into new possibilities of meaning. Text in English and Turkish.Introduction (Ceren Erdem) Constant Transformations (J&ouml;rg Heiser) Reordering the World (Banu Karaca) Burning Icicles (Erden Kosova) Works An anecdotal conversation between Jakob Sturm and Felix Ruh&ouml;fer about &Ouml;zlem G&uuml;nyol and Mustafa Kunt Biographies Index of Works About authors","og_url":"https:\/\/www.accartbooks.com\/uk\/book\/ozlem-gunyol-mustafa-kunt\/","og_site_name":"ACC Art Books UK","article_publisher":"https:\/\/www.facebook.com\/ACCArtBooks\/","article_modified_time":"2026-02-27T17:33:59+00:00","twitter_card":"summary_large_image","twitter_site":"@accartbooks","twitter_misc":{"Estimated reading time":"1 minute"},"schema":{"@context":"https:\/\/schema.org","@graph":[{"@type":"WebPage","@id":"https:\/\/www.accartbooks.com\/uk\/book\/ozlem-gunyol-mustafa-kunt\/","url":"https:\/\/www.accartbooks.com\/uk\/book\/ozlem-gunyol-mustafa-kunt\/","name":"\u00d6zlem G\u00fcnyol & Mustafa Kunt - ACC Art Books UK","isPartOf":{"@id":"https:\/\/www.accartbooks.com\/uk\/#website"},"primaryImageOfPage":{"@id":"https:\/\/www.accartbooks.com\/uk\/book\/ozlem-gunyol-mustafa-kunt\/#primaryimage"},"image":{"@id":"https:\/\/www.accartbooks.com\/uk\/book\/ozlem-gunyol-mustafa-kunt\/#primaryimage"},"thumbnailUrl":"https:\/\/www.accartbooks.com\/app\/uploads\/books\/9786055815509-04-2.jpg","datePublished":"2025-11-19T08:21:09+00:00","dateModified":"2026-02-27T17:33:59+00:00","description":"Title: \u00d6zlem G\u00fcnyol & Mustafa Kunt, Pages: 298 Pages, Publish Date: 23rd Feb 2026, Author: By (artist) Mustafa Kunt, By (artist) \u00d6zlem G\u00fcnyol, Text by Banu Karaca, Text by Ceren Erdem, Text by Erden Kosova, Text by Jorg Heiser, ISBN: 9786055815509. This monograph spans 15 years of &Ouml;zlem G&uuml;nyol and Mustafa Kunt&rsquo;s collaborative practice, where politics, language, and belonging are deconstructed and transformed into new possibilities of meaning. Text in English and Turkish.Introduction (Ceren Erdem) Constant Transformations (J&ouml;rg Heiser) Reordering the World (Banu Karaca) Burning Icicles (Erden Kosova) Works An anecdotal conversation between Jakob Sturm and Felix Ruh&ouml;fer about &Ouml;zlem G&uuml;nyol and Mustafa Kunt Biographies Index of Works About authors","breadcrumb":{"@id":"https:\/\/www.accartbooks.com\/uk\/book\/ozlem-gunyol-mustafa-kunt\/#breadcrumb"},"inLanguage":"en-GB","potentialAction":[{"@type":"ReadAction","target":["https:\/\/www.accartbooks.com\/uk\/book\/ozlem-gunyol-mustafa-kunt\/"]}]},{"@type":"ImageObject","inLanguage":"en-GB","@id":"https:\/\/www.accartbooks.com\/uk\/book\/ozlem-gunyol-mustafa-kunt\/#primaryimage","url":"https:\/\/www.accartbooks.com\/app\/uploads\/books\/9786055815509-04-2.jpg","contentUrl":"https:\/\/www.accartbooks.com\/app\/uploads\/books\/9786055815509-04-2.jpg","width":1400,"height":1806},{"@type":"BreadcrumbList","@id":"https:\/\/www.accartbooks.com\/uk\/book\/ozlem-gunyol-mustafa-kunt\/#breadcrumb","itemListElement":[{"@type":"ListItem","position":1,"name":"Home","item":"https:\/\/www.accartbooks.com\/uk\/"},{"@type":"ListItem","position":2,"name":"Books","item":"https:\/\/www.accartbooks.com\/uk\/books\/"},{"@type":"ListItem","position":3,"name":"\u00d6zlem G\u00fcnyol &#038; Mustafa Kunt"}]},{"@type":"WebSite","@id":"https:\/\/www.accartbooks.com\/uk\/#website","url":"https:\/\/www.accartbooks.com\/uk\/","name":"ACC Art Books UK","description":"One of the world\u2019s leading publishers and distributors of books on the arts and visual culture","publisher":{"@id":"https:\/\/www.accartbooks.com\/uk\/#organization"},"potentialAction":[{"@type":"SearchAction","target":{"@type":"EntryPoint","urlTemplate":"https:\/\/www.accartbooks.com\/uk\/?s={search_term_string}"},"query-input":{"@type":"PropertyValueSpecification","valueRequired":true,"valueName":"search_term_string"}}],"inLanguage":"en-GB"},{"@type":"Organization","@id":"https:\/\/www.accartbooks.com\/uk\/#organization","name":"ACC Art Books UK","url":"https:\/\/www.accartbooks.com\/uk\/","logo":{"@type":"ImageObject","inLanguage":"en-GB","@id":"https:\/\/www.accartbooks.com\/uk\/#\/schema\/logo\/image\/","url":"https:\/\/www.accartbooks.com\/app\/uploads\/2020\/05\/Acc-Logo.png","contentUrl":"https:\/\/www.accartbooks.com\/app\/uploads\/2020\/05\/Acc-Logo.png","width":64,"height":100,"caption":"ACC Art Books UK"},"image":{"@id":"https:\/\/www.accartbooks.com\/uk\/#\/schema\/logo\/image\/"},"sameAs":["https:\/\/www.facebook.com\/ACCArtBooks\/","https:\/\/x.com\/accartbooks"]}]}},"_links":{"self":[{"href":"https:\/\/www.accartbooks.com\/uk\/wp-json\/wp\/v2\/product\/71962","targetHints":{"allow":["GET"]}}],"collection":[{"href":"https:\/\/www.accartbooks.com\/uk\/wp-json\/wp\/v2\/product"}],"about":[{"href":"https:\/\/www.accartbooks.com\/uk\/wp-json\/wp\/v2\/types\/product"}],"wp:featuredmedia":[{"embeddable":true,"href":"https:\/\/www.accartbooks.com\/uk\/wp-json\/wp\/v2\/media\/72133"}],"wp:attachment":[{"href":"https:\/\/www.accartbooks.com\/uk\/wp-json\/wp\/v2\/media?parent=71962"}],"wp:term":[{"taxonomy":"product_brand","embeddable":true,"href":"https:\/\/www.accartbooks.com\/uk\/wp-json\/wp\/v2\/product_brand?post=71962"},{"taxonomy":"product_cat","embeddable":true,"href":"https:\/\/www.accartbooks.com\/uk\/wp-json\/wp\/v2\/product_cat?post=71962"},{"taxonomy":"product_tag","embeddable":true,"href":"https:\/\/www.accartbooks.com\/uk\/wp-json\/wp\/v2\/product_tag?post=71962"}],"curies":[{"name":"wp","href":"https:\/\/api.w.org\/{rel}","templated":true}]}}