{"id":73141,"date":"2026-01-05T18:10:21","date_gmt":"2026-01-05T18:10:21","guid":{"rendered":"https:\/\/www.accartbooks.com\/uk\/book\/chateau-rayas\/"},"modified":"2026-04-15T19:10:26","modified_gmt":"2026-04-15T19:10:26","slug":"chateau-rayas","status":"publish","type":"product","link":"https:\/\/www.accartbooks.com\/uk\/book\/chateau-rayas\/","title":{"rendered":"Ch\u00e2teau Rayas"},"content":{"rendered":"<p>This book is exceptional. It is the first work devoted to the wines of Ch&acirc;teau Rayas.<\/p>\n<p>Rayas is not a wine like any other. It is a myth, a mystery, a monument of rare purity. Those who have had the chance to taste it know that it is much more than just a grape variety. It is a legend, a mystery, a monument of rare purity. It is the song of the earth that is captured here, through the sand and light, the silence of the forests, the time that this wine carries within it.<\/p>\n<p>Page after page, this book opens the doors to a world that rarely shows itself and therefore remains a legend for many.<\/p>\n","protected":false},"excerpt":{"rendered":"<p>The first work devoted to the wines of Ch&acirc;teau Rayas, and an homage to a wine, a place, and a family.<\/p>\n","protected":false},"featured_media":73142,"template":"","meta":{"_acf_changed":false,"_relevanssi_hide_post":"","_relevanssi_hide_content":"","_relevanssi_pin_for_all":"","_relevanssi_pin_keywords":"","_relevanssi_unpin_keywords":"","_relevanssi_related_keywords":"","_relevanssi_related_include_ids":"","_relevanssi_related_exclude_ids":"","_relevanssi_related_no_append":"","_relevanssi_related_not_related":"","_relevanssi_related_posts":"","_relevanssi_noindex_reason":""},"product_brand":[],"product_cat":[5752],"product_tag":[],"class_list":{"0":"post-73141","1":"product","2":"type-product","3":"status-publish","4":"has-post-thumbnail","6":"product_cat-food-drink","7":"author-edited-by-jerome-neutres","8":"author-edited-by-laure-gasparotto","9":"author-photographs-by-ferrante-ferranti","10":"publisher-silvana","12":"first","13":"instock","14":"shipping-taxable","15":"purchasable","16":"product-type-simple"},"acf":[],"yoast_head":"<!-- This site is optimized with the Yoast SEO plugin v27.0 - https:\/\/yoast.com\/product\/yoast-seo-wordpress\/ -->\n<title>Ch\u00e2teau Rayas - ACC Art Books UK<\/title>\n<meta name=\"description\" content=\"Title: Ch\u00e2teau Rayas, Pages: 224 Pages, Publish Date: 14th Jan 2026, Author: Edited by J\u00e9r\u00f4me Neutres, Edited by Laure Gasparotto, Photographs by Ferrante Ferranti, ISBN: 9788836648481. The first work devoted to the wines of Ch&acirc;teau Rayas, and an homage to a wine, a place, and a family.\" \/>\n<meta name=\"robots\" content=\"index, follow, max-snippet:-1, max-image-preview:large, max-video-preview:-1\" \/>\n<link rel=\"canonical\" href=\"https:\/\/www.accartbooks.com\/uk\/book\/chateau-rayas\/\" \/>\n<meta property=\"og:locale\" content=\"en_GB\" \/>\n<meta property=\"og:type\" content=\"article\" \/>\n<meta property=\"og:title\" content=\"Ch\u00e2teau Rayas - ACC Art Books UK\" \/>\n<meta property=\"og:description\" content=\"Title: Ch\u00e2teau Rayas, Pages: 224 Pages, Publish Date: 14th Jan 2026, Author: Edited by J\u00e9r\u00f4me Neutres, Edited by Laure Gasparotto, Photographs by Ferrante Ferranti, ISBN: 9788836648481. The first work devoted to the wines of Ch&acirc;teau Rayas, and an homage to a wine, a place, and a family.\" \/>\n<meta property=\"og:url\" content=\"https:\/\/www.accartbooks.com\/uk\/book\/chateau-rayas\/\" \/>\n<meta property=\"og:site_name\" content=\"ACC Art Books UK\" \/>\n<meta property=\"article:publisher\" content=\"https:\/\/www.facebook.com\/ACCArtBooks\/\" \/>\n<meta property=\"article:modified_time\" content=\"2026-04-15T19:10:26+00:00\" \/>\n<meta property=\"og:image\" content=\"https:\/\/www.accartbooks.com\/app\/uploads\/books\/9788836648481-04-1.jpg\" \/>\n\t<meta property=\"og:image:width\" content=\"1024\" \/>\n\t<meta property=\"og:image:height\" content=\"1388\" \/>\n\t<meta property=\"og:image:type\" content=\"image\/jpeg\" \/>\n<meta name=\"twitter:card\" content=\"summary_large_image\" \/>\n<meta name=\"twitter:site\" content=\"@accartbooks\" \/>\n<meta name=\"twitter:label1\" content=\"Estimated reading time\" \/>\n\t<meta name=\"twitter:data1\" content=\"1 minute\" \/>\n<script type=\"application\/ld+json\" class=\"yoast-schema-graph\">{\"@context\":\"https:\/\/schema.org\",\"@graph\":[{\"@type\":\"WebPage\",\"@id\":\"https:\/\/www.accartbooks.com\/uk\/book\/chateau-rayas\/\",\"url\":\"https:\/\/www.accartbooks.com\/uk\/book\/chateau-rayas\/\",\"name\":\"Ch\u00e2teau Rayas - ACC Art Books UK\",\"isPartOf\":{\"@id\":\"https:\/\/www.accartbooks.com\/uk\/#website\"},\"primaryImageOfPage\":{\"@id\":\"https:\/\/www.accartbooks.com\/uk\/book\/chateau-rayas\/#primaryimage\"},\"image\":{\"@id\":\"https:\/\/www.accartbooks.com\/uk\/book\/chateau-rayas\/#primaryimage\"},\"thumbnailUrl\":\"https:\/\/www.accartbooks.com\/app\/uploads\/books\/9788836648481-04-1.jpg\",\"datePublished\":\"2026-01-05T18:10:21+00:00\",\"dateModified\":\"2026-04-15T19:10:26+00:00\",\"description\":\"Title: Ch\u00e2teau Rayas, Pages: 224 Pages, Publish Date: 14th Jan 2026, Author: Edited by J\u00e9r\u00f4me Neutres, Edited by Laure Gasparotto, Photographs by Ferrante Ferranti, ISBN: 9788836648481. The first work devoted to the wines of Ch&acirc;teau Rayas, and an homage to a wine, a place, and a family.\",\"breadcrumb\":{\"@id\":\"https:\/\/www.accartbooks.com\/uk\/book\/chateau-rayas\/#breadcrumb\"},\"inLanguage\":\"en-GB\",\"potentialAction\":[{\"@type\":\"ReadAction\",\"target\":[\"https:\/\/www.accartbooks.com\/uk\/book\/chateau-rayas\/\"]}]},{\"@type\":\"ImageObject\",\"inLanguage\":\"en-GB\",\"@id\":\"https:\/\/www.accartbooks.com\/uk\/book\/chateau-rayas\/#primaryimage\",\"url\":\"https:\/\/www.accartbooks.com\/app\/uploads\/books\/9788836648481-04-1.jpg\",\"contentUrl\":\"https:\/\/www.accartbooks.com\/app\/uploads\/books\/9788836648481-04-1.jpg\",\"width\":1024,\"height\":1388},{\"@type\":\"BreadcrumbList\",\"@id\":\"https:\/\/www.accartbooks.com\/uk\/book\/chateau-rayas\/#breadcrumb\",\"itemListElement\":[{\"@type\":\"ListItem\",\"position\":1,\"name\":\"Home\",\"item\":\"https:\/\/www.accartbooks.com\/uk\/\"},{\"@type\":\"ListItem\",\"position\":2,\"name\":\"Books\",\"item\":\"https:\/\/www.accartbooks.com\/uk\/books\/\"},{\"@type\":\"ListItem\",\"position\":3,\"name\":\"Ch\u00e2teau Rayas\"}]},{\"@type\":\"WebSite\",\"@id\":\"https:\/\/www.accartbooks.com\/uk\/#website\",\"url\":\"https:\/\/www.accartbooks.com\/uk\/\",\"name\":\"ACC Art Books UK\",\"description\":\"One of the world\u2019s leading publishers and distributors of books on the arts and visual culture\",\"publisher\":{\"@id\":\"https:\/\/www.accartbooks.com\/uk\/#organization\"},\"potentialAction\":[{\"@type\":\"SearchAction\",\"target\":{\"@type\":\"EntryPoint\",\"urlTemplate\":\"https:\/\/www.accartbooks.com\/uk\/?s={search_term_string}\"},\"query-input\":{\"@type\":\"PropertyValueSpecification\",\"valueRequired\":true,\"valueName\":\"search_term_string\"}}],\"inLanguage\":\"en-GB\"},{\"@type\":\"Organization\",\"@id\":\"https:\/\/www.accartbooks.com\/uk\/#organization\",\"name\":\"ACC Art Books UK\",\"url\":\"https:\/\/www.accartbooks.com\/uk\/\",\"logo\":{\"@type\":\"ImageObject\",\"inLanguage\":\"en-GB\",\"@id\":\"https:\/\/www.accartbooks.com\/uk\/#\/schema\/logo\/image\/\",\"url\":\"https:\/\/www.accartbooks.com\/app\/uploads\/2020\/05\/Acc-Logo.png\",\"contentUrl\":\"https:\/\/www.accartbooks.com\/app\/uploads\/2020\/05\/Acc-Logo.png\",\"width\":64,\"height\":100,\"caption\":\"ACC Art Books UK\"},\"image\":{\"@id\":\"https:\/\/www.accartbooks.com\/uk\/#\/schema\/logo\/image\/\"},\"sameAs\":[\"https:\/\/www.facebook.com\/ACCArtBooks\/\",\"https:\/\/x.com\/accartbooks\"]}]}<\/script>\n<!-- \/ Yoast SEO plugin. -->","yoast_head_json":{"title":"Ch\u00e2teau Rayas - ACC Art Books UK","description":"Title: Ch\u00e2teau Rayas, Pages: 224 Pages, Publish Date: 14th Jan 2026, Author: Edited by J\u00e9r\u00f4me Neutres, Edited by Laure Gasparotto, Photographs by Ferrante Ferranti, ISBN: 9788836648481. The first work devoted to the wines of Ch&acirc;teau Rayas, and an homage to a wine, a place, and a family.","robots":{"index":"index","follow":"follow","max-snippet":"max-snippet:-1","max-image-preview":"max-image-preview:large","max-video-preview":"max-video-preview:-1"},"canonical":"https:\/\/www.accartbooks.com\/uk\/book\/chateau-rayas\/","og_locale":"en_GB","og_type":"article","og_title":"Ch\u00e2teau Rayas - ACC Art Books UK","og_description":"Title: Ch\u00e2teau Rayas, Pages: 224 Pages, Publish Date: 14th Jan 2026, Author: Edited by J\u00e9r\u00f4me Neutres, Edited by Laure Gasparotto, Photographs by Ferrante Ferranti, ISBN: 9788836648481. The first work devoted to the wines of Ch&acirc;teau Rayas, and an homage to a wine, a place, and a family.","og_url":"https:\/\/www.accartbooks.com\/uk\/book\/chateau-rayas\/","og_site_name":"ACC Art Books UK","article_publisher":"https:\/\/www.facebook.com\/ACCArtBooks\/","article_modified_time":"2026-04-15T19:10:26+00:00","og_image":[{"width":1024,"height":1388,"url":"https:\/\/www.accartbooks.com\/app\/uploads\/books\/9788836648481-04-1.jpg","type":"image\/jpeg"}],"twitter_card":"summary_large_image","twitter_site":"@accartbooks","twitter_misc":{"Estimated reading time":"1 minute"},"schema":{"@context":"https:\/\/schema.org","@graph":[{"@type":"WebPage","@id":"https:\/\/www.accartbooks.com\/uk\/book\/chateau-rayas\/","url":"https:\/\/www.accartbooks.com\/uk\/book\/chateau-rayas\/","name":"Ch\u00e2teau Rayas - ACC Art Books UK","isPartOf":{"@id":"https:\/\/www.accartbooks.com\/uk\/#website"},"primaryImageOfPage":{"@id":"https:\/\/www.accartbooks.com\/uk\/book\/chateau-rayas\/#primaryimage"},"image":{"@id":"https:\/\/www.accartbooks.com\/uk\/book\/chateau-rayas\/#primaryimage"},"thumbnailUrl":"https:\/\/www.accartbooks.com\/app\/uploads\/books\/9788836648481-04-1.jpg","datePublished":"2026-01-05T18:10:21+00:00","dateModified":"2026-04-15T19:10:26+00:00","description":"Title: Ch\u00e2teau Rayas, Pages: 224 Pages, Publish Date: 14th Jan 2026, Author: Edited by J\u00e9r\u00f4me Neutres, Edited by Laure Gasparotto, Photographs by Ferrante Ferranti, ISBN: 9788836648481. The first work devoted to the wines of Ch&acirc;teau Rayas, and an homage to a wine, a place, and a family.","breadcrumb":{"@id":"https:\/\/www.accartbooks.com\/uk\/book\/chateau-rayas\/#breadcrumb"},"inLanguage":"en-GB","potentialAction":[{"@type":"ReadAction","target":["https:\/\/www.accartbooks.com\/uk\/book\/chateau-rayas\/"]}]},{"@type":"ImageObject","inLanguage":"en-GB","@id":"https:\/\/www.accartbooks.com\/uk\/book\/chateau-rayas\/#primaryimage","url":"https:\/\/www.accartbooks.com\/app\/uploads\/books\/9788836648481-04-1.jpg","contentUrl":"https:\/\/www.accartbooks.com\/app\/uploads\/books\/9788836648481-04-1.jpg","width":1024,"height":1388},{"@type":"BreadcrumbList","@id":"https:\/\/www.accartbooks.com\/uk\/book\/chateau-rayas\/#breadcrumb","itemListElement":[{"@type":"ListItem","position":1,"name":"Home","item":"https:\/\/www.accartbooks.com\/uk\/"},{"@type":"ListItem","position":2,"name":"Books","item":"https:\/\/www.accartbooks.com\/uk\/books\/"},{"@type":"ListItem","position":3,"name":"Ch\u00e2teau Rayas"}]},{"@type":"WebSite","@id":"https:\/\/www.accartbooks.com\/uk\/#website","url":"https:\/\/www.accartbooks.com\/uk\/","name":"ACC Art Books UK","description":"One of the world\u2019s leading publishers and distributors of books on the arts and visual culture","publisher":{"@id":"https:\/\/www.accartbooks.com\/uk\/#organization"},"potentialAction":[{"@type":"SearchAction","target":{"@type":"EntryPoint","urlTemplate":"https:\/\/www.accartbooks.com\/uk\/?s={search_term_string}"},"query-input":{"@type":"PropertyValueSpecification","valueRequired":true,"valueName":"search_term_string"}}],"inLanguage":"en-GB"},{"@type":"Organization","@id":"https:\/\/www.accartbooks.com\/uk\/#organization","name":"ACC Art Books UK","url":"https:\/\/www.accartbooks.com\/uk\/","logo":{"@type":"ImageObject","inLanguage":"en-GB","@id":"https:\/\/www.accartbooks.com\/uk\/#\/schema\/logo\/image\/","url":"https:\/\/www.accartbooks.com\/app\/uploads\/2020\/05\/Acc-Logo.png","contentUrl":"https:\/\/www.accartbooks.com\/app\/uploads\/2020\/05\/Acc-Logo.png","width":64,"height":100,"caption":"ACC Art Books UK"},"image":{"@id":"https:\/\/www.accartbooks.com\/uk\/#\/schema\/logo\/image\/"},"sameAs":["https:\/\/www.facebook.com\/ACCArtBooks\/","https:\/\/x.com\/accartbooks"]}]}},"_links":{"self":[{"href":"https:\/\/www.accartbooks.com\/uk\/wp-json\/wp\/v2\/product\/73141","targetHints":{"allow":["GET"]}}],"collection":[{"href":"https:\/\/www.accartbooks.com\/uk\/wp-json\/wp\/v2\/product"}],"about":[{"href":"https:\/\/www.accartbooks.com\/uk\/wp-json\/wp\/v2\/types\/product"}],"wp:featuredmedia":[{"embeddable":true,"href":"https:\/\/www.accartbooks.com\/uk\/wp-json\/wp\/v2\/media\/73142"}],"wp:attachment":[{"href":"https:\/\/www.accartbooks.com\/uk\/wp-json\/wp\/v2\/media?parent=73141"}],"wp:term":[{"taxonomy":"product_brand","embeddable":true,"href":"https:\/\/www.accartbooks.com\/uk\/wp-json\/wp\/v2\/product_brand?post=73141"},{"taxonomy":"product_cat","embeddable":true,"href":"https:\/\/www.accartbooks.com\/uk\/wp-json\/wp\/v2\/product_cat?post=73141"},{"taxonomy":"product_tag","embeddable":true,"href":"https:\/\/www.accartbooks.com\/uk\/wp-json\/wp\/v2\/product_tag?post=73141"}],"curies":[{"name":"wp","href":"https:\/\/api.w.org\/{rel}","templated":true}]}}