{"id":73599,"date":"2026-01-13T08:10:12","date_gmt":"2026-01-13T08:10:12","guid":{"rendered":"https:\/\/www.accartbooks.com\/uk\/book\/alt-gar-bra\/"},"modified":"2026-03-19T18:10:13","modified_gmt":"2026-03-19T18:10:13","slug":"alt-gar-bra","status":"publish","type":"product","link":"https:\/\/www.accartbooks.com\/uk\/book\/alt-gar-bra\/","title":{"rendered":"Alt G\u00e5r Bra"},"content":{"rendered":"<p><strong><em>Alt G&aring;r Bra<\/em><\/strong> chronicles the trajectory of the contemporary art collective duo, commemorating a decade of pioneering practice in Norway and France. Edited by Nicolas Surlapierre, Fr&eacute;d&eacute;rique Toudoire-Surlapierre, and Alessandra Balotti, this volume features contributions from distinguished voices including Geir Haraldseth, Karen Pinkus, Jacques Ranci&egrave;re, Frode Sandvik, Hanne Hammer Stien, and Tonje Haugland S&oslash;rensen.<\/p>\n<p>Text English and French.<\/p>\n","protected":false},"excerpt":{"rendered":"<p>This publication traces the evolution of Alt G&aring;r Bra&rsquo;s artistic project, situating it within broader contemporary art discourses. Text English and French.<\/p>\n","protected":false},"featured_media":73600,"template":"","meta":{"_acf_changed":false,"_relevanssi_hide_post":"","_relevanssi_hide_content":"","_relevanssi_pin_for_all":"","_relevanssi_pin_keywords":"","_relevanssi_unpin_keywords":"","_relevanssi_related_keywords":"","_relevanssi_related_include_ids":"","_relevanssi_related_exclude_ids":"","_relevanssi_related_no_append":"","_relevanssi_related_not_related":"","_relevanssi_related_posts":"","_relevanssi_noindex_reason":""},"product_brand":[],"product_cat":[5568],"product_tag":[],"class_list":{"0":"post-73599","1":"product","2":"type-product","3":"status-publish","4":"has-post-thumbnail","6":"product_cat-art","7":"author-edited-by-alessandra-balotti","8":"author-edited-by-frederique-toudoire-surlapierre","9":"author-edited-by-nicolas-surlapierre","10":"publisher-silvana","12":"first","13":"instock","14":"shipping-taxable","15":"purchasable","16":"product-type-simple"},"acf":[],"yoast_head":"<!-- This site is optimized with the Yoast SEO plugin v27.0 - https:\/\/yoast.com\/product\/yoast-seo-wordpress\/ -->\n<title>Alt G\u00e5r Bra - ACC Art Books UK<\/title>\n<meta name=\"description\" content=\"Title: Alt G\u00e5r Bra, Pages: 240 Pages, Publish Date: 20th Apr 2026, Author: Edited by Alessandra Balotti, Edited by Fr\u00e9d\u00e9rique Toudoire-Surlapierre, Edited by Nicolas Surlapierre, ISBN: 9788836662333. This publication traces the evolution of Alt G&aring;r Bra&rsquo;s artistic project, situating it within broader contemporary art discourses. Text English and French.\" \/>\n<meta name=\"robots\" content=\"index, follow, max-snippet:-1, max-image-preview:large, max-video-preview:-1\" \/>\n<link rel=\"canonical\" href=\"https:\/\/www.accartbooks.com\/uk\/book\/alt-gar-bra\/\" \/>\n<meta property=\"og:locale\" content=\"en_GB\" \/>\n<meta property=\"og:type\" content=\"article\" \/>\n<meta property=\"og:title\" content=\"Alt G\u00e5r Bra - ACC Art Books UK\" \/>\n<meta property=\"og:description\" content=\"Title: Alt G\u00e5r Bra, Pages: 240 Pages, Publish Date: 20th Apr 2026, Author: Edited by Alessandra Balotti, Edited by Fr\u00e9d\u00e9rique Toudoire-Surlapierre, Edited by Nicolas Surlapierre, ISBN: 9788836662333. This publication traces the evolution of Alt G&aring;r Bra&rsquo;s artistic project, situating it within broader contemporary art discourses. Text English and French.\" \/>\n<meta property=\"og:url\" content=\"https:\/\/www.accartbooks.com\/uk\/book\/alt-gar-bra\/\" \/>\n<meta property=\"og:site_name\" content=\"ACC Art Books UK\" \/>\n<meta property=\"article:publisher\" content=\"https:\/\/www.facebook.com\/ACCArtBooks\/\" \/>\n<meta property=\"article:modified_time\" content=\"2026-03-19T18:10:13+00:00\" \/>\n<meta property=\"og:image\" content=\"https:\/\/www.accartbooks.com\/app\/uploads\/books\/9788836662333-04-1.jpg\" \/>\n\t<meta property=\"og:image:width\" content=\"1400\" \/>\n\t<meta property=\"og:image:height\" content=\"1822\" \/>\n\t<meta property=\"og:image:type\" content=\"image\/jpeg\" \/>\n<meta name=\"twitter:card\" content=\"summary_large_image\" \/>\n<meta name=\"twitter:site\" content=\"@accartbooks\" \/>\n<script type=\"application\/ld+json\" class=\"yoast-schema-graph\">{\"@context\":\"https:\/\/schema.org\",\"@graph\":[{\"@type\":\"WebPage\",\"@id\":\"https:\/\/www.accartbooks.com\/uk\/book\/alt-gar-bra\/\",\"url\":\"https:\/\/www.accartbooks.com\/uk\/book\/alt-gar-bra\/\",\"name\":\"Alt G\u00e5r Bra - ACC Art Books UK\",\"isPartOf\":{\"@id\":\"https:\/\/www.accartbooks.com\/uk\/#website\"},\"primaryImageOfPage\":{\"@id\":\"https:\/\/www.accartbooks.com\/uk\/book\/alt-gar-bra\/#primaryimage\"},\"image\":{\"@id\":\"https:\/\/www.accartbooks.com\/uk\/book\/alt-gar-bra\/#primaryimage\"},\"thumbnailUrl\":\"https:\/\/www.accartbooks.com\/app\/uploads\/books\/9788836662333-04-1.jpg\",\"datePublished\":\"2026-01-13T08:10:12+00:00\",\"dateModified\":\"2026-03-19T18:10:13+00:00\",\"description\":\"Title: Alt G\u00e5r Bra, Pages: 240 Pages, Publish Date: 20th Apr 2026, Author: Edited by Alessandra Balotti, Edited by Fr\u00e9d\u00e9rique Toudoire-Surlapierre, Edited by Nicolas Surlapierre, ISBN: 9788836662333. This publication traces the evolution of Alt G&aring;r Bra&rsquo;s artistic project, situating it within broader contemporary art discourses. Text English and French.\",\"breadcrumb\":{\"@id\":\"https:\/\/www.accartbooks.com\/uk\/book\/alt-gar-bra\/#breadcrumb\"},\"inLanguage\":\"en-GB\",\"potentialAction\":[{\"@type\":\"ReadAction\",\"target\":[\"https:\/\/www.accartbooks.com\/uk\/book\/alt-gar-bra\/\"]}]},{\"@type\":\"ImageObject\",\"inLanguage\":\"en-GB\",\"@id\":\"https:\/\/www.accartbooks.com\/uk\/book\/alt-gar-bra\/#primaryimage\",\"url\":\"https:\/\/www.accartbooks.com\/app\/uploads\/books\/9788836662333-04-1.jpg\",\"contentUrl\":\"https:\/\/www.accartbooks.com\/app\/uploads\/books\/9788836662333-04-1.jpg\",\"width\":1156,\"height\":1500},{\"@type\":\"BreadcrumbList\",\"@id\":\"https:\/\/www.accartbooks.com\/uk\/book\/alt-gar-bra\/#breadcrumb\",\"itemListElement\":[{\"@type\":\"ListItem\",\"position\":1,\"name\":\"Home\",\"item\":\"https:\/\/www.accartbooks.com\/uk\/\"},{\"@type\":\"ListItem\",\"position\":2,\"name\":\"Books\",\"item\":\"https:\/\/www.accartbooks.com\/uk\/books\/\"},{\"@type\":\"ListItem\",\"position\":3,\"name\":\"Alt G\u00e5r Bra\"}]},{\"@type\":\"WebSite\",\"@id\":\"https:\/\/www.accartbooks.com\/uk\/#website\",\"url\":\"https:\/\/www.accartbooks.com\/uk\/\",\"name\":\"ACC Art Books UK\",\"description\":\"One of the world\u2019s leading publishers and distributors of books on the arts and visual culture\",\"publisher\":{\"@id\":\"https:\/\/www.accartbooks.com\/uk\/#organization\"},\"potentialAction\":[{\"@type\":\"SearchAction\",\"target\":{\"@type\":\"EntryPoint\",\"urlTemplate\":\"https:\/\/www.accartbooks.com\/uk\/?s={search_term_string}\"},\"query-input\":{\"@type\":\"PropertyValueSpecification\",\"valueRequired\":true,\"valueName\":\"search_term_string\"}}],\"inLanguage\":\"en-GB\"},{\"@type\":\"Organization\",\"@id\":\"https:\/\/www.accartbooks.com\/uk\/#organization\",\"name\":\"ACC Art Books UK\",\"url\":\"https:\/\/www.accartbooks.com\/uk\/\",\"logo\":{\"@type\":\"ImageObject\",\"inLanguage\":\"en-GB\",\"@id\":\"https:\/\/www.accartbooks.com\/uk\/#\/schema\/logo\/image\/\",\"url\":\"https:\/\/www.accartbooks.com\/app\/uploads\/2020\/05\/Acc-Logo.png\",\"contentUrl\":\"https:\/\/www.accartbooks.com\/app\/uploads\/2020\/05\/Acc-Logo.png\",\"width\":64,\"height\":100,\"caption\":\"ACC Art Books UK\"},\"image\":{\"@id\":\"https:\/\/www.accartbooks.com\/uk\/#\/schema\/logo\/image\/\"},\"sameAs\":[\"https:\/\/www.facebook.com\/ACCArtBooks\/\",\"https:\/\/x.com\/accartbooks\"]}]}<\/script>\n<!-- \/ Yoast SEO plugin. -->","yoast_head_json":{"title":"Alt G\u00e5r Bra - ACC Art Books UK","description":"Title: Alt G\u00e5r Bra, Pages: 240 Pages, Publish Date: 20th Apr 2026, Author: Edited by Alessandra Balotti, Edited by Fr\u00e9d\u00e9rique Toudoire-Surlapierre, Edited by Nicolas Surlapierre, ISBN: 9788836662333. This publication traces the evolution of Alt G&aring;r Bra&rsquo;s artistic project, situating it within broader contemporary art discourses. Text English and French.","robots":{"index":"index","follow":"follow","max-snippet":"max-snippet:-1","max-image-preview":"max-image-preview:large","max-video-preview":"max-video-preview:-1"},"canonical":"https:\/\/www.accartbooks.com\/uk\/book\/alt-gar-bra\/","og_locale":"en_GB","og_type":"article","og_title":"Alt G\u00e5r Bra - ACC Art Books UK","og_description":"Title: Alt G\u00e5r Bra, Pages: 240 Pages, Publish Date: 20th Apr 2026, Author: Edited by Alessandra Balotti, Edited by Fr\u00e9d\u00e9rique Toudoire-Surlapierre, Edited by Nicolas Surlapierre, ISBN: 9788836662333. This publication traces the evolution of Alt G&aring;r Bra&rsquo;s artistic project, situating it within broader contemporary art discourses. Text English and French.","og_url":"https:\/\/www.accartbooks.com\/uk\/book\/alt-gar-bra\/","og_site_name":"ACC Art Books UK","article_publisher":"https:\/\/www.facebook.com\/ACCArtBooks\/","article_modified_time":"2026-03-19T18:10:13+00:00","og_image":[{"width":1400,"height":1822,"url":"https:\/\/www.accartbooks.com\/app\/uploads\/books\/9788836662333-04-1.jpg","type":"image\/jpeg"}],"twitter_card":"summary_large_image","twitter_site":"@accartbooks","schema":{"@context":"https:\/\/schema.org","@graph":[{"@type":"WebPage","@id":"https:\/\/www.accartbooks.com\/uk\/book\/alt-gar-bra\/","url":"https:\/\/www.accartbooks.com\/uk\/book\/alt-gar-bra\/","name":"Alt G\u00e5r Bra - ACC Art Books UK","isPartOf":{"@id":"https:\/\/www.accartbooks.com\/uk\/#website"},"primaryImageOfPage":{"@id":"https:\/\/www.accartbooks.com\/uk\/book\/alt-gar-bra\/#primaryimage"},"image":{"@id":"https:\/\/www.accartbooks.com\/uk\/book\/alt-gar-bra\/#primaryimage"},"thumbnailUrl":"https:\/\/www.accartbooks.com\/app\/uploads\/books\/9788836662333-04-1.jpg","datePublished":"2026-01-13T08:10:12+00:00","dateModified":"2026-03-19T18:10:13+00:00","description":"Title: Alt G\u00e5r Bra, Pages: 240 Pages, Publish Date: 20th Apr 2026, Author: Edited by Alessandra Balotti, Edited by Fr\u00e9d\u00e9rique Toudoire-Surlapierre, Edited by Nicolas Surlapierre, ISBN: 9788836662333. This publication traces the evolution of Alt G&aring;r Bra&rsquo;s artistic project, situating it within broader contemporary art discourses. Text English and French.","breadcrumb":{"@id":"https:\/\/www.accartbooks.com\/uk\/book\/alt-gar-bra\/#breadcrumb"},"inLanguage":"en-GB","potentialAction":[{"@type":"ReadAction","target":["https:\/\/www.accartbooks.com\/uk\/book\/alt-gar-bra\/"]}]},{"@type":"ImageObject","inLanguage":"en-GB","@id":"https:\/\/www.accartbooks.com\/uk\/book\/alt-gar-bra\/#primaryimage","url":"https:\/\/www.accartbooks.com\/app\/uploads\/books\/9788836662333-04-1.jpg","contentUrl":"https:\/\/www.accartbooks.com\/app\/uploads\/books\/9788836662333-04-1.jpg","width":1156,"height":1500},{"@type":"BreadcrumbList","@id":"https:\/\/www.accartbooks.com\/uk\/book\/alt-gar-bra\/#breadcrumb","itemListElement":[{"@type":"ListItem","position":1,"name":"Home","item":"https:\/\/www.accartbooks.com\/uk\/"},{"@type":"ListItem","position":2,"name":"Books","item":"https:\/\/www.accartbooks.com\/uk\/books\/"},{"@type":"ListItem","position":3,"name":"Alt G\u00e5r Bra"}]},{"@type":"WebSite","@id":"https:\/\/www.accartbooks.com\/uk\/#website","url":"https:\/\/www.accartbooks.com\/uk\/","name":"ACC Art Books UK","description":"One of the world\u2019s leading publishers and distributors of books on the arts and visual culture","publisher":{"@id":"https:\/\/www.accartbooks.com\/uk\/#organization"},"potentialAction":[{"@type":"SearchAction","target":{"@type":"EntryPoint","urlTemplate":"https:\/\/www.accartbooks.com\/uk\/?s={search_term_string}"},"query-input":{"@type":"PropertyValueSpecification","valueRequired":true,"valueName":"search_term_string"}}],"inLanguage":"en-GB"},{"@type":"Organization","@id":"https:\/\/www.accartbooks.com\/uk\/#organization","name":"ACC Art Books UK","url":"https:\/\/www.accartbooks.com\/uk\/","logo":{"@type":"ImageObject","inLanguage":"en-GB","@id":"https:\/\/www.accartbooks.com\/uk\/#\/schema\/logo\/image\/","url":"https:\/\/www.accartbooks.com\/app\/uploads\/2020\/05\/Acc-Logo.png","contentUrl":"https:\/\/www.accartbooks.com\/app\/uploads\/2020\/05\/Acc-Logo.png","width":64,"height":100,"caption":"ACC Art Books UK"},"image":{"@id":"https:\/\/www.accartbooks.com\/uk\/#\/schema\/logo\/image\/"},"sameAs":["https:\/\/www.facebook.com\/ACCArtBooks\/","https:\/\/x.com\/accartbooks"]}]}},"_links":{"self":[{"href":"https:\/\/www.accartbooks.com\/uk\/wp-json\/wp\/v2\/product\/73599","targetHints":{"allow":["GET"]}}],"collection":[{"href":"https:\/\/www.accartbooks.com\/uk\/wp-json\/wp\/v2\/product"}],"about":[{"href":"https:\/\/www.accartbooks.com\/uk\/wp-json\/wp\/v2\/types\/product"}],"wp:featuredmedia":[{"embeddable":true,"href":"https:\/\/www.accartbooks.com\/uk\/wp-json\/wp\/v2\/media\/73600"}],"wp:attachment":[{"href":"https:\/\/www.accartbooks.com\/uk\/wp-json\/wp\/v2\/media?parent=73599"}],"wp:term":[{"taxonomy":"product_brand","embeddable":true,"href":"https:\/\/www.accartbooks.com\/uk\/wp-json\/wp\/v2\/product_brand?post=73599"},{"taxonomy":"product_cat","embeddable":true,"href":"https:\/\/www.accartbooks.com\/uk\/wp-json\/wp\/v2\/product_cat?post=73599"},{"taxonomy":"product_tag","embeddable":true,"href":"https:\/\/www.accartbooks.com\/uk\/wp-json\/wp\/v2\/product_tag?post=73599"}],"curies":[{"name":"wp","href":"https:\/\/api.w.org\/{rel}","templated":true}]}}