{"id":74970,"date":"2026-02-02T16:11:26","date_gmt":"2026-02-02T16:11:26","guid":{"rendered":"https:\/\/www.accartbooks.com\/uk\/book\/jose-bedia-1976-2026\/"},"modified":"2026-04-13T22:12:39","modified_gmt":"2026-04-13T22:12:39","slug":"jose-bedia","status":"publish","type":"product","link":"https:\/\/www.accartbooks.com\/uk\/book\/jose-bedia\/","title":{"rendered":"Jos\u00e9 Bedia"},"content":{"rendered":"<p><strong><em>Jos&eacute; Bedia: Inner Circle Journey 1976 &ndash; 2026 <\/em><\/strong>is a rich exploration of the career and work of Cuban artist &ndash; Jos&eacute; Bedia. From being a formative member of the &ldquo;Volumen Uno&rdquo; Cuban art renaissance, Bedia&rsquo;s international outreach continually grew from the 1980&rsquo;s onward, reaching worldwide acclaim &#8211; spanning from his participation in the monumental exhibit <em>Magiciens de la Terre<\/em> in 1989 to winning First Prize at the Beijing Biennale in 2010. His unique artistic craft focuses on organic elements, tribal symbology, and shamanism from diverse cultures. Bedia&rsquo;s work and artistic creations are deeply informed by living and past ancestral communities everywhere and his personal interactions with them, while simultaneously using a &ldquo;field work&rdquo; approach of an ethnographer or anthropologist to create his paintings, drawings, sculptures, and installations. Anchored by his 5-decade retrospective at the MARCO Museum of Monterrey, and also accompanied by text from various art scholars, this book will look at his trajectory focusing on his different styles and periods throughout the years, as well as images from his personal travels, and tribal collection, that directly impact his artistic output.&nbsp;<\/p>\n<p>Text in English and French.&nbsp;<\/p>\n","protected":false},"excerpt":{"rendered":"<p>A comprehensive retrospective of Cuban artist Jos&eacute; Bedia, exploring five decades of work rooted in tribal symbology, shamanism, and ethnographic fieldwork across global ancestral cultures. Text in English and French.<\/p>\n","protected":false},"featured_media":74971,"template":"","meta":{"_acf_changed":false,"_relevanssi_hide_post":"","_relevanssi_hide_content":"","_relevanssi_pin_for_all":"","_relevanssi_pin_keywords":"","_relevanssi_unpin_keywords":"","_relevanssi_related_keywords":"","_relevanssi_related_include_ids":"","_relevanssi_related_exclude_ids":"","_relevanssi_related_no_append":"","_relevanssi_related_not_related":"","_relevanssi_related_posts":"","_relevanssi_noindex_reason":""},"product_brand":[],"product_cat":[5568],"product_tag":[],"class_list":{"0":"post-74970","1":"product","2":"type-product","3":"status-publish","4":"has-post-thumbnail","6":"product_cat-art","7":"author-by-author-alan-west-duran","8":"author-by-author-barbaro-martinez-ruiz","9":"author-by-author-francois-vallee","10":"author-by-author-james-lopez","11":"author-by-author-omar-pascual-castillo","12":"author-by-author-suset-sanchez-sanchez","13":"publisher-five-continents-editions","15":"first","16":"instock","17":"shipping-taxable","18":"purchasable","19":"product-type-simple"},"acf":[],"yoast_head":"<!-- This site is optimized with the Yoast SEO plugin v27.0 - https:\/\/yoast.com\/product\/yoast-seo-wordpress\/ -->\n<title>Jos\u00e9 Bedia - ACC Art Books UK<\/title>\n<meta name=\"description\" content=\"Title: Jos\u00e9 Bedia, Pages: 344 Pages, Publish Date: 13th Jul 2026, Author: Alan West-Dur\u00e1n, B\u00e1rbaro Mart\u00ednez-Ruiz, Fran\u00e7ois Vall\u00e9e, James L\u00f3pez, Omar-Pascual Castillo, Suset S\u00e1nchez S\u00e1nchez, ISBN: 9788874399734. A comprehensive retrospective of Cuban artist Jos&eacute; Bedia, exploring five decades of work rooted in tribal symbology, shamanism, and ethnographic fieldwork across global ancestral cultures. Text in English and French.\" \/>\n<meta name=\"robots\" content=\"index, follow, max-snippet:-1, max-image-preview:large, max-video-preview:-1\" \/>\n<link rel=\"canonical\" href=\"https:\/\/www.accartbooks.com\/uk\/book\/jose-bedia-1976-2026\/\" \/>\n<meta property=\"og:locale\" content=\"en_GB\" \/>\n<meta property=\"og:type\" content=\"article\" \/>\n<meta property=\"og:title\" content=\"Jos\u00e9 Bedia - ACC Art Books UK\" \/>\n<meta property=\"og:description\" content=\"Title: Jos\u00e9 Bedia, Pages: 344 Pages, Publish Date: 13th Jul 2026, Author: Alan West-Dur\u00e1n, B\u00e1rbaro Mart\u00ednez-Ruiz, Fran\u00e7ois Vall\u00e9e, James L\u00f3pez, Omar-Pascual Castillo, Suset S\u00e1nchez S\u00e1nchez, ISBN: 9788874399734. A comprehensive retrospective of Cuban artist Jos&eacute; Bedia, exploring five decades of work rooted in tribal symbology, shamanism, and ethnographic fieldwork across global ancestral cultures. Text in English and French.\" \/>\n<meta property=\"og:url\" content=\"https:\/\/www.accartbooks.com\/uk\/book\/jose-bedia-1976-2026\/\" \/>\n<meta property=\"og:site_name\" content=\"ACC Art Books UK\" \/>\n<meta property=\"article:publisher\" content=\"https:\/\/www.facebook.com\/ACCArtBooks\/\" \/>\n<meta property=\"article:modified_time\" content=\"2026-04-13T22:12:39+00:00\" \/>\n<meta property=\"og:image\" content=\"https:\/\/www.accartbooks.com\/app\/uploads\/books\/9788874399734-04-1.jpg\" \/>\n\t<meta property=\"og:image:width\" content=\"918\" \/>\n\t<meta property=\"og:image:height\" content=\"1024\" \/>\n\t<meta property=\"og:image:type\" content=\"image\/jpeg\" \/>\n<meta name=\"twitter:card\" content=\"summary_large_image\" \/>\n<meta name=\"twitter:site\" content=\"@accartbooks\" \/>\n<meta name=\"twitter:label1\" content=\"Estimated reading time\" \/>\n\t<meta name=\"twitter:data1\" content=\"1 minute\" \/>\n<script type=\"application\/ld+json\" class=\"yoast-schema-graph\">{\"@context\":\"https:\/\/schema.org\",\"@graph\":[{\"@type\":\"WebPage\",\"@id\":\"https:\/\/www.accartbooks.com\/uk\/book\/jose-bedia-1976-2026\/\",\"url\":\"https:\/\/www.accartbooks.com\/uk\/book\/jose-bedia-1976-2026\/\",\"name\":\"Jos\u00e9 Bedia - ACC Art Books UK\",\"isPartOf\":{\"@id\":\"https:\/\/www.accartbooks.com\/uk\/#website\"},\"primaryImageOfPage\":{\"@id\":\"https:\/\/www.accartbooks.com\/uk\/book\/jose-bedia-1976-2026\/#primaryimage\"},\"image\":{\"@id\":\"https:\/\/www.accartbooks.com\/uk\/book\/jose-bedia-1976-2026\/#primaryimage\"},\"thumbnailUrl\":\"https:\/\/www.accartbooks.com\/app\/uploads\/books\/9788874399734-04-1.jpg\",\"datePublished\":\"2026-02-02T16:11:26+00:00\",\"dateModified\":\"2026-04-13T22:12:39+00:00\",\"description\":\"Title: Jos\u00e9 Bedia, Pages: 344 Pages, Publish Date: 13th Jul 2026, Author: Alan West-Dur\u00e1n, B\u00e1rbaro Mart\u00ednez-Ruiz, Fran\u00e7ois Vall\u00e9e, James L\u00f3pez, Omar-Pascual Castillo, Suset S\u00e1nchez S\u00e1nchez, ISBN: 9788874399734. A comprehensive retrospective of Cuban artist Jos&eacute; Bedia, exploring five decades of work rooted in tribal symbology, shamanism, and ethnographic fieldwork across global ancestral cultures. Text in English and French.\",\"breadcrumb\":{\"@id\":\"https:\/\/www.accartbooks.com\/uk\/book\/jose-bedia-1976-2026\/#breadcrumb\"},\"inLanguage\":\"en-GB\",\"potentialAction\":[{\"@type\":\"ReadAction\",\"target\":[\"https:\/\/www.accartbooks.com\/uk\/book\/jose-bedia-1976-2026\/\"]}]},{\"@type\":\"ImageObject\",\"inLanguage\":\"en-GB\",\"@id\":\"https:\/\/www.accartbooks.com\/uk\/book\/jose-bedia-1976-2026\/#primaryimage\",\"url\":\"https:\/\/www.accartbooks.com\/app\/uploads\/books\/9788874399734-04-1.jpg\",\"contentUrl\":\"https:\/\/www.accartbooks.com\/app\/uploads\/books\/9788874399734-04-1.jpg\",\"width\":1400,\"height\":1561},{\"@type\":\"BreadcrumbList\",\"@id\":\"https:\/\/www.accartbooks.com\/uk\/book\/jose-bedia-1976-2026\/#breadcrumb\",\"itemListElement\":[{\"@type\":\"ListItem\",\"position\":1,\"name\":\"Home\",\"item\":\"https:\/\/www.accartbooks.com\/uk\/\"},{\"@type\":\"ListItem\",\"position\":2,\"name\":\"Books\",\"item\":\"https:\/\/www.accartbooks.com\/uk\/books\/\"},{\"@type\":\"ListItem\",\"position\":3,\"name\":\"Jos\u00e9 Bedia\"}]},{\"@type\":\"WebSite\",\"@id\":\"https:\/\/www.accartbooks.com\/uk\/#website\",\"url\":\"https:\/\/www.accartbooks.com\/uk\/\",\"name\":\"ACC Art Books UK\",\"description\":\"One of the world\u2019s leading publishers and distributors of books on the arts and visual culture\",\"publisher\":{\"@id\":\"https:\/\/www.accartbooks.com\/uk\/#organization\"},\"potentialAction\":[{\"@type\":\"SearchAction\",\"target\":{\"@type\":\"EntryPoint\",\"urlTemplate\":\"https:\/\/www.accartbooks.com\/uk\/?s={search_term_string}\"},\"query-input\":{\"@type\":\"PropertyValueSpecification\",\"valueRequired\":true,\"valueName\":\"search_term_string\"}}],\"inLanguage\":\"en-GB\"},{\"@type\":\"Organization\",\"@id\":\"https:\/\/www.accartbooks.com\/uk\/#organization\",\"name\":\"ACC Art Books UK\",\"url\":\"https:\/\/www.accartbooks.com\/uk\/\",\"logo\":{\"@type\":\"ImageObject\",\"inLanguage\":\"en-GB\",\"@id\":\"https:\/\/www.accartbooks.com\/uk\/#\/schema\/logo\/image\/\",\"url\":\"https:\/\/www.accartbooks.com\/app\/uploads\/2020\/05\/Acc-Logo.png\",\"contentUrl\":\"https:\/\/www.accartbooks.com\/app\/uploads\/2020\/05\/Acc-Logo.png\",\"width\":64,\"height\":100,\"caption\":\"ACC Art Books UK\"},\"image\":{\"@id\":\"https:\/\/www.accartbooks.com\/uk\/#\/schema\/logo\/image\/\"},\"sameAs\":[\"https:\/\/www.facebook.com\/ACCArtBooks\/\",\"https:\/\/x.com\/accartbooks\"]}]}<\/script>\n<!-- \/ Yoast SEO plugin. -->","yoast_head_json":{"title":"Jos\u00e9 Bedia - ACC Art Books UK","description":"Title: Jos\u00e9 Bedia, Pages: 344 Pages, Publish Date: 13th Jul 2026, Author: Alan West-Dur\u00e1n, B\u00e1rbaro Mart\u00ednez-Ruiz, Fran\u00e7ois Vall\u00e9e, James L\u00f3pez, Omar-Pascual Castillo, Suset S\u00e1nchez S\u00e1nchez, ISBN: 9788874399734. A comprehensive retrospective of Cuban artist Jos&eacute; Bedia, exploring five decades of work rooted in tribal symbology, shamanism, and ethnographic fieldwork across global ancestral cultures. Text in English and French.","robots":{"index":"index","follow":"follow","max-snippet":"max-snippet:-1","max-image-preview":"max-image-preview:large","max-video-preview":"max-video-preview:-1"},"canonical":"https:\/\/www.accartbooks.com\/uk\/book\/jose-bedia-1976-2026\/","og_locale":"en_GB","og_type":"article","og_title":"Jos\u00e9 Bedia - ACC Art Books UK","og_description":"Title: Jos\u00e9 Bedia, Pages: 344 Pages, Publish Date: 13th Jul 2026, Author: Alan West-Dur\u00e1n, B\u00e1rbaro Mart\u00ednez-Ruiz, Fran\u00e7ois Vall\u00e9e, James L\u00f3pez, Omar-Pascual Castillo, Suset S\u00e1nchez S\u00e1nchez, ISBN: 9788874399734. A comprehensive retrospective of Cuban artist Jos&eacute; Bedia, exploring five decades of work rooted in tribal symbology, shamanism, and ethnographic fieldwork across global ancestral cultures. Text in English and French.","og_url":"https:\/\/www.accartbooks.com\/uk\/book\/jose-bedia-1976-2026\/","og_site_name":"ACC Art Books UK","article_publisher":"https:\/\/www.facebook.com\/ACCArtBooks\/","article_modified_time":"2026-04-13T22:12:39+00:00","og_image":[{"url":"https:\/\/www.accartbooks.com\/app\/uploads\/books\/9788874399734-04-1.jpg","width":918,"height":1024,"type":"image\/jpeg"}],"twitter_card":"summary_large_image","twitter_site":"@accartbooks","twitter_misc":{"Estimated reading time":"1 minute"},"schema":{"@context":"https:\/\/schema.org","@graph":[{"@type":"WebPage","@id":"https:\/\/www.accartbooks.com\/uk\/book\/jose-bedia-1976-2026\/","url":"https:\/\/www.accartbooks.com\/uk\/book\/jose-bedia-1976-2026\/","name":"Jos\u00e9 Bedia - ACC Art Books UK","isPartOf":{"@id":"https:\/\/www.accartbooks.com\/uk\/#website"},"primaryImageOfPage":{"@id":"https:\/\/www.accartbooks.com\/uk\/book\/jose-bedia-1976-2026\/#primaryimage"},"image":{"@id":"https:\/\/www.accartbooks.com\/uk\/book\/jose-bedia-1976-2026\/#primaryimage"},"thumbnailUrl":"https:\/\/www.accartbooks.com\/app\/uploads\/books\/9788874399734-04-1.jpg","datePublished":"2026-02-02T16:11:26+00:00","dateModified":"2026-04-13T22:12:39+00:00","description":"Title: Jos\u00e9 Bedia, Pages: 344 Pages, Publish Date: 13th Jul 2026, Author: Alan West-Dur\u00e1n, B\u00e1rbaro Mart\u00ednez-Ruiz, Fran\u00e7ois Vall\u00e9e, James L\u00f3pez, Omar-Pascual Castillo, Suset S\u00e1nchez S\u00e1nchez, ISBN: 9788874399734. A comprehensive retrospective of Cuban artist Jos&eacute; Bedia, exploring five decades of work rooted in tribal symbology, shamanism, and ethnographic fieldwork across global ancestral cultures. Text in English and French.","breadcrumb":{"@id":"https:\/\/www.accartbooks.com\/uk\/book\/jose-bedia-1976-2026\/#breadcrumb"},"inLanguage":"en-GB","potentialAction":[{"@type":"ReadAction","target":["https:\/\/www.accartbooks.com\/uk\/book\/jose-bedia-1976-2026\/"]}]},{"@type":"ImageObject","inLanguage":"en-GB","@id":"https:\/\/www.accartbooks.com\/uk\/book\/jose-bedia-1976-2026\/#primaryimage","url":"https:\/\/www.accartbooks.com\/app\/uploads\/books\/9788874399734-04-1.jpg","contentUrl":"https:\/\/www.accartbooks.com\/app\/uploads\/books\/9788874399734-04-1.jpg","width":1400,"height":1561},{"@type":"BreadcrumbList","@id":"https:\/\/www.accartbooks.com\/uk\/book\/jose-bedia-1976-2026\/#breadcrumb","itemListElement":[{"@type":"ListItem","position":1,"name":"Home","item":"https:\/\/www.accartbooks.com\/uk\/"},{"@type":"ListItem","position":2,"name":"Books","item":"https:\/\/www.accartbooks.com\/uk\/books\/"},{"@type":"ListItem","position":3,"name":"Jos\u00e9 Bedia"}]},{"@type":"WebSite","@id":"https:\/\/www.accartbooks.com\/uk\/#website","url":"https:\/\/www.accartbooks.com\/uk\/","name":"ACC Art Books UK","description":"One of the world\u2019s leading publishers and distributors of books on the arts and visual culture","publisher":{"@id":"https:\/\/www.accartbooks.com\/uk\/#organization"},"potentialAction":[{"@type":"SearchAction","target":{"@type":"EntryPoint","urlTemplate":"https:\/\/www.accartbooks.com\/uk\/?s={search_term_string}"},"query-input":{"@type":"PropertyValueSpecification","valueRequired":true,"valueName":"search_term_string"}}],"inLanguage":"en-GB"},{"@type":"Organization","@id":"https:\/\/www.accartbooks.com\/uk\/#organization","name":"ACC Art Books UK","url":"https:\/\/www.accartbooks.com\/uk\/","logo":{"@type":"ImageObject","inLanguage":"en-GB","@id":"https:\/\/www.accartbooks.com\/uk\/#\/schema\/logo\/image\/","url":"https:\/\/www.accartbooks.com\/app\/uploads\/2020\/05\/Acc-Logo.png","contentUrl":"https:\/\/www.accartbooks.com\/app\/uploads\/2020\/05\/Acc-Logo.png","width":64,"height":100,"caption":"ACC Art Books UK"},"image":{"@id":"https:\/\/www.accartbooks.com\/uk\/#\/schema\/logo\/image\/"},"sameAs":["https:\/\/www.facebook.com\/ACCArtBooks\/","https:\/\/x.com\/accartbooks"]}]}},"_links":{"self":[{"href":"https:\/\/www.accartbooks.com\/uk\/wp-json\/wp\/v2\/product\/74970","targetHints":{"allow":["GET"]}}],"collection":[{"href":"https:\/\/www.accartbooks.com\/uk\/wp-json\/wp\/v2\/product"}],"about":[{"href":"https:\/\/www.accartbooks.com\/uk\/wp-json\/wp\/v2\/types\/product"}],"wp:featuredmedia":[{"embeddable":true,"href":"https:\/\/www.accartbooks.com\/uk\/wp-json\/wp\/v2\/media\/74971"}],"wp:attachment":[{"href":"https:\/\/www.accartbooks.com\/uk\/wp-json\/wp\/v2\/media?parent=74970"}],"wp:term":[{"taxonomy":"product_brand","embeddable":true,"href":"https:\/\/www.accartbooks.com\/uk\/wp-json\/wp\/v2\/product_brand?post=74970"},{"taxonomy":"product_cat","embeddable":true,"href":"https:\/\/www.accartbooks.com\/uk\/wp-json\/wp\/v2\/product_cat?post=74970"},{"taxonomy":"product_tag","embeddable":true,"href":"https:\/\/www.accartbooks.com\/uk\/wp-json\/wp\/v2\/product_tag?post=74970"}],"curies":[{"name":"wp","href":"https:\/\/api.w.org\/{rel}","templated":true}]}}