{"id":75664,"date":"2026-02-27T16:10:19","date_gmt":"2026-02-27T16:10:19","guid":{"rendered":"https:\/\/www.accartbooks.com\/uk\/book\/brno-city-museum-50\/"},"modified":"2026-02-27T16:10:19","modified_gmt":"2026-02-27T16:10:19","slug":"brno-city-museum-50","status":"publish","type":"product","link":"https:\/\/www.accartbooks.com\/uk\/book\/brno-city-museum-50\/","title":{"rendered":"Brno City Museum: 50"},"content":{"rendered":"<p>From its headquarters at &Scaron;pilberk Castle, Brno City Museum documents the history of Brno, from its earliest origins to the present day. Its famously diverse collections encompass more than 400,000 items, including more than 25,000 works of fine art, alongside archaeological and historical artefacts, and materials relating to architecture.<\/p>\n<p>This curated selection of 50 works, each strikingly illustrated, represents the breadth of the institution&rsquo;s collections in a clear, accessible guide. Four thematic, colour-coded chapters celebrate intriguing objects from the Museum&rsquo;s various collections, from Gallery (blue) to Architecture (green), History (red) to Archaeology (brown). In addition to &Scaron;pilberk Castle, where its main exhibition rooms are located, the Brno City Museum oversees Villa Tugendhat, Villa Arnold, Villa Wittal and the M&#283;n&iacute;n Gate, all of which hold further exhibitions.<\/p>\n<p><strong><em>Brno City Museum: 50 <\/em><\/strong>is the inaugural volume in Kulturalis&rsquo;s vibrant new series &ndash; <em>Numbers<\/em> &ndash; which showcases highlights from a collection based on a number chosen to reflect an anniversary or other special significance.<\/p>\n<p>&nbsp;<\/p>\n","protected":false},"excerpt":{"rendered":"<p>Brno City Museum: 50 presents a curated selection of 50 works representing the breadth of the institution&rsquo;s collections. Over 50 magnificent illustrations bring the exhibits vividly to life.<br \/>Introduction<br \/>\nGallery<br \/>\nArchitecture<br \/>\nHistory<br \/>\nArchaeology<\/p>\n","protected":false},"featured_media":76255,"template":"","meta":{"_acf_changed":false,"_relevanssi_hide_post":"","_relevanssi_hide_content":"","_relevanssi_pin_for_all":"","_relevanssi_pin_keywords":"","_relevanssi_unpin_keywords":"","_relevanssi_related_keywords":"","_relevanssi_related_include_ids":"","_relevanssi_related_exclude_ids":"","_relevanssi_related_no_append":"","_relevanssi_related_not_related":"","_relevanssi_related_posts":"","_relevanssi_noindex_reason":""},"product_brand":[],"product_cat":[5568],"product_tag":[],"class_list":{"0":"post-75664","1":"product","2":"type-product","3":"status-publish","4":"has-post-thumbnail","6":"product_cat-art","7":"author-by-author-zbynek-solc","8":"author-edited-by-robert-janas","9":"publisher-kulturalis","10":"series-numbers","12":"first","13":"instock","14":"shipping-taxable","15":"purchasable","16":"product-type-simple"},"acf":[],"yoast_head":"<!-- This site is optimized with the Yoast SEO plugin v27.0 - https:\/\/yoast.com\/product\/yoast-seo-wordpress\/ -->\n<title>Brno City Museum: 50 - ACC Art Books UK<\/title>\n<meta name=\"description\" content=\"Title: Brno City Museum: 50, Pages: 120 Pages, Publish Date: 14th Sep 2026, Author: Zbyn\u011bk \u0160olc, Edited by Robert Jan\u00e1s, ISBN: 9781836360537. Brno City Museum: 50 presents a curated selection of 50 works representing the breadth of the institution&rsquo;s collections. Over 50 magnificent illustrations bring the exhibits vividly to life.Introduction Gallery Architecture History Archaeology\" \/>\n<meta name=\"robots\" content=\"index, follow, max-snippet:-1, max-image-preview:large, max-video-preview:-1\" \/>\n<link rel=\"canonical\" href=\"https:\/\/www.accartbooks.com\/uk\/book\/brno-city-museum-50\/\" \/>\n<meta property=\"og:locale\" content=\"en_GB\" \/>\n<meta property=\"og:type\" content=\"article\" \/>\n<meta property=\"og:title\" content=\"Brno City Museum: 50 - ACC Art Books UK\" \/>\n<meta property=\"og:description\" content=\"Title: Brno City Museum: 50, Pages: 120 Pages, Publish Date: 14th Sep 2026, Author: Zbyn\u011bk \u0160olc, Edited by Robert Jan\u00e1s, ISBN: 9781836360537. Brno City Museum: 50 presents a curated selection of 50 works representing the breadth of the institution&rsquo;s collections. Over 50 magnificent illustrations bring the exhibits vividly to life.Introduction Gallery Architecture History Archaeology\" \/>\n<meta property=\"og:url\" content=\"https:\/\/www.accartbooks.com\/uk\/book\/brno-city-museum-50\/\" \/>\n<meta property=\"og:site_name\" content=\"ACC Art Books UK\" \/>\n<meta property=\"article:publisher\" content=\"https:\/\/www.facebook.com\/ACCArtBooks\/\" \/>\n<meta name=\"twitter:card\" content=\"summary_large_image\" \/>\n<meta name=\"twitter:site\" content=\"@accartbooks\" \/>\n<meta name=\"twitter:label1\" content=\"Estimated reading time\" \/>\n\t<meta name=\"twitter:data1\" content=\"1 minute\" \/>\n<script type=\"application\/ld+json\" class=\"yoast-schema-graph\">{\"@context\":\"https:\/\/schema.org\",\"@graph\":[{\"@type\":\"WebPage\",\"@id\":\"https:\/\/www.accartbooks.com\/uk\/book\/brno-city-museum-50\/\",\"url\":\"https:\/\/www.accartbooks.com\/uk\/book\/brno-city-museum-50\/\",\"name\":\"Brno City Museum: 50 - ACC Art Books UK\",\"isPartOf\":{\"@id\":\"https:\/\/www.accartbooks.com\/uk\/#website\"},\"primaryImageOfPage\":{\"@id\":\"https:\/\/www.accartbooks.com\/uk\/book\/brno-city-museum-50\/#primaryimage\"},\"image\":{\"@id\":\"https:\/\/www.accartbooks.com\/uk\/book\/brno-city-museum-50\/#primaryimage\"},\"thumbnailUrl\":\"https:\/\/www.accartbooks.com\/app\/uploads\/books\/9781836360537-04-1.jpg\",\"datePublished\":\"2026-02-27T16:10:19+00:00\",\"description\":\"Title: Brno City Museum: 50, Pages: 120 Pages, Publish Date: 14th Sep 2026, Author: Zbyn\u011bk \u0160olc, Edited by Robert Jan\u00e1s, ISBN: 9781836360537. Brno City Museum: 50 presents a curated selection of 50 works representing the breadth of the institution&rsquo;s collections. Over 50 magnificent illustrations bring the exhibits vividly to life.Introduction Gallery Architecture History Archaeology\",\"breadcrumb\":{\"@id\":\"https:\/\/www.accartbooks.com\/uk\/book\/brno-city-museum-50\/#breadcrumb\"},\"inLanguage\":\"en-GB\",\"potentialAction\":[{\"@type\":\"ReadAction\",\"target\":[\"https:\/\/www.accartbooks.com\/uk\/book\/brno-city-museum-50\/\"]}]},{\"@type\":\"ImageObject\",\"inLanguage\":\"en-GB\",\"@id\":\"https:\/\/www.accartbooks.com\/uk\/book\/brno-city-museum-50\/#primaryimage\",\"url\":\"https:\/\/www.accartbooks.com\/app\/uploads\/books\/9781836360537-04-1.jpg\",\"contentUrl\":\"https:\/\/www.accartbooks.com\/app\/uploads\/books\/9781836360537-04-1.jpg\",\"width\":1400,\"height\":1383},{\"@type\":\"BreadcrumbList\",\"@id\":\"https:\/\/www.accartbooks.com\/uk\/book\/brno-city-museum-50\/#breadcrumb\",\"itemListElement\":[{\"@type\":\"ListItem\",\"position\":1,\"name\":\"Home\",\"item\":\"https:\/\/www.accartbooks.com\/uk\/\"},{\"@type\":\"ListItem\",\"position\":2,\"name\":\"Books\",\"item\":\"https:\/\/www.accartbooks.com\/uk\/books\/\"},{\"@type\":\"ListItem\",\"position\":3,\"name\":\"Brno City Museum: 50\"}]},{\"@type\":\"WebSite\",\"@id\":\"https:\/\/www.accartbooks.com\/uk\/#website\",\"url\":\"https:\/\/www.accartbooks.com\/uk\/\",\"name\":\"ACC Art Books UK\",\"description\":\"One of the world\u2019s leading publishers and distributors of books on the arts and visual culture\",\"publisher\":{\"@id\":\"https:\/\/www.accartbooks.com\/uk\/#organization\"},\"potentialAction\":[{\"@type\":\"SearchAction\",\"target\":{\"@type\":\"EntryPoint\",\"urlTemplate\":\"https:\/\/www.accartbooks.com\/uk\/?s={search_term_string}\"},\"query-input\":{\"@type\":\"PropertyValueSpecification\",\"valueRequired\":true,\"valueName\":\"search_term_string\"}}],\"inLanguage\":\"en-GB\"},{\"@type\":\"Organization\",\"@id\":\"https:\/\/www.accartbooks.com\/uk\/#organization\",\"name\":\"ACC Art Books UK\",\"url\":\"https:\/\/www.accartbooks.com\/uk\/\",\"logo\":{\"@type\":\"ImageObject\",\"inLanguage\":\"en-GB\",\"@id\":\"https:\/\/www.accartbooks.com\/uk\/#\/schema\/logo\/image\/\",\"url\":\"https:\/\/www.accartbooks.com\/app\/uploads\/2020\/05\/Acc-Logo.png\",\"contentUrl\":\"https:\/\/www.accartbooks.com\/app\/uploads\/2020\/05\/Acc-Logo.png\",\"width\":64,\"height\":100,\"caption\":\"ACC Art Books UK\"},\"image\":{\"@id\":\"https:\/\/www.accartbooks.com\/uk\/#\/schema\/logo\/image\/\"},\"sameAs\":[\"https:\/\/www.facebook.com\/ACCArtBooks\/\",\"https:\/\/x.com\/accartbooks\"]}]}<\/script>\n<!-- \/ Yoast SEO plugin. -->","yoast_head_json":{"title":"Brno City Museum: 50 - ACC Art Books UK","description":"Title: Brno City Museum: 50, Pages: 120 Pages, Publish Date: 14th Sep 2026, Author: Zbyn\u011bk \u0160olc, Edited by Robert Jan\u00e1s, ISBN: 9781836360537. Brno City Museum: 50 presents a curated selection of 50 works representing the breadth of the institution&rsquo;s collections. Over 50 magnificent illustrations bring the exhibits vividly to life.Introduction Gallery Architecture History Archaeology","robots":{"index":"index","follow":"follow","max-snippet":"max-snippet:-1","max-image-preview":"max-image-preview:large","max-video-preview":"max-video-preview:-1"},"canonical":"https:\/\/www.accartbooks.com\/uk\/book\/brno-city-museum-50\/","og_locale":"en_GB","og_type":"article","og_title":"Brno City Museum: 50 - ACC Art Books UK","og_description":"Title: Brno City Museum: 50, Pages: 120 Pages, Publish Date: 14th Sep 2026, Author: Zbyn\u011bk \u0160olc, Edited by Robert Jan\u00e1s, ISBN: 9781836360537. Brno City Museum: 50 presents a curated selection of 50 works representing the breadth of the institution&rsquo;s collections. Over 50 magnificent illustrations bring the exhibits vividly to life.Introduction Gallery Architecture History Archaeology","og_url":"https:\/\/www.accartbooks.com\/uk\/book\/brno-city-museum-50\/","og_site_name":"ACC Art Books UK","article_publisher":"https:\/\/www.facebook.com\/ACCArtBooks\/","twitter_card":"summary_large_image","twitter_site":"@accartbooks","twitter_misc":{"Estimated reading time":"1 minute"},"schema":{"@context":"https:\/\/schema.org","@graph":[{"@type":"WebPage","@id":"https:\/\/www.accartbooks.com\/uk\/book\/brno-city-museum-50\/","url":"https:\/\/www.accartbooks.com\/uk\/book\/brno-city-museum-50\/","name":"Brno City Museum: 50 - ACC Art Books UK","isPartOf":{"@id":"https:\/\/www.accartbooks.com\/uk\/#website"},"primaryImageOfPage":{"@id":"https:\/\/www.accartbooks.com\/uk\/book\/brno-city-museum-50\/#primaryimage"},"image":{"@id":"https:\/\/www.accartbooks.com\/uk\/book\/brno-city-museum-50\/#primaryimage"},"thumbnailUrl":"https:\/\/www.accartbooks.com\/app\/uploads\/books\/9781836360537-04-1.jpg","datePublished":"2026-02-27T16:10:19+00:00","description":"Title: Brno City Museum: 50, Pages: 120 Pages, Publish Date: 14th Sep 2026, Author: Zbyn\u011bk \u0160olc, Edited by Robert Jan\u00e1s, ISBN: 9781836360537. Brno City Museum: 50 presents a curated selection of 50 works representing the breadth of the institution&rsquo;s collections. Over 50 magnificent illustrations bring the exhibits vividly to life.Introduction Gallery Architecture History Archaeology","breadcrumb":{"@id":"https:\/\/www.accartbooks.com\/uk\/book\/brno-city-museum-50\/#breadcrumb"},"inLanguage":"en-GB","potentialAction":[{"@type":"ReadAction","target":["https:\/\/www.accartbooks.com\/uk\/book\/brno-city-museum-50\/"]}]},{"@type":"ImageObject","inLanguage":"en-GB","@id":"https:\/\/www.accartbooks.com\/uk\/book\/brno-city-museum-50\/#primaryimage","url":"https:\/\/www.accartbooks.com\/app\/uploads\/books\/9781836360537-04-1.jpg","contentUrl":"https:\/\/www.accartbooks.com\/app\/uploads\/books\/9781836360537-04-1.jpg","width":1400,"height":1383},{"@type":"BreadcrumbList","@id":"https:\/\/www.accartbooks.com\/uk\/book\/brno-city-museum-50\/#breadcrumb","itemListElement":[{"@type":"ListItem","position":1,"name":"Home","item":"https:\/\/www.accartbooks.com\/uk\/"},{"@type":"ListItem","position":2,"name":"Books","item":"https:\/\/www.accartbooks.com\/uk\/books\/"},{"@type":"ListItem","position":3,"name":"Brno City Museum: 50"}]},{"@type":"WebSite","@id":"https:\/\/www.accartbooks.com\/uk\/#website","url":"https:\/\/www.accartbooks.com\/uk\/","name":"ACC Art Books UK","description":"One of the world\u2019s leading publishers and distributors of books on the arts and visual culture","publisher":{"@id":"https:\/\/www.accartbooks.com\/uk\/#organization"},"potentialAction":[{"@type":"SearchAction","target":{"@type":"EntryPoint","urlTemplate":"https:\/\/www.accartbooks.com\/uk\/?s={search_term_string}"},"query-input":{"@type":"PropertyValueSpecification","valueRequired":true,"valueName":"search_term_string"}}],"inLanguage":"en-GB"},{"@type":"Organization","@id":"https:\/\/www.accartbooks.com\/uk\/#organization","name":"ACC Art Books UK","url":"https:\/\/www.accartbooks.com\/uk\/","logo":{"@type":"ImageObject","inLanguage":"en-GB","@id":"https:\/\/www.accartbooks.com\/uk\/#\/schema\/logo\/image\/","url":"https:\/\/www.accartbooks.com\/app\/uploads\/2020\/05\/Acc-Logo.png","contentUrl":"https:\/\/www.accartbooks.com\/app\/uploads\/2020\/05\/Acc-Logo.png","width":64,"height":100,"caption":"ACC Art Books UK"},"image":{"@id":"https:\/\/www.accartbooks.com\/uk\/#\/schema\/logo\/image\/"},"sameAs":["https:\/\/www.facebook.com\/ACCArtBooks\/","https:\/\/x.com\/accartbooks"]}]}},"_links":{"self":[{"href":"https:\/\/www.accartbooks.com\/uk\/wp-json\/wp\/v2\/product\/75664","targetHints":{"allow":["GET"]}}],"collection":[{"href":"https:\/\/www.accartbooks.com\/uk\/wp-json\/wp\/v2\/product"}],"about":[{"href":"https:\/\/www.accartbooks.com\/uk\/wp-json\/wp\/v2\/types\/product"}],"wp:featuredmedia":[{"embeddable":true,"href":"https:\/\/www.accartbooks.com\/uk\/wp-json\/wp\/v2\/media\/76255"}],"wp:attachment":[{"href":"https:\/\/www.accartbooks.com\/uk\/wp-json\/wp\/v2\/media?parent=75664"}],"wp:term":[{"taxonomy":"product_brand","embeddable":true,"href":"https:\/\/www.accartbooks.com\/uk\/wp-json\/wp\/v2\/product_brand?post=75664"},{"taxonomy":"product_cat","embeddable":true,"href":"https:\/\/www.accartbooks.com\/uk\/wp-json\/wp\/v2\/product_cat?post=75664"},{"taxonomy":"product_tag","embeddable":true,"href":"https:\/\/www.accartbooks.com\/uk\/wp-json\/wp\/v2\/product_tag?post=75664"}],"curies":[{"name":"wp","href":"https:\/\/api.w.org\/{rel}","templated":true}]}}