{"id":75675,"date":"2026-02-27T16:11:27","date_gmt":"2026-02-27T16:11:27","guid":{"rendered":"https:\/\/www.accartbooks.com\/uk\/book\/czech-interwar-modern\/"},"modified":"2026-03-26T20:22:06","modified_gmt":"2026-03-26T20:22:06","slug":"czech-interwar-modern","status":"publish","type":"product","link":"https:\/\/www.accartbooks.com\/uk\/book\/czech-interwar-modern\/","title":{"rendered":"Czech Interwar Modern"},"content":{"rendered":"<p>The collection of Czech interwar modern art at the Gallery of West Bohemia in Pilsen presents a wide spectrum of artistic trends from 1918 to 1938, from early pre-WWI Modernism, Expressionism and Poetism to avant-garde experiments and Surrealism. Great attention is also paid to social art and the so-called New Objectivity. <\/p>\n<p>The collection, built up mainly in the 1960s and 1970s by the Gallery&rsquo;s first director, Old&#345;ich Kuba (and expanded ever since), includes works by personalities such as Josef &Scaron;&iacute;ma, Jind&#345;ich &Scaron;tyrsk&yacute;, Toyen, Franti&scaron;ek Muzika, Jan Zrzav&yacute;, V&aacute;clav &Scaron;p&aacute;la, Emil Filla, Josef &#268;apek, Bohumil Kubi&scaron;ta, Franti&scaron;ek Tich&yacute;, Otakar Coubine, Anton&iacute;n Proch&aacute;zka and others. <\/p>\n<p>The forthcoming publication offers a wealth of visual material in the form of reproductions of all the works included, together with interpretative texts introducing their authors and explaining the origin and content of the works and their significance in a broader cultural and historical context.<\/p>\n","protected":false},"excerpt":{"rendered":"<p>This new book presents highlights of one of the Czech Republic&rsquo;s key collections of interwar modern art, at the Gallery of West Bohemia in Pilsen, with reproductions and essays on their artistic and cultural context.<br \/>Introduction by Alena Pomajzlov&aacute; on the Czech Interwar Modern in the European and worldwide context<br \/>\nIntroduction by Roman Musil on the Modernist collection in the Gallery of West Bohemia in Pilsen<br \/>\nList of Artists covered:<br \/>\nKarel Boh&aacute;&#269;ek<br \/>\nJosef &#268;apek<br \/>\nEmil Filla<br \/>\nOtto Gutfreund<br \/>\nKarel Holan<br \/>\nMiloslav Hol&yacute;<br \/>\nFranti&scaron;ek Janou&scaron;ek<br \/>\nAlfred Justitz<br \/>\nJi&#345;&iacute; (Georg, Georges) Kars<br \/>\nRudolf Kremli&#269;ka<br \/>\nSvatopluk M&aacute;chal<br \/>\nMilada Mare&scaron;ov&aacute;<br \/>\nFranti&scaron;ek Muzika<br \/>\nAlois Moravec<br \/>\nAnton&iacute;n Proch&aacute;zka<br \/>\nV&aacute;clav Rabas<br \/>\nJosef &Scaron;&iacute;ma<br \/>\nV&aacute;clav &Scaron;p&aacute;la<br \/>\nJind&#345;ich &Scaron;tyrsk&yacute;<br \/>\nToyen (Marie &#268;erm&iacute;nov&aacute;)<br \/>\nJan Zrzav&yacute;<\/p>\n","protected":false},"featured_media":75676,"template":"","meta":{"_acf_changed":false,"_relevanssi_hide_post":"","_relevanssi_hide_content":"","_relevanssi_pin_for_all":"","_relevanssi_pin_keywords":"","_relevanssi_unpin_keywords":"","_relevanssi_related_keywords":"","_relevanssi_related_include_ids":"","_relevanssi_related_exclude_ids":"","_relevanssi_related_no_append":"","_relevanssi_related_not_related":"","_relevanssi_related_posts":"","_relevanssi_noindex_reason":""},"product_brand":[],"product_cat":[5568],"product_tag":[],"class_list":{"0":"post-75675","1":"product","2":"type-product","3":"status-publish","4":"has-post-thumbnail","6":"product_cat-art","7":"author-by-author-alena-pomajzlova","8":"author-by-author-eva-bendova","9":"author-by-author-ivana-skalova","10":"author-by-author-marcel-fiser","11":"author-by-author-petr-jindra","12":"author-by-author-roman-musil","13":"publisher-kulturalis","15":"first","16":"instock","17":"shipping-taxable","18":"purchasable","19":"product-type-simple"},"acf":[],"yoast_head":"<!-- This site is optimized with the Yoast SEO plugin v27.0 - https:\/\/yoast.com\/product\/yoast-seo-wordpress\/ -->\n<title>Czech Interwar Modern - ACC Art Books UK<\/title>\n<meta name=\"description\" content=\"Title: Czech Interwar Modern, Pages: 120 Pages, Publish Date: 14th Sep 2026, Author: Alena Pomajzlov\u00e1, Eva Bendov\u00e1, Ivana Sk\u00e1lov\u00e1, Marcel Fi\u0161er, Petr Jindra, Roman Musil, ISBN: 9781836360469. This new book presents highlights of one of the Czech Republic&rsquo;s key collections of interwar modern art, at the Gallery of West Bohemia in Pilsen, with reproductions and essays on their artistic and cultural context.Introduction by Alena Pomajzlov&aacute; on the Czech Interwar Modern in the European and worldwide context Introduction by Roman Musil on the Modernist collection in the Gallery of West Bohemia in Pilsen List of Artists covered: Karel Boh&aacute;&#269;ek Josef &#268;apek Emil Filla Otto Gutfreund Karel Holan Miloslav Hol&yacute; Franti&scaron;ek Janou&scaron;ek Alfred Justitz Ji&#345;&iacute; (Georg, Georges) Kars Rudolf Kremli&#269;ka Svatopluk M&aacute;chal Milada Mare&scaron;ov&aacute; Franti&scaron;ek Muzika Alois Moravec Anton&iacute;n Proch&aacute;zka V&aacute;clav Rabas Josef &Scaron;&iacute;ma V&aacute;clav &Scaron;p&aacute;la Jind&#345;ich &Scaron;tyrsk&yacute; Toyen (Marie &#268;erm&iacute;nov&aacute;) Jan Zrzav&yacute;\" \/>\n<meta name=\"robots\" content=\"index, follow, max-snippet:-1, max-image-preview:large, max-video-preview:-1\" \/>\n<link rel=\"canonical\" href=\"https:\/\/www.accartbooks.com\/uk\/book\/czech-interwar-modern\/\" \/>\n<meta property=\"og:locale\" content=\"en_GB\" \/>\n<meta property=\"og:type\" content=\"article\" \/>\n<meta property=\"og:title\" content=\"Czech Interwar Modern - ACC Art Books UK\" \/>\n<meta property=\"og:description\" content=\"Title: Czech Interwar Modern, Pages: 120 Pages, Publish Date: 14th Sep 2026, Author: Alena Pomajzlov\u00e1, Eva Bendov\u00e1, Ivana Sk\u00e1lov\u00e1, Marcel Fi\u0161er, Petr Jindra, Roman Musil, ISBN: 9781836360469. This new book presents highlights of one of the Czech Republic&rsquo;s key collections of interwar modern art, at the Gallery of West Bohemia in Pilsen, with reproductions and essays on their artistic and cultural context.Introduction by Alena Pomajzlov&aacute; on the Czech Interwar Modern in the European and worldwide context Introduction by Roman Musil on the Modernist collection in the Gallery of West Bohemia in Pilsen List of Artists covered: Karel Boh&aacute;&#269;ek Josef &#268;apek Emil Filla Otto Gutfreund Karel Holan Miloslav Hol&yacute; Franti&scaron;ek Janou&scaron;ek Alfred Justitz Ji&#345;&iacute; (Georg, Georges) Kars Rudolf Kremli&#269;ka Svatopluk M&aacute;chal Milada Mare&scaron;ov&aacute; Franti&scaron;ek Muzika Alois Moravec Anton&iacute;n Proch&aacute;zka V&aacute;clav Rabas Josef &Scaron;&iacute;ma V&aacute;clav &Scaron;p&aacute;la Jind&#345;ich &Scaron;tyrsk&yacute; Toyen (Marie &#268;erm&iacute;nov&aacute;) Jan Zrzav&yacute;\" \/>\n<meta property=\"og:url\" content=\"https:\/\/www.accartbooks.com\/uk\/book\/czech-interwar-modern\/\" \/>\n<meta property=\"og:site_name\" content=\"ACC Art Books UK\" \/>\n<meta property=\"article:publisher\" content=\"https:\/\/www.facebook.com\/ACCArtBooks\/\" \/>\n<meta property=\"article:modified_time\" content=\"2026-03-26T20:22:06+00:00\" \/>\n<meta property=\"og:image\" content=\"https:\/\/www.accartbooks.com\/app\/uploads\/books\/9781836360469-04-2.jpg\" \/>\n\t<meta property=\"og:image:width\" content=\"1400\" \/>\n\t<meta property=\"og:image:height\" content=\"1593\" \/>\n\t<meta property=\"og:image:type\" content=\"image\/jpeg\" \/>\n<meta name=\"twitter:card\" content=\"summary_large_image\" \/>\n<meta name=\"twitter:site\" content=\"@accartbooks\" \/>\n<meta name=\"twitter:label1\" content=\"Estimated reading time\" \/>\n\t<meta name=\"twitter:data1\" content=\"1 minute\" \/>\n<script type=\"application\/ld+json\" class=\"yoast-schema-graph\">{\"@context\":\"https:\/\/schema.org\",\"@graph\":[{\"@type\":\"WebPage\",\"@id\":\"https:\/\/www.accartbooks.com\/uk\/book\/czech-interwar-modern\/\",\"url\":\"https:\/\/www.accartbooks.com\/uk\/book\/czech-interwar-modern\/\",\"name\":\"Czech Interwar Modern - ACC Art Books UK\",\"isPartOf\":{\"@id\":\"https:\/\/www.accartbooks.com\/uk\/#website\"},\"primaryImageOfPage\":{\"@id\":\"https:\/\/www.accartbooks.com\/uk\/book\/czech-interwar-modern\/#primaryimage\"},\"image\":{\"@id\":\"https:\/\/www.accartbooks.com\/uk\/book\/czech-interwar-modern\/#primaryimage\"},\"thumbnailUrl\":\"https:\/\/www.accartbooks.com\/app\/uploads\/books\/9781836360469-04-2.jpg\",\"datePublished\":\"2026-02-27T16:11:27+00:00\",\"dateModified\":\"2026-03-26T20:22:06+00:00\",\"description\":\"Title: Czech Interwar Modern, Pages: 120 Pages, Publish Date: 14th Sep 2026, Author: Alena Pomajzlov\u00e1, Eva Bendov\u00e1, Ivana Sk\u00e1lov\u00e1, Marcel Fi\u0161er, Petr Jindra, Roman Musil, ISBN: 9781836360469. This new book presents highlights of one of the Czech Republic&rsquo;s key collections of interwar modern art, at the Gallery of West Bohemia in Pilsen, with reproductions and essays on their artistic and cultural context.Introduction by Alena Pomajzlov&aacute; on the Czech Interwar Modern in the European and worldwide context Introduction by Roman Musil on the Modernist collection in the Gallery of West Bohemia in Pilsen List of Artists covered: Karel Boh&aacute;&#269;ek Josef &#268;apek Emil Filla Otto Gutfreund Karel Holan Miloslav Hol&yacute; Franti&scaron;ek Janou&scaron;ek Alfred Justitz Ji&#345;&iacute; (Georg, Georges) Kars Rudolf Kremli&#269;ka Svatopluk M&aacute;chal Milada Mare&scaron;ov&aacute; Franti&scaron;ek Muzika Alois Moravec Anton&iacute;n Proch&aacute;zka V&aacute;clav Rabas Josef &Scaron;&iacute;ma V&aacute;clav &Scaron;p&aacute;la Jind&#345;ich &Scaron;tyrsk&yacute; Toyen (Marie &#268;erm&iacute;nov&aacute;) Jan Zrzav&yacute;\",\"breadcrumb\":{\"@id\":\"https:\/\/www.accartbooks.com\/uk\/book\/czech-interwar-modern\/#breadcrumb\"},\"inLanguage\":\"en-GB\",\"potentialAction\":[{\"@type\":\"ReadAction\",\"target\":[\"https:\/\/www.accartbooks.com\/uk\/book\/czech-interwar-modern\/\"]}]},{\"@type\":\"ImageObject\",\"inLanguage\":\"en-GB\",\"@id\":\"https:\/\/www.accartbooks.com\/uk\/book\/czech-interwar-modern\/#primaryimage\",\"url\":\"https:\/\/www.accartbooks.com\/app\/uploads\/books\/9781836360469-04-2.jpg\",\"contentUrl\":\"https:\/\/www.accartbooks.com\/app\/uploads\/books\/9781836360469-04-2.jpg\",\"width\":1400,\"height\":1567},{\"@type\":\"BreadcrumbList\",\"@id\":\"https:\/\/www.accartbooks.com\/uk\/book\/czech-interwar-modern\/#breadcrumb\",\"itemListElement\":[{\"@type\":\"ListItem\",\"position\":1,\"name\":\"Home\",\"item\":\"https:\/\/www.accartbooks.com\/uk\/\"},{\"@type\":\"ListItem\",\"position\":2,\"name\":\"Books\",\"item\":\"https:\/\/www.accartbooks.com\/uk\/books\/\"},{\"@type\":\"ListItem\",\"position\":3,\"name\":\"Czech Interwar Modern\"}]},{\"@type\":\"WebSite\",\"@id\":\"https:\/\/www.accartbooks.com\/uk\/#website\",\"url\":\"https:\/\/www.accartbooks.com\/uk\/\",\"name\":\"ACC Art Books UK\",\"description\":\"One of the world\u2019s leading publishers and distributors of books on the arts and visual culture\",\"publisher\":{\"@id\":\"https:\/\/www.accartbooks.com\/uk\/#organization\"},\"potentialAction\":[{\"@type\":\"SearchAction\",\"target\":{\"@type\":\"EntryPoint\",\"urlTemplate\":\"https:\/\/www.accartbooks.com\/uk\/?s={search_term_string}\"},\"query-input\":{\"@type\":\"PropertyValueSpecification\",\"valueRequired\":true,\"valueName\":\"search_term_string\"}}],\"inLanguage\":\"en-GB\"},{\"@type\":\"Organization\",\"@id\":\"https:\/\/www.accartbooks.com\/uk\/#organization\",\"name\":\"ACC Art Books UK\",\"url\":\"https:\/\/www.accartbooks.com\/uk\/\",\"logo\":{\"@type\":\"ImageObject\",\"inLanguage\":\"en-GB\",\"@id\":\"https:\/\/www.accartbooks.com\/uk\/#\/schema\/logo\/image\/\",\"url\":\"https:\/\/www.accartbooks.com\/app\/uploads\/2020\/05\/Acc-Logo.png\",\"contentUrl\":\"https:\/\/www.accartbooks.com\/app\/uploads\/2020\/05\/Acc-Logo.png\",\"width\":64,\"height\":100,\"caption\":\"ACC Art Books UK\"},\"image\":{\"@id\":\"https:\/\/www.accartbooks.com\/uk\/#\/schema\/logo\/image\/\"},\"sameAs\":[\"https:\/\/www.facebook.com\/ACCArtBooks\/\",\"https:\/\/x.com\/accartbooks\"]}]}<\/script>\n<!-- \/ Yoast SEO plugin. -->","yoast_head_json":{"title":"Czech Interwar Modern - ACC Art Books UK","description":"Title: Czech Interwar Modern, Pages: 120 Pages, Publish Date: 14th Sep 2026, Author: Alena Pomajzlov\u00e1, Eva Bendov\u00e1, Ivana Sk\u00e1lov\u00e1, Marcel Fi\u0161er, Petr Jindra, Roman Musil, ISBN: 9781836360469. This new book presents highlights of one of the Czech Republic&rsquo;s key collections of interwar modern art, at the Gallery of West Bohemia in Pilsen, with reproductions and essays on their artistic and cultural context.Introduction by Alena Pomajzlov&aacute; on the Czech Interwar Modern in the European and worldwide context Introduction by Roman Musil on the Modernist collection in the Gallery of West Bohemia in Pilsen List of Artists covered: Karel Boh&aacute;&#269;ek Josef &#268;apek Emil Filla Otto Gutfreund Karel Holan Miloslav Hol&yacute; Franti&scaron;ek Janou&scaron;ek Alfred Justitz Ji&#345;&iacute; (Georg, Georges) Kars Rudolf Kremli&#269;ka Svatopluk M&aacute;chal Milada Mare&scaron;ov&aacute; Franti&scaron;ek Muzika Alois Moravec Anton&iacute;n Proch&aacute;zka V&aacute;clav Rabas Josef &Scaron;&iacute;ma V&aacute;clav &Scaron;p&aacute;la Jind&#345;ich &Scaron;tyrsk&yacute; Toyen (Marie &#268;erm&iacute;nov&aacute;) Jan Zrzav&yacute;","robots":{"index":"index","follow":"follow","max-snippet":"max-snippet:-1","max-image-preview":"max-image-preview:large","max-video-preview":"max-video-preview:-1"},"canonical":"https:\/\/www.accartbooks.com\/uk\/book\/czech-interwar-modern\/","og_locale":"en_GB","og_type":"article","og_title":"Czech Interwar Modern - ACC Art Books UK","og_description":"Title: Czech Interwar Modern, Pages: 120 Pages, Publish Date: 14th Sep 2026, Author: Alena Pomajzlov\u00e1, Eva Bendov\u00e1, Ivana Sk\u00e1lov\u00e1, Marcel Fi\u0161er, Petr Jindra, Roman Musil, ISBN: 9781836360469. This new book presents highlights of one of the Czech Republic&rsquo;s key collections of interwar modern art, at the Gallery of West Bohemia in Pilsen, with reproductions and essays on their artistic and cultural context.Introduction by Alena Pomajzlov&aacute; on the Czech Interwar Modern in the European and worldwide context Introduction by Roman Musil on the Modernist collection in the Gallery of West Bohemia in Pilsen List of Artists covered: Karel Boh&aacute;&#269;ek Josef &#268;apek Emil Filla Otto Gutfreund Karel Holan Miloslav Hol&yacute; Franti&scaron;ek Janou&scaron;ek Alfred Justitz Ji&#345;&iacute; (Georg, Georges) Kars Rudolf Kremli&#269;ka Svatopluk M&aacute;chal Milada Mare&scaron;ov&aacute; Franti&scaron;ek Muzika Alois Moravec Anton&iacute;n Proch&aacute;zka V&aacute;clav Rabas Josef &Scaron;&iacute;ma V&aacute;clav &Scaron;p&aacute;la Jind&#345;ich &Scaron;tyrsk&yacute; Toyen (Marie &#268;erm&iacute;nov&aacute;) Jan Zrzav&yacute;","og_url":"https:\/\/www.accartbooks.com\/uk\/book\/czech-interwar-modern\/","og_site_name":"ACC Art Books UK","article_publisher":"https:\/\/www.facebook.com\/ACCArtBooks\/","article_modified_time":"2026-03-26T20:22:06+00:00","og_image":[{"width":1400,"height":1593,"url":"https:\/\/www.accartbooks.com\/app\/uploads\/books\/9781836360469-04-2.jpg","type":"image\/jpeg"}],"twitter_card":"summary_large_image","twitter_site":"@accartbooks","twitter_misc":{"Estimated reading time":"1 minute"},"schema":{"@context":"https:\/\/schema.org","@graph":[{"@type":"WebPage","@id":"https:\/\/www.accartbooks.com\/uk\/book\/czech-interwar-modern\/","url":"https:\/\/www.accartbooks.com\/uk\/book\/czech-interwar-modern\/","name":"Czech Interwar Modern - ACC Art Books UK","isPartOf":{"@id":"https:\/\/www.accartbooks.com\/uk\/#website"},"primaryImageOfPage":{"@id":"https:\/\/www.accartbooks.com\/uk\/book\/czech-interwar-modern\/#primaryimage"},"image":{"@id":"https:\/\/www.accartbooks.com\/uk\/book\/czech-interwar-modern\/#primaryimage"},"thumbnailUrl":"https:\/\/www.accartbooks.com\/app\/uploads\/books\/9781836360469-04-2.jpg","datePublished":"2026-02-27T16:11:27+00:00","dateModified":"2026-03-26T20:22:06+00:00","description":"Title: Czech Interwar Modern, Pages: 120 Pages, Publish Date: 14th Sep 2026, Author: Alena Pomajzlov\u00e1, Eva Bendov\u00e1, Ivana Sk\u00e1lov\u00e1, Marcel Fi\u0161er, Petr Jindra, Roman Musil, ISBN: 9781836360469. This new book presents highlights of one of the Czech Republic&rsquo;s key collections of interwar modern art, at the Gallery of West Bohemia in Pilsen, with reproductions and essays on their artistic and cultural context.Introduction by Alena Pomajzlov&aacute; on the Czech Interwar Modern in the European and worldwide context Introduction by Roman Musil on the Modernist collection in the Gallery of West Bohemia in Pilsen List of Artists covered: Karel Boh&aacute;&#269;ek Josef &#268;apek Emil Filla Otto Gutfreund Karel Holan Miloslav Hol&yacute; Franti&scaron;ek Janou&scaron;ek Alfred Justitz Ji&#345;&iacute; (Georg, Georges) Kars Rudolf Kremli&#269;ka Svatopluk M&aacute;chal Milada Mare&scaron;ov&aacute; Franti&scaron;ek Muzika Alois Moravec Anton&iacute;n Proch&aacute;zka V&aacute;clav Rabas Josef &Scaron;&iacute;ma V&aacute;clav &Scaron;p&aacute;la Jind&#345;ich &Scaron;tyrsk&yacute; Toyen (Marie &#268;erm&iacute;nov&aacute;) Jan Zrzav&yacute;","breadcrumb":{"@id":"https:\/\/www.accartbooks.com\/uk\/book\/czech-interwar-modern\/#breadcrumb"},"inLanguage":"en-GB","potentialAction":[{"@type":"ReadAction","target":["https:\/\/www.accartbooks.com\/uk\/book\/czech-interwar-modern\/"]}]},{"@type":"ImageObject","inLanguage":"en-GB","@id":"https:\/\/www.accartbooks.com\/uk\/book\/czech-interwar-modern\/#primaryimage","url":"https:\/\/www.accartbooks.com\/app\/uploads\/books\/9781836360469-04-2.jpg","contentUrl":"https:\/\/www.accartbooks.com\/app\/uploads\/books\/9781836360469-04-2.jpg","width":1400,"height":1567},{"@type":"BreadcrumbList","@id":"https:\/\/www.accartbooks.com\/uk\/book\/czech-interwar-modern\/#breadcrumb","itemListElement":[{"@type":"ListItem","position":1,"name":"Home","item":"https:\/\/www.accartbooks.com\/uk\/"},{"@type":"ListItem","position":2,"name":"Books","item":"https:\/\/www.accartbooks.com\/uk\/books\/"},{"@type":"ListItem","position":3,"name":"Czech Interwar Modern"}]},{"@type":"WebSite","@id":"https:\/\/www.accartbooks.com\/uk\/#website","url":"https:\/\/www.accartbooks.com\/uk\/","name":"ACC Art Books UK","description":"One of the world\u2019s leading publishers and distributors of books on the arts and visual culture","publisher":{"@id":"https:\/\/www.accartbooks.com\/uk\/#organization"},"potentialAction":[{"@type":"SearchAction","target":{"@type":"EntryPoint","urlTemplate":"https:\/\/www.accartbooks.com\/uk\/?s={search_term_string}"},"query-input":{"@type":"PropertyValueSpecification","valueRequired":true,"valueName":"search_term_string"}}],"inLanguage":"en-GB"},{"@type":"Organization","@id":"https:\/\/www.accartbooks.com\/uk\/#organization","name":"ACC Art Books UK","url":"https:\/\/www.accartbooks.com\/uk\/","logo":{"@type":"ImageObject","inLanguage":"en-GB","@id":"https:\/\/www.accartbooks.com\/uk\/#\/schema\/logo\/image\/","url":"https:\/\/www.accartbooks.com\/app\/uploads\/2020\/05\/Acc-Logo.png","contentUrl":"https:\/\/www.accartbooks.com\/app\/uploads\/2020\/05\/Acc-Logo.png","width":64,"height":100,"caption":"ACC Art Books UK"},"image":{"@id":"https:\/\/www.accartbooks.com\/uk\/#\/schema\/logo\/image\/"},"sameAs":["https:\/\/www.facebook.com\/ACCArtBooks\/","https:\/\/x.com\/accartbooks"]}]}},"_links":{"self":[{"href":"https:\/\/www.accartbooks.com\/uk\/wp-json\/wp\/v2\/product\/75675","targetHints":{"allow":["GET"]}}],"collection":[{"href":"https:\/\/www.accartbooks.com\/uk\/wp-json\/wp\/v2\/product"}],"about":[{"href":"https:\/\/www.accartbooks.com\/uk\/wp-json\/wp\/v2\/types\/product"}],"wp:featuredmedia":[{"embeddable":true,"href":"https:\/\/www.accartbooks.com\/uk\/wp-json\/wp\/v2\/media\/75676"}],"wp:attachment":[{"href":"https:\/\/www.accartbooks.com\/uk\/wp-json\/wp\/v2\/media?parent=75675"}],"wp:term":[{"taxonomy":"product_brand","embeddable":true,"href":"https:\/\/www.accartbooks.com\/uk\/wp-json\/wp\/v2\/product_brand?post=75675"},{"taxonomy":"product_cat","embeddable":true,"href":"https:\/\/www.accartbooks.com\/uk\/wp-json\/wp\/v2\/product_cat?post=75675"},{"taxonomy":"product_tag","embeddable":true,"href":"https:\/\/www.accartbooks.com\/uk\/wp-json\/wp\/v2\/product_tag?post=75675"}],"curies":[{"name":"wp","href":"https:\/\/api.w.org\/{rel}","templated":true}]}}