{"id":76527,"date":"2026-03-26T20:10:40","date_gmt":"2026-03-26T20:10:40","guid":{"rendered":"https:\/\/www.accartbooks.com\/uk\/book\/paysages-et-interieurs\/"},"modified":"2026-03-26T20:10:40","modified_gmt":"2026-03-26T20:10:40","slug":"paysages-et-interieurs","status":"publish","type":"product","link":"https:\/\/www.accartbooks.com\/uk\/book\/paysages-et-interieurs\/","title":{"rendered":"Paysages et Int\u00e9rieurs"},"content":{"rendered":"<p>Vuillard&#8217;s greatest achievement as a printmaker, and some of the most characteristic images of his career, with their intimate focus and rich but exquisitely judged use of colour. Vuillard&#8217;s fascination with pattern and texture, and his almost tactile, painterly style are given free rein in the 13 etchings of this collection. They range from genteel, claustrophobic interiors to rapturous country views and colourful street scenes. This is one of the three hugely original portfolios of etchings brought out in 1899 by the great dealer Ambroise Vollard, and printed by the master craftsman Auguste Clot. The other two are by Pierre Bonnard and Maurice Denis, and all three are being published simultaneously by Pallas Athene.<\/p>\n<p>Text in French.<\/p>\n","protected":false},"excerpt":{"rendered":"<p>&Eacute;douard Vuillard&#8217;s finest work as a printmaker, and a touchstone of post-impressionist art. Text in French.<\/p>\n","protected":false},"featured_media":76528,"template":"","meta":{"_acf_changed":false,"_relevanssi_hide_post":"","_relevanssi_hide_content":"","_relevanssi_pin_for_all":"","_relevanssi_pin_keywords":"","_relevanssi_unpin_keywords":"","_relevanssi_related_keywords":"","_relevanssi_related_include_ids":"","_relevanssi_related_exclude_ids":"","_relevanssi_related_no_append":"","_relevanssi_related_not_related":"","_relevanssi_related_posts":"","_relevanssi_noindex_reason":""},"product_brand":[],"product_cat":[5568],"product_tag":[],"class_list":{"0":"post-76527","1":"product","2":"type-product","3":"status-publish","4":"has-post-thumbnail","6":"product_cat-art","7":"author-by-author-edouard-vuillard","8":"publisher-pallas-athene","10":"first","11":"instock","12":"shipping-taxable","13":"purchasable","14":"product-type-simple"},"acf":[],"yoast_head":"<!-- This site is optimized with the Yoast SEO plugin v27.0 - https:\/\/yoast.com\/product\/yoast-seo-wordpress\/ -->\n<title>Paysages et Int\u00e9rieurs - ACC Art Books UK<\/title>\n<meta name=\"description\" content=\"Title: Paysages et Int\u00e9rieurs, Pages: 32 Pages, Publish Date: 7th Apr 2026, Author: \u00c9douard Vuillard, ISBN: 9781843682998. &Eacute;douard Vuillard&#039;s finest work as a printmaker, and a touchstone of post-impressionist art. Text in French.\" \/>\n<meta name=\"robots\" content=\"index, follow, max-snippet:-1, max-image-preview:large, max-video-preview:-1\" \/>\n<link rel=\"canonical\" href=\"https:\/\/www.accartbooks.com\/uk\/book\/paysages-et-interieurs\/\" \/>\n<meta property=\"og:locale\" content=\"en_GB\" \/>\n<meta property=\"og:type\" content=\"article\" \/>\n<meta property=\"og:title\" content=\"Paysages et Int\u00e9rieurs - ACC Art Books UK\" \/>\n<meta property=\"og:description\" content=\"Title: Paysages et Int\u00e9rieurs, Pages: 32 Pages, Publish Date: 7th Apr 2026, Author: \u00c9douard Vuillard, ISBN: 9781843682998. &Eacute;douard Vuillard&#039;s finest work as a printmaker, and a touchstone of post-impressionist art. Text in French.\" \/>\n<meta property=\"og:url\" content=\"https:\/\/www.accartbooks.com\/uk\/book\/paysages-et-interieurs\/\" \/>\n<meta property=\"og:site_name\" content=\"ACC Art Books UK\" \/>\n<meta property=\"article:publisher\" content=\"https:\/\/www.facebook.com\/ACCArtBooks\/\" \/>\n<meta property=\"og:image\" content=\"https:\/\/www.accartbooks.com\/app\/uploads\/books\/9781843682998-04-1.jpg\" \/>\n\t<meta property=\"og:image:width\" content=\"1400\" \/>\n\t<meta property=\"og:image:height\" content=\"1899\" \/>\n\t<meta property=\"og:image:type\" content=\"image\/jpeg\" \/>\n<meta name=\"twitter:card\" content=\"summary_large_image\" \/>\n<meta name=\"twitter:site\" content=\"@accartbooks\" \/>\n<meta name=\"twitter:label1\" content=\"Estimated reading time\" \/>\n\t<meta name=\"twitter:data1\" content=\"1 minute\" \/>\n<script type=\"application\/ld+json\" class=\"yoast-schema-graph\">{\"@context\":\"https:\/\/schema.org\",\"@graph\":[{\"@type\":\"WebPage\",\"@id\":\"https:\/\/www.accartbooks.com\/uk\/book\/paysages-et-interieurs\/\",\"url\":\"https:\/\/www.accartbooks.com\/uk\/book\/paysages-et-interieurs\/\",\"name\":\"Paysages et Int\u00e9rieurs - ACC Art Books UK\",\"isPartOf\":{\"@id\":\"https:\/\/www.accartbooks.com\/uk\/#website\"},\"primaryImageOfPage\":{\"@id\":\"https:\/\/www.accartbooks.com\/uk\/book\/paysages-et-interieurs\/#primaryimage\"},\"image\":{\"@id\":\"https:\/\/www.accartbooks.com\/uk\/book\/paysages-et-interieurs\/#primaryimage\"},\"thumbnailUrl\":\"https:\/\/www.accartbooks.com\/app\/uploads\/books\/9781843682998-04-1.jpg\",\"datePublished\":\"2026-03-26T20:10:40+00:00\",\"description\":\"Title: Paysages et Int\u00e9rieurs, Pages: 32 Pages, Publish Date: 7th Apr 2026, Author: \u00c9douard Vuillard, ISBN: 9781843682998. &Eacute;douard Vuillard's finest work as a printmaker, and a touchstone of post-impressionist art. Text in French.\",\"breadcrumb\":{\"@id\":\"https:\/\/www.accartbooks.com\/uk\/book\/paysages-et-interieurs\/#breadcrumb\"},\"inLanguage\":\"en-GB\",\"potentialAction\":[{\"@type\":\"ReadAction\",\"target\":[\"https:\/\/www.accartbooks.com\/uk\/book\/paysages-et-interieurs\/\"]}]},{\"@type\":\"ImageObject\",\"inLanguage\":\"en-GB\",\"@id\":\"https:\/\/www.accartbooks.com\/uk\/book\/paysages-et-interieurs\/#primaryimage\",\"url\":\"https:\/\/www.accartbooks.com\/app\/uploads\/books\/9781843682998-04-1.jpg\",\"contentUrl\":\"https:\/\/www.accartbooks.com\/app\/uploads\/books\/9781843682998-04-1.jpg\",\"width\":1400,\"height\":1899},{\"@type\":\"BreadcrumbList\",\"@id\":\"https:\/\/www.accartbooks.com\/uk\/book\/paysages-et-interieurs\/#breadcrumb\",\"itemListElement\":[{\"@type\":\"ListItem\",\"position\":1,\"name\":\"Home\",\"item\":\"https:\/\/www.accartbooks.com\/uk\/\"},{\"@type\":\"ListItem\",\"position\":2,\"name\":\"Books\",\"item\":\"https:\/\/www.accartbooks.com\/uk\/books\/\"},{\"@type\":\"ListItem\",\"position\":3,\"name\":\"Paysages et Int\u00e9rieurs\"}]},{\"@type\":\"WebSite\",\"@id\":\"https:\/\/www.accartbooks.com\/uk\/#website\",\"url\":\"https:\/\/www.accartbooks.com\/uk\/\",\"name\":\"ACC Art Books UK\",\"description\":\"One of the world\u2019s leading publishers and distributors of books on the arts and visual culture\",\"publisher\":{\"@id\":\"https:\/\/www.accartbooks.com\/uk\/#organization\"},\"potentialAction\":[{\"@type\":\"SearchAction\",\"target\":{\"@type\":\"EntryPoint\",\"urlTemplate\":\"https:\/\/www.accartbooks.com\/uk\/?s={search_term_string}\"},\"query-input\":{\"@type\":\"PropertyValueSpecification\",\"valueRequired\":true,\"valueName\":\"search_term_string\"}}],\"inLanguage\":\"en-GB\"},{\"@type\":\"Organization\",\"@id\":\"https:\/\/www.accartbooks.com\/uk\/#organization\",\"name\":\"ACC Art Books UK\",\"url\":\"https:\/\/www.accartbooks.com\/uk\/\",\"logo\":{\"@type\":\"ImageObject\",\"inLanguage\":\"en-GB\",\"@id\":\"https:\/\/www.accartbooks.com\/uk\/#\/schema\/logo\/image\/\",\"url\":\"https:\/\/www.accartbooks.com\/app\/uploads\/2020\/05\/Acc-Logo.png\",\"contentUrl\":\"https:\/\/www.accartbooks.com\/app\/uploads\/2020\/05\/Acc-Logo.png\",\"width\":64,\"height\":100,\"caption\":\"ACC Art Books UK\"},\"image\":{\"@id\":\"https:\/\/www.accartbooks.com\/uk\/#\/schema\/logo\/image\/\"},\"sameAs\":[\"https:\/\/www.facebook.com\/ACCArtBooks\/\",\"https:\/\/x.com\/accartbooks\"]}]}<\/script>\n<!-- \/ Yoast SEO plugin. -->","yoast_head_json":{"title":"Paysages et Int\u00e9rieurs - ACC Art Books UK","description":"Title: Paysages et Int\u00e9rieurs, Pages: 32 Pages, Publish Date: 7th Apr 2026, Author: \u00c9douard Vuillard, ISBN: 9781843682998. &Eacute;douard Vuillard's finest work as a printmaker, and a touchstone of post-impressionist art. Text in French.","robots":{"index":"index","follow":"follow","max-snippet":"max-snippet:-1","max-image-preview":"max-image-preview:large","max-video-preview":"max-video-preview:-1"},"canonical":"https:\/\/www.accartbooks.com\/uk\/book\/paysages-et-interieurs\/","og_locale":"en_GB","og_type":"article","og_title":"Paysages et Int\u00e9rieurs - ACC Art Books UK","og_description":"Title: Paysages et Int\u00e9rieurs, Pages: 32 Pages, Publish Date: 7th Apr 2026, Author: \u00c9douard Vuillard, ISBN: 9781843682998. &Eacute;douard Vuillard's finest work as a printmaker, and a touchstone of post-impressionist art. Text in French.","og_url":"https:\/\/www.accartbooks.com\/uk\/book\/paysages-et-interieurs\/","og_site_name":"ACC Art Books UK","article_publisher":"https:\/\/www.facebook.com\/ACCArtBooks\/","og_image":[{"width":1400,"height":1899,"url":"https:\/\/www.accartbooks.com\/app\/uploads\/books\/9781843682998-04-1.jpg","type":"image\/jpeg"}],"twitter_card":"summary_large_image","twitter_site":"@accartbooks","twitter_misc":{"Estimated reading time":"1 minute"},"schema":{"@context":"https:\/\/schema.org","@graph":[{"@type":"WebPage","@id":"https:\/\/www.accartbooks.com\/uk\/book\/paysages-et-interieurs\/","url":"https:\/\/www.accartbooks.com\/uk\/book\/paysages-et-interieurs\/","name":"Paysages et Int\u00e9rieurs - ACC Art Books UK","isPartOf":{"@id":"https:\/\/www.accartbooks.com\/uk\/#website"},"primaryImageOfPage":{"@id":"https:\/\/www.accartbooks.com\/uk\/book\/paysages-et-interieurs\/#primaryimage"},"image":{"@id":"https:\/\/www.accartbooks.com\/uk\/book\/paysages-et-interieurs\/#primaryimage"},"thumbnailUrl":"https:\/\/www.accartbooks.com\/app\/uploads\/books\/9781843682998-04-1.jpg","datePublished":"2026-03-26T20:10:40+00:00","description":"Title: Paysages et Int\u00e9rieurs, Pages: 32 Pages, Publish Date: 7th Apr 2026, Author: \u00c9douard Vuillard, ISBN: 9781843682998. &Eacute;douard Vuillard's finest work as a printmaker, and a touchstone of post-impressionist art. Text in French.","breadcrumb":{"@id":"https:\/\/www.accartbooks.com\/uk\/book\/paysages-et-interieurs\/#breadcrumb"},"inLanguage":"en-GB","potentialAction":[{"@type":"ReadAction","target":["https:\/\/www.accartbooks.com\/uk\/book\/paysages-et-interieurs\/"]}]},{"@type":"ImageObject","inLanguage":"en-GB","@id":"https:\/\/www.accartbooks.com\/uk\/book\/paysages-et-interieurs\/#primaryimage","url":"https:\/\/www.accartbooks.com\/app\/uploads\/books\/9781843682998-04-1.jpg","contentUrl":"https:\/\/www.accartbooks.com\/app\/uploads\/books\/9781843682998-04-1.jpg","width":1400,"height":1899},{"@type":"BreadcrumbList","@id":"https:\/\/www.accartbooks.com\/uk\/book\/paysages-et-interieurs\/#breadcrumb","itemListElement":[{"@type":"ListItem","position":1,"name":"Home","item":"https:\/\/www.accartbooks.com\/uk\/"},{"@type":"ListItem","position":2,"name":"Books","item":"https:\/\/www.accartbooks.com\/uk\/books\/"},{"@type":"ListItem","position":3,"name":"Paysages et Int\u00e9rieurs"}]},{"@type":"WebSite","@id":"https:\/\/www.accartbooks.com\/uk\/#website","url":"https:\/\/www.accartbooks.com\/uk\/","name":"ACC Art Books UK","description":"One of the world\u2019s leading publishers and distributors of books on the arts and visual culture","publisher":{"@id":"https:\/\/www.accartbooks.com\/uk\/#organization"},"potentialAction":[{"@type":"SearchAction","target":{"@type":"EntryPoint","urlTemplate":"https:\/\/www.accartbooks.com\/uk\/?s={search_term_string}"},"query-input":{"@type":"PropertyValueSpecification","valueRequired":true,"valueName":"search_term_string"}}],"inLanguage":"en-GB"},{"@type":"Organization","@id":"https:\/\/www.accartbooks.com\/uk\/#organization","name":"ACC Art Books UK","url":"https:\/\/www.accartbooks.com\/uk\/","logo":{"@type":"ImageObject","inLanguage":"en-GB","@id":"https:\/\/www.accartbooks.com\/uk\/#\/schema\/logo\/image\/","url":"https:\/\/www.accartbooks.com\/app\/uploads\/2020\/05\/Acc-Logo.png","contentUrl":"https:\/\/www.accartbooks.com\/app\/uploads\/2020\/05\/Acc-Logo.png","width":64,"height":100,"caption":"ACC Art Books UK"},"image":{"@id":"https:\/\/www.accartbooks.com\/uk\/#\/schema\/logo\/image\/"},"sameAs":["https:\/\/www.facebook.com\/ACCArtBooks\/","https:\/\/x.com\/accartbooks"]}]}},"_links":{"self":[{"href":"https:\/\/www.accartbooks.com\/uk\/wp-json\/wp\/v2\/product\/76527","targetHints":{"allow":["GET"]}}],"collection":[{"href":"https:\/\/www.accartbooks.com\/uk\/wp-json\/wp\/v2\/product"}],"about":[{"href":"https:\/\/www.accartbooks.com\/uk\/wp-json\/wp\/v2\/types\/product"}],"wp:featuredmedia":[{"embeddable":true,"href":"https:\/\/www.accartbooks.com\/uk\/wp-json\/wp\/v2\/media\/76528"}],"wp:attachment":[{"href":"https:\/\/www.accartbooks.com\/uk\/wp-json\/wp\/v2\/media?parent=76527"}],"wp:term":[{"taxonomy":"product_brand","embeddable":true,"href":"https:\/\/www.accartbooks.com\/uk\/wp-json\/wp\/v2\/product_brand?post=76527"},{"taxonomy":"product_cat","embeddable":true,"href":"https:\/\/www.accartbooks.com\/uk\/wp-json\/wp\/v2\/product_cat?post=76527"},{"taxonomy":"product_tag","embeddable":true,"href":"https:\/\/www.accartbooks.com\/uk\/wp-json\/wp\/v2\/product_tag?post=76527"}],"curies":[{"name":"wp","href":"https:\/\/api.w.org\/{rel}","templated":true}]}}