{"id":76601,"date":"2026-03-30T19:11:11","date_gmt":"2026-03-30T19:11:11","guid":{"rendered":"https:\/\/www.accartbooks.com\/uk\/book\/states-of-uncertain-domesticities\/"},"modified":"2026-03-31T06:15:04","modified_gmt":"2026-03-31T06:15:04","slug":"states-of-uncertain-domesticities","status":"publish","type":"product","link":"https:\/\/www.accartbooks.com\/uk\/book\/states-of-uncertain-domesticities\/","title":{"rendered":"States of Uncertain Domesticities"},"content":{"rendered":"<p>The publication <strong><em>States of Uncertain Domesticities<\/em><\/strong> documents and reflects on the performance-centered exhibition by the same name, which was shown at <em>Haus Kunst Mitte<\/em> Berlin. The building itself&mdash;a construction originally designed as a residential building which is now used as an exhibition venue&mdash;provided the starting point for the artistic interventions. Through performances and installation-based interventions, the curatorial team reactivated the original character of the house. In reference to the seminal feminist project <em>Woman House<\/em> (1972), the domestic space was interpreted as a political arena within which social tensions are revealed. Forty-four international contemporary artists explored questions relating to housing, care work, violence, migration, and gentrification through various installations, performances, and media artworks. This publication transfers the spatial and physical experiences into the temporality of the book, inviting readers to engage more deeply with these themes.&nbsp;<\/p>\n<p>Artists: Adidal Abou-Chamat, Liz Bachhuber, Ina Bierstedt, Frauke Boggasch, Christian Borchert, Benhard Bormann, Bella Bram, Nakeya Brown, Libia Castro \/ &Oacute;lafur &Oacute;lafsson, Kathryn Cornelius, Alba D&#8217;Urbano \/ Tina Bara, Johanna Demetrakas, Milena Dopitov&aacute;, Judith Miriam Escherlor, Maria Ezcurra, Kerstin Flake, Gluklya, Mark&eacute;ta Hlinovsk&aacute;, Fumi Kato, Daniela Kraj&#269;ov&aacute;, Elli KURU&#350;, Via Lewandowsky, Loredana Longo, Susanne Lorenz, Tina Mamczur, Anguezomo Mba Bikoro, Isa Melsheimer, Cornelia Friederike, M&uuml;ller Jill, Luise M&uuml;&szlig;ig, Linda Perthen, Cesare Pietroiusti, Chlo&eacute; Piot, Inken Reinert, Dana Sah&aacute;nkov&aacute;, Corinna Schnitt, Selma Selman, Jakub &Scaron;im&#269;ik, Barbora &Scaron;imkov&aacute;, Molly Soda, Nanae Suzuki, Fede Taus, Petra Trenkel, Andreas Ullrich, Anna Witt&nbsp;Performances: Stefan Hurtig, Melina Matzanke, Ping Qiu, Nika Radic \/ Georg Spehr Film programme: Maya Deren, Agn&egrave;s Varda, Chantal Akerman, Paola Cortellesi.<\/p>\n<p>Text in English and German.<\/p>\n","protected":false},"excerpt":{"rendered":"<p>The publication &#8216;States of Uncertain Domesticities. On the Political in Private Life and the Fragility of the Home&#8217; documents and reflects on the performance-centered exhibition by the same name. Text in English and German.<\/p>\n","protected":false},"featured_media":0,"template":"","meta":{"_acf_changed":false,"_relevanssi_hide_post":"","_relevanssi_hide_content":"","_relevanssi_pin_for_all":"","_relevanssi_pin_keywords":"","_relevanssi_unpin_keywords":"","_relevanssi_related_keywords":"","_relevanssi_related_include_ids":"","_relevanssi_related_exclude_ids":"","_relevanssi_related_no_append":"","_relevanssi_related_not_related":"","_relevanssi_related_posts":"","_relevanssi_noindex_reason":""},"product_brand":[],"product_cat":[5568],"product_tag":[],"class_list":{"0":"post-76601","1":"product","2":"type-product","3":"status-publish","5":"product_cat-art","6":"author-edited-by-alba-durbano","7":"author-text-by-alba-durbano","8":"author-text-by-alice-munch","9":"author-text-by-anna-havemann","10":"author-text-by-barbara-krahe","11":"author-text-by-georg-spehr","12":"author-text-by-nika-radic","13":"author-text-by-tina-bara","14":"publisher-kerber-verlag","16":"first","17":"instock","18":"shipping-taxable","19":"purchasable","20":"product-type-simple"},"acf":[],"yoast_head":"<!-- This site is optimized with the Yoast SEO plugin v27.0 - https:\/\/yoast.com\/product\/yoast-seo-wordpress\/ -->\n<title>States of Uncertain Domesticities - ACC Art Books UK<\/title>\n<meta name=\"description\" content=\"Title: States of Uncertain Domesticities, Pages: 304 Pages, Publish Date: 12th Oct 2026, Author: Edited by Alba D&#039;Urbano, Text by Alba D&#039;Urbano, Text by Alice M\u00fcnch, Text by Anna Havemann, Text by Barbara Krah\u00e9, Text by Georg Spehr, Text by Nika Radi\u0107, Text by Tina Bara, ISBN: 9783735610980. The publication &#039;States of Uncertain Domesticities. On the Political in Private Life and the Fragility of the Home&#039; documents and reflects on the performance-centered exhibition by the same name. Text in English and German.\" \/>\n<meta name=\"robots\" content=\"index, follow, max-snippet:-1, max-image-preview:large, max-video-preview:-1\" \/>\n<link rel=\"canonical\" href=\"https:\/\/www.accartbooks.com\/uk\/book\/states-of-uncertain-domesticities\/\" \/>\n<meta property=\"og:locale\" content=\"en_GB\" \/>\n<meta property=\"og:type\" content=\"article\" \/>\n<meta property=\"og:title\" content=\"States of Uncertain Domesticities - ACC Art Books UK\" \/>\n<meta property=\"og:description\" content=\"Title: States of Uncertain Domesticities, Pages: 304 Pages, Publish Date: 12th Oct 2026, Author: Edited by Alba D&#039;Urbano, Text by Alba D&#039;Urbano, Text by Alice M\u00fcnch, Text by Anna Havemann, Text by Barbara Krah\u00e9, Text by Georg Spehr, Text by Nika Radi\u0107, Text by Tina Bara, ISBN: 9783735610980. The publication &#039;States of Uncertain Domesticities. On the Political in Private Life and the Fragility of the Home&#039; documents and reflects on the performance-centered exhibition by the same name. Text in English and German.\" \/>\n<meta property=\"og:url\" content=\"https:\/\/www.accartbooks.com\/uk\/book\/states-of-uncertain-domesticities\/\" \/>\n<meta property=\"og:site_name\" content=\"ACC Art Books UK\" \/>\n<meta property=\"article:publisher\" content=\"https:\/\/www.facebook.com\/ACCArtBooks\/\" \/>\n<meta property=\"article:modified_time\" content=\"2026-03-31T06:15:04+00:00\" \/>\n<meta name=\"twitter:card\" content=\"summary_large_image\" \/>\n<meta name=\"twitter:site\" content=\"@accartbooks\" \/>\n<meta name=\"twitter:label1\" content=\"Estimated reading time\" \/>\n\t<meta name=\"twitter:data1\" content=\"1 minute\" \/>\n<script type=\"application\/ld+json\" class=\"yoast-schema-graph\">{\"@context\":\"https:\/\/schema.org\",\"@graph\":[{\"@type\":\"WebPage\",\"@id\":\"https:\/\/www.accartbooks.com\/uk\/book\/states-of-uncertain-domesticities\/\",\"url\":\"https:\/\/www.accartbooks.com\/uk\/book\/states-of-uncertain-domesticities\/\",\"name\":\"States of Uncertain Domesticities - ACC Art Books UK\",\"isPartOf\":{\"@id\":\"https:\/\/www.accartbooks.com\/uk\/#website\"},\"datePublished\":\"2026-03-30T19:11:11+00:00\",\"dateModified\":\"2026-03-31T06:15:04+00:00\",\"description\":\"Title: States of Uncertain Domesticities, Pages: 304 Pages, Publish Date: 12th Oct 2026, Author: Edited by Alba D'Urbano, Text by Alba D'Urbano, Text by Alice M\u00fcnch, Text by Anna Havemann, Text by Barbara Krah\u00e9, Text by Georg Spehr, Text by Nika Radi\u0107, Text by Tina Bara, ISBN: 9783735610980. The publication 'States of Uncertain Domesticities. On the Political in Private Life and the Fragility of the Home' documents and reflects on the performance-centered exhibition by the same name. Text in English and German.\",\"breadcrumb\":{\"@id\":\"https:\/\/www.accartbooks.com\/uk\/book\/states-of-uncertain-domesticities\/#breadcrumb\"},\"inLanguage\":\"en-GB\",\"potentialAction\":[{\"@type\":\"ReadAction\",\"target\":[\"https:\/\/www.accartbooks.com\/uk\/book\/states-of-uncertain-domesticities\/\"]}]},{\"@type\":\"BreadcrumbList\",\"@id\":\"https:\/\/www.accartbooks.com\/uk\/book\/states-of-uncertain-domesticities\/#breadcrumb\",\"itemListElement\":[{\"@type\":\"ListItem\",\"position\":1,\"name\":\"Home\",\"item\":\"https:\/\/www.accartbooks.com\/uk\/\"},{\"@type\":\"ListItem\",\"position\":2,\"name\":\"Books\",\"item\":\"https:\/\/www.accartbooks.com\/uk\/books\/\"},{\"@type\":\"ListItem\",\"position\":3,\"name\":\"States of Uncertain Domesticities\"}]},{\"@type\":\"WebSite\",\"@id\":\"https:\/\/www.accartbooks.com\/uk\/#website\",\"url\":\"https:\/\/www.accartbooks.com\/uk\/\",\"name\":\"ACC Art Books UK\",\"description\":\"One of the world\u2019s leading publishers and distributors of books on the arts and visual culture\",\"publisher\":{\"@id\":\"https:\/\/www.accartbooks.com\/uk\/#organization\"},\"potentialAction\":[{\"@type\":\"SearchAction\",\"target\":{\"@type\":\"EntryPoint\",\"urlTemplate\":\"https:\/\/www.accartbooks.com\/uk\/?s={search_term_string}\"},\"query-input\":{\"@type\":\"PropertyValueSpecification\",\"valueRequired\":true,\"valueName\":\"search_term_string\"}}],\"inLanguage\":\"en-GB\"},{\"@type\":\"Organization\",\"@id\":\"https:\/\/www.accartbooks.com\/uk\/#organization\",\"name\":\"ACC Art Books UK\",\"url\":\"https:\/\/www.accartbooks.com\/uk\/\",\"logo\":{\"@type\":\"ImageObject\",\"inLanguage\":\"en-GB\",\"@id\":\"https:\/\/www.accartbooks.com\/uk\/#\/schema\/logo\/image\/\",\"url\":\"https:\/\/www.accartbooks.com\/app\/uploads\/2020\/05\/Acc-Logo.png\",\"contentUrl\":\"https:\/\/www.accartbooks.com\/app\/uploads\/2020\/05\/Acc-Logo.png\",\"width\":64,\"height\":100,\"caption\":\"ACC Art Books UK\"},\"image\":{\"@id\":\"https:\/\/www.accartbooks.com\/uk\/#\/schema\/logo\/image\/\"},\"sameAs\":[\"https:\/\/www.facebook.com\/ACCArtBooks\/\",\"https:\/\/x.com\/accartbooks\"]}]}<\/script>\n<!-- \/ Yoast SEO plugin. -->","yoast_head_json":{"title":"States of Uncertain Domesticities - ACC Art Books UK","description":"Title: States of Uncertain Domesticities, Pages: 304 Pages, Publish Date: 12th Oct 2026, Author: Edited by Alba D'Urbano, Text by Alba D'Urbano, Text by Alice M\u00fcnch, Text by Anna Havemann, Text by Barbara Krah\u00e9, Text by Georg Spehr, Text by Nika Radi\u0107, Text by Tina Bara, ISBN: 9783735610980. The publication 'States of Uncertain Domesticities. On the Political in Private Life and the Fragility of the Home' documents and reflects on the performance-centered exhibition by the same name. Text in English and German.","robots":{"index":"index","follow":"follow","max-snippet":"max-snippet:-1","max-image-preview":"max-image-preview:large","max-video-preview":"max-video-preview:-1"},"canonical":"https:\/\/www.accartbooks.com\/uk\/book\/states-of-uncertain-domesticities\/","og_locale":"en_GB","og_type":"article","og_title":"States of Uncertain Domesticities - ACC Art Books UK","og_description":"Title: States of Uncertain Domesticities, Pages: 304 Pages, Publish Date: 12th Oct 2026, Author: Edited by Alba D'Urbano, Text by Alba D'Urbano, Text by Alice M\u00fcnch, Text by Anna Havemann, Text by Barbara Krah\u00e9, Text by Georg Spehr, Text by Nika Radi\u0107, Text by Tina Bara, ISBN: 9783735610980. The publication 'States of Uncertain Domesticities. On the Political in Private Life and the Fragility of the Home' documents and reflects on the performance-centered exhibition by the same name. Text in English and German.","og_url":"https:\/\/www.accartbooks.com\/uk\/book\/states-of-uncertain-domesticities\/","og_site_name":"ACC Art Books UK","article_publisher":"https:\/\/www.facebook.com\/ACCArtBooks\/","article_modified_time":"2026-03-31T06:15:04+00:00","twitter_card":"summary_large_image","twitter_site":"@accartbooks","twitter_misc":{"Estimated reading time":"1 minute"},"schema":{"@context":"https:\/\/schema.org","@graph":[{"@type":"WebPage","@id":"https:\/\/www.accartbooks.com\/uk\/book\/states-of-uncertain-domesticities\/","url":"https:\/\/www.accartbooks.com\/uk\/book\/states-of-uncertain-domesticities\/","name":"States of Uncertain Domesticities - ACC Art Books UK","isPartOf":{"@id":"https:\/\/www.accartbooks.com\/uk\/#website"},"datePublished":"2026-03-30T19:11:11+00:00","dateModified":"2026-03-31T06:15:04+00:00","description":"Title: States of Uncertain Domesticities, Pages: 304 Pages, Publish Date: 12th Oct 2026, Author: Edited by Alba D'Urbano, Text by Alba D'Urbano, Text by Alice M\u00fcnch, Text by Anna Havemann, Text by Barbara Krah\u00e9, Text by Georg Spehr, Text by Nika Radi\u0107, Text by Tina Bara, ISBN: 9783735610980. The publication 'States of Uncertain Domesticities. On the Political in Private Life and the Fragility of the Home' documents and reflects on the performance-centered exhibition by the same name. Text in English and German.","breadcrumb":{"@id":"https:\/\/www.accartbooks.com\/uk\/book\/states-of-uncertain-domesticities\/#breadcrumb"},"inLanguage":"en-GB","potentialAction":[{"@type":"ReadAction","target":["https:\/\/www.accartbooks.com\/uk\/book\/states-of-uncertain-domesticities\/"]}]},{"@type":"BreadcrumbList","@id":"https:\/\/www.accartbooks.com\/uk\/book\/states-of-uncertain-domesticities\/#breadcrumb","itemListElement":[{"@type":"ListItem","position":1,"name":"Home","item":"https:\/\/www.accartbooks.com\/uk\/"},{"@type":"ListItem","position":2,"name":"Books","item":"https:\/\/www.accartbooks.com\/uk\/books\/"},{"@type":"ListItem","position":3,"name":"States of Uncertain Domesticities"}]},{"@type":"WebSite","@id":"https:\/\/www.accartbooks.com\/uk\/#website","url":"https:\/\/www.accartbooks.com\/uk\/","name":"ACC Art Books UK","description":"One of the world\u2019s leading publishers and distributors of books on the arts and visual culture","publisher":{"@id":"https:\/\/www.accartbooks.com\/uk\/#organization"},"potentialAction":[{"@type":"SearchAction","target":{"@type":"EntryPoint","urlTemplate":"https:\/\/www.accartbooks.com\/uk\/?s={search_term_string}"},"query-input":{"@type":"PropertyValueSpecification","valueRequired":true,"valueName":"search_term_string"}}],"inLanguage":"en-GB"},{"@type":"Organization","@id":"https:\/\/www.accartbooks.com\/uk\/#organization","name":"ACC Art Books UK","url":"https:\/\/www.accartbooks.com\/uk\/","logo":{"@type":"ImageObject","inLanguage":"en-GB","@id":"https:\/\/www.accartbooks.com\/uk\/#\/schema\/logo\/image\/","url":"https:\/\/www.accartbooks.com\/app\/uploads\/2020\/05\/Acc-Logo.png","contentUrl":"https:\/\/www.accartbooks.com\/app\/uploads\/2020\/05\/Acc-Logo.png","width":64,"height":100,"caption":"ACC Art Books UK"},"image":{"@id":"https:\/\/www.accartbooks.com\/uk\/#\/schema\/logo\/image\/"},"sameAs":["https:\/\/www.facebook.com\/ACCArtBooks\/","https:\/\/x.com\/accartbooks"]}]}},"_links":{"self":[{"href":"https:\/\/www.accartbooks.com\/uk\/wp-json\/wp\/v2\/product\/76601","targetHints":{"allow":["GET"]}}],"collection":[{"href":"https:\/\/www.accartbooks.com\/uk\/wp-json\/wp\/v2\/product"}],"about":[{"href":"https:\/\/www.accartbooks.com\/uk\/wp-json\/wp\/v2\/types\/product"}],"wp:attachment":[{"href":"https:\/\/www.accartbooks.com\/uk\/wp-json\/wp\/v2\/media?parent=76601"}],"wp:term":[{"taxonomy":"product_brand","embeddable":true,"href":"https:\/\/www.accartbooks.com\/uk\/wp-json\/wp\/v2\/product_brand?post=76601"},{"taxonomy":"product_cat","embeddable":true,"href":"https:\/\/www.accartbooks.com\/uk\/wp-json\/wp\/v2\/product_cat?post=76601"},{"taxonomy":"product_tag","embeddable":true,"href":"https:\/\/www.accartbooks.com\/uk\/wp-json\/wp\/v2\/product_tag?post=76601"}],"curies":[{"name":"wp","href":"https:\/\/api.w.org\/{rel}","templated":true}]}}