{"id":76891,"date":"2026-04-11T15:11:12","date_gmt":"2026-04-11T15:11:12","guid":{"rendered":"https:\/\/www.accartbooks.com\/uk\/book\/la-mode-en-majeste\/"},"modified":"2026-04-11T20:08:05","modified_gmt":"2026-04-11T20:08:05","slug":"la-mode-en-majeste","status":"publish","type":"product","link":"https:\/\/www.accartbooks.com\/uk\/book\/la-mode-en-majeste\/","title":{"rendered":"La Mode en Majest\u00e9"},"content":{"rendered":"<p>In spring 2026, the Mus&eacute;e des Arts D&eacute;coratifs will present a unique exhibition on clothing at the Thai court, tracing the relationship between local textile traditions and haute couture, as well as the advent of fashion as a marker of Thai culture internationally and its essential role in the kingdom&#8217;s diplomacy. This exhibition will be presented in celebration of the 170th anniversary of diplomatic relations between Thailand and France, and the 340th anniversary of the first official contact between Siam and France. The catalogue published at this occasion highlights the figure of Queen Sirikit, a national icon who recently passed away. Passionate about fashion, she played a central role in modernising court attire, presenting her creations during official trips with King Rama IX. From the 1960s onwards, Queen Sirikit maintained close relations with leading French and European fashion houses. <br \/>\nBy collaborating for more than thirty years with Pierre Balmain and then with Erik Mortensen, his successor at the head of the fashion house, she reinvented Thai royal elegance, preserving its heritage while ensuring its international appeal. Committed to preserving traditions, she also worked tirelessly to safeguard her country&#8217;s textile arts and crafts. The book brings together nearly two hundred outfits, accessories, royal objects, photographs, fabric samples, and embroidery (from Lesage and Princess Sirivannavari), and offers a unique glimpse into Thailand&#8217;s rich tradition of craftsmanship in textiles, jewellery, and accessories. It highlights the use of fashion as a form of cultural diplomacy that works through image, craftsmanship, and materials.<\/p>\n","protected":false},"excerpt":{"rendered":"<p>A unique overview into on clothing at the Thai court, between local craftsmanship and international modernity.<br \/>Forewords<br \/>\nChapter 1 &mdash; Thai&ndash;French Relations<br \/>\nChapter 2 &mdash; The Eight Styles of Thai Dress<br \/>\nChapter 3 &mdash; Court Regalia &amp; Craft Objects: Celebration of Hands<br \/>\nChapter 4 &mdash; Balmain for Her Majesty Queen Sirikit<br \/>\nChapter 5 &ndash; Thai Collections at the Mus&eacute;e des Arts D&eacute;coratifs<br \/>\nChapter 6 &mdash; Weaving Identity: Gold Brocade &amp; Khit, Chok, Phrae Wa<br \/>\nChapter 7 &mdash; Mat Mii Ikat Couture: From Village Looms to Global Recognition<br \/>\nChapter 8 &mdash; Thai Designers: The Future of Tradition<br \/>\nAppendices<br \/>\nList of works<br \/>\nBibliography<\/p>\n","protected":false},"featured_media":0,"template":"","meta":{"_acf_changed":false,"_relevanssi_hide_post":"","_relevanssi_hide_content":"","_relevanssi_pin_for_all":"","_relevanssi_pin_keywords":"","_relevanssi_unpin_keywords":"","_relevanssi_related_keywords":"","_relevanssi_related_include_ids":"","_relevanssi_related_exclude_ids":"","_relevanssi_related_no_append":"","_relevanssi_related_not_related":"","_relevanssi_related_posts":"","_relevanssi_noindex_reason":""},"product_brand":[],"product_cat":[5583],"product_tag":[],"class_list":{"0":"post-76891","1":"product","2":"type-product","3":"status-publish","5":"product_cat-fashion-textiles","6":"author-by-author-beatrice-quette","7":"author-by-author-julia-guillon","8":"author-by-author-piyavara-teekara-natenoi","9":"author-by-author-sappasit-foongfaungchaveng","10":"author-by-author-sarttarat-muddin","11":"author-by-author-sebastien-quequet","12":"publisher-musee-des-arts-decoratifs","14":"first","15":"instock","16":"shipping-taxable","17":"purchasable","18":"product-type-simple"},"acf":[],"yoast_head":"<!-- This site is optimized with the Yoast SEO plugin v27.0 - https:\/\/yoast.com\/product\/yoast-seo-wordpress\/ -->\n<title>La Mode en Majest\u00e9 - ACC Art Books UK<\/title>\n<meta name=\"description\" content=\"Title: La Mode en Majest\u00e9, Pages: 192 Pages, Publish Date: 13th Jul 2026, Author: B\u00e9atrice Quette, Julia Guillon, Piyavara Teekara Natenoi, Sappasit Foongfaungchaveng, Sarttarat Muddin, S\u00e9bastien Qu\u00e9quet, ISBN: 9782383140375. A unique overview into on clothing at the Thai court, between local craftsmanship and international modernity.Forewords Chapter 1 &mdash; Thai&ndash;French Relations Chapter 2 &mdash; The Eight Styles of Thai Dress Chapter 3 &mdash; Court Regalia &amp; Craft Objects: Celebration of Hands Chapter 4 &mdash; Balmain for Her Majesty Queen Sirikit Chapter 5 &ndash; Thai Collections at the Mus&eacute;e des Arts D&eacute;coratifs Chapter 6 &mdash; Weaving Identity: Gold Brocade &amp; Khit, Chok, Phrae Wa Chapter 7 &mdash; Mat Mii Ikat Couture: From Village Looms to Global Recognition Chapter 8 &mdash; Thai Designers: The Future of Tradition Appendices List of works Bibliography\" \/>\n<meta name=\"robots\" content=\"index, follow, max-snippet:-1, max-image-preview:large, max-video-preview:-1\" \/>\n<link rel=\"canonical\" href=\"https:\/\/www.accartbooks.com\/uk\/book\/la-mode-en-majeste\/\" \/>\n<meta property=\"og:locale\" content=\"en_GB\" \/>\n<meta property=\"og:type\" content=\"article\" \/>\n<meta property=\"og:title\" content=\"La Mode en Majest\u00e9 - ACC Art Books UK\" \/>\n<meta property=\"og:description\" content=\"Title: La Mode en Majest\u00e9, Pages: 192 Pages, Publish Date: 13th Jul 2026, Author: B\u00e9atrice Quette, Julia Guillon, Piyavara Teekara Natenoi, Sappasit Foongfaungchaveng, Sarttarat Muddin, S\u00e9bastien Qu\u00e9quet, ISBN: 9782383140375. A unique overview into on clothing at the Thai court, between local craftsmanship and international modernity.Forewords Chapter 1 &mdash; Thai&ndash;French Relations Chapter 2 &mdash; The Eight Styles of Thai Dress Chapter 3 &mdash; Court Regalia &amp; Craft Objects: Celebration of Hands Chapter 4 &mdash; Balmain for Her Majesty Queen Sirikit Chapter 5 &ndash; Thai Collections at the Mus&eacute;e des Arts D&eacute;coratifs Chapter 6 &mdash; Weaving Identity: Gold Brocade &amp; Khit, Chok, Phrae Wa Chapter 7 &mdash; Mat Mii Ikat Couture: From Village Looms to Global Recognition Chapter 8 &mdash; Thai Designers: The Future of Tradition Appendices List of works Bibliography\" \/>\n<meta property=\"og:url\" content=\"https:\/\/www.accartbooks.com\/uk\/book\/la-mode-en-majeste\/\" \/>\n<meta property=\"og:site_name\" content=\"ACC Art Books UK\" \/>\n<meta property=\"article:publisher\" content=\"https:\/\/www.facebook.com\/ACCArtBooks\/\" \/>\n<meta property=\"article:modified_time\" content=\"2026-04-11T20:08:05+00:00\" \/>\n<meta name=\"twitter:card\" content=\"summary_large_image\" \/>\n<meta name=\"twitter:site\" content=\"@accartbooks\" \/>\n<meta name=\"twitter:label1\" content=\"Estimated reading time\" \/>\n\t<meta name=\"twitter:data1\" content=\"1 minute\" \/>\n<script type=\"application\/ld+json\" class=\"yoast-schema-graph\">{\"@context\":\"https:\/\/schema.org\",\"@graph\":[{\"@type\":\"WebPage\",\"@id\":\"https:\/\/www.accartbooks.com\/uk\/book\/la-mode-en-majeste\/\",\"url\":\"https:\/\/www.accartbooks.com\/uk\/book\/la-mode-en-majeste\/\",\"name\":\"La Mode en Majest\u00e9 - ACC Art Books UK\",\"isPartOf\":{\"@id\":\"https:\/\/www.accartbooks.com\/uk\/#website\"},\"datePublished\":\"2026-04-11T15:11:12+00:00\",\"dateModified\":\"2026-04-11T20:08:05+00:00\",\"description\":\"Title: La Mode en Majest\u00e9, Pages: 192 Pages, Publish Date: 13th Jul 2026, Author: B\u00e9atrice Quette, Julia Guillon, Piyavara Teekara Natenoi, Sappasit Foongfaungchaveng, Sarttarat Muddin, S\u00e9bastien Qu\u00e9quet, ISBN: 9782383140375. A unique overview into on clothing at the Thai court, between local craftsmanship and international modernity.Forewords Chapter 1 &mdash; Thai&ndash;French Relations Chapter 2 &mdash; The Eight Styles of Thai Dress Chapter 3 &mdash; Court Regalia &amp; Craft Objects: Celebration of Hands Chapter 4 &mdash; Balmain for Her Majesty Queen Sirikit Chapter 5 &ndash; Thai Collections at the Mus&eacute;e des Arts D&eacute;coratifs Chapter 6 &mdash; Weaving Identity: Gold Brocade &amp; Khit, Chok, Phrae Wa Chapter 7 &mdash; Mat Mii Ikat Couture: From Village Looms to Global Recognition Chapter 8 &mdash; Thai Designers: The Future of Tradition Appendices List of works Bibliography\",\"breadcrumb\":{\"@id\":\"https:\/\/www.accartbooks.com\/uk\/book\/la-mode-en-majeste\/#breadcrumb\"},\"inLanguage\":\"en-GB\",\"potentialAction\":[{\"@type\":\"ReadAction\",\"target\":[\"https:\/\/www.accartbooks.com\/uk\/book\/la-mode-en-majeste\/\"]}]},{\"@type\":\"BreadcrumbList\",\"@id\":\"https:\/\/www.accartbooks.com\/uk\/book\/la-mode-en-majeste\/#breadcrumb\",\"itemListElement\":[{\"@type\":\"ListItem\",\"position\":1,\"name\":\"Home\",\"item\":\"https:\/\/www.accartbooks.com\/uk\/\"},{\"@type\":\"ListItem\",\"position\":2,\"name\":\"Books\",\"item\":\"https:\/\/www.accartbooks.com\/uk\/books\/\"},{\"@type\":\"ListItem\",\"position\":3,\"name\":\"La Mode en Majest\u00e9\"}]},{\"@type\":\"WebSite\",\"@id\":\"https:\/\/www.accartbooks.com\/uk\/#website\",\"url\":\"https:\/\/www.accartbooks.com\/uk\/\",\"name\":\"ACC Art Books UK\",\"description\":\"One of the world\u2019s leading publishers and distributors of books on the arts and visual culture\",\"publisher\":{\"@id\":\"https:\/\/www.accartbooks.com\/uk\/#organization\"},\"potentialAction\":[{\"@type\":\"SearchAction\",\"target\":{\"@type\":\"EntryPoint\",\"urlTemplate\":\"https:\/\/www.accartbooks.com\/uk\/?s={search_term_string}\"},\"query-input\":{\"@type\":\"PropertyValueSpecification\",\"valueRequired\":true,\"valueName\":\"search_term_string\"}}],\"inLanguage\":\"en-GB\"},{\"@type\":\"Organization\",\"@id\":\"https:\/\/www.accartbooks.com\/uk\/#organization\",\"name\":\"ACC Art Books UK\",\"url\":\"https:\/\/www.accartbooks.com\/uk\/\",\"logo\":{\"@type\":\"ImageObject\",\"inLanguage\":\"en-GB\",\"@id\":\"https:\/\/www.accartbooks.com\/uk\/#\/schema\/logo\/image\/\",\"url\":\"https:\/\/www.accartbooks.com\/app\/uploads\/2020\/05\/Acc-Logo.png\",\"contentUrl\":\"https:\/\/www.accartbooks.com\/app\/uploads\/2020\/05\/Acc-Logo.png\",\"width\":64,\"height\":100,\"caption\":\"ACC Art Books UK\"},\"image\":{\"@id\":\"https:\/\/www.accartbooks.com\/uk\/#\/schema\/logo\/image\/\"},\"sameAs\":[\"https:\/\/www.facebook.com\/ACCArtBooks\/\",\"https:\/\/x.com\/accartbooks\"]}]}<\/script>\n<!-- \/ Yoast SEO plugin. -->","yoast_head_json":{"title":"La Mode en Majest\u00e9 - ACC Art Books UK","description":"Title: La Mode en Majest\u00e9, Pages: 192 Pages, Publish Date: 13th Jul 2026, Author: B\u00e9atrice Quette, Julia Guillon, Piyavara Teekara Natenoi, Sappasit Foongfaungchaveng, Sarttarat Muddin, S\u00e9bastien Qu\u00e9quet, ISBN: 9782383140375. A unique overview into on clothing at the Thai court, between local craftsmanship and international modernity.Forewords Chapter 1 &mdash; Thai&ndash;French Relations Chapter 2 &mdash; The Eight Styles of Thai Dress Chapter 3 &mdash; Court Regalia &amp; Craft Objects: Celebration of Hands Chapter 4 &mdash; Balmain for Her Majesty Queen Sirikit Chapter 5 &ndash; Thai Collections at the Mus&eacute;e des Arts D&eacute;coratifs Chapter 6 &mdash; Weaving Identity: Gold Brocade &amp; Khit, Chok, Phrae Wa Chapter 7 &mdash; Mat Mii Ikat Couture: From Village Looms to Global Recognition Chapter 8 &mdash; Thai Designers: The Future of Tradition Appendices List of works Bibliography","robots":{"index":"index","follow":"follow","max-snippet":"max-snippet:-1","max-image-preview":"max-image-preview:large","max-video-preview":"max-video-preview:-1"},"canonical":"https:\/\/www.accartbooks.com\/uk\/book\/la-mode-en-majeste\/","og_locale":"en_GB","og_type":"article","og_title":"La Mode en Majest\u00e9 - ACC Art Books UK","og_description":"Title: La Mode en Majest\u00e9, Pages: 192 Pages, Publish Date: 13th Jul 2026, Author: B\u00e9atrice Quette, Julia Guillon, Piyavara Teekara Natenoi, Sappasit Foongfaungchaveng, Sarttarat Muddin, S\u00e9bastien Qu\u00e9quet, ISBN: 9782383140375. A unique overview into on clothing at the Thai court, between local craftsmanship and international modernity.Forewords Chapter 1 &mdash; Thai&ndash;French Relations Chapter 2 &mdash; The Eight Styles of Thai Dress Chapter 3 &mdash; Court Regalia &amp; Craft Objects: Celebration of Hands Chapter 4 &mdash; Balmain for Her Majesty Queen Sirikit Chapter 5 &ndash; Thai Collections at the Mus&eacute;e des Arts D&eacute;coratifs Chapter 6 &mdash; Weaving Identity: Gold Brocade &amp; Khit, Chok, Phrae Wa Chapter 7 &mdash; Mat Mii Ikat Couture: From Village Looms to Global Recognition Chapter 8 &mdash; Thai Designers: The Future of Tradition Appendices List of works Bibliography","og_url":"https:\/\/www.accartbooks.com\/uk\/book\/la-mode-en-majeste\/","og_site_name":"ACC Art Books UK","article_publisher":"https:\/\/www.facebook.com\/ACCArtBooks\/","article_modified_time":"2026-04-11T20:08:05+00:00","twitter_card":"summary_large_image","twitter_site":"@accartbooks","twitter_misc":{"Estimated reading time":"1 minute"},"schema":{"@context":"https:\/\/schema.org","@graph":[{"@type":"WebPage","@id":"https:\/\/www.accartbooks.com\/uk\/book\/la-mode-en-majeste\/","url":"https:\/\/www.accartbooks.com\/uk\/book\/la-mode-en-majeste\/","name":"La Mode en Majest\u00e9 - ACC Art Books UK","isPartOf":{"@id":"https:\/\/www.accartbooks.com\/uk\/#website"},"datePublished":"2026-04-11T15:11:12+00:00","dateModified":"2026-04-11T20:08:05+00:00","description":"Title: La Mode en Majest\u00e9, Pages: 192 Pages, Publish Date: 13th Jul 2026, Author: B\u00e9atrice Quette, Julia Guillon, Piyavara Teekara Natenoi, Sappasit Foongfaungchaveng, Sarttarat Muddin, S\u00e9bastien Qu\u00e9quet, ISBN: 9782383140375. A unique overview into on clothing at the Thai court, between local craftsmanship and international modernity.Forewords Chapter 1 &mdash; Thai&ndash;French Relations Chapter 2 &mdash; The Eight Styles of Thai Dress Chapter 3 &mdash; Court Regalia &amp; Craft Objects: Celebration of Hands Chapter 4 &mdash; Balmain for Her Majesty Queen Sirikit Chapter 5 &ndash; Thai Collections at the Mus&eacute;e des Arts D&eacute;coratifs Chapter 6 &mdash; Weaving Identity: Gold Brocade &amp; Khit, Chok, Phrae Wa Chapter 7 &mdash; Mat Mii Ikat Couture: From Village Looms to Global Recognition Chapter 8 &mdash; Thai Designers: The Future of Tradition Appendices List of works Bibliography","breadcrumb":{"@id":"https:\/\/www.accartbooks.com\/uk\/book\/la-mode-en-majeste\/#breadcrumb"},"inLanguage":"en-GB","potentialAction":[{"@type":"ReadAction","target":["https:\/\/www.accartbooks.com\/uk\/book\/la-mode-en-majeste\/"]}]},{"@type":"BreadcrumbList","@id":"https:\/\/www.accartbooks.com\/uk\/book\/la-mode-en-majeste\/#breadcrumb","itemListElement":[{"@type":"ListItem","position":1,"name":"Home","item":"https:\/\/www.accartbooks.com\/uk\/"},{"@type":"ListItem","position":2,"name":"Books","item":"https:\/\/www.accartbooks.com\/uk\/books\/"},{"@type":"ListItem","position":3,"name":"La Mode en Majest\u00e9"}]},{"@type":"WebSite","@id":"https:\/\/www.accartbooks.com\/uk\/#website","url":"https:\/\/www.accartbooks.com\/uk\/","name":"ACC Art Books UK","description":"One of the world\u2019s leading publishers and distributors of books on the arts and visual culture","publisher":{"@id":"https:\/\/www.accartbooks.com\/uk\/#organization"},"potentialAction":[{"@type":"SearchAction","target":{"@type":"EntryPoint","urlTemplate":"https:\/\/www.accartbooks.com\/uk\/?s={search_term_string}"},"query-input":{"@type":"PropertyValueSpecification","valueRequired":true,"valueName":"search_term_string"}}],"inLanguage":"en-GB"},{"@type":"Organization","@id":"https:\/\/www.accartbooks.com\/uk\/#organization","name":"ACC Art Books UK","url":"https:\/\/www.accartbooks.com\/uk\/","logo":{"@type":"ImageObject","inLanguage":"en-GB","@id":"https:\/\/www.accartbooks.com\/uk\/#\/schema\/logo\/image\/","url":"https:\/\/www.accartbooks.com\/app\/uploads\/2020\/05\/Acc-Logo.png","contentUrl":"https:\/\/www.accartbooks.com\/app\/uploads\/2020\/05\/Acc-Logo.png","width":64,"height":100,"caption":"ACC Art Books UK"},"image":{"@id":"https:\/\/www.accartbooks.com\/uk\/#\/schema\/logo\/image\/"},"sameAs":["https:\/\/www.facebook.com\/ACCArtBooks\/","https:\/\/x.com\/accartbooks"]}]}},"_links":{"self":[{"href":"https:\/\/www.accartbooks.com\/uk\/wp-json\/wp\/v2\/product\/76891","targetHints":{"allow":["GET"]}}],"collection":[{"href":"https:\/\/www.accartbooks.com\/uk\/wp-json\/wp\/v2\/product"}],"about":[{"href":"https:\/\/www.accartbooks.com\/uk\/wp-json\/wp\/v2\/types\/product"}],"wp:attachment":[{"href":"https:\/\/www.accartbooks.com\/uk\/wp-json\/wp\/v2\/media?parent=76891"}],"wp:term":[{"taxonomy":"product_brand","embeddable":true,"href":"https:\/\/www.accartbooks.com\/uk\/wp-json\/wp\/v2\/product_brand?post=76891"},{"taxonomy":"product_cat","embeddable":true,"href":"https:\/\/www.accartbooks.com\/uk\/wp-json\/wp\/v2\/product_cat?post=76891"},{"taxonomy":"product_tag","embeddable":true,"href":"https:\/\/www.accartbooks.com\/uk\/wp-json\/wp\/v2\/product_tag?post=76891"}],"curies":[{"name":"wp","href":"https:\/\/api.w.org\/{rel}","templated":true}]}}