{"id":77129,"date":"2026-04-21T15:15:33","date_gmt":"2026-04-21T15:15:33","guid":{"rendered":"https:\/\/www.accartbooks.com\/uk\/book\/joel-andrianomearisoa\/"},"modified":"2026-04-22T11:10:15","modified_gmt":"2026-04-22T11:10:15","slug":"joel-andrianomearisoa","status":"publish","type":"product","link":"https:\/\/www.accartbooks.com\/uk\/book\/joel-andrianomearisoa\/","title":{"rendered":"Jo\u00ebl Andrianomearisoa"},"content":{"rendered":"<p>Recognised since the early 2000s for his poetic and pluridisciplinary practice, Jo&euml;l Andrianomearisoa opens a window onto his world at the Ludwig Museum, where design, textiles, poetry, sound, neon lights, and craftsmanship all come together within the exhibition space. Born in Antananarivo in 1977, Andrianomearisoa lives and works between Madagascar and Paris. Navigating this cultural in-between, he draws on multiple roots, working across languages and weaving together cultural and historical references to create an art that is both deeply personal and broadly universal.<\/p>\n<p>This exhibition devoted to Andrianomearisoa is the first to revisit and show his early production phase. Bringing together works from 2003 to the present, this exhibition is more than a retrospective; it acts as an introspective, moving through different periods to delve into Jo&euml;l&rsquo;s sentimental universe. Spread across two floors of the Ludwig Museum, the exhibition opens with a first chapter immersed in darkness: walls draped in black veils, illuminated by a few white neon lights, reveal a series of black tapestries. Upstairs, the second chapter continues with light, raffia, and woven textures.<\/p>\n<p>Often described as sentimental, Jo&euml;l Andrianomearisoa blends minimalism&rsquo;s elegance with the emotional resonance of natural materials. His work awakens memories, histories, and desires, inviting visitors on an emotional journey where desire becomes a force for engagement, transformation, and transcendence.<\/p>\n<p>Text in English and German.<\/p>\n","protected":false},"excerpt":{"rendered":"<p>Brings together works from 2003 to the present by artist Jo&euml;l Andrianomearis, showcased at the Jo&euml;l Andrianomearisoa &ndash; Tools of Emotions and Desires exhibition at the Ludwig Museum held from 30 November 2025 to 15 February 2026. Text in English and German.<\/p>\n","protected":false},"featured_media":77130,"template":"","meta":{"_acf_changed":false,"_relevanssi_hide_post":"","_relevanssi_hide_content":"","_relevanssi_pin_for_all":"","_relevanssi_pin_keywords":"","_relevanssi_unpin_keywords":"","_relevanssi_related_keywords":"","_relevanssi_related_include_ids":"","_relevanssi_related_exclude_ids":"","_relevanssi_related_no_append":"","_relevanssi_related_not_related":"","_relevanssi_related_posts":"","_relevanssi_noindex_reason":""},"product_brand":[],"product_cat":[5568],"product_tag":[],"class_list":{"0":"post-77129","1":"product","2":"type-product","3":"status-publish","4":"has-post-thumbnail","6":"product_cat-art","7":"author-edited-by-beate-reifenscheid","8":"author-edited-by-jerome-sans","9":"publisher-silvana","11":"first","12":"instock","13":"shipping-taxable","14":"purchasable","15":"product-type-simple"},"acf":[],"yoast_head":"<!-- This site is optimized with the Yoast SEO plugin v27.0 - https:\/\/yoast.com\/product\/yoast-seo-wordpress\/ -->\n<title>Jo\u00ebl Andrianomearisoa - ACC Art Books UK<\/title>\n<meta name=\"description\" content=\"Title: Jo\u00ebl Andrianomearisoa, Pages: 144 Pages, Publish Date: 8th Jun 2026, Author: Edited by Beate Reifenscheid, Edited by J\u00e9r\u00f4me Sans, ISBN: 9788836664016. Brings together works from 2003 to the present by artist Jo&euml;l Andrianomearis, showcased at the Jo&euml;l Andrianomearisoa &ndash; Tools of Emotions and Desires exhibition at the Ludwig Museum held from 30 November 2025 to 15 February 2026. Text in English and German.\" \/>\n<meta name=\"robots\" content=\"index, follow, max-snippet:-1, max-image-preview:large, max-video-preview:-1\" \/>\n<link rel=\"canonical\" href=\"https:\/\/www.accartbooks.com\/uk\/book\/joel-andrianomearisoa\/\" \/>\n<meta property=\"og:locale\" content=\"en_GB\" \/>\n<meta property=\"og:type\" content=\"article\" \/>\n<meta property=\"og:title\" content=\"Jo\u00ebl Andrianomearisoa - ACC Art Books UK\" \/>\n<meta property=\"og:description\" content=\"Title: Jo\u00ebl Andrianomearisoa, Pages: 144 Pages, Publish Date: 8th Jun 2026, Author: Edited by Beate Reifenscheid, Edited by J\u00e9r\u00f4me Sans, ISBN: 9788836664016. Brings together works from 2003 to the present by artist Jo&euml;l Andrianomearis, showcased at the Jo&euml;l Andrianomearisoa &ndash; Tools of Emotions and Desires exhibition at the Ludwig Museum held from 30 November 2025 to 15 February 2026. Text in English and German.\" \/>\n<meta property=\"og:url\" content=\"https:\/\/www.accartbooks.com\/uk\/book\/joel-andrianomearisoa\/\" \/>\n<meta property=\"og:site_name\" content=\"ACC Art Books UK\" \/>\n<meta property=\"article:publisher\" content=\"https:\/\/www.facebook.com\/ACCArtBooks\/\" \/>\n<meta property=\"article:modified_time\" content=\"2026-04-22T11:10:15+00:00\" \/>\n<meta property=\"og:image\" content=\"https:\/\/www.accartbooks.com\/app\/uploads\/books\/9788836664016-04-1.jpg\" \/>\n\t<meta property=\"og:image:width\" content=\"1024\" \/>\n\t<meta property=\"og:image:height\" content=\"1299\" \/>\n\t<meta property=\"og:image:type\" content=\"image\/jpeg\" \/>\n<meta name=\"twitter:card\" content=\"summary_large_image\" \/>\n<meta name=\"twitter:site\" content=\"@accartbooks\" \/>\n<meta name=\"twitter:label1\" content=\"Estimated reading time\" \/>\n\t<meta name=\"twitter:data1\" content=\"1 minute\" \/>\n<script type=\"application\/ld+json\" class=\"yoast-schema-graph\">{\"@context\":\"https:\/\/schema.org\",\"@graph\":[{\"@type\":\"WebPage\",\"@id\":\"https:\/\/www.accartbooks.com\/uk\/book\/joel-andrianomearisoa\/\",\"url\":\"https:\/\/www.accartbooks.com\/uk\/book\/joel-andrianomearisoa\/\",\"name\":\"Jo\u00ebl Andrianomearisoa - ACC Art Books UK\",\"isPartOf\":{\"@id\":\"https:\/\/www.accartbooks.com\/uk\/#website\"},\"primaryImageOfPage\":{\"@id\":\"https:\/\/www.accartbooks.com\/uk\/book\/joel-andrianomearisoa\/#primaryimage\"},\"image\":{\"@id\":\"https:\/\/www.accartbooks.com\/uk\/book\/joel-andrianomearisoa\/#primaryimage\"},\"thumbnailUrl\":\"https:\/\/www.accartbooks.com\/app\/uploads\/books\/9788836664016-04-1.jpg\",\"datePublished\":\"2026-04-21T15:15:33+00:00\",\"dateModified\":\"2026-04-22T11:10:15+00:00\",\"description\":\"Title: Jo\u00ebl Andrianomearisoa, Pages: 144 Pages, Publish Date: 8th Jun 2026, Author: Edited by Beate Reifenscheid, Edited by J\u00e9r\u00f4me Sans, ISBN: 9788836664016. Brings together works from 2003 to the present by artist Jo&euml;l Andrianomearis, showcased at the Jo&euml;l Andrianomearisoa &ndash; Tools of Emotions and Desires exhibition at the Ludwig Museum held from 30 November 2025 to 15 February 2026. Text in English and German.\",\"breadcrumb\":{\"@id\":\"https:\/\/www.accartbooks.com\/uk\/book\/joel-andrianomearisoa\/#breadcrumb\"},\"inLanguage\":\"en-GB\",\"potentialAction\":[{\"@type\":\"ReadAction\",\"target\":[\"https:\/\/www.accartbooks.com\/uk\/book\/joel-andrianomearisoa\/\"]}]},{\"@type\":\"ImageObject\",\"inLanguage\":\"en-GB\",\"@id\":\"https:\/\/www.accartbooks.com\/uk\/book\/joel-andrianomearisoa\/#primaryimage\",\"url\":\"https:\/\/www.accartbooks.com\/app\/uploads\/books\/9788836664016-04-1.jpg\",\"contentUrl\":\"https:\/\/www.accartbooks.com\/app\/uploads\/books\/9788836664016-04-1.jpg\",\"width\":1024,\"height\":1299},{\"@type\":\"BreadcrumbList\",\"@id\":\"https:\/\/www.accartbooks.com\/uk\/book\/joel-andrianomearisoa\/#breadcrumb\",\"itemListElement\":[{\"@type\":\"ListItem\",\"position\":1,\"name\":\"Home\",\"item\":\"https:\/\/www.accartbooks.com\/uk\/\"},{\"@type\":\"ListItem\",\"position\":2,\"name\":\"Books\",\"item\":\"https:\/\/www.accartbooks.com\/uk\/books\/\"},{\"@type\":\"ListItem\",\"position\":3,\"name\":\"Jo\u00ebl Andrianomearisoa\"}]},{\"@type\":\"WebSite\",\"@id\":\"https:\/\/www.accartbooks.com\/uk\/#website\",\"url\":\"https:\/\/www.accartbooks.com\/uk\/\",\"name\":\"ACC Art Books UK\",\"description\":\"One of the world\u2019s leading publishers and distributors of books on the arts and visual culture\",\"publisher\":{\"@id\":\"https:\/\/www.accartbooks.com\/uk\/#organization\"},\"potentialAction\":[{\"@type\":\"SearchAction\",\"target\":{\"@type\":\"EntryPoint\",\"urlTemplate\":\"https:\/\/www.accartbooks.com\/uk\/?s={search_term_string}\"},\"query-input\":{\"@type\":\"PropertyValueSpecification\",\"valueRequired\":true,\"valueName\":\"search_term_string\"}}],\"inLanguage\":\"en-GB\"},{\"@type\":\"Organization\",\"@id\":\"https:\/\/www.accartbooks.com\/uk\/#organization\",\"name\":\"ACC Art Books UK\",\"url\":\"https:\/\/www.accartbooks.com\/uk\/\",\"logo\":{\"@type\":\"ImageObject\",\"inLanguage\":\"en-GB\",\"@id\":\"https:\/\/www.accartbooks.com\/uk\/#\/schema\/logo\/image\/\",\"url\":\"https:\/\/www.accartbooks.com\/app\/uploads\/2020\/05\/Acc-Logo.png\",\"contentUrl\":\"https:\/\/www.accartbooks.com\/app\/uploads\/2020\/05\/Acc-Logo.png\",\"width\":64,\"height\":100,\"caption\":\"ACC Art Books UK\"},\"image\":{\"@id\":\"https:\/\/www.accartbooks.com\/uk\/#\/schema\/logo\/image\/\"},\"sameAs\":[\"https:\/\/www.facebook.com\/ACCArtBooks\/\",\"https:\/\/x.com\/accartbooks\"]}]}<\/script>\n<!-- \/ Yoast SEO plugin. -->","yoast_head_json":{"title":"Jo\u00ebl Andrianomearisoa - ACC Art Books UK","description":"Title: Jo\u00ebl Andrianomearisoa, Pages: 144 Pages, Publish Date: 8th Jun 2026, Author: Edited by Beate Reifenscheid, Edited by J\u00e9r\u00f4me Sans, ISBN: 9788836664016. Brings together works from 2003 to the present by artist Jo&euml;l Andrianomearis, showcased at the Jo&euml;l Andrianomearisoa &ndash; Tools of Emotions and Desires exhibition at the Ludwig Museum held from 30 November 2025 to 15 February 2026. Text in English and German.","robots":{"index":"index","follow":"follow","max-snippet":"max-snippet:-1","max-image-preview":"max-image-preview:large","max-video-preview":"max-video-preview:-1"},"canonical":"https:\/\/www.accartbooks.com\/uk\/book\/joel-andrianomearisoa\/","og_locale":"en_GB","og_type":"article","og_title":"Jo\u00ebl Andrianomearisoa - ACC Art Books UK","og_description":"Title: Jo\u00ebl Andrianomearisoa, Pages: 144 Pages, Publish Date: 8th Jun 2026, Author: Edited by Beate Reifenscheid, Edited by J\u00e9r\u00f4me Sans, ISBN: 9788836664016. Brings together works from 2003 to the present by artist Jo&euml;l Andrianomearis, showcased at the Jo&euml;l Andrianomearisoa &ndash; Tools of Emotions and Desires exhibition at the Ludwig Museum held from 30 November 2025 to 15 February 2026. Text in English and German.","og_url":"https:\/\/www.accartbooks.com\/uk\/book\/joel-andrianomearisoa\/","og_site_name":"ACC Art Books UK","article_publisher":"https:\/\/www.facebook.com\/ACCArtBooks\/","article_modified_time":"2026-04-22T11:10:15+00:00","og_image":[{"width":1024,"height":1299,"url":"https:\/\/www.accartbooks.com\/app\/uploads\/books\/9788836664016-04-1.jpg","type":"image\/jpeg"}],"twitter_card":"summary_large_image","twitter_site":"@accartbooks","twitter_misc":{"Estimated reading time":"1 minute"},"schema":{"@context":"https:\/\/schema.org","@graph":[{"@type":"WebPage","@id":"https:\/\/www.accartbooks.com\/uk\/book\/joel-andrianomearisoa\/","url":"https:\/\/www.accartbooks.com\/uk\/book\/joel-andrianomearisoa\/","name":"Jo\u00ebl Andrianomearisoa - ACC Art Books UK","isPartOf":{"@id":"https:\/\/www.accartbooks.com\/uk\/#website"},"primaryImageOfPage":{"@id":"https:\/\/www.accartbooks.com\/uk\/book\/joel-andrianomearisoa\/#primaryimage"},"image":{"@id":"https:\/\/www.accartbooks.com\/uk\/book\/joel-andrianomearisoa\/#primaryimage"},"thumbnailUrl":"https:\/\/www.accartbooks.com\/app\/uploads\/books\/9788836664016-04-1.jpg","datePublished":"2026-04-21T15:15:33+00:00","dateModified":"2026-04-22T11:10:15+00:00","description":"Title: Jo\u00ebl Andrianomearisoa, Pages: 144 Pages, Publish Date: 8th Jun 2026, Author: Edited by Beate Reifenscheid, Edited by J\u00e9r\u00f4me Sans, ISBN: 9788836664016. Brings together works from 2003 to the present by artist Jo&euml;l Andrianomearis, showcased at the Jo&euml;l Andrianomearisoa &ndash; Tools of Emotions and Desires exhibition at the Ludwig Museum held from 30 November 2025 to 15 February 2026. Text in English and German.","breadcrumb":{"@id":"https:\/\/www.accartbooks.com\/uk\/book\/joel-andrianomearisoa\/#breadcrumb"},"inLanguage":"en-GB","potentialAction":[{"@type":"ReadAction","target":["https:\/\/www.accartbooks.com\/uk\/book\/joel-andrianomearisoa\/"]}]},{"@type":"ImageObject","inLanguage":"en-GB","@id":"https:\/\/www.accartbooks.com\/uk\/book\/joel-andrianomearisoa\/#primaryimage","url":"https:\/\/www.accartbooks.com\/app\/uploads\/books\/9788836664016-04-1.jpg","contentUrl":"https:\/\/www.accartbooks.com\/app\/uploads\/books\/9788836664016-04-1.jpg","width":1024,"height":1299},{"@type":"BreadcrumbList","@id":"https:\/\/www.accartbooks.com\/uk\/book\/joel-andrianomearisoa\/#breadcrumb","itemListElement":[{"@type":"ListItem","position":1,"name":"Home","item":"https:\/\/www.accartbooks.com\/uk\/"},{"@type":"ListItem","position":2,"name":"Books","item":"https:\/\/www.accartbooks.com\/uk\/books\/"},{"@type":"ListItem","position":3,"name":"Jo\u00ebl Andrianomearisoa"}]},{"@type":"WebSite","@id":"https:\/\/www.accartbooks.com\/uk\/#website","url":"https:\/\/www.accartbooks.com\/uk\/","name":"ACC Art Books UK","description":"One of the world\u2019s leading publishers and distributors of books on the arts and visual culture","publisher":{"@id":"https:\/\/www.accartbooks.com\/uk\/#organization"},"potentialAction":[{"@type":"SearchAction","target":{"@type":"EntryPoint","urlTemplate":"https:\/\/www.accartbooks.com\/uk\/?s={search_term_string}"},"query-input":{"@type":"PropertyValueSpecification","valueRequired":true,"valueName":"search_term_string"}}],"inLanguage":"en-GB"},{"@type":"Organization","@id":"https:\/\/www.accartbooks.com\/uk\/#organization","name":"ACC Art Books UK","url":"https:\/\/www.accartbooks.com\/uk\/","logo":{"@type":"ImageObject","inLanguage":"en-GB","@id":"https:\/\/www.accartbooks.com\/uk\/#\/schema\/logo\/image\/","url":"https:\/\/www.accartbooks.com\/app\/uploads\/2020\/05\/Acc-Logo.png","contentUrl":"https:\/\/www.accartbooks.com\/app\/uploads\/2020\/05\/Acc-Logo.png","width":64,"height":100,"caption":"ACC Art Books UK"},"image":{"@id":"https:\/\/www.accartbooks.com\/uk\/#\/schema\/logo\/image\/"},"sameAs":["https:\/\/www.facebook.com\/ACCArtBooks\/","https:\/\/x.com\/accartbooks"]}]}},"_links":{"self":[{"href":"https:\/\/www.accartbooks.com\/uk\/wp-json\/wp\/v2\/product\/77129","targetHints":{"allow":["GET"]}}],"collection":[{"href":"https:\/\/www.accartbooks.com\/uk\/wp-json\/wp\/v2\/product"}],"about":[{"href":"https:\/\/www.accartbooks.com\/uk\/wp-json\/wp\/v2\/types\/product"}],"wp:featuredmedia":[{"embeddable":true,"href":"https:\/\/www.accartbooks.com\/uk\/wp-json\/wp\/v2\/media\/77130"}],"wp:attachment":[{"href":"https:\/\/www.accartbooks.com\/uk\/wp-json\/wp\/v2\/media?parent=77129"}],"wp:term":[{"taxonomy":"product_brand","embeddable":true,"href":"https:\/\/www.accartbooks.com\/uk\/wp-json\/wp\/v2\/product_brand?post=77129"},{"taxonomy":"product_cat","embeddable":true,"href":"https:\/\/www.accartbooks.com\/uk\/wp-json\/wp\/v2\/product_cat?post=77129"},{"taxonomy":"product_tag","embeddable":true,"href":"https:\/\/www.accartbooks.com\/uk\/wp-json\/wp\/v2\/product_tag?post=77129"}],"curies":[{"name":"wp","href":"https:\/\/api.w.org\/{rel}","templated":true}]}}