{"id":78452,"date":"2026-05-12T15:11:55","date_gmt":"2026-05-12T15:11:55","guid":{"rendered":"https:\/\/www.accartbooks.com\/uk\/book\/ghmp-prague-city-gallery\/"},"modified":"2026-05-12T15:11:55","modified_gmt":"2026-05-12T15:11:55","slug":"ghmp-prague-city-gallery","status":"publish","type":"product","link":"https:\/\/www.accartbooks.com\/uk\/book\/ghmp-prague-city-gallery\/","title":{"rendered":"GHMP: Prague City Gallery"},"content":{"rendered":"<p>The Prague City Gallery (founded on 1 May 1963) is one of the key exhibition and collecting institutions in the Czech Republic; it manages approximately 16,000 items dating from the 19th to the 21st century. Today, its role is much broader than has traditionally been customary for institutions of this kind.<\/p>\n<p>Among its additional responsibilities is the care of the buildings entrusted to it, many of which are heritage properties of the highest quality. It also plays an important role in the field of education, organising around 900 programmes each year for children, young people, teachers, senior citizens, and people with special needs.<\/p>\n<p>In 2026, Magdalena Ju&#345;&iacute;kov&aacute; will conclude her tenure as Director. This publication serves both as a reflection on an important period in the gallery&rsquo;s history and as a personal perspective on the shaping of its current identity.<\/p>\n","protected":false},"excerpt":{"rendered":"<p>A reflective publication on Prague City Gallery&rsquo;s recent acquisitions, highlighting key works added under Magdalena Ju&#345;&iacute;kov&aacute;&rsquo;s leadership and examining the institution&rsquo;s evolving identity and legacy.<br \/>Prague City Gallery: history and the present day (the director&rsquo;s introduction)<br \/>\nThe Buildings of Prague City Gallery<br \/>\nPrague City Gallery Collections<br \/>\nPrague City Gallery and Art in Public Spaces<br \/>\nAlfons Mucha: The Slav Epic (1910&ndash;28)<\/p>\n","protected":false},"featured_media":0,"template":"","meta":{"_acf_changed":false,"_relevanssi_hide_post":"","_relevanssi_hide_content":"","_relevanssi_pin_for_all":"","_relevanssi_pin_keywords":"","_relevanssi_unpin_keywords":"","_relevanssi_related_keywords":"","_relevanssi_related_include_ids":"","_relevanssi_related_exclude_ids":"","_relevanssi_related_no_append":"","_relevanssi_related_not_related":"","_relevanssi_related_posts":"","_relevanssi_noindex_reason":""},"product_brand":[],"product_cat":[5568],"product_tag":[],"class_list":{"0":"post-78452","1":"product","2":"type-product","3":"status-publish","5":"product_cat-art","6":"author-by-author-magdalena-jurikova","7":"publisher-kulturalis","9":"first","10":"instock","11":"shipping-taxable","12":"purchasable","13":"product-type-simple"},"acf":[],"yoast_head":"<!-- This site is optimized with the Yoast SEO plugin v27.0 - https:\/\/yoast.com\/product\/yoast-seo-wordpress\/ -->\n<title>GHMP: Prague City Gallery - ACC Art Books UK<\/title>\n<meta name=\"description\" content=\"Title: GHMP: Prague City Gallery, Pages: 96 Pages, Publish Date: 1st Oct 2026, Author: Magdalena Ju\u0159\u00edkov\u00e1, ISBN: 9781836360605. A reflective publication on Prague City Gallery&rsquo;s recent acquisitions, highlighting key works added under Magdalena Ju&#345;&iacute;kov&aacute;&rsquo;s leadership and examining the institution&rsquo;s evolving identity and legacy.Prague City Gallery: history and the present day (the director&rsquo;s introduction) The Buildings of Prague City Gallery Prague City Gallery Collections Prague City Gallery and Art in Public Spaces Alfons Mucha: The Slav Epic (1910&ndash;28)\" \/>\n<meta name=\"robots\" content=\"index, follow, max-snippet:-1, max-image-preview:large, max-video-preview:-1\" \/>\n<link rel=\"canonical\" href=\"https:\/\/www.accartbooks.com\/uk\/book\/ghmp-prague-city-gallery\/\" \/>\n<meta property=\"og:locale\" content=\"en_GB\" \/>\n<meta property=\"og:type\" content=\"article\" \/>\n<meta property=\"og:title\" content=\"GHMP: Prague City Gallery - ACC Art Books UK\" \/>\n<meta property=\"og:description\" content=\"Title: GHMP: Prague City Gallery, Pages: 96 Pages, Publish Date: 1st Oct 2026, Author: Magdalena Ju\u0159\u00edkov\u00e1, ISBN: 9781836360605. A reflective publication on Prague City Gallery&rsquo;s recent acquisitions, highlighting key works added under Magdalena Ju&#345;&iacute;kov&aacute;&rsquo;s leadership and examining the institution&rsquo;s evolving identity and legacy.Prague City Gallery: history and the present day (the director&rsquo;s introduction) The Buildings of Prague City Gallery Prague City Gallery Collections Prague City Gallery and Art in Public Spaces Alfons Mucha: The Slav Epic (1910&ndash;28)\" \/>\n<meta property=\"og:url\" content=\"https:\/\/www.accartbooks.com\/uk\/book\/ghmp-prague-city-gallery\/\" \/>\n<meta property=\"og:site_name\" content=\"ACC Art Books UK\" \/>\n<meta property=\"article:publisher\" content=\"https:\/\/www.facebook.com\/ACCArtBooks\/\" \/>\n<meta name=\"twitter:card\" content=\"summary_large_image\" \/>\n<meta name=\"twitter:site\" content=\"@accartbooks\" \/>\n<meta name=\"twitter:label1\" content=\"Estimated reading time\" \/>\n\t<meta name=\"twitter:data1\" content=\"1 minute\" \/>\n<script type=\"application\/ld+json\" class=\"yoast-schema-graph\">{\"@context\":\"https:\/\/schema.org\",\"@graph\":[{\"@type\":\"WebPage\",\"@id\":\"https:\/\/www.accartbooks.com\/uk\/book\/ghmp-prague-city-gallery\/\",\"url\":\"https:\/\/www.accartbooks.com\/uk\/book\/ghmp-prague-city-gallery\/\",\"name\":\"GHMP: Prague City Gallery - ACC Art Books UK\",\"isPartOf\":{\"@id\":\"https:\/\/www.accartbooks.com\/uk\/#website\"},\"datePublished\":\"2026-05-12T15:11:55+00:00\",\"description\":\"Title: GHMP: Prague City Gallery, Pages: 96 Pages, Publish Date: 1st Oct 2026, Author: Magdalena Ju\u0159\u00edkov\u00e1, ISBN: 9781836360605. A reflective publication on Prague City Gallery&rsquo;s recent acquisitions, highlighting key works added under Magdalena Ju&#345;&iacute;kov&aacute;&rsquo;s leadership and examining the institution&rsquo;s evolving identity and legacy.Prague City Gallery: history and the present day (the director&rsquo;s introduction) The Buildings of Prague City Gallery Prague City Gallery Collections Prague City Gallery and Art in Public Spaces Alfons Mucha: The Slav Epic (1910&ndash;28)\",\"breadcrumb\":{\"@id\":\"https:\/\/www.accartbooks.com\/uk\/book\/ghmp-prague-city-gallery\/#breadcrumb\"},\"inLanguage\":\"en-GB\",\"potentialAction\":[{\"@type\":\"ReadAction\",\"target\":[\"https:\/\/www.accartbooks.com\/uk\/book\/ghmp-prague-city-gallery\/\"]}]},{\"@type\":\"BreadcrumbList\",\"@id\":\"https:\/\/www.accartbooks.com\/uk\/book\/ghmp-prague-city-gallery\/#breadcrumb\",\"itemListElement\":[{\"@type\":\"ListItem\",\"position\":1,\"name\":\"Home\",\"item\":\"https:\/\/www.accartbooks.com\/uk\/\"},{\"@type\":\"ListItem\",\"position\":2,\"name\":\"Books\",\"item\":\"https:\/\/www.accartbooks.com\/uk\/books\/\"},{\"@type\":\"ListItem\",\"position\":3,\"name\":\"GHMP: Prague City Gallery\"}]},{\"@type\":\"WebSite\",\"@id\":\"https:\/\/www.accartbooks.com\/uk\/#website\",\"url\":\"https:\/\/www.accartbooks.com\/uk\/\",\"name\":\"ACC Art Books UK\",\"description\":\"One of the world\u2019s leading publishers and distributors of books on the arts and visual culture\",\"publisher\":{\"@id\":\"https:\/\/www.accartbooks.com\/uk\/#organization\"},\"potentialAction\":[{\"@type\":\"SearchAction\",\"target\":{\"@type\":\"EntryPoint\",\"urlTemplate\":\"https:\/\/www.accartbooks.com\/uk\/?s={search_term_string}\"},\"query-input\":{\"@type\":\"PropertyValueSpecification\",\"valueRequired\":true,\"valueName\":\"search_term_string\"}}],\"inLanguage\":\"en-GB\"},{\"@type\":\"Organization\",\"@id\":\"https:\/\/www.accartbooks.com\/uk\/#organization\",\"name\":\"ACC Art Books UK\",\"url\":\"https:\/\/www.accartbooks.com\/uk\/\",\"logo\":{\"@type\":\"ImageObject\",\"inLanguage\":\"en-GB\",\"@id\":\"https:\/\/www.accartbooks.com\/uk\/#\/schema\/logo\/image\/\",\"url\":\"https:\/\/www.accartbooks.com\/app\/uploads\/2020\/05\/Acc-Logo.png\",\"contentUrl\":\"https:\/\/www.accartbooks.com\/app\/uploads\/2020\/05\/Acc-Logo.png\",\"width\":64,\"height\":100,\"caption\":\"ACC Art Books UK\"},\"image\":{\"@id\":\"https:\/\/www.accartbooks.com\/uk\/#\/schema\/logo\/image\/\"},\"sameAs\":[\"https:\/\/www.facebook.com\/ACCArtBooks\/\",\"https:\/\/x.com\/accartbooks\"]}]}<\/script>\n<!-- \/ Yoast SEO plugin. -->","yoast_head_json":{"title":"GHMP: Prague City Gallery - ACC Art Books UK","description":"Title: GHMP: Prague City Gallery, Pages: 96 Pages, Publish Date: 1st Oct 2026, Author: Magdalena Ju\u0159\u00edkov\u00e1, ISBN: 9781836360605. A reflective publication on Prague City Gallery&rsquo;s recent acquisitions, highlighting key works added under Magdalena Ju&#345;&iacute;kov&aacute;&rsquo;s leadership and examining the institution&rsquo;s evolving identity and legacy.Prague City Gallery: history and the present day (the director&rsquo;s introduction) The Buildings of Prague City Gallery Prague City Gallery Collections Prague City Gallery and Art in Public Spaces Alfons Mucha: The Slav Epic (1910&ndash;28)","robots":{"index":"index","follow":"follow","max-snippet":"max-snippet:-1","max-image-preview":"max-image-preview:large","max-video-preview":"max-video-preview:-1"},"canonical":"https:\/\/www.accartbooks.com\/uk\/book\/ghmp-prague-city-gallery\/","og_locale":"en_GB","og_type":"article","og_title":"GHMP: Prague City Gallery - ACC Art Books UK","og_description":"Title: GHMP: Prague City Gallery, Pages: 96 Pages, Publish Date: 1st Oct 2026, Author: Magdalena Ju\u0159\u00edkov\u00e1, ISBN: 9781836360605. A reflective publication on Prague City Gallery&rsquo;s recent acquisitions, highlighting key works added under Magdalena Ju&#345;&iacute;kov&aacute;&rsquo;s leadership and examining the institution&rsquo;s evolving identity and legacy.Prague City Gallery: history and the present day (the director&rsquo;s introduction) The Buildings of Prague City Gallery Prague City Gallery Collections Prague City Gallery and Art in Public Spaces Alfons Mucha: The Slav Epic (1910&ndash;28)","og_url":"https:\/\/www.accartbooks.com\/uk\/book\/ghmp-prague-city-gallery\/","og_site_name":"ACC Art Books UK","article_publisher":"https:\/\/www.facebook.com\/ACCArtBooks\/","twitter_card":"summary_large_image","twitter_site":"@accartbooks","twitter_misc":{"Estimated reading time":"1 minute"},"schema":{"@context":"https:\/\/schema.org","@graph":[{"@type":"WebPage","@id":"https:\/\/www.accartbooks.com\/uk\/book\/ghmp-prague-city-gallery\/","url":"https:\/\/www.accartbooks.com\/uk\/book\/ghmp-prague-city-gallery\/","name":"GHMP: Prague City Gallery - ACC Art Books UK","isPartOf":{"@id":"https:\/\/www.accartbooks.com\/uk\/#website"},"datePublished":"2026-05-12T15:11:55+00:00","description":"Title: GHMP: Prague City Gallery, Pages: 96 Pages, Publish Date: 1st Oct 2026, Author: Magdalena Ju\u0159\u00edkov\u00e1, ISBN: 9781836360605. A reflective publication on Prague City Gallery&rsquo;s recent acquisitions, highlighting key works added under Magdalena Ju&#345;&iacute;kov&aacute;&rsquo;s leadership and examining the institution&rsquo;s evolving identity and legacy.Prague City Gallery: history and the present day (the director&rsquo;s introduction) The Buildings of Prague City Gallery Prague City Gallery Collections Prague City Gallery and Art in Public Spaces Alfons Mucha: The Slav Epic (1910&ndash;28)","breadcrumb":{"@id":"https:\/\/www.accartbooks.com\/uk\/book\/ghmp-prague-city-gallery\/#breadcrumb"},"inLanguage":"en-GB","potentialAction":[{"@type":"ReadAction","target":["https:\/\/www.accartbooks.com\/uk\/book\/ghmp-prague-city-gallery\/"]}]},{"@type":"BreadcrumbList","@id":"https:\/\/www.accartbooks.com\/uk\/book\/ghmp-prague-city-gallery\/#breadcrumb","itemListElement":[{"@type":"ListItem","position":1,"name":"Home","item":"https:\/\/www.accartbooks.com\/uk\/"},{"@type":"ListItem","position":2,"name":"Books","item":"https:\/\/www.accartbooks.com\/uk\/books\/"},{"@type":"ListItem","position":3,"name":"GHMP: Prague City Gallery"}]},{"@type":"WebSite","@id":"https:\/\/www.accartbooks.com\/uk\/#website","url":"https:\/\/www.accartbooks.com\/uk\/","name":"ACC Art Books UK","description":"One of the world\u2019s leading publishers and distributors of books on the arts and visual culture","publisher":{"@id":"https:\/\/www.accartbooks.com\/uk\/#organization"},"potentialAction":[{"@type":"SearchAction","target":{"@type":"EntryPoint","urlTemplate":"https:\/\/www.accartbooks.com\/uk\/?s={search_term_string}"},"query-input":{"@type":"PropertyValueSpecification","valueRequired":true,"valueName":"search_term_string"}}],"inLanguage":"en-GB"},{"@type":"Organization","@id":"https:\/\/www.accartbooks.com\/uk\/#organization","name":"ACC Art Books UK","url":"https:\/\/www.accartbooks.com\/uk\/","logo":{"@type":"ImageObject","inLanguage":"en-GB","@id":"https:\/\/www.accartbooks.com\/uk\/#\/schema\/logo\/image\/","url":"https:\/\/www.accartbooks.com\/app\/uploads\/2020\/05\/Acc-Logo.png","contentUrl":"https:\/\/www.accartbooks.com\/app\/uploads\/2020\/05\/Acc-Logo.png","width":64,"height":100,"caption":"ACC Art Books UK"},"image":{"@id":"https:\/\/www.accartbooks.com\/uk\/#\/schema\/logo\/image\/"},"sameAs":["https:\/\/www.facebook.com\/ACCArtBooks\/","https:\/\/x.com\/accartbooks"]}]}},"_links":{"self":[{"href":"https:\/\/www.accartbooks.com\/uk\/wp-json\/wp\/v2\/product\/78452","targetHints":{"allow":["GET"]}}],"collection":[{"href":"https:\/\/www.accartbooks.com\/uk\/wp-json\/wp\/v2\/product"}],"about":[{"href":"https:\/\/www.accartbooks.com\/uk\/wp-json\/wp\/v2\/types\/product"}],"wp:attachment":[{"href":"https:\/\/www.accartbooks.com\/uk\/wp-json\/wp\/v2\/media?parent=78452"}],"wp:term":[{"taxonomy":"product_brand","embeddable":true,"href":"https:\/\/www.accartbooks.com\/uk\/wp-json\/wp\/v2\/product_brand?post=78452"},{"taxonomy":"product_cat","embeddable":true,"href":"https:\/\/www.accartbooks.com\/uk\/wp-json\/wp\/v2\/product_cat?post=78452"},{"taxonomy":"product_tag","embeddable":true,"href":"https:\/\/www.accartbooks.com\/uk\/wp-json\/wp\/v2\/product_tag?post=78452"}],"curies":[{"name":"wp","href":"https:\/\/api.w.org\/{rel}","templated":true}]}}