{"id":8237,"date":"2020-03-16T19:23:09","date_gmt":"2020-03-16T19:23:09","guid":{"rendered":"https:\/\/www.accartbooks.com\/uk\/?post_type=product&#038;p=8237"},"modified":"2026-03-30T13:11:12","modified_gmt":"2026-03-30T13:11:12","slug":"emiliano-lopez-monica-rivera-arquitectos-2","status":"publish","type":"product","link":"https:\/\/www.accartbooks.com\/uk\/book\/emiliano-lopez-monica-rivera-arquitectos-2\/","title":{"rendered":"Emiliano L\u00f3pez M\u00f3nica Rivera Arquitectos"},"content":{"rendered":"<p>This volume shows the diverse ways in which Emiliano L&oacute;pez and M&oacute;nica Rivera, a young architectural couple from Barcelona, have addressed the question of optimum space utilisation. It includes a series of photographs that the couple took while travelling, presented alongside their own remarkable constructions and treatises on important themes within the study of architecture. Scattered in between are visual case studies dedicated to seven residential buildings, which have been precisely designed to suit their specific spatial situations. The techniques L&oacute;pez and Rivera use are described in detail. This exciting monographic collection is complemented by four essays, written by renowned guest authors, which elucidate L&oacute;pez and Rivera&#8217;s unique style. <\/p>\n<p>Text in English and German.<\/p>\n","protected":false},"excerpt":{"rendered":"<p>This exciting monographic collection is complemented by four essays, written by renowned guest authors, which elucidate L&oacute;pez and Rivera&#8217;s unique style. Text in English and German.<\/p>\n","protected":false},"featured_media":8238,"template":"","meta":{"_acf_changed":false,"_relevanssi_hide_post":"","_relevanssi_hide_content":"","_relevanssi_pin_for_all":"","_relevanssi_pin_keywords":"","_relevanssi_unpin_keywords":"","_relevanssi_related_keywords":"","_relevanssi_related_include_ids":"","_relevanssi_related_exclude_ids":"","_relevanssi_related_no_append":"","_relevanssi_related_not_related":"","_relevanssi_related_posts":"","_relevanssi_noindex_reason":""},"product_brand":[],"product_cat":[5559],"product_tag":[],"class_list":{"0":"post-8237","1":"product","2":"type-product","3":"status-publish","4":"has-post-thumbnail","6":"product_cat-architecture-landscape-design","7":"author-by-author-heinz-wirz","8":"publisher-quart-publishers","9":"series-monographs","11":"first","12":"instock","13":"shipping-taxable","14":"purchasable","15":"product-type-simple"},"acf":[],"yoast_head":"<!-- This site is optimized with the Yoast SEO plugin v27.0 - https:\/\/yoast.com\/product\/yoast-seo-wordpress\/ -->\n<title>Emiliano L\u00f3pez M\u00f3nica Rivera Arquitectos - ACC Art Books UK<\/title>\n<meta name=\"description\" content=\"Title: Emiliano L\u00f3pez M\u00f3nica Rivera Arquitectos, Pages: 250 Pages, Publish Date: 21st Dec 2016, Author: Heinz Wirz, ISBN: 9783037611401. This exciting monographic collection is complemented by four essays, written by renowned guest authors, which elucidate L&oacute;pez and Rivera&#039;s unique style. Text in English and German.\" \/>\n<meta name=\"robots\" content=\"index, follow, max-snippet:-1, max-image-preview:large, max-video-preview:-1\" \/>\n<link rel=\"canonical\" href=\"https:\/\/www.accartbooks.com\/uk\/book\/emiliano-lopez-monica-rivera-arquitectos-2\/\" \/>\n<meta property=\"og:locale\" content=\"en_GB\" \/>\n<meta property=\"og:type\" content=\"article\" \/>\n<meta property=\"og:title\" content=\"Emiliano L\u00f3pez M\u00f3nica Rivera Arquitectos - ACC Art Books UK\" \/>\n<meta property=\"og:description\" content=\"Title: Emiliano L\u00f3pez M\u00f3nica Rivera Arquitectos, Pages: 250 Pages, Publish Date: 21st Dec 2016, Author: Heinz Wirz, ISBN: 9783037611401. This exciting monographic collection is complemented by four essays, written by renowned guest authors, which elucidate L&oacute;pez and Rivera&#039;s unique style. Text in English and German.\" \/>\n<meta property=\"og:url\" content=\"https:\/\/www.accartbooks.com\/uk\/book\/emiliano-lopez-monica-rivera-arquitectos-2\/\" \/>\n<meta property=\"og:site_name\" content=\"ACC Art Books UK\" \/>\n<meta property=\"article:publisher\" content=\"https:\/\/www.facebook.com\/ACCArtBooks\/\" \/>\n<meta property=\"article:modified_time\" content=\"2026-03-30T13:11:12+00:00\" \/>\n<meta property=\"og:image\" content=\"https:\/\/www.accartbooks.com\/app\/uploads\/books\/9783037611401-04-1.jpg\" \/>\n\t<meta property=\"og:image:width\" content=\"600\" \/>\n\t<meta property=\"og:image:height\" content=\"743\" \/>\n\t<meta property=\"og:image:type\" content=\"image\/jpeg\" \/>\n<meta name=\"twitter:card\" content=\"summary_large_image\" \/>\n<meta name=\"twitter:site\" content=\"@accartbooks\" \/>\n<meta name=\"twitter:label1\" content=\"Estimated reading time\" \/>\n\t<meta name=\"twitter:data1\" content=\"1 minute\" \/>\n<script type=\"application\/ld+json\" class=\"yoast-schema-graph\">{\"@context\":\"https:\/\/schema.org\",\"@graph\":[{\"@type\":\"WebPage\",\"@id\":\"https:\/\/www.accartbooks.com\/uk\/book\/emiliano-lopez-monica-rivera-arquitectos-2\/\",\"url\":\"https:\/\/www.accartbooks.com\/uk\/book\/emiliano-lopez-monica-rivera-arquitectos-2\/\",\"name\":\"Emiliano L\u00f3pez M\u00f3nica Rivera Arquitectos - ACC Art Books UK\",\"isPartOf\":{\"@id\":\"https:\/\/www.accartbooks.com\/uk\/#website\"},\"primaryImageOfPage\":{\"@id\":\"https:\/\/www.accartbooks.com\/uk\/book\/emiliano-lopez-monica-rivera-arquitectos-2\/#primaryimage\"},\"image\":{\"@id\":\"https:\/\/www.accartbooks.com\/uk\/book\/emiliano-lopez-monica-rivera-arquitectos-2\/#primaryimage\"},\"thumbnailUrl\":\"https:\/\/www.accartbooks.com\/app\/uploads\/books\/9783037611401-04-1.jpg\",\"datePublished\":\"2020-03-16T19:23:09+00:00\",\"dateModified\":\"2026-03-30T13:11:12+00:00\",\"description\":\"Title: Emiliano L\u00f3pez M\u00f3nica Rivera Arquitectos, Pages: 250 Pages, Publish Date: 21st Dec 2016, Author: Heinz Wirz, ISBN: 9783037611401. This exciting monographic collection is complemented by four essays, written by renowned guest authors, which elucidate L&oacute;pez and Rivera's unique style. Text in English and German.\",\"breadcrumb\":{\"@id\":\"https:\/\/www.accartbooks.com\/uk\/book\/emiliano-lopez-monica-rivera-arquitectos-2\/#breadcrumb\"},\"inLanguage\":\"en-GB\",\"potentialAction\":[{\"@type\":\"ReadAction\",\"target\":[\"https:\/\/www.accartbooks.com\/uk\/book\/emiliano-lopez-monica-rivera-arquitectos-2\/\"]}]},{\"@type\":\"ImageObject\",\"inLanguage\":\"en-GB\",\"@id\":\"https:\/\/www.accartbooks.com\/uk\/book\/emiliano-lopez-monica-rivera-arquitectos-2\/#primaryimage\",\"url\":\"https:\/\/www.accartbooks.com\/app\/uploads\/books\/9783037611401-04-1.jpg\",\"contentUrl\":\"https:\/\/www.accartbooks.com\/app\/uploads\/books\/9783037611401-04-1.jpg\",\"width\":600,\"height\":743},{\"@type\":\"BreadcrumbList\",\"@id\":\"https:\/\/www.accartbooks.com\/uk\/book\/emiliano-lopez-monica-rivera-arquitectos-2\/#breadcrumb\",\"itemListElement\":[{\"@type\":\"ListItem\",\"position\":1,\"name\":\"Home\",\"item\":\"https:\/\/www.accartbooks.com\/uk\/\"},{\"@type\":\"ListItem\",\"position\":2,\"name\":\"Books\",\"item\":\"https:\/\/www.accartbooks.com\/uk\/books\/\"},{\"@type\":\"ListItem\",\"position\":3,\"name\":\"Emiliano L\u00f3pez M\u00f3nica Rivera Arquitectos\"}]},{\"@type\":\"WebSite\",\"@id\":\"https:\/\/www.accartbooks.com\/uk\/#website\",\"url\":\"https:\/\/www.accartbooks.com\/uk\/\",\"name\":\"ACC Art Books UK\",\"description\":\"One of the world\u2019s leading publishers and distributors of books on the arts and visual culture\",\"publisher\":{\"@id\":\"https:\/\/www.accartbooks.com\/uk\/#organization\"},\"potentialAction\":[{\"@type\":\"SearchAction\",\"target\":{\"@type\":\"EntryPoint\",\"urlTemplate\":\"https:\/\/www.accartbooks.com\/uk\/?s={search_term_string}\"},\"query-input\":{\"@type\":\"PropertyValueSpecification\",\"valueRequired\":true,\"valueName\":\"search_term_string\"}}],\"inLanguage\":\"en-GB\"},{\"@type\":\"Organization\",\"@id\":\"https:\/\/www.accartbooks.com\/uk\/#organization\",\"name\":\"ACC Art Books UK\",\"url\":\"https:\/\/www.accartbooks.com\/uk\/\",\"logo\":{\"@type\":\"ImageObject\",\"inLanguage\":\"en-GB\",\"@id\":\"https:\/\/www.accartbooks.com\/uk\/#\/schema\/logo\/image\/\",\"url\":\"https:\/\/www.accartbooks.com\/app\/uploads\/2020\/05\/Acc-Logo.png\",\"contentUrl\":\"https:\/\/www.accartbooks.com\/app\/uploads\/2020\/05\/Acc-Logo.png\",\"width\":64,\"height\":100,\"caption\":\"ACC Art Books UK\"},\"image\":{\"@id\":\"https:\/\/www.accartbooks.com\/uk\/#\/schema\/logo\/image\/\"},\"sameAs\":[\"https:\/\/www.facebook.com\/ACCArtBooks\/\",\"https:\/\/x.com\/accartbooks\"]}]}<\/script>\n<!-- \/ Yoast SEO plugin. -->","yoast_head_json":{"title":"Emiliano L\u00f3pez M\u00f3nica Rivera Arquitectos - ACC Art Books UK","description":"Title: Emiliano L\u00f3pez M\u00f3nica Rivera Arquitectos, Pages: 250 Pages, Publish Date: 21st Dec 2016, Author: Heinz Wirz, ISBN: 9783037611401. This exciting monographic collection is complemented by four essays, written by renowned guest authors, which elucidate L&oacute;pez and Rivera's unique style. Text in English and German.","robots":{"index":"index","follow":"follow","max-snippet":"max-snippet:-1","max-image-preview":"max-image-preview:large","max-video-preview":"max-video-preview:-1"},"canonical":"https:\/\/www.accartbooks.com\/uk\/book\/emiliano-lopez-monica-rivera-arquitectos-2\/","og_locale":"en_GB","og_type":"article","og_title":"Emiliano L\u00f3pez M\u00f3nica Rivera Arquitectos - ACC Art Books UK","og_description":"Title: Emiliano L\u00f3pez M\u00f3nica Rivera Arquitectos, Pages: 250 Pages, Publish Date: 21st Dec 2016, Author: Heinz Wirz, ISBN: 9783037611401. This exciting monographic collection is complemented by four essays, written by renowned guest authors, which elucidate L&oacute;pez and Rivera's unique style. Text in English and German.","og_url":"https:\/\/www.accartbooks.com\/uk\/book\/emiliano-lopez-monica-rivera-arquitectos-2\/","og_site_name":"ACC Art Books UK","article_publisher":"https:\/\/www.facebook.com\/ACCArtBooks\/","article_modified_time":"2026-03-30T13:11:12+00:00","og_image":[{"width":600,"height":743,"url":"https:\/\/www.accartbooks.com\/app\/uploads\/books\/9783037611401-04-1.jpg","type":"image\/jpeg"}],"twitter_card":"summary_large_image","twitter_site":"@accartbooks","twitter_misc":{"Estimated reading time":"1 minute"},"schema":{"@context":"https:\/\/schema.org","@graph":[{"@type":"WebPage","@id":"https:\/\/www.accartbooks.com\/uk\/book\/emiliano-lopez-monica-rivera-arquitectos-2\/","url":"https:\/\/www.accartbooks.com\/uk\/book\/emiliano-lopez-monica-rivera-arquitectos-2\/","name":"Emiliano L\u00f3pez M\u00f3nica Rivera Arquitectos - ACC Art Books UK","isPartOf":{"@id":"https:\/\/www.accartbooks.com\/uk\/#website"},"primaryImageOfPage":{"@id":"https:\/\/www.accartbooks.com\/uk\/book\/emiliano-lopez-monica-rivera-arquitectos-2\/#primaryimage"},"image":{"@id":"https:\/\/www.accartbooks.com\/uk\/book\/emiliano-lopez-monica-rivera-arquitectos-2\/#primaryimage"},"thumbnailUrl":"https:\/\/www.accartbooks.com\/app\/uploads\/books\/9783037611401-04-1.jpg","datePublished":"2020-03-16T19:23:09+00:00","dateModified":"2026-03-30T13:11:12+00:00","description":"Title: Emiliano L\u00f3pez M\u00f3nica Rivera Arquitectos, Pages: 250 Pages, Publish Date: 21st Dec 2016, Author: Heinz Wirz, ISBN: 9783037611401. This exciting monographic collection is complemented by four essays, written by renowned guest authors, which elucidate L&oacute;pez and Rivera's unique style. Text in English and German.","breadcrumb":{"@id":"https:\/\/www.accartbooks.com\/uk\/book\/emiliano-lopez-monica-rivera-arquitectos-2\/#breadcrumb"},"inLanguage":"en-GB","potentialAction":[{"@type":"ReadAction","target":["https:\/\/www.accartbooks.com\/uk\/book\/emiliano-lopez-monica-rivera-arquitectos-2\/"]}]},{"@type":"ImageObject","inLanguage":"en-GB","@id":"https:\/\/www.accartbooks.com\/uk\/book\/emiliano-lopez-monica-rivera-arquitectos-2\/#primaryimage","url":"https:\/\/www.accartbooks.com\/app\/uploads\/books\/9783037611401-04-1.jpg","contentUrl":"https:\/\/www.accartbooks.com\/app\/uploads\/books\/9783037611401-04-1.jpg","width":600,"height":743},{"@type":"BreadcrumbList","@id":"https:\/\/www.accartbooks.com\/uk\/book\/emiliano-lopez-monica-rivera-arquitectos-2\/#breadcrumb","itemListElement":[{"@type":"ListItem","position":1,"name":"Home","item":"https:\/\/www.accartbooks.com\/uk\/"},{"@type":"ListItem","position":2,"name":"Books","item":"https:\/\/www.accartbooks.com\/uk\/books\/"},{"@type":"ListItem","position":3,"name":"Emiliano L\u00f3pez M\u00f3nica Rivera Arquitectos"}]},{"@type":"WebSite","@id":"https:\/\/www.accartbooks.com\/uk\/#website","url":"https:\/\/www.accartbooks.com\/uk\/","name":"ACC Art Books UK","description":"One of the world\u2019s leading publishers and distributors of books on the arts and visual culture","publisher":{"@id":"https:\/\/www.accartbooks.com\/uk\/#organization"},"potentialAction":[{"@type":"SearchAction","target":{"@type":"EntryPoint","urlTemplate":"https:\/\/www.accartbooks.com\/uk\/?s={search_term_string}"},"query-input":{"@type":"PropertyValueSpecification","valueRequired":true,"valueName":"search_term_string"}}],"inLanguage":"en-GB"},{"@type":"Organization","@id":"https:\/\/www.accartbooks.com\/uk\/#organization","name":"ACC Art Books UK","url":"https:\/\/www.accartbooks.com\/uk\/","logo":{"@type":"ImageObject","inLanguage":"en-GB","@id":"https:\/\/www.accartbooks.com\/uk\/#\/schema\/logo\/image\/","url":"https:\/\/www.accartbooks.com\/app\/uploads\/2020\/05\/Acc-Logo.png","contentUrl":"https:\/\/www.accartbooks.com\/app\/uploads\/2020\/05\/Acc-Logo.png","width":64,"height":100,"caption":"ACC Art Books UK"},"image":{"@id":"https:\/\/www.accartbooks.com\/uk\/#\/schema\/logo\/image\/"},"sameAs":["https:\/\/www.facebook.com\/ACCArtBooks\/","https:\/\/x.com\/accartbooks"]}]}},"_links":{"self":[{"href":"https:\/\/www.accartbooks.com\/uk\/wp-json\/wp\/v2\/product\/8237","targetHints":{"allow":["GET"]}}],"collection":[{"href":"https:\/\/www.accartbooks.com\/uk\/wp-json\/wp\/v2\/product"}],"about":[{"href":"https:\/\/www.accartbooks.com\/uk\/wp-json\/wp\/v2\/types\/product"}],"wp:featuredmedia":[{"embeddable":true,"href":"https:\/\/www.accartbooks.com\/uk\/wp-json\/wp\/v2\/media\/8238"}],"wp:attachment":[{"href":"https:\/\/www.accartbooks.com\/uk\/wp-json\/wp\/v2\/media?parent=8237"}],"wp:term":[{"taxonomy":"product_brand","embeddable":true,"href":"https:\/\/www.accartbooks.com\/uk\/wp-json\/wp\/v2\/product_brand?post=8237"},{"taxonomy":"product_cat","embeddable":true,"href":"https:\/\/www.accartbooks.com\/uk\/wp-json\/wp\/v2\/product_cat?post=8237"},{"taxonomy":"product_tag","embeddable":true,"href":"https:\/\/www.accartbooks.com\/uk\/wp-json\/wp\/v2\/product_tag?post=8237"}],"curies":[{"name":"wp","href":"https:\/\/api.w.org\/{rel}","templated":true}]}}