{"id":9545,"date":"2020-03-16T20:40:18","date_gmt":"2020-03-16T20:40:18","guid":{"rendered":"https:\/\/www.accartbooks.com\/uk\/?post_type=product&#038;p=9545"},"modified":"2026-03-04T17:22:49","modified_gmt":"2026-03-04T17:22:49","slug":"ferdinand-hodler-catalogue-raisonne-der-gemalde-2","status":"publish","type":"product","link":"https:\/\/www.accartbooks.com\/uk\/book\/ferdinand-hodler-catalogue-raisonne-der-gemalde-2\/","title":{"rendered":"Ferdinand Hodler. Catalogue raisonn\u00e9 der Gem\u00e4lde"},"content":{"rendered":"<p>Ferdinand Hodler (1853-1918) is arguably the foremost Swiss artist of the late 19th and early 20th centuries. Ignoring artistic conventions of his time he created a vast oeuvre comprising landscapes and portraits, monumental historic scenes and symbolic and allegorical figures, and also drawings and sketches. A number of recent international publications and exhibitions as well as rising prices for his works at auction indicate that Hodler today has secured his place as an important figure in art history. Although Hodler&#8217;s work has been widely published in recent years, a catalogue raisonn&eacute; of his work has been lacking. This gap is being closed now by the Swiss Institute for Art Reasearch (SIK-ISEA) in Z&uuml;rich. The result of years of scholarly work is going to be published in four parts until 2016. The new volume 2 documents Hodler&#8217;s oeuvre in portraiture and includes all known works. It presents also all works where attribution to Hodler is questioned by recent research, works where attribution has been proven wrong or that are proven forgeries. Text in German. <strong>The Swiss Institute for Art Research<\/strong> SIK-ISEA was founded in 1951 as a centre for art historical and art technological research and documentation. Based in Z&uuml;rich and Lausanne and funded largely by the federal government of Switzerland, as well as by the governments of the canton (state) and the city of Z&uuml;rich and those of other Swiss cantons and by private donors, it focuses on Swiss art and artists.<\/p>\n<p>Text in German.<\/p>\n","protected":false},"excerpt":{"rendered":"<p>The authoritative source on Ferdinand Holder&#8217;s work, researched and written by eminent Swiss art historians.<\/p>\n","protected":false},"featured_media":12442,"template":"","meta":{"_acf_changed":false,"_relevanssi_hide_post":"","_relevanssi_hide_content":"","_relevanssi_pin_for_all":"","_relevanssi_pin_keywords":"","_relevanssi_unpin_keywords":"","_relevanssi_related_keywords":"","_relevanssi_related_include_ids":"","_relevanssi_related_exclude_ids":"","_relevanssi_related_no_append":"","_relevanssi_related_not_related":"","_relevanssi_related_posts":"","_relevanssi_noindex_reason":""},"product_brand":[],"product_cat":[5568],"product_tag":[],"class_list":{"0":"post-9545","1":"product","2":"type-product","3":"status-publish","4":"has-post-thumbnail","6":"product_cat-art","7":"author-by-author-monika-brunner","8":"author-by-author-oskar-batschmann","9":"author-by-author-paul-muller","10":"publisher-scheidegger-und-spiess-ag-verlag","11":"series-ferdinand-hodler","13":"first","14":"instock","15":"shipping-taxable","16":"purchasable","17":"product-type-simple"},"acf":[],"yoast_head":"<!-- This site is optimized with the Yoast SEO plugin v27.0 - https:\/\/yoast.com\/product\/yoast-seo-wordpress\/ -->\n<title>Ferdinand Hodler. Catalogue raisonn\u00e9 der Gem\u00e4lde - ACC Art Books UK<\/title>\n<meta name=\"description\" content=\"Title: Ferdinand Hodler. Catalogue raisonn\u00e9 der Gem\u00e4lde, Pages: 424 Pages, Publish Date: 24th Jul 2013, Author: Monika Brunner, Oskar Batschmann, Paul Muller, ISBN: 9783858812551. The authoritative source on Ferdinand Holder&#039;s work, researched and written by eminent Swiss art historians.\" \/>\n<meta name=\"robots\" content=\"index, follow, max-snippet:-1, max-image-preview:large, max-video-preview:-1\" \/>\n<link rel=\"canonical\" href=\"https:\/\/www.accartbooks.com\/uk\/book\/ferdinand-hodler-catalogue-raisonne-der-gemalde-2\/\" \/>\n<meta property=\"og:locale\" content=\"en_GB\" \/>\n<meta property=\"og:type\" content=\"article\" \/>\n<meta property=\"og:title\" content=\"Ferdinand Hodler. Catalogue raisonn\u00e9 der Gem\u00e4lde - ACC Art Books UK\" \/>\n<meta property=\"og:description\" content=\"Title: Ferdinand Hodler. Catalogue raisonn\u00e9 der Gem\u00e4lde, Pages: 424 Pages, Publish Date: 24th Jul 2013, Author: Monika Brunner, Oskar Batschmann, Paul Muller, ISBN: 9783858812551. The authoritative source on Ferdinand Holder&#039;s work, researched and written by eminent Swiss art historians.\" \/>\n<meta property=\"og:url\" content=\"https:\/\/www.accartbooks.com\/uk\/book\/ferdinand-hodler-catalogue-raisonne-der-gemalde-2\/\" \/>\n<meta property=\"og:site_name\" content=\"ACC Art Books UK\" \/>\n<meta property=\"article:publisher\" content=\"https:\/\/www.facebook.com\/ACCArtBooks\/\" \/>\n<meta property=\"article:modified_time\" content=\"2026-03-04T17:22:49+00:00\" \/>\n<meta property=\"og:image\" content=\"https:\/\/www.accartbooks.com\/app\/uploads\/books\/9783858812551-04-1.jpg\" \/>\n\t<meta property=\"og:image:width\" content=\"501\" \/>\n\t<meta property=\"og:image:height\" content=\"709\" \/>\n\t<meta property=\"og:image:type\" content=\"image\/jpeg\" \/>\n<meta name=\"twitter:card\" content=\"summary_large_image\" \/>\n<meta name=\"twitter:site\" content=\"@accartbooks\" \/>\n<meta name=\"twitter:label1\" content=\"Estimated reading time\" \/>\n\t<meta name=\"twitter:data1\" content=\"1 minute\" \/>\n<script type=\"application\/ld+json\" class=\"yoast-schema-graph\">{\"@context\":\"https:\/\/schema.org\",\"@graph\":[{\"@type\":\"WebPage\",\"@id\":\"https:\/\/www.accartbooks.com\/uk\/book\/ferdinand-hodler-catalogue-raisonne-der-gemalde-2\/\",\"url\":\"https:\/\/www.accartbooks.com\/uk\/book\/ferdinand-hodler-catalogue-raisonne-der-gemalde-2\/\",\"name\":\"Ferdinand Hodler. Catalogue raisonn\u00e9 der Gem\u00e4lde - ACC Art Books UK\",\"isPartOf\":{\"@id\":\"https:\/\/www.accartbooks.com\/uk\/#website\"},\"primaryImageOfPage\":{\"@id\":\"https:\/\/www.accartbooks.com\/uk\/book\/ferdinand-hodler-catalogue-raisonne-der-gemalde-2\/#primaryimage\"},\"image\":{\"@id\":\"https:\/\/www.accartbooks.com\/uk\/book\/ferdinand-hodler-catalogue-raisonne-der-gemalde-2\/#primaryimage\"},\"thumbnailUrl\":\"https:\/\/www.accartbooks.com\/app\/uploads\/books\/9783858812551-04-1.jpg\",\"datePublished\":\"2020-03-16T20:40:18+00:00\",\"dateModified\":\"2026-03-04T17:22:49+00:00\",\"description\":\"Title: Ferdinand Hodler. Catalogue raisonn\u00e9 der Gem\u00e4lde, Pages: 424 Pages, Publish Date: 24th Jul 2013, Author: Monika Brunner, Oskar Batschmann, Paul Muller, ISBN: 9783858812551. The authoritative source on Ferdinand Holder's work, researched and written by eminent Swiss art historians.\",\"breadcrumb\":{\"@id\":\"https:\/\/www.accartbooks.com\/uk\/book\/ferdinand-hodler-catalogue-raisonne-der-gemalde-2\/#breadcrumb\"},\"inLanguage\":\"en-GB\",\"potentialAction\":[{\"@type\":\"ReadAction\",\"target\":[\"https:\/\/www.accartbooks.com\/uk\/book\/ferdinand-hodler-catalogue-raisonne-der-gemalde-2\/\"]}]},{\"@type\":\"ImageObject\",\"inLanguage\":\"en-GB\",\"@id\":\"https:\/\/www.accartbooks.com\/uk\/book\/ferdinand-hodler-catalogue-raisonne-der-gemalde-2\/#primaryimage\",\"url\":\"https:\/\/www.accartbooks.com\/app\/uploads\/books\/9783858812551-04-1.jpg\",\"contentUrl\":\"https:\/\/www.accartbooks.com\/app\/uploads\/books\/9783858812551-04-1.jpg\",\"width\":501,\"height\":709},{\"@type\":\"BreadcrumbList\",\"@id\":\"https:\/\/www.accartbooks.com\/uk\/book\/ferdinand-hodler-catalogue-raisonne-der-gemalde-2\/#breadcrumb\",\"itemListElement\":[{\"@type\":\"ListItem\",\"position\":1,\"name\":\"Home\",\"item\":\"https:\/\/www.accartbooks.com\/uk\/\"},{\"@type\":\"ListItem\",\"position\":2,\"name\":\"Books\",\"item\":\"https:\/\/www.accartbooks.com\/uk\/books\/\"},{\"@type\":\"ListItem\",\"position\":3,\"name\":\"Ferdinand Hodler. Catalogue raisonn\u00e9 der Gem\u00e4lde\"}]},{\"@type\":\"WebSite\",\"@id\":\"https:\/\/www.accartbooks.com\/uk\/#website\",\"url\":\"https:\/\/www.accartbooks.com\/uk\/\",\"name\":\"ACC Art Books UK\",\"description\":\"One of the world\u2019s leading publishers and distributors of books on the arts and visual culture\",\"publisher\":{\"@id\":\"https:\/\/www.accartbooks.com\/uk\/#organization\"},\"potentialAction\":[{\"@type\":\"SearchAction\",\"target\":{\"@type\":\"EntryPoint\",\"urlTemplate\":\"https:\/\/www.accartbooks.com\/uk\/?s={search_term_string}\"},\"query-input\":{\"@type\":\"PropertyValueSpecification\",\"valueRequired\":true,\"valueName\":\"search_term_string\"}}],\"inLanguage\":\"en-GB\"},{\"@type\":\"Organization\",\"@id\":\"https:\/\/www.accartbooks.com\/uk\/#organization\",\"name\":\"ACC Art Books UK\",\"url\":\"https:\/\/www.accartbooks.com\/uk\/\",\"logo\":{\"@type\":\"ImageObject\",\"inLanguage\":\"en-GB\",\"@id\":\"https:\/\/www.accartbooks.com\/uk\/#\/schema\/logo\/image\/\",\"url\":\"https:\/\/www.accartbooks.com\/app\/uploads\/2020\/05\/Acc-Logo.png\",\"contentUrl\":\"https:\/\/www.accartbooks.com\/app\/uploads\/2020\/05\/Acc-Logo.png\",\"width\":64,\"height\":100,\"caption\":\"ACC Art Books UK\"},\"image\":{\"@id\":\"https:\/\/www.accartbooks.com\/uk\/#\/schema\/logo\/image\/\"},\"sameAs\":[\"https:\/\/www.facebook.com\/ACCArtBooks\/\",\"https:\/\/x.com\/accartbooks\"]}]}<\/script>\n<!-- \/ Yoast SEO plugin. -->","yoast_head_json":{"title":"Ferdinand Hodler. Catalogue raisonn\u00e9 der Gem\u00e4lde - ACC Art Books UK","description":"Title: Ferdinand Hodler. Catalogue raisonn\u00e9 der Gem\u00e4lde, Pages: 424 Pages, Publish Date: 24th Jul 2013, Author: Monika Brunner, Oskar Batschmann, Paul Muller, ISBN: 9783858812551. The authoritative source on Ferdinand Holder's work, researched and written by eminent Swiss art historians.","robots":{"index":"index","follow":"follow","max-snippet":"max-snippet:-1","max-image-preview":"max-image-preview:large","max-video-preview":"max-video-preview:-1"},"canonical":"https:\/\/www.accartbooks.com\/uk\/book\/ferdinand-hodler-catalogue-raisonne-der-gemalde-2\/","og_locale":"en_GB","og_type":"article","og_title":"Ferdinand Hodler. Catalogue raisonn\u00e9 der Gem\u00e4lde - ACC Art Books UK","og_description":"Title: Ferdinand Hodler. Catalogue raisonn\u00e9 der Gem\u00e4lde, Pages: 424 Pages, Publish Date: 24th Jul 2013, Author: Monika Brunner, Oskar Batschmann, Paul Muller, ISBN: 9783858812551. The authoritative source on Ferdinand Holder's work, researched and written by eminent Swiss art historians.","og_url":"https:\/\/www.accartbooks.com\/uk\/book\/ferdinand-hodler-catalogue-raisonne-der-gemalde-2\/","og_site_name":"ACC Art Books UK","article_publisher":"https:\/\/www.facebook.com\/ACCArtBooks\/","article_modified_time":"2026-03-04T17:22:49+00:00","og_image":[{"width":501,"height":709,"url":"https:\/\/www.accartbooks.com\/app\/uploads\/books\/9783858812551-04-1.jpg","type":"image\/jpeg"}],"twitter_card":"summary_large_image","twitter_site":"@accartbooks","twitter_misc":{"Estimated reading time":"1 minute"},"schema":{"@context":"https:\/\/schema.org","@graph":[{"@type":"WebPage","@id":"https:\/\/www.accartbooks.com\/uk\/book\/ferdinand-hodler-catalogue-raisonne-der-gemalde-2\/","url":"https:\/\/www.accartbooks.com\/uk\/book\/ferdinand-hodler-catalogue-raisonne-der-gemalde-2\/","name":"Ferdinand Hodler. Catalogue raisonn\u00e9 der Gem\u00e4lde - ACC Art Books UK","isPartOf":{"@id":"https:\/\/www.accartbooks.com\/uk\/#website"},"primaryImageOfPage":{"@id":"https:\/\/www.accartbooks.com\/uk\/book\/ferdinand-hodler-catalogue-raisonne-der-gemalde-2\/#primaryimage"},"image":{"@id":"https:\/\/www.accartbooks.com\/uk\/book\/ferdinand-hodler-catalogue-raisonne-der-gemalde-2\/#primaryimage"},"thumbnailUrl":"https:\/\/www.accartbooks.com\/app\/uploads\/books\/9783858812551-04-1.jpg","datePublished":"2020-03-16T20:40:18+00:00","dateModified":"2026-03-04T17:22:49+00:00","description":"Title: Ferdinand Hodler. Catalogue raisonn\u00e9 der Gem\u00e4lde, Pages: 424 Pages, Publish Date: 24th Jul 2013, Author: Monika Brunner, Oskar Batschmann, Paul Muller, ISBN: 9783858812551. The authoritative source on Ferdinand Holder's work, researched and written by eminent Swiss art historians.","breadcrumb":{"@id":"https:\/\/www.accartbooks.com\/uk\/book\/ferdinand-hodler-catalogue-raisonne-der-gemalde-2\/#breadcrumb"},"inLanguage":"en-GB","potentialAction":[{"@type":"ReadAction","target":["https:\/\/www.accartbooks.com\/uk\/book\/ferdinand-hodler-catalogue-raisonne-der-gemalde-2\/"]}]},{"@type":"ImageObject","inLanguage":"en-GB","@id":"https:\/\/www.accartbooks.com\/uk\/book\/ferdinand-hodler-catalogue-raisonne-der-gemalde-2\/#primaryimage","url":"https:\/\/www.accartbooks.com\/app\/uploads\/books\/9783858812551-04-1.jpg","contentUrl":"https:\/\/www.accartbooks.com\/app\/uploads\/books\/9783858812551-04-1.jpg","width":501,"height":709},{"@type":"BreadcrumbList","@id":"https:\/\/www.accartbooks.com\/uk\/book\/ferdinand-hodler-catalogue-raisonne-der-gemalde-2\/#breadcrumb","itemListElement":[{"@type":"ListItem","position":1,"name":"Home","item":"https:\/\/www.accartbooks.com\/uk\/"},{"@type":"ListItem","position":2,"name":"Books","item":"https:\/\/www.accartbooks.com\/uk\/books\/"},{"@type":"ListItem","position":3,"name":"Ferdinand Hodler. Catalogue raisonn\u00e9 der Gem\u00e4lde"}]},{"@type":"WebSite","@id":"https:\/\/www.accartbooks.com\/uk\/#website","url":"https:\/\/www.accartbooks.com\/uk\/","name":"ACC Art Books UK","description":"One of the world\u2019s leading publishers and distributors of books on the arts and visual culture","publisher":{"@id":"https:\/\/www.accartbooks.com\/uk\/#organization"},"potentialAction":[{"@type":"SearchAction","target":{"@type":"EntryPoint","urlTemplate":"https:\/\/www.accartbooks.com\/uk\/?s={search_term_string}"},"query-input":{"@type":"PropertyValueSpecification","valueRequired":true,"valueName":"search_term_string"}}],"inLanguage":"en-GB"},{"@type":"Organization","@id":"https:\/\/www.accartbooks.com\/uk\/#organization","name":"ACC Art Books UK","url":"https:\/\/www.accartbooks.com\/uk\/","logo":{"@type":"ImageObject","inLanguage":"en-GB","@id":"https:\/\/www.accartbooks.com\/uk\/#\/schema\/logo\/image\/","url":"https:\/\/www.accartbooks.com\/app\/uploads\/2020\/05\/Acc-Logo.png","contentUrl":"https:\/\/www.accartbooks.com\/app\/uploads\/2020\/05\/Acc-Logo.png","width":64,"height":100,"caption":"ACC Art Books UK"},"image":{"@id":"https:\/\/www.accartbooks.com\/uk\/#\/schema\/logo\/image\/"},"sameAs":["https:\/\/www.facebook.com\/ACCArtBooks\/","https:\/\/x.com\/accartbooks"]}]}},"_links":{"self":[{"href":"https:\/\/www.accartbooks.com\/uk\/wp-json\/wp\/v2\/product\/9545","targetHints":{"allow":["GET"]}}],"collection":[{"href":"https:\/\/www.accartbooks.com\/uk\/wp-json\/wp\/v2\/product"}],"about":[{"href":"https:\/\/www.accartbooks.com\/uk\/wp-json\/wp\/v2\/types\/product"}],"wp:featuredmedia":[{"embeddable":true,"href":"https:\/\/www.accartbooks.com\/uk\/wp-json\/wp\/v2\/media\/12442"}],"wp:attachment":[{"href":"https:\/\/www.accartbooks.com\/uk\/wp-json\/wp\/v2\/media?parent=9545"}],"wp:term":[{"taxonomy":"product_brand","embeddable":true,"href":"https:\/\/www.accartbooks.com\/uk\/wp-json\/wp\/v2\/product_brand?post=9545"},{"taxonomy":"product_cat","embeddable":true,"href":"https:\/\/www.accartbooks.com\/uk\/wp-json\/wp\/v2\/product_cat?post=9545"},{"taxonomy":"product_tag","embeddable":true,"href":"https:\/\/www.accartbooks.com\/uk\/wp-json\/wp\/v2\/product_tag?post=9545"}],"curies":[{"name":"wp","href":"https:\/\/api.w.org\/{rel}","templated":true}]}}