{"id":9547,"date":"2020-03-16T20:40:21","date_gmt":"2020-03-16T20:40:21","guid":{"rendered":"https:\/\/www.accartbooks.com\/uk\/?post_type=product&#038;p=9547"},"modified":"2025-11-11T16:10:52","modified_gmt":"2025-11-11T16:10:52","slug":"ferdinand-hodler-catalogue-raisonne-der-gemalde","status":"publish","type":"product","link":"https:\/\/www.accartbooks.com\/uk\/book\/ferdinand-hodler-catalogue-raisonne-der-gemalde\/","title":{"rendered":"Ferdinand Hodler: Catalogue raisonn\u00e9 der Gem\u00e4lde"},"content":{"rendered":"<p>Ferdinand Hodler (1853-1918), as a painter equally significant and controversial, brought Swiss art to international recognition in the early 20th century. His impressive landscapes and portraits, monumental paintings of historic scenes and symbolistic and allegorical figures were exhibited all over Europe and acquired by museums and private collectors alike. Hodler&#8217;s work was discussed, praised, and criticised in contemporary publications.  The new third volume of the catalogue raisonn&eacute; of Hodler&#8217;s painted work is dedicated to his non-portrayal figure paintings. With around 630 works, this key section of Hodler&#8217;s oeuvre is almost as prolific as his landscapes. It comprises religious and patriotic genre paintings, symbolist figures such as <i>The Night<\/i> from 1890, and vast canvasses and murals with historic scenes.  As in the earlier volumes on Hodler&#8217;s landscapes and portraits, the new book features an introductory essay, followed by the actual catalogue section listing the works in chronological order, and an appendix documenting questionable or erroneous attributions as well as confirmed forgeries.  Text in German.<\/p>\n","protected":false},"excerpt":{"rendered":"<p>Third volume in the series of the catalogue raisonne of Ferdinand Hodler&#8217;s painted work, researched and written by experts on Swiss art.<\/p>\n","protected":false},"featured_media":12443,"template":"","meta":{"_acf_changed":false,"_relevanssi_hide_post":"","_relevanssi_hide_content":"","_relevanssi_pin_for_all":"","_relevanssi_pin_keywords":"","_relevanssi_unpin_keywords":"","_relevanssi_related_keywords":"","_relevanssi_related_include_ids":"","_relevanssi_related_exclude_ids":"","_relevanssi_related_no_append":"","_relevanssi_related_not_related":"","_relevanssi_related_posts":"","_relevanssi_noindex_reason":""},"product_brand":[],"product_cat":[5568],"product_tag":[],"class_list":{"0":"post-9547","1":"product","2":"type-product","3":"status-publish","4":"has-post-thumbnail","6":"product_cat-art","7":"author-edited-by-swiss-institute-for-art-research","8":"publisher-scheidegger-und-spiess-ag-verlag","9":"series-ferdinand-hodler","11":"first","12":"instock","13":"shipping-taxable","14":"purchasable","15":"product-type-simple"},"acf":[],"yoast_head":"<!-- This site is optimized with the Yoast SEO plugin v27.0 - https:\/\/yoast.com\/product\/yoast-seo-wordpress\/ -->\n<title>Ferdinand Hodler: Catalogue raisonn\u00e9 der Gem\u00e4lde - ACC Art Books UK<\/title>\n<meta name=\"description\" content=\"Title: Ferdinand Hodler: Catalogue raisonn\u00e9 der Gem\u00e4lde, Pages: 624 Pages, Publish Date: 18th Nov 2017, Author: Edited by Swiss Institute for Art Research, ISBN: 9783858812568. Third volume in the series of the catalogue raisonne of Ferdinand Hodler&#039;s painted work, researched and written by experts on Swiss art.\" \/>\n<meta name=\"robots\" content=\"index, follow, max-snippet:-1, max-image-preview:large, max-video-preview:-1\" \/>\n<link rel=\"canonical\" href=\"https:\/\/www.accartbooks.com\/uk\/book\/ferdinand-hodler-catalogue-raisonne-der-gemalde\/\" \/>\n<meta property=\"og:locale\" content=\"en_GB\" \/>\n<meta property=\"og:type\" content=\"article\" \/>\n<meta property=\"og:title\" content=\"Ferdinand Hodler: Catalogue raisonn\u00e9 der Gem\u00e4lde - ACC Art Books UK\" \/>\n<meta property=\"og:description\" content=\"Title: Ferdinand Hodler: Catalogue raisonn\u00e9 der Gem\u00e4lde, Pages: 624 Pages, Publish Date: 18th Nov 2017, Author: Edited by Swiss Institute for Art Research, ISBN: 9783858812568. Third volume in the series of the catalogue raisonne of Ferdinand Hodler&#039;s painted work, researched and written by experts on Swiss art.\" \/>\n<meta property=\"og:url\" content=\"https:\/\/www.accartbooks.com\/uk\/book\/ferdinand-hodler-catalogue-raisonne-der-gemalde\/\" \/>\n<meta property=\"og:site_name\" content=\"ACC Art Books UK\" \/>\n<meta property=\"article:publisher\" content=\"https:\/\/www.facebook.com\/ACCArtBooks\/\" \/>\n<meta property=\"article:modified_time\" content=\"2025-11-11T16:10:52+00:00\" \/>\n<meta property=\"og:image\" content=\"https:\/\/www.accartbooks.com\/app\/uploads\/books\/9783858812568-04-1.jpg\" \/>\n\t<meta property=\"og:image:width\" content=\"732\" \/>\n\t<meta property=\"og:image:height\" content=\"1000\" \/>\n\t<meta property=\"og:image:type\" content=\"image\/jpeg\" \/>\n<meta name=\"twitter:card\" content=\"summary_large_image\" \/>\n<meta name=\"twitter:site\" content=\"@accartbooks\" \/>\n<meta name=\"twitter:label1\" content=\"Estimated reading time\" \/>\n\t<meta name=\"twitter:data1\" content=\"1 minute\" \/>\n<script type=\"application\/ld+json\" class=\"yoast-schema-graph\">{\"@context\":\"https:\/\/schema.org\",\"@graph\":[{\"@type\":\"WebPage\",\"@id\":\"https:\/\/www.accartbooks.com\/uk\/book\/ferdinand-hodler-catalogue-raisonne-der-gemalde\/\",\"url\":\"https:\/\/www.accartbooks.com\/uk\/book\/ferdinand-hodler-catalogue-raisonne-der-gemalde\/\",\"name\":\"Ferdinand Hodler: Catalogue raisonn\u00e9 der Gem\u00e4lde - ACC Art Books UK\",\"isPartOf\":{\"@id\":\"https:\/\/www.accartbooks.com\/uk\/#website\"},\"primaryImageOfPage\":{\"@id\":\"https:\/\/www.accartbooks.com\/uk\/book\/ferdinand-hodler-catalogue-raisonne-der-gemalde\/#primaryimage\"},\"image\":{\"@id\":\"https:\/\/www.accartbooks.com\/uk\/book\/ferdinand-hodler-catalogue-raisonne-der-gemalde\/#primaryimage\"},\"thumbnailUrl\":\"https:\/\/www.accartbooks.com\/app\/uploads\/books\/9783858812568-04-1.jpg\",\"datePublished\":\"2020-03-16T20:40:21+00:00\",\"dateModified\":\"2025-11-11T16:10:52+00:00\",\"description\":\"Title: Ferdinand Hodler: Catalogue raisonn\u00e9 der Gem\u00e4lde, Pages: 624 Pages, Publish Date: 18th Nov 2017, Author: Edited by Swiss Institute for Art Research, ISBN: 9783858812568. Third volume in the series of the catalogue raisonne of Ferdinand Hodler's painted work, researched and written by experts on Swiss art.\",\"breadcrumb\":{\"@id\":\"https:\/\/www.accartbooks.com\/uk\/book\/ferdinand-hodler-catalogue-raisonne-der-gemalde\/#breadcrumb\"},\"inLanguage\":\"en-GB\",\"potentialAction\":[{\"@type\":\"ReadAction\",\"target\":[\"https:\/\/www.accartbooks.com\/uk\/book\/ferdinand-hodler-catalogue-raisonne-der-gemalde\/\"]}]},{\"@type\":\"ImageObject\",\"inLanguage\":\"en-GB\",\"@id\":\"https:\/\/www.accartbooks.com\/uk\/book\/ferdinand-hodler-catalogue-raisonne-der-gemalde\/#primaryimage\",\"url\":\"https:\/\/www.accartbooks.com\/app\/uploads\/books\/9783858812568-04-1.jpg\",\"contentUrl\":\"https:\/\/www.accartbooks.com\/app\/uploads\/books\/9783858812568-04-1.jpg\",\"width\":732,\"height\":1000},{\"@type\":\"BreadcrumbList\",\"@id\":\"https:\/\/www.accartbooks.com\/uk\/book\/ferdinand-hodler-catalogue-raisonne-der-gemalde\/#breadcrumb\",\"itemListElement\":[{\"@type\":\"ListItem\",\"position\":1,\"name\":\"Home\",\"item\":\"https:\/\/www.accartbooks.com\/uk\/\"},{\"@type\":\"ListItem\",\"position\":2,\"name\":\"Books\",\"item\":\"https:\/\/www.accartbooks.com\/uk\/books\/\"},{\"@type\":\"ListItem\",\"position\":3,\"name\":\"Ferdinand Hodler: Catalogue raisonn\u00e9 der Gem\u00e4lde\"}]},{\"@type\":\"WebSite\",\"@id\":\"https:\/\/www.accartbooks.com\/uk\/#website\",\"url\":\"https:\/\/www.accartbooks.com\/uk\/\",\"name\":\"ACC Art Books UK\",\"description\":\"One of the world\u2019s leading publishers and distributors of books on the arts and visual culture\",\"publisher\":{\"@id\":\"https:\/\/www.accartbooks.com\/uk\/#organization\"},\"potentialAction\":[{\"@type\":\"SearchAction\",\"target\":{\"@type\":\"EntryPoint\",\"urlTemplate\":\"https:\/\/www.accartbooks.com\/uk\/?s={search_term_string}\"},\"query-input\":{\"@type\":\"PropertyValueSpecification\",\"valueRequired\":true,\"valueName\":\"search_term_string\"}}],\"inLanguage\":\"en-GB\"},{\"@type\":\"Organization\",\"@id\":\"https:\/\/www.accartbooks.com\/uk\/#organization\",\"name\":\"ACC Art Books UK\",\"url\":\"https:\/\/www.accartbooks.com\/uk\/\",\"logo\":{\"@type\":\"ImageObject\",\"inLanguage\":\"en-GB\",\"@id\":\"https:\/\/www.accartbooks.com\/uk\/#\/schema\/logo\/image\/\",\"url\":\"https:\/\/www.accartbooks.com\/app\/uploads\/2020\/05\/Acc-Logo.png\",\"contentUrl\":\"https:\/\/www.accartbooks.com\/app\/uploads\/2020\/05\/Acc-Logo.png\",\"width\":64,\"height\":100,\"caption\":\"ACC Art Books UK\"},\"image\":{\"@id\":\"https:\/\/www.accartbooks.com\/uk\/#\/schema\/logo\/image\/\"},\"sameAs\":[\"https:\/\/www.facebook.com\/ACCArtBooks\/\",\"https:\/\/x.com\/accartbooks\"]}]}<\/script>\n<!-- \/ Yoast SEO plugin. -->","yoast_head_json":{"title":"Ferdinand Hodler: Catalogue raisonn\u00e9 der Gem\u00e4lde - ACC Art Books UK","description":"Title: Ferdinand Hodler: Catalogue raisonn\u00e9 der Gem\u00e4lde, Pages: 624 Pages, Publish Date: 18th Nov 2017, Author: Edited by Swiss Institute for Art Research, ISBN: 9783858812568. Third volume in the series of the catalogue raisonne of Ferdinand Hodler's painted work, researched and written by experts on Swiss art.","robots":{"index":"index","follow":"follow","max-snippet":"max-snippet:-1","max-image-preview":"max-image-preview:large","max-video-preview":"max-video-preview:-1"},"canonical":"https:\/\/www.accartbooks.com\/uk\/book\/ferdinand-hodler-catalogue-raisonne-der-gemalde\/","og_locale":"en_GB","og_type":"article","og_title":"Ferdinand Hodler: Catalogue raisonn\u00e9 der Gem\u00e4lde - ACC Art Books UK","og_description":"Title: Ferdinand Hodler: Catalogue raisonn\u00e9 der Gem\u00e4lde, Pages: 624 Pages, Publish Date: 18th Nov 2017, Author: Edited by Swiss Institute for Art Research, ISBN: 9783858812568. Third volume in the series of the catalogue raisonne of Ferdinand Hodler's painted work, researched and written by experts on Swiss art.","og_url":"https:\/\/www.accartbooks.com\/uk\/book\/ferdinand-hodler-catalogue-raisonne-der-gemalde\/","og_site_name":"ACC Art Books UK","article_publisher":"https:\/\/www.facebook.com\/ACCArtBooks\/","article_modified_time":"2025-11-11T16:10:52+00:00","og_image":[{"width":732,"height":1000,"url":"https:\/\/www.accartbooks.com\/app\/uploads\/books\/9783858812568-04-1.jpg","type":"image\/jpeg"}],"twitter_card":"summary_large_image","twitter_site":"@accartbooks","twitter_misc":{"Estimated reading time":"1 minute"},"schema":{"@context":"https:\/\/schema.org","@graph":[{"@type":"WebPage","@id":"https:\/\/www.accartbooks.com\/uk\/book\/ferdinand-hodler-catalogue-raisonne-der-gemalde\/","url":"https:\/\/www.accartbooks.com\/uk\/book\/ferdinand-hodler-catalogue-raisonne-der-gemalde\/","name":"Ferdinand Hodler: Catalogue raisonn\u00e9 der Gem\u00e4lde - ACC Art Books UK","isPartOf":{"@id":"https:\/\/www.accartbooks.com\/uk\/#website"},"primaryImageOfPage":{"@id":"https:\/\/www.accartbooks.com\/uk\/book\/ferdinand-hodler-catalogue-raisonne-der-gemalde\/#primaryimage"},"image":{"@id":"https:\/\/www.accartbooks.com\/uk\/book\/ferdinand-hodler-catalogue-raisonne-der-gemalde\/#primaryimage"},"thumbnailUrl":"https:\/\/www.accartbooks.com\/app\/uploads\/books\/9783858812568-04-1.jpg","datePublished":"2020-03-16T20:40:21+00:00","dateModified":"2025-11-11T16:10:52+00:00","description":"Title: Ferdinand Hodler: Catalogue raisonn\u00e9 der Gem\u00e4lde, Pages: 624 Pages, Publish Date: 18th Nov 2017, Author: Edited by Swiss Institute for Art Research, ISBN: 9783858812568. Third volume in the series of the catalogue raisonne of Ferdinand Hodler's painted work, researched and written by experts on Swiss art.","breadcrumb":{"@id":"https:\/\/www.accartbooks.com\/uk\/book\/ferdinand-hodler-catalogue-raisonne-der-gemalde\/#breadcrumb"},"inLanguage":"en-GB","potentialAction":[{"@type":"ReadAction","target":["https:\/\/www.accartbooks.com\/uk\/book\/ferdinand-hodler-catalogue-raisonne-der-gemalde\/"]}]},{"@type":"ImageObject","inLanguage":"en-GB","@id":"https:\/\/www.accartbooks.com\/uk\/book\/ferdinand-hodler-catalogue-raisonne-der-gemalde\/#primaryimage","url":"https:\/\/www.accartbooks.com\/app\/uploads\/books\/9783858812568-04-1.jpg","contentUrl":"https:\/\/www.accartbooks.com\/app\/uploads\/books\/9783858812568-04-1.jpg","width":732,"height":1000},{"@type":"BreadcrumbList","@id":"https:\/\/www.accartbooks.com\/uk\/book\/ferdinand-hodler-catalogue-raisonne-der-gemalde\/#breadcrumb","itemListElement":[{"@type":"ListItem","position":1,"name":"Home","item":"https:\/\/www.accartbooks.com\/uk\/"},{"@type":"ListItem","position":2,"name":"Books","item":"https:\/\/www.accartbooks.com\/uk\/books\/"},{"@type":"ListItem","position":3,"name":"Ferdinand Hodler: Catalogue raisonn\u00e9 der Gem\u00e4lde"}]},{"@type":"WebSite","@id":"https:\/\/www.accartbooks.com\/uk\/#website","url":"https:\/\/www.accartbooks.com\/uk\/","name":"ACC Art Books UK","description":"One of the world\u2019s leading publishers and distributors of books on the arts and visual culture","publisher":{"@id":"https:\/\/www.accartbooks.com\/uk\/#organization"},"potentialAction":[{"@type":"SearchAction","target":{"@type":"EntryPoint","urlTemplate":"https:\/\/www.accartbooks.com\/uk\/?s={search_term_string}"},"query-input":{"@type":"PropertyValueSpecification","valueRequired":true,"valueName":"search_term_string"}}],"inLanguage":"en-GB"},{"@type":"Organization","@id":"https:\/\/www.accartbooks.com\/uk\/#organization","name":"ACC Art Books UK","url":"https:\/\/www.accartbooks.com\/uk\/","logo":{"@type":"ImageObject","inLanguage":"en-GB","@id":"https:\/\/www.accartbooks.com\/uk\/#\/schema\/logo\/image\/","url":"https:\/\/www.accartbooks.com\/app\/uploads\/2020\/05\/Acc-Logo.png","contentUrl":"https:\/\/www.accartbooks.com\/app\/uploads\/2020\/05\/Acc-Logo.png","width":64,"height":100,"caption":"ACC Art Books UK"},"image":{"@id":"https:\/\/www.accartbooks.com\/uk\/#\/schema\/logo\/image\/"},"sameAs":["https:\/\/www.facebook.com\/ACCArtBooks\/","https:\/\/x.com\/accartbooks"]}]}},"_links":{"self":[{"href":"https:\/\/www.accartbooks.com\/uk\/wp-json\/wp\/v2\/product\/9547","targetHints":{"allow":["GET"]}}],"collection":[{"href":"https:\/\/www.accartbooks.com\/uk\/wp-json\/wp\/v2\/product"}],"about":[{"href":"https:\/\/www.accartbooks.com\/uk\/wp-json\/wp\/v2\/types\/product"}],"wp:featuredmedia":[{"embeddable":true,"href":"https:\/\/www.accartbooks.com\/uk\/wp-json\/wp\/v2\/media\/12443"}],"wp:attachment":[{"href":"https:\/\/www.accartbooks.com\/uk\/wp-json\/wp\/v2\/media?parent=9547"}],"wp:term":[{"taxonomy":"product_brand","embeddable":true,"href":"https:\/\/www.accartbooks.com\/uk\/wp-json\/wp\/v2\/product_brand?post=9547"},{"taxonomy":"product_cat","embeddable":true,"href":"https:\/\/www.accartbooks.com\/uk\/wp-json\/wp\/v2\/product_cat?post=9547"},{"taxonomy":"product_tag","embeddable":true,"href":"https:\/\/www.accartbooks.com\/uk\/wp-json\/wp\/v2\/product_tag?post=9547"}],"curies":[{"name":"wp","href":"https:\/\/api.w.org\/{rel}","templated":true}]}}