{"id":9640,"date":"2020-03-16T21:27:15","date_gmt":"2020-03-16T21:27:15","guid":{"rendered":"https:\/\/www.accartbooks.com\/uk\/?post_type=product&#038;p=9640"},"modified":"2022-07-22T13:10:23","modified_gmt":"2022-07-22T13:10:23","slug":"mask","status":"publish","type":"product","link":"https:\/\/www.accartbooks.com\/uk\/book\/mask\/","title":{"rendered":"Mask"},"content":{"rendered":"<p>Masks evoke scenes of carnival or African tribal rites, we may be thinking of death masks of famous people, theatre and fashion, cosplay, disguise, and of protection. They represent some of the most ancient and most controversial objects of our cultural history. Today&#8217;s artists look beyond the mere object, they are interested also in the social, cultural, and political meanings of masks. This book, published in conjunction with an exhibition at Aargauer Kunsthaus Aarau in fall 2019, explores their appearances in contemporary art. Artists at all times have been attracted by masks and their symbolism. Through works by distinguished Swiss and international artists and concise texts the book demonstrates manifold approaches to the topic of masks. With contributions by Yasmin Afschar, Daniel Berndt, Hendrik B\u00fcndtge, Emily Butler, Wendy Chang, Michelle Cotton, Peter Fischer, Claire Hoffmann, Olivier Kaeser, Melitta Kliege, Susanna Koeberle, Elsy Lahner, Leo Lencs\u00e9s, Bettina M\u00fchlebach, Lena Nievers, Lucia Rey, Hermant Sareen, J\u00f6rg Scheller, Madeleine Schuppli, Angela Strecken, and Thomas D. Trummer. <\/p>\n<p>\n<\/p>\n<p>Published to accompany the exhibition <em>Mask: In Present-Day Art<\/em> at the Aargauer Kunsthaus, Aarau, Switzerland between 1 September 2019 and 5 January 2020.<\/p>\n<p>\n<\/p>\n<p>Text in English and German.<\/p>\n","protected":false},"excerpt":{"rendered":"<p>A wide-ranging panorama of the topic of masks in contemporary art and their manifold role in art and culture in general. Text in English and German.<\/p>\n","protected":false},"featured_media":9641,"template":"","meta":{"_acf_changed":false,"_relevanssi_hide_post":"","_relevanssi_hide_content":"","_relevanssi_pin_for_all":"","_relevanssi_pin_keywords":"","_relevanssi_unpin_keywords":"","_relevanssi_related_keywords":"","_relevanssi_related_include_ids":"","_relevanssi_related_exclude_ids":"","_relevanssi_related_no_append":"","_relevanssi_related_not_related":"","_relevanssi_related_posts":"","_relevanssi_noindex_reason":""},"product_brand":[],"product_cat":[5568],"product_tag":[],"class_list":{"0":"post-9640","1":"product","2":"type-product","3":"status-publish","4":"has-post-thumbnail","6":"product_cat-art","7":"author-edited-by-madeleine-schuppli","8":"publisher-scheidegger-und-spiess-ag-verlag","10":"first","11":"instock","12":"shipping-taxable","13":"purchasable","14":"product-type-simple"},"acf":[],"yoast_head":"<!-- This site is optimized with the Yoast SEO plugin v27.0 - https:\/\/yoast.com\/product\/yoast-seo-wordpress\/ -->\n<title>Mask - ACC Art Books UK<\/title>\n<meta name=\"description\" content=\"Title: Mask, Pages: 312 Pages, Publish Date: 16th Dec 2019, Author: Edited by Madeleine Schuppli, ISBN: 9783858816450. A wide-ranging panorama of the topic of masks in contemporary art and their manifold role in art and culture in general. Text in English and German.\" \/>\n<meta name=\"robots\" content=\"index, follow, max-snippet:-1, max-image-preview:large, max-video-preview:-1\" \/>\n<link rel=\"canonical\" href=\"https:\/\/www.accartbooks.com\/uk\/book\/mask\/\" \/>\n<meta property=\"og:locale\" content=\"en_GB\" \/>\n<meta property=\"og:type\" content=\"article\" \/>\n<meta property=\"og:title\" content=\"Mask - ACC Art Books UK\" \/>\n<meta property=\"og:description\" content=\"Title: Mask, Pages: 312 Pages, Publish Date: 16th Dec 2019, Author: Edited by Madeleine Schuppli, ISBN: 9783858816450. A wide-ranging panorama of the topic of masks in contemporary art and their manifold role in art and culture in general. Text in English and German.\" \/>\n<meta property=\"og:url\" content=\"https:\/\/www.accartbooks.com\/uk\/book\/mask\/\" \/>\n<meta property=\"og:site_name\" content=\"ACC Art Books UK\" \/>\n<meta property=\"article:publisher\" content=\"https:\/\/www.facebook.com\/ACCArtBooks\/\" \/>\n<meta property=\"article:modified_time\" content=\"2022-07-22T13:10:23+00:00\" \/>\n<meta property=\"og:image\" content=\"https:\/\/www.accartbooks.com\/app\/uploads\/books\/9783858816450-04-1.jpg\" \/>\n\t<meta property=\"og:image:width\" content=\"793\" \/>\n\t<meta property=\"og:image:height\" content=\"1000\" \/>\n\t<meta property=\"og:image:type\" content=\"image\/jpeg\" \/>\n<meta name=\"twitter:card\" content=\"summary_large_image\" \/>\n<meta name=\"twitter:site\" content=\"@accartbooks\" \/>\n<meta name=\"twitter:label1\" content=\"Estimated reading time\" \/>\n\t<meta name=\"twitter:data1\" content=\"1 minute\" \/>\n<script type=\"application\/ld+json\" class=\"yoast-schema-graph\">{\"@context\":\"https:\/\/schema.org\",\"@graph\":[{\"@type\":\"WebPage\",\"@id\":\"https:\/\/www.accartbooks.com\/uk\/book\/mask\/\",\"url\":\"https:\/\/www.accartbooks.com\/uk\/book\/mask\/\",\"name\":\"Mask - ACC Art Books UK\",\"isPartOf\":{\"@id\":\"https:\/\/www.accartbooks.com\/uk\/#website\"},\"primaryImageOfPage\":{\"@id\":\"https:\/\/www.accartbooks.com\/uk\/book\/mask\/#primaryimage\"},\"image\":{\"@id\":\"https:\/\/www.accartbooks.com\/uk\/book\/mask\/#primaryimage\"},\"thumbnailUrl\":\"https:\/\/www.accartbooks.com\/app\/uploads\/books\/9783858816450-04-1.jpg\",\"datePublished\":\"2020-03-16T21:27:15+00:00\",\"dateModified\":\"2022-07-22T13:10:23+00:00\",\"description\":\"Title: Mask, Pages: 312 Pages, Publish Date: 16th Dec 2019, Author: Edited by Madeleine Schuppli, ISBN: 9783858816450. A wide-ranging panorama of the topic of masks in contemporary art and their manifold role in art and culture in general. Text in English and German.\",\"breadcrumb\":{\"@id\":\"https:\/\/www.accartbooks.com\/uk\/book\/mask\/#breadcrumb\"},\"inLanguage\":\"en-GB\",\"potentialAction\":[{\"@type\":\"ReadAction\",\"target\":[\"https:\/\/www.accartbooks.com\/uk\/book\/mask\/\"]}]},{\"@type\":\"ImageObject\",\"inLanguage\":\"en-GB\",\"@id\":\"https:\/\/www.accartbooks.com\/uk\/book\/mask\/#primaryimage\",\"url\":\"https:\/\/www.accartbooks.com\/app\/uploads\/books\/9783858816450-04-1.jpg\",\"contentUrl\":\"https:\/\/www.accartbooks.com\/app\/uploads\/books\/9783858816450-04-1.jpg\",\"width\":793,\"height\":1000},{\"@type\":\"BreadcrumbList\",\"@id\":\"https:\/\/www.accartbooks.com\/uk\/book\/mask\/#breadcrumb\",\"itemListElement\":[{\"@type\":\"ListItem\",\"position\":1,\"name\":\"Home\",\"item\":\"https:\/\/www.accartbooks.com\/uk\/\"},{\"@type\":\"ListItem\",\"position\":2,\"name\":\"Books\",\"item\":\"https:\/\/www.accartbooks.com\/uk\/books\/\"},{\"@type\":\"ListItem\",\"position\":3,\"name\":\"Mask\"}]},{\"@type\":\"WebSite\",\"@id\":\"https:\/\/www.accartbooks.com\/uk\/#website\",\"url\":\"https:\/\/www.accartbooks.com\/uk\/\",\"name\":\"ACC Art Books UK\",\"description\":\"One of the world\u2019s leading publishers and distributors of books on the arts and visual culture\",\"publisher\":{\"@id\":\"https:\/\/www.accartbooks.com\/uk\/#organization\"},\"potentialAction\":[{\"@type\":\"SearchAction\",\"target\":{\"@type\":\"EntryPoint\",\"urlTemplate\":\"https:\/\/www.accartbooks.com\/uk\/?s={search_term_string}\"},\"query-input\":{\"@type\":\"PropertyValueSpecification\",\"valueRequired\":true,\"valueName\":\"search_term_string\"}}],\"inLanguage\":\"en-GB\"},{\"@type\":\"Organization\",\"@id\":\"https:\/\/www.accartbooks.com\/uk\/#organization\",\"name\":\"ACC Art Books UK\",\"url\":\"https:\/\/www.accartbooks.com\/uk\/\",\"logo\":{\"@type\":\"ImageObject\",\"inLanguage\":\"en-GB\",\"@id\":\"https:\/\/www.accartbooks.com\/uk\/#\/schema\/logo\/image\/\",\"url\":\"https:\/\/www.accartbooks.com\/app\/uploads\/2020\/05\/Acc-Logo.png\",\"contentUrl\":\"https:\/\/www.accartbooks.com\/app\/uploads\/2020\/05\/Acc-Logo.png\",\"width\":64,\"height\":100,\"caption\":\"ACC Art Books UK\"},\"image\":{\"@id\":\"https:\/\/www.accartbooks.com\/uk\/#\/schema\/logo\/image\/\"},\"sameAs\":[\"https:\/\/www.facebook.com\/ACCArtBooks\/\",\"https:\/\/x.com\/accartbooks\"]}]}<\/script>\n<!-- \/ Yoast SEO plugin. -->","yoast_head_json":{"title":"Mask - ACC Art Books UK","description":"Title: Mask, Pages: 312 Pages, Publish Date: 16th Dec 2019, Author: Edited by Madeleine Schuppli, ISBN: 9783858816450. A wide-ranging panorama of the topic of masks in contemporary art and their manifold role in art and culture in general. Text in English and German.","robots":{"index":"index","follow":"follow","max-snippet":"max-snippet:-1","max-image-preview":"max-image-preview:large","max-video-preview":"max-video-preview:-1"},"canonical":"https:\/\/www.accartbooks.com\/uk\/book\/mask\/","og_locale":"en_GB","og_type":"article","og_title":"Mask - ACC Art Books UK","og_description":"Title: Mask, Pages: 312 Pages, Publish Date: 16th Dec 2019, Author: Edited by Madeleine Schuppli, ISBN: 9783858816450. A wide-ranging panorama of the topic of masks in contemporary art and their manifold role in art and culture in general. Text in English and German.","og_url":"https:\/\/www.accartbooks.com\/uk\/book\/mask\/","og_site_name":"ACC Art Books UK","article_publisher":"https:\/\/www.facebook.com\/ACCArtBooks\/","article_modified_time":"2022-07-22T13:10:23+00:00","og_image":[{"width":793,"height":1000,"url":"https:\/\/www.accartbooks.com\/app\/uploads\/books\/9783858816450-04-1.jpg","type":"image\/jpeg"}],"twitter_card":"summary_large_image","twitter_site":"@accartbooks","twitter_misc":{"Estimated reading time":"1 minute"},"schema":{"@context":"https:\/\/schema.org","@graph":[{"@type":"WebPage","@id":"https:\/\/www.accartbooks.com\/uk\/book\/mask\/","url":"https:\/\/www.accartbooks.com\/uk\/book\/mask\/","name":"Mask - ACC Art Books UK","isPartOf":{"@id":"https:\/\/www.accartbooks.com\/uk\/#website"},"primaryImageOfPage":{"@id":"https:\/\/www.accartbooks.com\/uk\/book\/mask\/#primaryimage"},"image":{"@id":"https:\/\/www.accartbooks.com\/uk\/book\/mask\/#primaryimage"},"thumbnailUrl":"https:\/\/www.accartbooks.com\/app\/uploads\/books\/9783858816450-04-1.jpg","datePublished":"2020-03-16T21:27:15+00:00","dateModified":"2022-07-22T13:10:23+00:00","description":"Title: Mask, Pages: 312 Pages, Publish Date: 16th Dec 2019, Author: Edited by Madeleine Schuppli, ISBN: 9783858816450. A wide-ranging panorama of the topic of masks in contemporary art and their manifold role in art and culture in general. Text in English and German.","breadcrumb":{"@id":"https:\/\/www.accartbooks.com\/uk\/book\/mask\/#breadcrumb"},"inLanguage":"en-GB","potentialAction":[{"@type":"ReadAction","target":["https:\/\/www.accartbooks.com\/uk\/book\/mask\/"]}]},{"@type":"ImageObject","inLanguage":"en-GB","@id":"https:\/\/www.accartbooks.com\/uk\/book\/mask\/#primaryimage","url":"https:\/\/www.accartbooks.com\/app\/uploads\/books\/9783858816450-04-1.jpg","contentUrl":"https:\/\/www.accartbooks.com\/app\/uploads\/books\/9783858816450-04-1.jpg","width":793,"height":1000},{"@type":"BreadcrumbList","@id":"https:\/\/www.accartbooks.com\/uk\/book\/mask\/#breadcrumb","itemListElement":[{"@type":"ListItem","position":1,"name":"Home","item":"https:\/\/www.accartbooks.com\/uk\/"},{"@type":"ListItem","position":2,"name":"Books","item":"https:\/\/www.accartbooks.com\/uk\/books\/"},{"@type":"ListItem","position":3,"name":"Mask"}]},{"@type":"WebSite","@id":"https:\/\/www.accartbooks.com\/uk\/#website","url":"https:\/\/www.accartbooks.com\/uk\/","name":"ACC Art Books UK","description":"One of the world\u2019s leading publishers and distributors of books on the arts and visual culture","publisher":{"@id":"https:\/\/www.accartbooks.com\/uk\/#organization"},"potentialAction":[{"@type":"SearchAction","target":{"@type":"EntryPoint","urlTemplate":"https:\/\/www.accartbooks.com\/uk\/?s={search_term_string}"},"query-input":{"@type":"PropertyValueSpecification","valueRequired":true,"valueName":"search_term_string"}}],"inLanguage":"en-GB"},{"@type":"Organization","@id":"https:\/\/www.accartbooks.com\/uk\/#organization","name":"ACC Art Books UK","url":"https:\/\/www.accartbooks.com\/uk\/","logo":{"@type":"ImageObject","inLanguage":"en-GB","@id":"https:\/\/www.accartbooks.com\/uk\/#\/schema\/logo\/image\/","url":"https:\/\/www.accartbooks.com\/app\/uploads\/2020\/05\/Acc-Logo.png","contentUrl":"https:\/\/www.accartbooks.com\/app\/uploads\/2020\/05\/Acc-Logo.png","width":64,"height":100,"caption":"ACC Art Books UK"},"image":{"@id":"https:\/\/www.accartbooks.com\/uk\/#\/schema\/logo\/image\/"},"sameAs":["https:\/\/www.facebook.com\/ACCArtBooks\/","https:\/\/x.com\/accartbooks"]}]}},"_links":{"self":[{"href":"https:\/\/www.accartbooks.com\/uk\/wp-json\/wp\/v2\/product\/9640","targetHints":{"allow":["GET"]}}],"collection":[{"href":"https:\/\/www.accartbooks.com\/uk\/wp-json\/wp\/v2\/product"}],"about":[{"href":"https:\/\/www.accartbooks.com\/uk\/wp-json\/wp\/v2\/types\/product"}],"wp:featuredmedia":[{"embeddable":true,"href":"https:\/\/www.accartbooks.com\/uk\/wp-json\/wp\/v2\/media\/9641"}],"wp:attachment":[{"href":"https:\/\/www.accartbooks.com\/uk\/wp-json\/wp\/v2\/media?parent=9640"}],"wp:term":[{"taxonomy":"product_brand","embeddable":true,"href":"https:\/\/www.accartbooks.com\/uk\/wp-json\/wp\/v2\/product_brand?post=9640"},{"taxonomy":"product_cat","embeddable":true,"href":"https:\/\/www.accartbooks.com\/uk\/wp-json\/wp\/v2\/product_cat?post=9640"},{"taxonomy":"product_tag","embeddable":true,"href":"https:\/\/www.accartbooks.com\/uk\/wp-json\/wp\/v2\/product_tag?post=9640"}],"curies":[{"name":"wp","href":"https:\/\/api.w.org\/{rel}","templated":true}]}}