{"id":14975,"date":"2020-06-11T18:41:44","date_gmt":"2020-06-11T18:41:44","guid":{"rendered":"https:\/\/www.accartbooks.com\/us\/book\/jean-leon-gerome\/"},"modified":"2024-03-22T19:23:11","modified_gmt":"2024-03-22T19:23:11","slug":"jean-leon-gerome","status":"publish","type":"product","link":"https:\/\/www.accartbooks.com\/us\/book\/jean-leon-gerome\/","title":{"rendered":"Jean-L\u00e9on G\u00e9r\u00f4me"},"content":{"rendered":"<p>For this new edition of the monograph that Gerald M. Ackerman devoted to the life and work of Jean-L&eacute;on G&eacute;r&ocirc;me &#8211; now a reference book that includes two parts, a critical biography and a catalogue of paintings, prints and sculptures &#8211; the author has revised and, if necessary, modified the text whilst updating the catalogue. The study of the artist&#8217;s life is based on three ancient monographs, memories of students and friends, a large number of public and private archives, as well as reading the press of his time.  The catalogue is the result of more than twenty-five years of research. Some ninety works unknown at the time of the first edition were thus added to those which had already been recorded thanks to ancient sources, contracts with the State, sales catalogues, catalogues of museums and a correspondence with the collectors, as well as ninety others then held for lost. As for the previously known works, the numerous changes of ownership and localization since then have been indicated. The number of illustrations in the catalogue has been considerably increased; many dates have been corrected. The colored plates included in the text illustrate in abundance the works hitherto unknown and, much more numerous than in the first edition, show the great diversity of the master&#8217;s work, thus offering us a new image of G&eacute;r&ocirc;me, a new light on his talent, his interests and his masterful inventiveness.<\/p>\n<p>Text in French. <\/p>\n","protected":false},"excerpt":{"rendered":"<p>For this new edition of the monograph that Gerald M. Ackerman devoted to the life and work of Jean-L&eacute;on G&eacute;r&ocirc;me &#8211; now a reference book that includes two parts, a critical biography and a catalogue of paintings, prints and sculptures &#8211; the author has revised and, if necessary, modified the text whilst updating the catalogue. [&hellip;]<\/p>\n","protected":false},"featured_media":14985,"comment_status":"open","ping_status":"closed","template":"","meta":{"_acf_changed":false,"_relevanssi_hide_post":"","_relevanssi_hide_content":"","_relevanssi_pin_for_all":"","_relevanssi_pin_keywords":"","_relevanssi_unpin_keywords":"","_relevanssi_related_keywords":"","_relevanssi_related_include_ids":"","_relevanssi_related_exclude_ids":"","_relevanssi_related_no_append":"","_relevanssi_related_not_related":"","_relevanssi_related_posts":"","_relevanssi_noindex_reason":""},"product_brand":[],"product_cat":[5523],"product_tag":[],"class_list":{"0":"post-14975","1":"product","2":"type-product","3":"status-publish","4":"has-post-thumbnail","6":"product_cat-art","7":"author-by-author-gerald-m-ackerman","8":"publisher-acr-edition","10":"first","11":"instock","12":"shipping-taxable","13":"purchasable","14":"product-type-simple"},"acf":[],"yoast_head":"<!-- This site is optimized with the Yoast SEO plugin v27.0 - https:\/\/yoast.com\/product\/yoast-seo-wordpress\/ -->\n<title>Jean-L\u00e9on G\u00e9r\u00f4me - ACC Art Books US<\/title>\n<meta name=\"robots\" content=\"index, follow, max-snippet:-1, max-image-preview:large, max-video-preview:-1\" \/>\n<link rel=\"canonical\" href=\"https:\/\/www.accartbooks.com\/us\/book\/jean-leon-gerome\/\" \/>\n<meta property=\"og:locale\" content=\"en_US\" \/>\n<meta property=\"og:type\" content=\"article\" \/>\n<meta property=\"og:title\" content=\"Jean-L\u00e9on G\u00e9r\u00f4me - ACC Art Books US\" \/>\n<meta property=\"og:description\" content=\"For this new edition of the monograph that Gerald M. Ackerman devoted to the life and work of Jean-L&eacute;on G&eacute;r&ocirc;me &#8211; now a reference book that includes two parts, a critical biography and a catalogue of paintings, prints and sculptures &#8211; the author has revised and, if necessary, modified the text whilst updating the catalogue. [&hellip;]\" \/>\n<meta property=\"og:url\" content=\"https:\/\/www.accartbooks.com\/us\/book\/jean-leon-gerome\/\" \/>\n<meta property=\"og:site_name\" content=\"ACC Art Books US\" \/>\n<meta property=\"article:modified_time\" content=\"2024-03-22T19:23:11+00:00\" \/>\n<meta property=\"og:image\" content=\"https:\/\/www.accartbooks.com\/app\/uploads\/books\/9782867701375-04-1.jpg\" \/>\n\t<meta property=\"og:image:width\" content=\"315\" \/>\n\t<meta property=\"og:image:height\" content=\"349\" \/>\n\t<meta property=\"og:image:type\" content=\"image\/jpeg\" \/>\n<meta name=\"twitter:card\" content=\"summary_large_image\" \/>\n<meta name=\"twitter:label1\" content=\"Est. reading time\" \/>\n\t<meta name=\"twitter:data1\" content=\"1 minute\" \/>\n<script type=\"application\/ld+json\" class=\"yoast-schema-graph\">{\"@context\":\"https:\/\/schema.org\",\"@graph\":[{\"@type\":\"WebPage\",\"@id\":\"https:\/\/www.accartbooks.com\/us\/book\/jean-leon-gerome\/\",\"url\":\"https:\/\/www.accartbooks.com\/us\/book\/jean-leon-gerome\/\",\"name\":\"Jean-L\u00e9on G\u00e9r\u00f4me - ACC Art Books US\",\"isPartOf\":{\"@id\":\"https:\/\/www.accartbooks.com\/us\/#website\"},\"primaryImageOfPage\":{\"@id\":\"https:\/\/www.accartbooks.com\/us\/book\/jean-leon-gerome\/#primaryimage\"},\"image\":{\"@id\":\"https:\/\/www.accartbooks.com\/us\/book\/jean-leon-gerome\/#primaryimage\"},\"thumbnailUrl\":\"https:\/\/www.accartbooks.com\/app\/uploads\/books\/9782867701375-04-1.jpg\",\"datePublished\":\"2020-06-11T18:41:44+00:00\",\"dateModified\":\"2024-03-22T19:23:11+00:00\",\"breadcrumb\":{\"@id\":\"https:\/\/www.accartbooks.com\/us\/book\/jean-leon-gerome\/#breadcrumb\"},\"inLanguage\":\"en-US\",\"potentialAction\":[{\"@type\":\"ReadAction\",\"target\":[\"https:\/\/www.accartbooks.com\/us\/book\/jean-leon-gerome\/\"]}]},{\"@type\":\"ImageObject\",\"inLanguage\":\"en-US\",\"@id\":\"https:\/\/www.accartbooks.com\/us\/book\/jean-leon-gerome\/#primaryimage\",\"url\":\"https:\/\/www.accartbooks.com\/app\/uploads\/books\/9782867701375-04-1.jpg\",\"contentUrl\":\"https:\/\/www.accartbooks.com\/app\/uploads\/books\/9782867701375-04-1.jpg\",\"width\":315,\"height\":349},{\"@type\":\"BreadcrumbList\",\"@id\":\"https:\/\/www.accartbooks.com\/us\/book\/jean-leon-gerome\/#breadcrumb\",\"itemListElement\":[{\"@type\":\"ListItem\",\"position\":1,\"name\":\"Home\",\"item\":\"https:\/\/www.accartbooks.com\/us\/\"},{\"@type\":\"ListItem\",\"position\":2,\"name\":\"Books\",\"item\":\"https:\/\/www.accartbooks.com\/us\/books\/\"},{\"@type\":\"ListItem\",\"position\":3,\"name\":\"Jean-L\u00e9on G\u00e9r\u00f4me\"}]},{\"@type\":\"WebSite\",\"@id\":\"https:\/\/www.accartbooks.com\/us\/#website\",\"url\":\"https:\/\/www.accartbooks.com\/us\/\",\"name\":\"ACC Art Books US\",\"description\":\"One of the world\u2019s leading publishers and distributors of books on the arts and visual culture\",\"potentialAction\":[{\"@type\":\"SearchAction\",\"target\":{\"@type\":\"EntryPoint\",\"urlTemplate\":\"https:\/\/www.accartbooks.com\/us\/?s={search_term_string}\"},\"query-input\":{\"@type\":\"PropertyValueSpecification\",\"valueRequired\":true,\"valueName\":\"search_term_string\"}}],\"inLanguage\":\"en-US\"}]}<\/script>\n<!-- \/ Yoast SEO plugin. -->","yoast_head_json":{"title":"Jean-L\u00e9on G\u00e9r\u00f4me - ACC Art Books US","robots":{"index":"index","follow":"follow","max-snippet":"max-snippet:-1","max-image-preview":"max-image-preview:large","max-video-preview":"max-video-preview:-1"},"canonical":"https:\/\/www.accartbooks.com\/us\/book\/jean-leon-gerome\/","og_locale":"en_US","og_type":"article","og_title":"Jean-L\u00e9on G\u00e9r\u00f4me - ACC Art Books US","og_description":"For this new edition of the monograph that Gerald M. Ackerman devoted to the life and work of Jean-L&eacute;on G&eacute;r&ocirc;me &#8211; now a reference book that includes two parts, a critical biography and a catalogue of paintings, prints and sculptures &#8211; the author has revised and, if necessary, modified the text whilst updating the catalogue. [&hellip;]","og_url":"https:\/\/www.accartbooks.com\/us\/book\/jean-leon-gerome\/","og_site_name":"ACC Art Books US","article_modified_time":"2024-03-22T19:23:11+00:00","og_image":[{"width":315,"height":349,"url":"https:\/\/www.accartbooks.com\/app\/uploads\/books\/9782867701375-04-1.jpg","type":"image\/jpeg"}],"twitter_card":"summary_large_image","twitter_misc":{"Est. reading time":"1 minute"},"schema":{"@context":"https:\/\/schema.org","@graph":[{"@type":"WebPage","@id":"https:\/\/www.accartbooks.com\/us\/book\/jean-leon-gerome\/","url":"https:\/\/www.accartbooks.com\/us\/book\/jean-leon-gerome\/","name":"Jean-L\u00e9on G\u00e9r\u00f4me - ACC Art Books US","isPartOf":{"@id":"https:\/\/www.accartbooks.com\/us\/#website"},"primaryImageOfPage":{"@id":"https:\/\/www.accartbooks.com\/us\/book\/jean-leon-gerome\/#primaryimage"},"image":{"@id":"https:\/\/www.accartbooks.com\/us\/book\/jean-leon-gerome\/#primaryimage"},"thumbnailUrl":"https:\/\/www.accartbooks.com\/app\/uploads\/books\/9782867701375-04-1.jpg","datePublished":"2020-06-11T18:41:44+00:00","dateModified":"2024-03-22T19:23:11+00:00","breadcrumb":{"@id":"https:\/\/www.accartbooks.com\/us\/book\/jean-leon-gerome\/#breadcrumb"},"inLanguage":"en-US","potentialAction":[{"@type":"ReadAction","target":["https:\/\/www.accartbooks.com\/us\/book\/jean-leon-gerome\/"]}]},{"@type":"ImageObject","inLanguage":"en-US","@id":"https:\/\/www.accartbooks.com\/us\/book\/jean-leon-gerome\/#primaryimage","url":"https:\/\/www.accartbooks.com\/app\/uploads\/books\/9782867701375-04-1.jpg","contentUrl":"https:\/\/www.accartbooks.com\/app\/uploads\/books\/9782867701375-04-1.jpg","width":315,"height":349},{"@type":"BreadcrumbList","@id":"https:\/\/www.accartbooks.com\/us\/book\/jean-leon-gerome\/#breadcrumb","itemListElement":[{"@type":"ListItem","position":1,"name":"Home","item":"https:\/\/www.accartbooks.com\/us\/"},{"@type":"ListItem","position":2,"name":"Books","item":"https:\/\/www.accartbooks.com\/us\/books\/"},{"@type":"ListItem","position":3,"name":"Jean-L\u00e9on G\u00e9r\u00f4me"}]},{"@type":"WebSite","@id":"https:\/\/www.accartbooks.com\/us\/#website","url":"https:\/\/www.accartbooks.com\/us\/","name":"ACC Art Books US","description":"One of the world\u2019s leading publishers and distributors of books on the arts and visual culture","potentialAction":[{"@type":"SearchAction","target":{"@type":"EntryPoint","urlTemplate":"https:\/\/www.accartbooks.com\/us\/?s={search_term_string}"},"query-input":{"@type":"PropertyValueSpecification","valueRequired":true,"valueName":"search_term_string"}}],"inLanguage":"en-US"}]}},"_links":{"self":[{"href":"https:\/\/www.accartbooks.com\/us\/wp-json\/wp\/v2\/product\/14975","targetHints":{"allow":["GET"]}}],"collection":[{"href":"https:\/\/www.accartbooks.com\/us\/wp-json\/wp\/v2\/product"}],"about":[{"href":"https:\/\/www.accartbooks.com\/us\/wp-json\/wp\/v2\/types\/product"}],"replies":[{"embeddable":true,"href":"https:\/\/www.accartbooks.com\/us\/wp-json\/wp\/v2\/comments?post=14975"}],"wp:featuredmedia":[{"embeddable":true,"href":"https:\/\/www.accartbooks.com\/us\/wp-json\/wp\/v2\/media\/14985"}],"wp:attachment":[{"href":"https:\/\/www.accartbooks.com\/us\/wp-json\/wp\/v2\/media?parent=14975"}],"wp:term":[{"taxonomy":"product_brand","embeddable":true,"href":"https:\/\/www.accartbooks.com\/us\/wp-json\/wp\/v2\/product_brand?post=14975"},{"taxonomy":"product_cat","embeddable":true,"href":"https:\/\/www.accartbooks.com\/us\/wp-json\/wp\/v2\/product_cat?post=14975"},{"taxonomy":"product_tag","embeddable":true,"href":"https:\/\/www.accartbooks.com\/us\/wp-json\/wp\/v2\/product_tag?post=14975"}],"curies":[{"name":"wp","href":"https:\/\/api.w.org\/{rel}","templated":true}]}}