{"id":47547,"date":"2024-02-27T12:10:10","date_gmt":"2024-02-27T12:10:10","guid":{"rendered":"https:\/\/www.accartbooks.com\/us\/book\/111-musees-a-paris-a-ne-pas-manquer\/"},"modified":"2025-03-07T00:43:01","modified_gmt":"2025-03-07T00:43:01","slug":"111-musees-a-paris-a-ne-pas-manquer","status":"publish","type":"product","link":"https:\/\/www.accartbooks.com\/us\/book\/111-musees-a-paris-a-ne-pas-manquer\/","title":{"rendered":"111 Mus\u00e9es \u00e0 Paris \u00e0 ne pas manquer"},"content":{"rendered":"<p>Paris is known as the City of Lights, but it is really the City of Museums. Explore iconic centers of fine art with fresh eyes and dig deeper to uncover a world of museums dedicated to art and artists, science and industry, literature and film and curiosities both unusual and fascinating.<\/p>\n<p>Can you identify all the great artists of French impressionism? Do you know about French contributions to early automobiles and airplanes? Are you fascinated by haute couture? Would you like to visit the ateliers of great painters and sculptors? Do you love music and film? Are you an obsessive collector of something truly peculiar? Or do you simply want to learn about new and compelling things in the world around you?<\/p>\n<p><strong><em>111 Museums in Paris That You Shouldn&rsquo;t Miss<\/em><\/strong> highlights destinations, both well-known and obscure, where you will discover new treasures throughout this magnificent city.<\/p>\n<p>Paris, souvent d&eacute;sign&eacute;e comme la Ville Lumi&egrave;re, m&eacute;rite aussi le titre de Ville des Mus&eacute;es. Plongez dans les tr&eacute;sors embl&eacute;matiques des mus&eacute;es d&eacute;di&eacute;s aux beaux-arts et explorez ces joyaux de la culture avec un regard renouvel&eacute;. Vos visites vous plongeront dans un univers captivant de mus&eacute;es o&ugrave; l&#8217;art et les artistes, la science et l&#8217;industrie, la litt&eacute;rature et le cin&eacute;ma ont une place de choix, un monde fait de curiosit&eacute;s &agrave; la fois insolites et fascinantes. Pouvez-vous citer tous les grands artistes de l&#8217;impressionnisme fran&ccedil;ais? Connaissez-vous les contributions majeures de la France aux premiers pas de l&rsquo;automobile et de l&rsquo;aviation?&nbsp;&Ecirc;tes-vous passionn&eacute; par la haute couture? Envisagez-vous une visite des ateliers des grands peintres et sculpteurs? Appr&eacute;ciez-vous la musique et le cin&eacute;ma? &Ecirc;tes-vous un collectionneur passionn&eacute;, obs&eacute;d&eacute; par quelque chose de v&eacute;ritablement unique? Ou aspirez-vous simplement &agrave; d&eacute;couvrir des &eacute;l&eacute;ments nouveaux et fascinants dans le monde qui vous entoure?<\/p>\n<p><strong><em>111 Mus&eacute;es &agrave; Paris &agrave; ne pas manquer<\/em><\/strong> d&eacute;voilent des mus&eacute;es, qu&#8217;ils soient c&eacute;l&egrave;bres ou m&eacute;connus, o&ugrave; vous pourrez d&eacute;nicher de nouveaux tr&eacute;sors dans cette magnifique cit&eacute;.<\/p>\n<p>Text in French.<\/p>\n","protected":false},"excerpt":{"rendered":"<p>Paris is known as the City of Lights, but it is really the City of Museums. Explore iconic centers of fine art with fresh eyes and dig deeper to uncover a world of museums dedicated to art and artists, science and industry, literature and film and curiosities both unusual and fascinating. Text in French.<\/p>\n","protected":false},"featured_media":47548,"comment_status":"open","ping_status":"closed","template":"","meta":{"_acf_changed":false,"_relevanssi_hide_post":"","_relevanssi_hide_content":"","_relevanssi_pin_for_all":"","_relevanssi_pin_keywords":"","_relevanssi_unpin_keywords":"","_relevanssi_related_keywords":"","_relevanssi_related_include_ids":"","_relevanssi_related_exclude_ids":"","_relevanssi_related_no_append":"","_relevanssi_related_not_related":"","_relevanssi_related_posts":"","_relevanssi_noindex_reason":""},"product_brand":[],"product_cat":[5508],"product_tag":[],"class_list":{"0":"post-47547","1":"product","2":"type-product","3":"status-publish","4":"has-post-thumbnail","6":"product_cat-travel","7":"author-by-author-anne-carminati","8":"author-by-author-james-wesolowski","9":"publisher-emons-verlag-gmbh","10":"series-111-places","12":"first","13":"instock","14":"shipping-taxable","15":"purchasable","16":"product-type-simple"},"acf":[],"yoast_head":"<!-- This site is optimized with the Yoast SEO plugin v27.0 - https:\/\/yoast.com\/product\/yoast-seo-wordpress\/ -->\n<title>111 Mus\u00e9es \u00e0 Paris \u00e0 ne pas manquer - ACC Art Books US<\/title>\n<meta name=\"robots\" content=\"index, follow, max-snippet:-1, max-image-preview:large, max-video-preview:-1\" \/>\n<link rel=\"canonical\" href=\"https:\/\/www.accartbooks.com\/us\/book\/111-musees-a-paris-a-ne-pas-manquer\/\" \/>\n<meta property=\"og:locale\" content=\"en_US\" \/>\n<meta property=\"og:type\" content=\"article\" \/>\n<meta property=\"og:title\" content=\"111 Mus\u00e9es \u00e0 Paris \u00e0 ne pas manquer - ACC Art Books US\" \/>\n<meta property=\"og:description\" content=\"Paris is known as the City of Lights, but it is really the City of Museums. Explore iconic centers of fine art with fresh eyes and dig deeper to uncover a world of museums dedicated to art and artists, science and industry, literature and film and curiosities both unusual and fascinating. Text in French.\" \/>\n<meta property=\"og:url\" content=\"https:\/\/www.accartbooks.com\/us\/book\/111-musees-a-paris-a-ne-pas-manquer\/\" \/>\n<meta property=\"og:site_name\" content=\"ACC Art Books US\" \/>\n<meta property=\"article:modified_time\" content=\"2025-03-07T00:43:01+00:00\" \/>\n<meta property=\"og:image\" content=\"https:\/\/www.accartbooks.com\/app\/uploads\/books\/9783740810481-04-1.jpg\" \/>\n\t<meta property=\"og:image:width\" content=\"922\" \/>\n\t<meta property=\"og:image:height\" content=\"1400\" \/>\n\t<meta property=\"og:image:type\" content=\"image\/jpeg\" \/>\n<meta name=\"twitter:card\" content=\"summary_large_image\" \/>\n<meta name=\"twitter:label1\" content=\"Est. reading time\" \/>\n\t<meta name=\"twitter:data1\" content=\"2 minutes\" \/>\n<script type=\"application\/ld+json\" class=\"yoast-schema-graph\">{\"@context\":\"https:\/\/schema.org\",\"@graph\":[{\"@type\":\"WebPage\",\"@id\":\"https:\/\/www.accartbooks.com\/us\/book\/111-musees-a-paris-a-ne-pas-manquer\/\",\"url\":\"https:\/\/www.accartbooks.com\/us\/book\/111-musees-a-paris-a-ne-pas-manquer\/\",\"name\":\"111 Mus\u00e9es \u00e0 Paris \u00e0 ne pas manquer - ACC Art Books US\",\"isPartOf\":{\"@id\":\"https:\/\/www.accartbooks.com\/us\/#website\"},\"primaryImageOfPage\":{\"@id\":\"https:\/\/www.accartbooks.com\/us\/book\/111-musees-a-paris-a-ne-pas-manquer\/#primaryimage\"},\"image\":{\"@id\":\"https:\/\/www.accartbooks.com\/us\/book\/111-musees-a-paris-a-ne-pas-manquer\/#primaryimage\"},\"thumbnailUrl\":\"https:\/\/www.accartbooks.com\/app\/uploads\/books\/9783740810481-04-1.jpg\",\"datePublished\":\"2024-02-27T12:10:10+00:00\",\"dateModified\":\"2025-03-07T00:43:01+00:00\",\"breadcrumb\":{\"@id\":\"https:\/\/www.accartbooks.com\/us\/book\/111-musees-a-paris-a-ne-pas-manquer\/#breadcrumb\"},\"inLanguage\":\"en-US\",\"potentialAction\":[{\"@type\":\"ReadAction\",\"target\":[\"https:\/\/www.accartbooks.com\/us\/book\/111-musees-a-paris-a-ne-pas-manquer\/\"]}]},{\"@type\":\"ImageObject\",\"inLanguage\":\"en-US\",\"@id\":\"https:\/\/www.accartbooks.com\/us\/book\/111-musees-a-paris-a-ne-pas-manquer\/#primaryimage\",\"url\":\"https:\/\/www.accartbooks.com\/app\/uploads\/books\/9783740810481-04-1.jpg\",\"contentUrl\":\"https:\/\/www.accartbooks.com\/app\/uploads\/books\/9783740810481-04-1.jpg\",\"width\":922,\"height\":1400},{\"@type\":\"BreadcrumbList\",\"@id\":\"https:\/\/www.accartbooks.com\/us\/book\/111-musees-a-paris-a-ne-pas-manquer\/#breadcrumb\",\"itemListElement\":[{\"@type\":\"ListItem\",\"position\":1,\"name\":\"Home\",\"item\":\"https:\/\/www.accartbooks.com\/us\/\"},{\"@type\":\"ListItem\",\"position\":2,\"name\":\"Books\",\"item\":\"https:\/\/www.accartbooks.com\/us\/books\/\"},{\"@type\":\"ListItem\",\"position\":3,\"name\":\"111 Mus\u00e9es \u00e0 Paris \u00e0 ne pas manquer\"}]},{\"@type\":\"WebSite\",\"@id\":\"https:\/\/www.accartbooks.com\/us\/#website\",\"url\":\"https:\/\/www.accartbooks.com\/us\/\",\"name\":\"ACC Art Books US\",\"description\":\"One of the world\u2019s leading publishers and distributors of books on the arts and visual culture\",\"potentialAction\":[{\"@type\":\"SearchAction\",\"target\":{\"@type\":\"EntryPoint\",\"urlTemplate\":\"https:\/\/www.accartbooks.com\/us\/?s={search_term_string}\"},\"query-input\":{\"@type\":\"PropertyValueSpecification\",\"valueRequired\":true,\"valueName\":\"search_term_string\"}}],\"inLanguage\":\"en-US\"}]}<\/script>\n<!-- \/ Yoast SEO plugin. -->","yoast_head_json":{"title":"111 Mus\u00e9es \u00e0 Paris \u00e0 ne pas manquer - ACC Art Books US","robots":{"index":"index","follow":"follow","max-snippet":"max-snippet:-1","max-image-preview":"max-image-preview:large","max-video-preview":"max-video-preview:-1"},"canonical":"https:\/\/www.accartbooks.com\/us\/book\/111-musees-a-paris-a-ne-pas-manquer\/","og_locale":"en_US","og_type":"article","og_title":"111 Mus\u00e9es \u00e0 Paris \u00e0 ne pas manquer - ACC Art Books US","og_description":"Paris is known as the City of Lights, but it is really the City of Museums. Explore iconic centers of fine art with fresh eyes and dig deeper to uncover a world of museums dedicated to art and artists, science and industry, literature and film and curiosities both unusual and fascinating. Text in French.","og_url":"https:\/\/www.accartbooks.com\/us\/book\/111-musees-a-paris-a-ne-pas-manquer\/","og_site_name":"ACC Art Books US","article_modified_time":"2025-03-07T00:43:01+00:00","og_image":[{"width":922,"height":1400,"url":"https:\/\/www.accartbooks.com\/app\/uploads\/books\/9783740810481-04-1.jpg","type":"image\/jpeg"}],"twitter_card":"summary_large_image","twitter_misc":{"Est. reading time":"2 minutes"},"schema":{"@context":"https:\/\/schema.org","@graph":[{"@type":"WebPage","@id":"https:\/\/www.accartbooks.com\/us\/book\/111-musees-a-paris-a-ne-pas-manquer\/","url":"https:\/\/www.accartbooks.com\/us\/book\/111-musees-a-paris-a-ne-pas-manquer\/","name":"111 Mus\u00e9es \u00e0 Paris \u00e0 ne pas manquer - ACC Art Books US","isPartOf":{"@id":"https:\/\/www.accartbooks.com\/us\/#website"},"primaryImageOfPage":{"@id":"https:\/\/www.accartbooks.com\/us\/book\/111-musees-a-paris-a-ne-pas-manquer\/#primaryimage"},"image":{"@id":"https:\/\/www.accartbooks.com\/us\/book\/111-musees-a-paris-a-ne-pas-manquer\/#primaryimage"},"thumbnailUrl":"https:\/\/www.accartbooks.com\/app\/uploads\/books\/9783740810481-04-1.jpg","datePublished":"2024-02-27T12:10:10+00:00","dateModified":"2025-03-07T00:43:01+00:00","breadcrumb":{"@id":"https:\/\/www.accartbooks.com\/us\/book\/111-musees-a-paris-a-ne-pas-manquer\/#breadcrumb"},"inLanguage":"en-US","potentialAction":[{"@type":"ReadAction","target":["https:\/\/www.accartbooks.com\/us\/book\/111-musees-a-paris-a-ne-pas-manquer\/"]}]},{"@type":"ImageObject","inLanguage":"en-US","@id":"https:\/\/www.accartbooks.com\/us\/book\/111-musees-a-paris-a-ne-pas-manquer\/#primaryimage","url":"https:\/\/www.accartbooks.com\/app\/uploads\/books\/9783740810481-04-1.jpg","contentUrl":"https:\/\/www.accartbooks.com\/app\/uploads\/books\/9783740810481-04-1.jpg","width":922,"height":1400},{"@type":"BreadcrumbList","@id":"https:\/\/www.accartbooks.com\/us\/book\/111-musees-a-paris-a-ne-pas-manquer\/#breadcrumb","itemListElement":[{"@type":"ListItem","position":1,"name":"Home","item":"https:\/\/www.accartbooks.com\/us\/"},{"@type":"ListItem","position":2,"name":"Books","item":"https:\/\/www.accartbooks.com\/us\/books\/"},{"@type":"ListItem","position":3,"name":"111 Mus\u00e9es \u00e0 Paris \u00e0 ne pas manquer"}]},{"@type":"WebSite","@id":"https:\/\/www.accartbooks.com\/us\/#website","url":"https:\/\/www.accartbooks.com\/us\/","name":"ACC Art Books US","description":"One of the world\u2019s leading publishers and distributors of books on the arts and visual culture","potentialAction":[{"@type":"SearchAction","target":{"@type":"EntryPoint","urlTemplate":"https:\/\/www.accartbooks.com\/us\/?s={search_term_string}"},"query-input":{"@type":"PropertyValueSpecification","valueRequired":true,"valueName":"search_term_string"}}],"inLanguage":"en-US"}]}},"_links":{"self":[{"href":"https:\/\/www.accartbooks.com\/us\/wp-json\/wp\/v2\/product\/47547","targetHints":{"allow":["GET"]}}],"collection":[{"href":"https:\/\/www.accartbooks.com\/us\/wp-json\/wp\/v2\/product"}],"about":[{"href":"https:\/\/www.accartbooks.com\/us\/wp-json\/wp\/v2\/types\/product"}],"replies":[{"embeddable":true,"href":"https:\/\/www.accartbooks.com\/us\/wp-json\/wp\/v2\/comments?post=47547"}],"wp:featuredmedia":[{"embeddable":true,"href":"https:\/\/www.accartbooks.com\/us\/wp-json\/wp\/v2\/media\/47548"}],"wp:attachment":[{"href":"https:\/\/www.accartbooks.com\/us\/wp-json\/wp\/v2\/media?parent=47547"}],"wp:term":[{"taxonomy":"product_brand","embeddable":true,"href":"https:\/\/www.accartbooks.com\/us\/wp-json\/wp\/v2\/product_brand?post=47547"},{"taxonomy":"product_cat","embeddable":true,"href":"https:\/\/www.accartbooks.com\/us\/wp-json\/wp\/v2\/product_cat?post=47547"},{"taxonomy":"product_tag","embeddable":true,"href":"https:\/\/www.accartbooks.com\/us\/wp-json\/wp\/v2\/product_tag?post=47547"}],"curies":[{"name":"wp","href":"https:\/\/api.w.org\/{rel}","templated":true}]}}