{"id":68210,"date":"2025-11-18T20:00:51","date_gmt":"2025-11-18T20:00:51","guid":{"rendered":"https:\/\/www.accartbooks.com\/us\/book\/bedri-rahmi-eyuboglu-sonsuz-yanki\/"},"modified":"2026-02-28T06:16:46","modified_gmt":"2026-02-28T06:16:46","slug":"bedri-rahmi-eyuboglu-sonsuz-yanki","status":"publish","type":"product","link":"https:\/\/www.accartbooks.com\/us\/book\/bedri-rahmi-eyuboglu-sonsuz-yanki\/","title":{"rendered":"Bedri Rahmi Ey\u00fcbo\u011flu: Sonsuz Yank\u0131"},"content":{"rendered":"<p>This richly illustrated monograph is published within the context of <strong><em>Eternal Resonance<\/em><\/strong>, a major retrospective of Bedri Rahmi Ey&uuml;bo&#287;lu (1911&ndash;1975), a seminal figure in the 20th-century artistic circles in Turkey. Held across Dirimart&rsquo;s Dolapdere and Pera galleries from December 2023 to February 2024, the exhibition brought together rarely seen works and archival material, shedding new light on the life and legacy of an artist whose influence continues to resonate. Ey&uuml;bo&#287;lu was not only a pioneering painter but also a celebrated poet and devoted educator. Blending Anatolian folk traditions with modernist aesthetics, his work defied boundaries between disciplines and mediums. This bilingual (Turkish&ndash;English) publication offers an in-depth look into his creative journey, contextualizing his practice within Turkish art history and beyond. <strong><em>Eternal Resonance<\/em><\/strong> celebrates Ey&uuml;bo&#287;lu&rsquo;s enduring commitment to art as a form of cultural memory, resistance, and renewal. With its thoughtful scholarship and carefully curated visuals, this monograph is an essential resource for anyone interested in discovering one of Turkey&rsquo;s most influential and multifaceted modern artists.<\/p>\n<p>Text in English and Turkish.<\/p>\n","protected":false},"excerpt":{"rendered":"<p>A landmark monograph on Bedri Rahmi Ey&uuml;bo&#287;lu, highlighting his vital role in Turkish art history through rare works, archives, and insightful essays.<br \/>\nText in English and Turkish.<br \/>Foreword<br \/>\nThe Poet of His Own Painting &#8211; &Ouml;mer Faruk &#350;erifo&#287;lu<br \/>\nBedri Rahmi Ey&uuml;bo&#287;lu: On His Life and Art &#8211; Burcu Pelvano&#287;lu<br \/>\nAs Bedri Rahmi Ey&uuml;bo&#287;lu Says: Let Us Not Forget We Are Alive &#8211; Emre Zeytino&#287;lu<br \/>\nAn Open Letter to My Father Bedri &#8211; Mehmet Ey&uuml;bo&#287;lu<br \/>\nArtworks<\/p>\n","protected":false},"featured_media":68211,"comment_status":"open","ping_status":"closed","template":"","meta":{"_acf_changed":false,"_relevanssi_hide_post":"","_relevanssi_hide_content":"","_relevanssi_pin_for_all":"","_relevanssi_pin_keywords":"","_relevanssi_unpin_keywords":"","_relevanssi_related_keywords":"","_relevanssi_related_include_ids":"","_relevanssi_related_exclude_ids":"","_relevanssi_related_no_append":"","_relevanssi_related_not_related":"","_relevanssi_related_posts":"","_relevanssi_noindex_reason":""},"product_brand":[],"product_cat":[5523],"product_tag":[],"class_list":{"0":"post-68210","1":"product","2":"type-product","3":"status-publish","4":"has-post-thumbnail","6":"product_cat-art","7":"author-by-author-bahar-ahu-sagin","8":"author-by-author-burcu-pelvanoglu","9":"author-by-author-emre-zeytinoglu","10":"author-by-author-mehmet-eyuboglu","11":"author-edited-by-omer-faruk-serifoglu","12":"publisher-dirimart","14":"first","15":"instock","16":"shipping-taxable","17":"purchasable","18":"product-type-simple"},"acf":[],"yoast_head":"<!-- This site is optimized with the Yoast SEO plugin v27.0 - https:\/\/yoast.com\/product\/yoast-seo-wordpress\/ -->\n<title>Bedri Rahmi Ey\u00fcbo\u011flu: Sonsuz Yank\u0131 - ACC Art Books US<\/title>\n<meta name=\"robots\" content=\"index, follow, max-snippet:-1, max-image-preview:large, max-video-preview:-1\" \/>\n<link rel=\"canonical\" href=\"https:\/\/www.accartbooks.com\/us\/book\/bedri-rahmi-eyuboglu-sonsuz-yanki\/\" \/>\n<meta property=\"og:locale\" content=\"en_US\" \/>\n<meta property=\"og:type\" content=\"article\" \/>\n<meta property=\"og:title\" content=\"Bedri Rahmi Ey\u00fcbo\u011flu: Sonsuz Yank\u0131 - ACC Art Books US\" \/>\n<meta property=\"og:description\" content=\"A landmark monograph on Bedri Rahmi Ey&uuml;bo&#287;lu, highlighting his vital role in Turkish art history through rare works, archives, and insightful essays. Text in English and Turkish.Foreword The Poet of His Own Painting - &Ouml;mer Faruk &#350;erifo&#287;lu Bedri Rahmi Ey&uuml;bo&#287;lu: On His Life and Art - Burcu Pelvano&#287;lu As Bedri Rahmi Ey&uuml;bo&#287;lu Says: Let Us Not Forget We Are Alive - Emre Zeytino&#287;lu An Open Letter to My Father Bedri - Mehmet Ey&uuml;bo&#287;lu Artworks\" \/>\n<meta property=\"og:url\" content=\"https:\/\/www.accartbooks.com\/us\/book\/bedri-rahmi-eyuboglu-sonsuz-yanki\/\" \/>\n<meta property=\"og:site_name\" content=\"ACC Art Books US\" \/>\n<meta property=\"article:modified_time\" content=\"2026-02-28T06:16:46+00:00\" \/>\n<meta property=\"og:image\" content=\"https:\/\/www.accartbooks.com\/app\/uploads\/books\/9786055815660-04-2.jpg\" \/>\n\t<meta property=\"og:image:width\" content=\"1400\" \/>\n\t<meta property=\"og:image:height\" content=\"1708\" \/>\n\t<meta property=\"og:image:type\" content=\"image\/jpeg\" \/>\n<meta name=\"twitter:card\" content=\"summary_large_image\" \/>\n<meta name=\"twitter:label1\" content=\"Est. reading time\" \/>\n\t<meta name=\"twitter:data1\" content=\"1 minute\" \/>\n<script type=\"application\/ld+json\" class=\"yoast-schema-graph\">{\"@context\":\"https:\/\/schema.org\",\"@graph\":[{\"@type\":\"WebPage\",\"@id\":\"https:\/\/www.accartbooks.com\/us\/book\/bedri-rahmi-eyuboglu-sonsuz-yanki\/\",\"url\":\"https:\/\/www.accartbooks.com\/us\/book\/bedri-rahmi-eyuboglu-sonsuz-yanki\/\",\"name\":\"Bedri Rahmi Ey\u00fcbo\u011flu: Sonsuz Yank\u0131 - ACC Art Books US\",\"isPartOf\":{\"@id\":\"https:\/\/www.accartbooks.com\/us\/#website\"},\"primaryImageOfPage\":{\"@id\":\"https:\/\/www.accartbooks.com\/us\/book\/bedri-rahmi-eyuboglu-sonsuz-yanki\/#primaryimage\"},\"image\":{\"@id\":\"https:\/\/www.accartbooks.com\/us\/book\/bedri-rahmi-eyuboglu-sonsuz-yanki\/#primaryimage\"},\"thumbnailUrl\":\"https:\/\/www.accartbooks.com\/app\/uploads\/books\/9786055815660-04-2.jpg\",\"datePublished\":\"2025-11-18T20:00:51+00:00\",\"dateModified\":\"2026-02-28T06:16:46+00:00\",\"breadcrumb\":{\"@id\":\"https:\/\/www.accartbooks.com\/us\/book\/bedri-rahmi-eyuboglu-sonsuz-yanki\/#breadcrumb\"},\"inLanguage\":\"en-US\",\"potentialAction\":[{\"@type\":\"ReadAction\",\"target\":[\"https:\/\/www.accartbooks.com\/us\/book\/bedri-rahmi-eyuboglu-sonsuz-yanki\/\"]}]},{\"@type\":\"ImageObject\",\"inLanguage\":\"en-US\",\"@id\":\"https:\/\/www.accartbooks.com\/us\/book\/bedri-rahmi-eyuboglu-sonsuz-yanki\/#primaryimage\",\"url\":\"https:\/\/www.accartbooks.com\/app\/uploads\/books\/9786055815660-04-2.jpg\",\"contentUrl\":\"https:\/\/www.accartbooks.com\/app\/uploads\/books\/9786055815660-04-2.jpg\",\"width\":1400,\"height\":1708},{\"@type\":\"BreadcrumbList\",\"@id\":\"https:\/\/www.accartbooks.com\/us\/book\/bedri-rahmi-eyuboglu-sonsuz-yanki\/#breadcrumb\",\"itemListElement\":[{\"@type\":\"ListItem\",\"position\":1,\"name\":\"Home\",\"item\":\"https:\/\/www.accartbooks.com\/us\/\"},{\"@type\":\"ListItem\",\"position\":2,\"name\":\"Books\",\"item\":\"https:\/\/www.accartbooks.com\/us\/books\/\"},{\"@type\":\"ListItem\",\"position\":3,\"name\":\"Bedri Rahmi Ey\u00fcbo\u011flu: Sonsuz Yank\u0131\"}]},{\"@type\":\"WebSite\",\"@id\":\"https:\/\/www.accartbooks.com\/us\/#website\",\"url\":\"https:\/\/www.accartbooks.com\/us\/\",\"name\":\"ACC Art Books US\",\"description\":\"One of the world\u2019s leading publishers and distributors of books on the arts and visual culture\",\"potentialAction\":[{\"@type\":\"SearchAction\",\"target\":{\"@type\":\"EntryPoint\",\"urlTemplate\":\"https:\/\/www.accartbooks.com\/us\/?s={search_term_string}\"},\"query-input\":{\"@type\":\"PropertyValueSpecification\",\"valueRequired\":true,\"valueName\":\"search_term_string\"}}],\"inLanguage\":\"en-US\"}]}<\/script>\n<!-- \/ Yoast SEO plugin. -->","yoast_head_json":{"title":"Bedri Rahmi Ey\u00fcbo\u011flu: Sonsuz Yank\u0131 - ACC Art Books US","robots":{"index":"index","follow":"follow","max-snippet":"max-snippet:-1","max-image-preview":"max-image-preview:large","max-video-preview":"max-video-preview:-1"},"canonical":"https:\/\/www.accartbooks.com\/us\/book\/bedri-rahmi-eyuboglu-sonsuz-yanki\/","og_locale":"en_US","og_type":"article","og_title":"Bedri Rahmi Ey\u00fcbo\u011flu: Sonsuz Yank\u0131 - ACC Art Books US","og_description":"A landmark monograph on Bedri Rahmi Ey&uuml;bo&#287;lu, highlighting his vital role in Turkish art history through rare works, archives, and insightful essays. Text in English and Turkish.Foreword The Poet of His Own Painting - &Ouml;mer Faruk &#350;erifo&#287;lu Bedri Rahmi Ey&uuml;bo&#287;lu: On His Life and Art - Burcu Pelvano&#287;lu As Bedri Rahmi Ey&uuml;bo&#287;lu Says: Let Us Not Forget We Are Alive - Emre Zeytino&#287;lu An Open Letter to My Father Bedri - Mehmet Ey&uuml;bo&#287;lu Artworks","og_url":"https:\/\/www.accartbooks.com\/us\/book\/bedri-rahmi-eyuboglu-sonsuz-yanki\/","og_site_name":"ACC Art Books US","article_modified_time":"2026-02-28T06:16:46+00:00","og_image":[{"width":1400,"height":1708,"url":"https:\/\/www.accartbooks.com\/app\/uploads\/books\/9786055815660-04-2.jpg","type":"image\/jpeg"}],"twitter_card":"summary_large_image","twitter_misc":{"Est. reading time":"1 minute"},"schema":{"@context":"https:\/\/schema.org","@graph":[{"@type":"WebPage","@id":"https:\/\/www.accartbooks.com\/us\/book\/bedri-rahmi-eyuboglu-sonsuz-yanki\/","url":"https:\/\/www.accartbooks.com\/us\/book\/bedri-rahmi-eyuboglu-sonsuz-yanki\/","name":"Bedri Rahmi Ey\u00fcbo\u011flu: Sonsuz Yank\u0131 - ACC Art Books US","isPartOf":{"@id":"https:\/\/www.accartbooks.com\/us\/#website"},"primaryImageOfPage":{"@id":"https:\/\/www.accartbooks.com\/us\/book\/bedri-rahmi-eyuboglu-sonsuz-yanki\/#primaryimage"},"image":{"@id":"https:\/\/www.accartbooks.com\/us\/book\/bedri-rahmi-eyuboglu-sonsuz-yanki\/#primaryimage"},"thumbnailUrl":"https:\/\/www.accartbooks.com\/app\/uploads\/books\/9786055815660-04-2.jpg","datePublished":"2025-11-18T20:00:51+00:00","dateModified":"2026-02-28T06:16:46+00:00","breadcrumb":{"@id":"https:\/\/www.accartbooks.com\/us\/book\/bedri-rahmi-eyuboglu-sonsuz-yanki\/#breadcrumb"},"inLanguage":"en-US","potentialAction":[{"@type":"ReadAction","target":["https:\/\/www.accartbooks.com\/us\/book\/bedri-rahmi-eyuboglu-sonsuz-yanki\/"]}]},{"@type":"ImageObject","inLanguage":"en-US","@id":"https:\/\/www.accartbooks.com\/us\/book\/bedri-rahmi-eyuboglu-sonsuz-yanki\/#primaryimage","url":"https:\/\/www.accartbooks.com\/app\/uploads\/books\/9786055815660-04-2.jpg","contentUrl":"https:\/\/www.accartbooks.com\/app\/uploads\/books\/9786055815660-04-2.jpg","width":1400,"height":1708},{"@type":"BreadcrumbList","@id":"https:\/\/www.accartbooks.com\/us\/book\/bedri-rahmi-eyuboglu-sonsuz-yanki\/#breadcrumb","itemListElement":[{"@type":"ListItem","position":1,"name":"Home","item":"https:\/\/www.accartbooks.com\/us\/"},{"@type":"ListItem","position":2,"name":"Books","item":"https:\/\/www.accartbooks.com\/us\/books\/"},{"@type":"ListItem","position":3,"name":"Bedri Rahmi Ey\u00fcbo\u011flu: Sonsuz Yank\u0131"}]},{"@type":"WebSite","@id":"https:\/\/www.accartbooks.com\/us\/#website","url":"https:\/\/www.accartbooks.com\/us\/","name":"ACC Art Books US","description":"One of the world\u2019s leading publishers and distributors of books on the arts and visual culture","potentialAction":[{"@type":"SearchAction","target":{"@type":"EntryPoint","urlTemplate":"https:\/\/www.accartbooks.com\/us\/?s={search_term_string}"},"query-input":{"@type":"PropertyValueSpecification","valueRequired":true,"valueName":"search_term_string"}}],"inLanguage":"en-US"}]}},"_links":{"self":[{"href":"https:\/\/www.accartbooks.com\/us\/wp-json\/wp\/v2\/product\/68210","targetHints":{"allow":["GET"]}}],"collection":[{"href":"https:\/\/www.accartbooks.com\/us\/wp-json\/wp\/v2\/product"}],"about":[{"href":"https:\/\/www.accartbooks.com\/us\/wp-json\/wp\/v2\/types\/product"}],"replies":[{"embeddable":true,"href":"https:\/\/www.accartbooks.com\/us\/wp-json\/wp\/v2\/comments?post=68210"}],"wp:featuredmedia":[{"embeddable":true,"href":"https:\/\/www.accartbooks.com\/us\/wp-json\/wp\/v2\/media\/68211"}],"wp:attachment":[{"href":"https:\/\/www.accartbooks.com\/us\/wp-json\/wp\/v2\/media?parent=68210"}],"wp:term":[{"taxonomy":"product_brand","embeddable":true,"href":"https:\/\/www.accartbooks.com\/us\/wp-json\/wp\/v2\/product_brand?post=68210"},{"taxonomy":"product_cat","embeddable":true,"href":"https:\/\/www.accartbooks.com\/us\/wp-json\/wp\/v2\/product_cat?post=68210"},{"taxonomy":"product_tag","embeddable":true,"href":"https:\/\/www.accartbooks.com\/us\/wp-json\/wp\/v2\/product_tag?post=68210"}],"curies":[{"name":"wp","href":"https:\/\/api.w.org\/{rel}","templated":true}]}}